{"id":8460,"date":"2024-09-22T20:45:12","date_gmt":"2024-09-22T18:45:12","guid":{"rendered":"https:\/\/www.uckermaerkischer-geschichtsverein.de\/?page_id=8460"},"modified":"2024-09-22T20:46:12","modified_gmt":"2024-09-22T18:46:12","slug":"2024-frank-wieland-ehrengabe-des-ugvp-2024","status":"publish","type":"page","link":"https:\/\/www.uckermaerkischer-geschichtsverein.de\/en\/aktivitaeten\/ehrungen\/ehrungen-von-mitgliedern-des-ugvp\/2024-frank-wieland-ehrengabe-des-ugvp-2024\/","title":{"rendered":"2024 Frank Wieland \u2013 Ehrengabe des UGVP 2024"},"content":{"rendered":"<p><strong>2024 Frank Wieland \u2013 Ehrengabe des UGVP 2024<\/strong><\/p>\n<p><strong>Ehrengabe des UGVP f\u00fcr den Bibliothekswart des Vereins<\/strong><em>\u00a0<\/em><\/p>\n<p><strong>Frank Wieland<\/strong>, Prenzlau, geh\u00f6rt zu den ersten Mitgliedern des Uckerm\u00e4rkischen Geschichtsvereins. Auf sein Bestreben begann der Verein direkt nach seiner Gr\u00fcndung, eine regionalgeschichtliche Bibliothek aufzubauen, die er seit nunmehr 34 Jahren leitet.<\/p>\n<p>Unter seiner Anleitung entstand mit Unterst\u00fctzung etlicher Vereinsmitglieder nicht nur eine mittlerweile wohl geordnete, beachtliche regionalgeschichtliche Bibliothek, sondern auch eine sehr umfangreiche Sammlung von Fotos, Bildern, Akten und Urkunden, die auch mehrere bedeutende Nachl\u00e4sse enth\u00e4lt.<\/p>\n<p>Der f\u00fcr Frank Wieland immer wichtigste Aspekt \u2013 die Nutzung der Best\u00e4nde \u2013 macht heute einen erfreulich gro\u00dfen Anteil der Bibliotheksarbeit aus.<\/p>\n<p><a href=\"https:\/\/www.uckermaerkischer-geschichtsverein.de\/wp-content\/uploads\/2024\/09\/2024_Teller-Wieland--scaled.jpg\" rel=\"lightbox[8460]\"><img loading=\"lazy\" decoding=\"async\" class=\"aligncenter wp-image-8461\" src=\"https:\/\/www.uckermaerkischer-geschichtsverein.de\/wp-content\/uploads\/2024\/09\/2024_Teller-Wieland--1024x1000.jpg\" alt=\"\" width=\"400\" height=\"391\" srcset=\"https:\/\/www.uckermaerkischer-geschichtsverein.de\/wp-content\/uploads\/2024\/09\/2024_Teller-Wieland--1024x1000.jpg 1024w, https:\/\/www.uckermaerkischer-geschichtsverein.de\/wp-content\/uploads\/2024\/09\/2024_Teller-Wieland--128x125.jpg 128w, https:\/\/www.uckermaerkischer-geschichtsverein.de\/wp-content\/uploads\/2024\/09\/2024_Teller-Wieland--768x750.jpg 768w, https:\/\/www.uckermaerkischer-geschichtsverein.de\/wp-content\/uploads\/2024\/09\/2024_Teller-Wieland--1536x1500.jpg 1536w, https:\/\/www.uckermaerkischer-geschichtsverein.de\/wp-content\/uploads\/2024\/09\/2024_Teller-Wieland--2048x2000.jpg 2048w, https:\/\/www.uckermaerkischer-geschichtsverein.de\/wp-content\/uploads\/2024\/09\/2024_Teller-Wieland--12x12.jpg 12w\" sizes=\"auto, (max-width: 400px) 100vw, 400px\" \/><\/a><\/p>\n","protected":false},"excerpt":{"rendered":"<p>2024 Frank Wieland \u2013 Ehrengabe des UGVP 2024 Ehrengabe des UGVP f\u00fcr den Bibliothekswart des Vereins\u00a0 Frank Wieland, Prenzlau, geh\u00f6rt zu den ersten Mitgliedern des Uckerm\u00e4rkischen Geschichtsvereins. Auf sein Bestreben begann der Verein direkt nach seiner Gr\u00fcndung, eine regionalgeschichtliche Bibliothek aufzubauen, die er seit nunmehr 34 Jahren leitet. Unter seiner Anleitung entstand mit Unterst\u00fctzung etlicher [&hellip;]<\/p>\n","protected":false},"author":1,"featured_media":8461,"parent":1951,"menu_order":0,"comment_status":"closed","ping_status":"closed","template":"","meta":{"footnotes":""},"class_list":["post-8460","page","type-page","status-publish","has-post-thumbnail","hentry"],"yoast_head":"<!-- This site is optimized with the Yoast SEO plugin v27.2 - https:\/\/yoast.com\/product\/yoast-seo-wordpress\/ -->\n<title>2024 Frank Wieland \u2013 Ehrengabe des UGVP 2024 - Uckerm\u00e4rkischer Geschichtsverein zu Prenzlau e.V.<\/title>\n<meta name=\"robots\" content=\"index, follow, max-snippet:-1, max-image-preview:large, max-video-preview:-1\" \/>\n<link rel=\"canonical\" href=\"https:\/\/www.uckermaerkischer-geschichtsverein.de\/en\/aktivitaeten\/ehrungen\/ehrungen-von-mitgliedern-des-ugvp\/2024-frank-wieland-ehrengabe-des-ugvp-2024\/\" \/>\n<meta property=\"og:locale\" content=\"en_GB\" \/>\n<meta property=\"og:type\" content=\"article\" \/>\n<meta property=\"og:title\" content=\"2024 Frank Wieland \u2013 Ehrengabe des UGVP 2024 - Uckerm\u00e4rkischer Geschichtsverein zu Prenzlau e.V.\" \/>\n<meta property=\"og:description\" content=\"2024 Frank Wieland \u2013 Ehrengabe des UGVP 2024 Ehrengabe des UGVP f\u00fcr den Bibliothekswart des Vereins\u00a0 Frank Wieland, Prenzlau, geh\u00f6rt zu den ersten Mitgliedern des Uckerm\u00e4rkischen Geschichtsvereins. Auf sein Bestreben begann der Verein direkt nach seiner Gr\u00fcndung, eine regionalgeschichtliche Bibliothek aufzubauen, die er seit nunmehr 34 Jahren leitet. Unter seiner Anleitung entstand mit Unterst\u00fctzung etlicher [&hellip;]\" \/>\n<meta property=\"og:url\" content=\"https:\/\/www.uckermaerkischer-geschichtsverein.de\/en\/aktivitaeten\/ehrungen\/ehrungen-von-mitgliedern-des-ugvp\/2024-frank-wieland-ehrengabe-des-ugvp-2024\/\" \/>\n<meta property=\"og:site_name\" content=\"Uckerm\u00e4rkischer Geschichtsverein zu Prenzlau e.V.\" \/>\n<meta property=\"article:modified_time\" content=\"2024-09-22T18:46:12+00:00\" \/>\n<meta property=\"og:image\" content=\"https:\/\/www.uckermaerkischer-geschichtsverein.de\/wp-content\/uploads\/2024\/09\/2024_Teller-Wieland--scaled.jpg\" \/>\n\t<meta property=\"og:image:width\" content=\"2560\" \/>\n\t<meta property=\"og:image:height\" content=\"2500\" \/>\n\t<meta property=\"og:image:type\" content=\"image\/jpeg\" \/>\n<meta name=\"twitter:label1\" content=\"Estimated reading time\" \/>\n\t<meta name=\"twitter:data1\" content=\"1 minute\" \/>\n<script type=\"application\/ld+json\" class=\"yoast-schema-graph\">{\"@context\":\"https:\/\/schema.org\",\"@graph\":[{\"@type\":\"WebPage\",\"@id\":\"https:\/\/www.uckermaerkischer-geschichtsverein.de\/en\/aktivitaeten\/ehrungen\/ehrungen-von-mitgliedern-des-ugvp\/2024-frank-wieland-ehrengabe-des-ugvp-2024\/\",\"url\":\"https:\/\/www.uckermaerkischer-geschichtsverein.de\/en\/aktivitaeten\/ehrungen\/ehrungen-von-mitgliedern-des-ugvp\/2024-frank-wieland-ehrengabe-des-ugvp-2024\/\",\"name\":\"2024 Frank Wieland \u2013 Ehrengabe des UGVP 2024 - Uckerm\u00e4rkischer Geschichtsverein zu Prenzlau e.V.\",\"isPartOf\":{\"@id\":\"https:\/\/www.uckermaerkischer-geschichtsverein.de\/#website\"},\"primaryImageOfPage\":{\"@id\":\"https:\/\/www.uckermaerkischer-geschichtsverein.de\/en\/aktivitaeten\/ehrungen\/ehrungen-von-mitgliedern-des-ugvp\/2024-frank-wieland-ehrengabe-des-ugvp-2024\/#primaryimage\"},\"image\":{\"@id\":\"https:\/\/www.uckermaerkischer-geschichtsverein.de\/en\/aktivitaeten\/ehrungen\/ehrungen-von-mitgliedern-des-ugvp\/2024-frank-wieland-ehrengabe-des-ugvp-2024\/#primaryimage\"},\"thumbnailUrl\":\"https:\/\/www.uckermaerkischer-geschichtsverein.de\/wp-content\/uploads\/2024\/09\/2024_Teller-Wieland--scaled.jpg\",\"datePublished\":\"2024-09-22T18:45:12+00:00\",\"dateModified\":\"2024-09-22T18:46:12+00:00\",\"breadcrumb\":{\"@id\":\"https:\/\/www.uckermaerkischer-geschichtsverein.de\/en\/aktivitaeten\/ehrungen\/ehrungen-von-mitgliedern-des-ugvp\/2024-frank-wieland-ehrengabe-des-ugvp-2024\/#breadcrumb\"},\"inLanguage\":\"en-GB\",\"potentialAction\":[{\"@type\":\"ReadAction\",\"target\":[\"https:\/\/www.uckermaerkischer-geschichtsverein.de\/en\/aktivitaeten\/ehrungen\/ehrungen-von-mitgliedern-des-ugvp\/2024-frank-wieland-ehrengabe-des-ugvp-2024\/\"]}]},{\"@type\":\"ImageObject\",\"inLanguage\":\"en-GB\",\"@id\":\"https:\/\/www.uckermaerkischer-geschichtsverein.de\/en\/aktivitaeten\/ehrungen\/ehrungen-von-mitgliedern-des-ugvp\/2024-frank-wieland-ehrengabe-des-ugvp-2024\/#primaryimage\",\"url\":\"https:\/\/www.uckermaerkischer-geschichtsverein.de\/wp-content\/uploads\/2024\/09\/2024_Teller-Wieland--scaled.jpg\",\"contentUrl\":\"https:\/\/www.uckermaerkischer-geschichtsverein.de\/wp-content\/uploads\/2024\/09\/2024_Teller-Wieland--scaled.jpg\",\"width\":2560,\"height\":2500},{\"@type\":\"BreadcrumbList\",\"@id\":\"https:\/\/www.uckermaerkischer-geschichtsverein.de\/en\/aktivitaeten\/ehrungen\/ehrungen-von-mitgliedern-des-ugvp\/2024-frank-wieland-ehrengabe-des-ugvp-2024\/#breadcrumb\",\"itemListElement\":[{\"@type\":\"ListItem\",\"position\":1,\"name\":\"Aktivit\u00e4ten\",\"item\":\"https:\/\/www.uckermaerkischer-geschichtsverein.de\/en\/aktivitaeten\/\"},{\"@type\":\"ListItem\",\"position\":2,\"name\":\"Ehrungen\",\"item\":\"https:\/\/www.uckermaerkischer-geschichtsverein.de\/en\/aktivitaeten\/ehrungen\/\"},{\"@type\":\"ListItem\",\"position\":3,\"name\":\"Ehrungen von Mitgliedern des UGVP\",\"item\":\"https:\/\/www.uckermaerkischer-geschichtsverein.de\/aktivitaeten\/ehrungen\/ehrungen-von-mitgliedern-des-ugvp\/\"},{\"@type\":\"ListItem\",\"position\":4,\"name\":\"2024 Frank Wieland \u2013 Ehrengabe des UGVP 2024\"}]},{\"@type\":\"WebSite\",\"@id\":\"https:\/\/www.uckermaerkischer-geschichtsverein.de\/#website\",\"url\":\"https:\/\/www.uckermaerkischer-geschichtsverein.de\/\",\"name\":\"Uckerm\u00e4rkischer Geschichtsverein zu Prenzlau e.V.\",\"description\":\"\",\"potentialAction\":[{\"@type\":\"SearchAction\",\"target\":{\"@type\":\"EntryPoint\",\"urlTemplate\":\"https:\/\/www.uckermaerkischer-geschichtsverein.de\/?s={search_term_string}\"},\"query-input\":{\"@type\":\"PropertyValueSpecification\",\"valueRequired\":true,\"valueName\":\"search_term_string\"}}],\"inLanguage\":\"en-GB\"}]}<\/script>\n<!-- \/ Yoast SEO plugin. -->","yoast_head_json":{"title":"2024 Frank Wieland \u2013 Ehrengabe des UGVP 2024 - Uckerm\u00e4rkischer Geschichtsverein zu Prenzlau e.V.","robots":{"index":"index","follow":"follow","max-snippet":"max-snippet:-1","max-image-preview":"max-image-preview:large","max-video-preview":"max-video-preview:-1"},"canonical":"https:\/\/www.uckermaerkischer-geschichtsverein.de\/en\/aktivitaeten\/ehrungen\/ehrungen-von-mitgliedern-des-ugvp\/2024-frank-wieland-ehrengabe-des-ugvp-2024\/","og_locale":"en_GB","og_type":"article","og_title":"2024 Frank Wieland \u2013 Ehrengabe des UGVP 2024 - Uckerm\u00e4rkischer Geschichtsverein zu Prenzlau e.V.","og_description":"2024 Frank Wieland \u2013 Ehrengabe des UGVP 2024 Ehrengabe des UGVP f\u00fcr den Bibliothekswart des Vereins\u00a0 Frank Wieland, Prenzlau, geh\u00f6rt zu den ersten Mitgliedern des Uckerm\u00e4rkischen Geschichtsvereins. Auf sein Bestreben begann der Verein direkt nach seiner Gr\u00fcndung, eine regionalgeschichtliche Bibliothek aufzubauen, die er seit nunmehr 34 Jahren leitet. Unter seiner Anleitung entstand mit Unterst\u00fctzung etlicher [&hellip;]","og_url":"https:\/\/www.uckermaerkischer-geschichtsverein.de\/en\/aktivitaeten\/ehrungen\/ehrungen-von-mitgliedern-des-ugvp\/2024-frank-wieland-ehrengabe-des-ugvp-2024\/","og_site_name":"Uckerm\u00e4rkischer Geschichtsverein zu Prenzlau e.V.","article_modified_time":"2024-09-22T18:46:12+00:00","og_image":[{"width":2560,"height":2500,"url":"https:\/\/www.uckermaerkischer-geschichtsverein.de\/wp-content\/uploads\/2024\/09\/2024_Teller-Wieland--scaled.jpg","type":"image\/jpeg"}],"twitter_misc":{"Estimated reading time":"1 minute"},"schema":{"@context":"https:\/\/schema.org","@graph":[{"@type":"WebPage","@id":"https:\/\/www.uckermaerkischer-geschichtsverein.de\/en\/aktivitaeten\/ehrungen\/ehrungen-von-mitgliedern-des-ugvp\/2024-frank-wieland-ehrengabe-des-ugvp-2024\/","url":"https:\/\/www.uckermaerkischer-geschichtsverein.de\/en\/aktivitaeten\/ehrungen\/ehrungen-von-mitgliedern-des-ugvp\/2024-frank-wieland-ehrengabe-des-ugvp-2024\/","name":"2024 Frank Wieland \u2013 Ehrengabe des UGVP 2024 - Uckerm\u00e4rkischer Geschichtsverein zu Prenzlau e.V.","isPartOf":{"@id":"https:\/\/www.uckermaerkischer-geschichtsverein.de\/#website"},"primaryImageOfPage":{"@id":"https:\/\/www.uckermaerkischer-geschichtsverein.de\/en\/aktivitaeten\/ehrungen\/ehrungen-von-mitgliedern-des-ugvp\/2024-frank-wieland-ehrengabe-des-ugvp-2024\/#primaryimage"},"image":{"@id":"https:\/\/www.uckermaerkischer-geschichtsverein.de\/en\/aktivitaeten\/ehrungen\/ehrungen-von-mitgliedern-des-ugvp\/2024-frank-wieland-ehrengabe-des-ugvp-2024\/#primaryimage"},"thumbnailUrl":"https:\/\/www.uckermaerkischer-geschichtsverein.de\/wp-content\/uploads\/2024\/09\/2024_Teller-Wieland--scaled.jpg","datePublished":"2024-09-22T18:45:12+00:00","dateModified":"2024-09-22T18:46:12+00:00","breadcrumb":{"@id":"https:\/\/www.uckermaerkischer-geschichtsverein.de\/en\/aktivitaeten\/ehrungen\/ehrungen-von-mitgliedern-des-ugvp\/2024-frank-wieland-ehrengabe-des-ugvp-2024\/#breadcrumb"},"inLanguage":"en-GB","potentialAction":[{"@type":"ReadAction","target":["https:\/\/www.uckermaerkischer-geschichtsverein.de\/en\/aktivitaeten\/ehrungen\/ehrungen-von-mitgliedern-des-ugvp\/2024-frank-wieland-ehrengabe-des-ugvp-2024\/"]}]},{"@type":"ImageObject","inLanguage":"en-GB","@id":"https:\/\/www.uckermaerkischer-geschichtsverein.de\/en\/aktivitaeten\/ehrungen\/ehrungen-von-mitgliedern-des-ugvp\/2024-frank-wieland-ehrengabe-des-ugvp-2024\/#primaryimage","url":"https:\/\/www.uckermaerkischer-geschichtsverein.de\/wp-content\/uploads\/2024\/09\/2024_Teller-Wieland--scaled.jpg","contentUrl":"https:\/\/www.uckermaerkischer-geschichtsverein.de\/wp-content\/uploads\/2024\/09\/2024_Teller-Wieland--scaled.jpg","width":2560,"height":2500},{"@type":"BreadcrumbList","@id":"https:\/\/www.uckermaerkischer-geschichtsverein.de\/en\/aktivitaeten\/ehrungen\/ehrungen-von-mitgliedern-des-ugvp\/2024-frank-wieland-ehrengabe-des-ugvp-2024\/#breadcrumb","itemListElement":[{"@type":"ListItem","position":1,"name":"Aktivit\u00e4ten","item":"https:\/\/www.uckermaerkischer-geschichtsverein.de\/en\/aktivitaeten\/"},{"@type":"ListItem","position":2,"name":"Ehrungen","item":"https:\/\/www.uckermaerkischer-geschichtsverein.de\/en\/aktivitaeten\/ehrungen\/"},{"@type":"ListItem","position":3,"name":"Ehrungen von Mitgliedern des UGVP","item":"https:\/\/www.uckermaerkischer-geschichtsverein.de\/aktivitaeten\/ehrungen\/ehrungen-von-mitgliedern-des-ugvp\/"},{"@type":"ListItem","position":4,"name":"2024 Frank Wieland \u2013 Ehrengabe des UGVP 2024"}]},{"@type":"WebSite","@id":"https:\/\/www.uckermaerkischer-geschichtsverein.de\/#website","url":"https:\/\/www.uckermaerkischer-geschichtsverein.de\/","name":"Uckerm\u00e4rkischer Geschichtsverein zu Prenzlau e.V.","description":"","potentialAction":[{"@type":"SearchAction","target":{"@type":"EntryPoint","urlTemplate":"https:\/\/www.uckermaerkischer-geschichtsverein.de\/?s={search_term_string}"},"query-input":{"@type":"PropertyValueSpecification","valueRequired":true,"valueName":"search_term_string"}}],"inLanguage":"en-GB"}]}},"_links":{"self":[{"href":"https:\/\/www.uckermaerkischer-geschichtsverein.de\/en\/wp-json\/wp\/v2\/pages\/8460","targetHints":{"allow":["GET"]}}],"collection":[{"href":"https:\/\/www.uckermaerkischer-geschichtsverein.de\/en\/wp-json\/wp\/v2\/pages"}],"about":[{"href":"https:\/\/www.uckermaerkischer-geschichtsverein.de\/en\/wp-json\/wp\/v2\/types\/page"}],"author":[{"embeddable":true,"href":"https:\/\/www.uckermaerkischer-geschichtsverein.de\/en\/wp-json\/wp\/v2\/users\/1"}],"replies":[{"embeddable":true,"href":"https:\/\/www.uckermaerkischer-geschichtsverein.de\/en\/wp-json\/wp\/v2\/comments?post=8460"}],"version-history":[{"count":2,"href":"https:\/\/www.uckermaerkischer-geschichtsverein.de\/en\/wp-json\/wp\/v2\/pages\/8460\/revisions"}],"predecessor-version":[{"id":8464,"href":"https:\/\/www.uckermaerkischer-geschichtsverein.de\/en\/wp-json\/wp\/v2\/pages\/8460\/revisions\/8464"}],"up":[{"embeddable":true,"href":"https:\/\/www.uckermaerkischer-geschichtsverein.de\/en\/wp-json\/wp\/v2\/pages\/1951"}],"wp:featuredmedia":[{"embeddable":true,"href":"https:\/\/www.uckermaerkischer-geschichtsverein.de\/en\/wp-json\/wp\/v2\/media\/8461"}],"wp:attachment":[{"href":"https:\/\/www.uckermaerkischer-geschichtsverein.de\/en\/wp-json\/wp\/v2\/media?parent=8460"}],"curies":[{"name":"wp","href":"https:\/\/api.w.org\/{rel}","templated":true}]}}