{"id":8226,"date":"2022-10-08T17:10:33","date_gmt":"2022-10-08T15:10:33","guid":{"rendered":"https:\/\/www.uckermaerkischer-geschichtsverein.de\/?page_id=8226"},"modified":"2022-10-10T18:13:49","modified_gmt":"2022-10-10T16:13:49","slug":"2022-wilhelm-zimmermann-ehrengabe-des-ugvp-2022","status":"publish","type":"page","link":"https:\/\/www.uckermaerkischer-geschichtsverein.de\/en\/2022-wilhelm-zimmermann-ehrengabe-des-ugvp-2022\/","title":{"rendered":"2022 Wilhelm Zimmermann \u2013 Ehrengabe des UGVP 2022"},"content":{"rendered":"<p><strong>Ehrengabe des UGVP f\u00fcr verdienstvollen Historiker<\/strong><\/p>\n<p>Wilhelm Zimmermann wurde am 26. Juli 1932 in Prenzlau geboren, wo er auch das Kriegsende 1945 und die ersten Zerst\u00f6rungen im Stadtgebiet als Augenzeuge erlebte. Er besuchte die Puschkin-Oberschule in Prenzlau, wo er 1952 das Abitur ablegte. Nach seiner Lehrausbildung studierte er Schiffbautechnik in Wismar und Hamburg. Bis 1995 war er auf verschiedenen Gro\u00dfwerften und im Anlagenbau f\u00fcr verfahrenstechnische Prozesse auch im Ausland t\u00e4tig. Seit mehreren Jahrzehnten besch\u00e4ftigt sich Wilhelm Zimmermann intensiv mit der Prenzlauer Stadtgeschichte. Seine regionalen Forschungen zum Kriegsgeschehen 1939-1945 fanden auch \u00fcberregional gro\u00dfe Beachtung. So hat er mit seinen Arbeiten \u201eZehn Tage im April 1945. Die Zerst\u00f6rung der Stadt Prenzlau im Zweiten Weltkrieg\u201c (1992) und \u201eF\u00fcrstenwerder 1944\/45. Kriegsereignisse in einer uckerm\u00e4rkischen Idylle\u201c (2002 und erw. Aufl. 2015) einen wichtigen Beitrag zur Aufarbeitung der j\u00fcngeren Geschichte des Kreises Prenzlau geleistet. Auf der Grundlage seiner Recherchen konnten 2003 bis 2006 u.a. Suchgrabungen nach Soldatengr\u00e4bern im Damerower Wald erfolgreich durchgef\u00fchrt werden. So konnte die Identit\u00e4t im Zweiten Weltkrieg gefallener Soldaten aufgekl\u00e4rt und ihnen ein w\u00fcrdiges Begr\u00e4bnis erm\u00f6glicht werden. Beachtenswert ist auch seine biographische Darstellung \u00fcber den Gauleiter Wilhelm Kube (1887-1943), die in zwei Teilen (1989 und 1995) erschien und sein im Heimatkalender ver\u00f6ffentlichter Bericht zum Fliegerhorst in Prenzlau.<br \/>\nWilhelm Zimmermann, der \u00fcber ein sehr umfangreiches Privatarchiv verf\u00fcgt, interessierte sich aber auch f\u00fcr die Geschichte der Stadt Prenzlau nach 1945. Aus seiner Feder stammt die Datenchronik der Stadt Prenzlau, die anl\u00e4sslich der 750-Jahrfeier der Stadt vom Heimatkreis Prenzlau herausgegeben wurde. Seinem Gesp\u00fcr f\u00fcr historische Momente verdanken wir beeindruckende Fotos von Milit\u00e4rparaden auf dem Marktplatz (damals \u201eErnst-Th\u00e4lmann-Platz\u201c), von Schaufensterauslagen, Wahlplakaten und Ereignissen der Wendezeit, die inzwischen Aufnahme in Bildb\u00e4nden fanden. Der \u201eExilprenzlauer\u201c Zimmermann ist bis heute ein gefragter Gespr\u00e4chspartner, wenn es um eine Au\u00dfensicht auf die Stadt Prenzlau geht. Er verf\u00fcgt \u00fcber viele Kontakte und ist sehr gut informiert \u00fcber die Entwicklung der Stadt, die er aus der Ferne in enger Verbundenheit verfolgt. Er besitzt eine beeindruckende Detailkenntnis \u00fcber Pers\u00f6nlichkeiten, Baudenkmale und Ereignisse. Auf seine Expertisen kann man sich zumeist verlassen, denn sie sind immer mit zuverl\u00e4ssigen Quellen entstanden. So ist es auch nicht verwunderlich, dass historische Studien, bis hin zu Dissertationen, mit seiner Unterst\u00fctzung entstanden. Viele von Zimmermann angestellte Recherchen fanden auch Eingang in das Prenzlauer Stadtlexikon. Als Mitglied im Uckerm\u00e4rkischen Geschichtsverein hat sich Zimmermann darum bem\u00fcht, die ehrenamtliche Arbeit zu unterst\u00fctzen und durch die Etablierung von Arbeitsgruppen zu professionalisieren. Seine hohen Anspr\u00fcche waren bisher jedoch weder personell noch finanziell umsetzbar. Gemeinsam mit Gerhard Kegel und anderen Vereinsmitgliedern setzte er sich erfolgreich f\u00fcr die Unterschutzstellung der Baracke in Birkenhain ein, die von KZ-H\u00e4ftlingen aus Ravensbr\u00fcck errichtet wurde. Weniger erfolgreich verliefen seine Bem\u00fchungen zur Unterschutzstellung eines Wandbildes in der Friedhofstra\u00dfe, das einen Rotarmisten zeigt und inzwischen unter einer W\u00e4rmed\u00e4mmung verschwand.<br \/>\nEs gibt nur wenige Autodidakten, die sich aufgrund ihrer Profession Historiker nennen d\u00fcrfen. Wilhelm Zimmermann geh\u00f6rt zweifelsfrei dazu.<br \/>\nAnl\u00e4sslich seines 90. Geburtstages w\u00fcrdigte der Vorstand des Uckerm\u00e4rkischen Geschichtsvereins zu Prenzlau e.V. die langj\u00e4hrige verdienstvolle T\u00e4tigkeit von Wilhelm Zimmermann, der sich seit vielen Jahren intensiv und sehr akribisch mit der Geschichte der Stadt Prenzlau und der Uckermark besch\u00e4ftigt, mit einer besonderen Ehrengabe, die erst zum dritten Mal vom UGVP vergeben wurde.<\/p>\n<div id=\"attachment_8227\" style=\"width: 260px\" class=\"wp-caption alignleft\"><a href=\"https:\/\/www.uckermaerkischer-geschichtsverein.de\/wp-content\/uploads\/2022\/10\/Teller-scaled.jpg\" rel=\"lightbox[8226]\"><img loading=\"lazy\" decoding=\"async\" aria-describedby=\"caption-attachment-8227\" class=\"wp-image-8227\" src=\"https:\/\/www.uckermaerkischer-geschichtsverein.de\/wp-content\/uploads\/2022\/10\/Teller-1024x1011.jpg\" alt=\"\" width=\"250\" height=\"247\" srcset=\"https:\/\/www.uckermaerkischer-geschichtsverein.de\/wp-content\/uploads\/2022\/10\/Teller-1024x1011.jpg 1024w, https:\/\/www.uckermaerkischer-geschichtsverein.de\/wp-content\/uploads\/2022\/10\/Teller-128x126.jpg 128w, https:\/\/www.uckermaerkischer-geschichtsverein.de\/wp-content\/uploads\/2022\/10\/Teller-768x758.jpg 768w, https:\/\/www.uckermaerkischer-geschichtsverein.de\/wp-content\/uploads\/2022\/10\/Teller-1536x1516.jpg 1536w, https:\/\/www.uckermaerkischer-geschichtsverein.de\/wp-content\/uploads\/2022\/10\/Teller-2048x2021.jpg 2048w, https:\/\/www.uckermaerkischer-geschichtsverein.de\/wp-content\/uploads\/2022\/10\/Teller-12x12.jpg 12w\" sizes=\"auto, (max-width: 250px) 100vw, 250px\" \/><\/a><p id=\"caption-attachment-8227\" class=\"wp-caption-text\">Ehrengabe des UGVP<\/p><\/div>\n<div id=\"attachment_8228\" style=\"width: 260px\" class=\"wp-caption alignleft\"><a href=\"https:\/\/www.uckermaerkischer-geschichtsverein.de\/wp-content\/uploads\/2022\/10\/Wilhelm-Zimmermann-scaled.jpg\" rel=\"lightbox[8226]\"><img loading=\"lazy\" decoding=\"async\" aria-describedby=\"caption-attachment-8228\" class=\"wp-image-8228\" src=\"https:\/\/www.uckermaerkischer-geschichtsverein.de\/wp-content\/uploads\/2022\/10\/Wilhelm-Zimmermann-128x159.jpg\" alt=\"\" width=\"250\" height=\"310\" srcset=\"https:\/\/www.uckermaerkischer-geschichtsverein.de\/wp-content\/uploads\/2022\/10\/Wilhelm-Zimmermann-128x159.jpg 128w, https:\/\/www.uckermaerkischer-geschichtsverein.de\/wp-content\/uploads\/2022\/10\/Wilhelm-Zimmermann-827x1024.jpg 827w, https:\/\/www.uckermaerkischer-geschichtsverein.de\/wp-content\/uploads\/2022\/10\/Wilhelm-Zimmermann-768x951.jpg 768w, https:\/\/www.uckermaerkischer-geschichtsverein.de\/wp-content\/uploads\/2022\/10\/Wilhelm-Zimmermann-1240x1536.jpg 1240w, https:\/\/www.uckermaerkischer-geschichtsverein.de\/wp-content\/uploads\/2022\/10\/Wilhelm-Zimmermann-1654x2048.jpg 1654w, https:\/\/www.uckermaerkischer-geschichtsverein.de\/wp-content\/uploads\/2022\/10\/Wilhelm-Zimmermann-10x12.jpg 10w\" sizes=\"auto, (max-width: 250px) 100vw, 250px\" \/><\/a><p id=\"caption-attachment-8228\" class=\"wp-caption-text\">Wilhelm Zimmermann (Foto: Vereinsarchiv)<\/p><\/div>\n<div id=\"attachment_8247\" style=\"width: 210px\" class=\"wp-caption alignleft\"><a href=\"https:\/\/www.uckermaerkischer-geschichtsverein.de\/wp-content\/uploads\/2022\/10\/Prenzlauer-Zeitung_2022-07-25.pdf\" target=\"_blank\" rel=\"noopener\"><img loading=\"lazy\" decoding=\"async\" aria-describedby=\"caption-attachment-8247\" class=\"wp-image-8247\" src=\"https:\/\/www.uckermaerkischer-geschichtsverein.de\/wp-content\/uploads\/2022\/10\/Prenzlauer-Zeitung_2022-07-25-1024x570.jpg\" alt=\"\" width=\"200\" height=\"111\" srcset=\"https:\/\/www.uckermaerkischer-geschichtsverein.de\/wp-content\/uploads\/2022\/10\/Prenzlauer-Zeitung_2022-07-25-1024x570.jpg 1024w, https:\/\/www.uckermaerkischer-geschichtsverein.de\/wp-content\/uploads\/2022\/10\/Prenzlauer-Zeitung_2022-07-25-128x71.jpg 128w, https:\/\/www.uckermaerkischer-geschichtsverein.de\/wp-content\/uploads\/2022\/10\/Prenzlauer-Zeitung_2022-07-25-768x427.jpg 768w, https:\/\/www.uckermaerkischer-geschichtsverein.de\/wp-content\/uploads\/2022\/10\/Prenzlauer-Zeitung_2022-07-25-18x10.jpg 18w, https:\/\/www.uckermaerkischer-geschichtsverein.de\/wp-content\/uploads\/2022\/10\/Prenzlauer-Zeitung_2022-07-25.jpg 1373w\" sizes=\"auto, (max-width: 200px) 100vw, 200px\" \/><\/a><p id=\"caption-attachment-8247\" class=\"wp-caption-text\">Prenzlauer Zeitung 25.07.2022<\/p><\/div>\n","protected":false},"excerpt":{"rendered":"<p>Ehrengabe des UGVP f\u00fcr verdienstvollen Historiker Wilhelm Zimmermann wurde am 26. Juli 1932 in Prenzlau geboren, wo er auch das Kriegsende 1945 und die ersten Zerst\u00f6rungen im Stadtgebiet als Augenzeuge erlebte. Er besuchte die Puschkin-Oberschule in Prenzlau, wo er 1952 das Abitur ablegte. Nach seiner Lehrausbildung studierte er Schiffbautechnik in Wismar und Hamburg. Bis 1995 [&hellip;]<\/p>\n","protected":false},"author":1,"featured_media":0,"parent":0,"menu_order":0,"comment_status":"closed","ping_status":"closed","template":"","meta":{"footnotes":""},"class_list":["post-8226","page","type-page","status-publish","hentry"],"yoast_head":"<!-- This site is optimized with the Yoast SEO plugin v27.2 - https:\/\/yoast.com\/product\/yoast-seo-wordpress\/ -->\n<title>2022 Wilhelm Zimmermann \u2013 Ehrengabe des UGVP 2022 - Uckerm\u00e4rkischer Geschichtsverein zu Prenzlau e.V.<\/title>\n<meta name=\"robots\" content=\"index, follow, max-snippet:-1, max-image-preview:large, max-video-preview:-1\" \/>\n<link rel=\"canonical\" href=\"https:\/\/www.uckermaerkischer-geschichtsverein.de\/en\/2022-wilhelm-zimmermann-ehrengabe-des-ugvp-2022\/\" \/>\n<meta property=\"og:locale\" content=\"en_GB\" \/>\n<meta property=\"og:type\" content=\"article\" \/>\n<meta property=\"og:title\" content=\"2022 Wilhelm Zimmermann \u2013 Ehrengabe des UGVP 2022 - Uckerm\u00e4rkischer Geschichtsverein zu Prenzlau e.V.\" \/>\n<meta property=\"og:description\" content=\"Ehrengabe des UGVP f\u00fcr verdienstvollen Historiker Wilhelm Zimmermann wurde am 26. Juli 1932 in Prenzlau geboren, wo er auch das Kriegsende 1945 und die ersten Zerst\u00f6rungen im Stadtgebiet als Augenzeuge erlebte. Er besuchte die Puschkin-Oberschule in Prenzlau, wo er 1952 das Abitur ablegte. Nach seiner Lehrausbildung studierte er Schiffbautechnik in Wismar und Hamburg. Bis 1995 [&hellip;]\" \/>\n<meta property=\"og:url\" content=\"https:\/\/www.uckermaerkischer-geschichtsverein.de\/en\/2022-wilhelm-zimmermann-ehrengabe-des-ugvp-2022\/\" \/>\n<meta property=\"og:site_name\" content=\"Uckerm\u00e4rkischer Geschichtsverein zu Prenzlau e.V.\" \/>\n<meta property=\"article:modified_time\" content=\"2022-10-10T16:13:49+00:00\" \/>\n<meta property=\"og:image\" content=\"https:\/\/www.uckermaerkischer-geschichtsverein.de\/wp-content\/uploads\/2022\/10\/Teller-1024x1011.jpg\" \/>\n<meta name=\"twitter:label1\" content=\"Estimated reading time\" \/>\n\t<meta name=\"twitter:data1\" content=\"4 minutes\" \/>\n<script type=\"application\/ld+json\" class=\"yoast-schema-graph\">{\"@context\":\"https:\/\/schema.org\",\"@graph\":[{\"@type\":\"WebPage\",\"@id\":\"https:\/\/www.uckermaerkischer-geschichtsverein.de\/2022-wilhelm-zimmermann-ehrengabe-des-ugvp-2022\/\",\"url\":\"https:\/\/www.uckermaerkischer-geschichtsverein.de\/2022-wilhelm-zimmermann-ehrengabe-des-ugvp-2022\/\",\"name\":\"2022 Wilhelm Zimmermann \u2013 Ehrengabe des UGVP 2022 - Uckerm\u00e4rkischer Geschichtsverein zu Prenzlau e.V.\",\"isPartOf\":{\"@id\":\"https:\/\/www.uckermaerkischer-geschichtsverein.de\/#website\"},\"primaryImageOfPage\":{\"@id\":\"https:\/\/www.uckermaerkischer-geschichtsverein.de\/2022-wilhelm-zimmermann-ehrengabe-des-ugvp-2022\/#primaryimage\"},\"image\":{\"@id\":\"https:\/\/www.uckermaerkischer-geschichtsverein.de\/2022-wilhelm-zimmermann-ehrengabe-des-ugvp-2022\/#primaryimage\"},\"thumbnailUrl\":\"https:\/\/www.uckermaerkischer-geschichtsverein.de\/wp-content\/uploads\/2022\/10\/Teller-1024x1011.jpg\",\"datePublished\":\"2022-10-08T15:10:33+00:00\",\"dateModified\":\"2022-10-10T16:13:49+00:00\",\"inLanguage\":\"en-GB\",\"potentialAction\":[{\"@type\":\"ReadAction\",\"target\":[\"https:\/\/www.uckermaerkischer-geschichtsverein.de\/2022-wilhelm-zimmermann-ehrengabe-des-ugvp-2022\/\"]}]},{\"@type\":\"ImageObject\",\"inLanguage\":\"en-GB\",\"@id\":\"https:\/\/www.uckermaerkischer-geschichtsverein.de\/2022-wilhelm-zimmermann-ehrengabe-des-ugvp-2022\/#primaryimage\",\"url\":\"https:\/\/www.uckermaerkischer-geschichtsverein.de\/wp-content\/uploads\/2022\/10\/Teller-1024x1011.jpg\",\"contentUrl\":\"https:\/\/www.uckermaerkischer-geschichtsverein.de\/wp-content\/uploads\/2022\/10\/Teller-1024x1011.jpg\"},{\"@type\":\"WebSite\",\"@id\":\"https:\/\/www.uckermaerkischer-geschichtsverein.de\/#website\",\"url\":\"https:\/\/www.uckermaerkischer-geschichtsverein.de\/\",\"name\":\"Uckerm\u00e4rkischer Geschichtsverein zu Prenzlau e.V.\",\"description\":\"\",\"potentialAction\":[{\"@type\":\"SearchAction\",\"target\":{\"@type\":\"EntryPoint\",\"urlTemplate\":\"https:\/\/www.uckermaerkischer-geschichtsverein.de\/?s={search_term_string}\"},\"query-input\":{\"@type\":\"PropertyValueSpecification\",\"valueRequired\":true,\"valueName\":\"search_term_string\"}}],\"inLanguage\":\"en-GB\"}]}<\/script>\n<!-- \/ Yoast SEO plugin. -->","yoast_head_json":{"title":"2022 Wilhelm Zimmermann \u2013 Ehrengabe des UGVP 2022 - Uckerm\u00e4rkischer Geschichtsverein zu Prenzlau e.V.","robots":{"index":"index","follow":"follow","max-snippet":"max-snippet:-1","max-image-preview":"max-image-preview:large","max-video-preview":"max-video-preview:-1"},"canonical":"https:\/\/www.uckermaerkischer-geschichtsverein.de\/en\/2022-wilhelm-zimmermann-ehrengabe-des-ugvp-2022\/","og_locale":"en_GB","og_type":"article","og_title":"2022 Wilhelm Zimmermann \u2013 Ehrengabe des UGVP 2022 - Uckerm\u00e4rkischer Geschichtsverein zu Prenzlau e.V.","og_description":"Ehrengabe des UGVP f\u00fcr verdienstvollen Historiker Wilhelm Zimmermann wurde am 26. Juli 1932 in Prenzlau geboren, wo er auch das Kriegsende 1945 und die ersten Zerst\u00f6rungen im Stadtgebiet als Augenzeuge erlebte. Er besuchte die Puschkin-Oberschule in Prenzlau, wo er 1952 das Abitur ablegte. Nach seiner Lehrausbildung studierte er Schiffbautechnik in Wismar und Hamburg. Bis 1995 [&hellip;]","og_url":"https:\/\/www.uckermaerkischer-geschichtsverein.de\/en\/2022-wilhelm-zimmermann-ehrengabe-des-ugvp-2022\/","og_site_name":"Uckerm\u00e4rkischer Geschichtsverein zu Prenzlau e.V.","article_modified_time":"2022-10-10T16:13:49+00:00","og_image":[{"url":"https:\/\/www.uckermaerkischer-geschichtsverein.de\/wp-content\/uploads\/2022\/10\/Teller-1024x1011.jpg","type":"","width":"","height":""}],"twitter_misc":{"Estimated reading time":"4 minutes"},"schema":{"@context":"https:\/\/schema.org","@graph":[{"@type":"WebPage","@id":"https:\/\/www.uckermaerkischer-geschichtsverein.de\/2022-wilhelm-zimmermann-ehrengabe-des-ugvp-2022\/","url":"https:\/\/www.uckermaerkischer-geschichtsverein.de\/2022-wilhelm-zimmermann-ehrengabe-des-ugvp-2022\/","name":"2022 Wilhelm Zimmermann \u2013 Ehrengabe des UGVP 2022 - Uckerm\u00e4rkischer Geschichtsverein zu Prenzlau e.V.","isPartOf":{"@id":"https:\/\/www.uckermaerkischer-geschichtsverein.de\/#website"},"primaryImageOfPage":{"@id":"https:\/\/www.uckermaerkischer-geschichtsverein.de\/2022-wilhelm-zimmermann-ehrengabe-des-ugvp-2022\/#primaryimage"},"image":{"@id":"https:\/\/www.uckermaerkischer-geschichtsverein.de\/2022-wilhelm-zimmermann-ehrengabe-des-ugvp-2022\/#primaryimage"},"thumbnailUrl":"https:\/\/www.uckermaerkischer-geschichtsverein.de\/wp-content\/uploads\/2022\/10\/Teller-1024x1011.jpg","datePublished":"2022-10-08T15:10:33+00:00","dateModified":"2022-10-10T16:13:49+00:00","inLanguage":"en-GB","potentialAction":[{"@type":"ReadAction","target":["https:\/\/www.uckermaerkischer-geschichtsverein.de\/2022-wilhelm-zimmermann-ehrengabe-des-ugvp-2022\/"]}]},{"@type":"ImageObject","inLanguage":"en-GB","@id":"https:\/\/www.uckermaerkischer-geschichtsverein.de\/2022-wilhelm-zimmermann-ehrengabe-des-ugvp-2022\/#primaryimage","url":"https:\/\/www.uckermaerkischer-geschichtsverein.de\/wp-content\/uploads\/2022\/10\/Teller-1024x1011.jpg","contentUrl":"https:\/\/www.uckermaerkischer-geschichtsverein.de\/wp-content\/uploads\/2022\/10\/Teller-1024x1011.jpg"},{"@type":"WebSite","@id":"https:\/\/www.uckermaerkischer-geschichtsverein.de\/#website","url":"https:\/\/www.uckermaerkischer-geschichtsverein.de\/","name":"Uckerm\u00e4rkischer Geschichtsverein zu Prenzlau e.V.","description":"","potentialAction":[{"@type":"SearchAction","target":{"@type":"EntryPoint","urlTemplate":"https:\/\/www.uckermaerkischer-geschichtsverein.de\/?s={search_term_string}"},"query-input":{"@type":"PropertyValueSpecification","valueRequired":true,"valueName":"search_term_string"}}],"inLanguage":"en-GB"}]}},"_links":{"self":[{"href":"https:\/\/www.uckermaerkischer-geschichtsverein.de\/en\/wp-json\/wp\/v2\/pages\/8226","targetHints":{"allow":["GET"]}}],"collection":[{"href":"https:\/\/www.uckermaerkischer-geschichtsverein.de\/en\/wp-json\/wp\/v2\/pages"}],"about":[{"href":"https:\/\/www.uckermaerkischer-geschichtsverein.de\/en\/wp-json\/wp\/v2\/types\/page"}],"author":[{"embeddable":true,"href":"https:\/\/www.uckermaerkischer-geschichtsverein.de\/en\/wp-json\/wp\/v2\/users\/1"}],"replies":[{"embeddable":true,"href":"https:\/\/www.uckermaerkischer-geschichtsverein.de\/en\/wp-json\/wp\/v2\/comments?post=8226"}],"version-history":[{"count":6,"href":"https:\/\/www.uckermaerkischer-geschichtsverein.de\/en\/wp-json\/wp\/v2\/pages\/8226\/revisions"}],"predecessor-version":[{"id":8250,"href":"https:\/\/www.uckermaerkischer-geschichtsverein.de\/en\/wp-json\/wp\/v2\/pages\/8226\/revisions\/8250"}],"wp:attachment":[{"href":"https:\/\/www.uckermaerkischer-geschichtsverein.de\/en\/wp-json\/wp\/v2\/media?parent=8226"}],"curies":[{"name":"wp","href":"https:\/\/api.w.org\/{rel}","templated":true}]}}