{"id":7950,"date":"2020-12-12T21:10:42","date_gmt":"2020-12-12T19:10:42","guid":{"rendered":"https:\/\/www.uckermaerkischer-geschichtsverein.de\/?page_id=7950"},"modified":"2020-12-12T21:12:25","modified_gmt":"2020-12-12T19:12:25","slug":"springquelle-am-stettiner-tor","status":"publish","type":"page","link":"https:\/\/www.uckermaerkischer-geschichtsverein.de\/en\/aktivitaeten-des-vereins\/weitere-aktivitaeten-gedenktafel-strassennamen\/springquelle-am-stettiner-tor\/","title":{"rendered":"Springquelle am Stettiner Tor"},"content":{"rendered":"<p><strong>Tafel \u201eSpringquelle am Stettiner Tor\u201c<\/strong><\/p>\n<p>Mit Unterst\u00fctzung des UGVP entstand vor dem Stettiner Tor eine Informationstafel, die an eine einst rege genutzte (teils vermarktete) Quelle, deren Wasser Heilkr\u00e4fte zugeschrieben wurde, erinnert. Die Tafel wurde im Februar 2020 im Auftrag des B\u00fcrgermeisters aufgestellt, den Text arbeitete der Vereinsvorstand aus.<\/p>\n<p>Urspr\u00fcnglich speiste die Quelle einen der Befestigungsgr\u00e4ben vor der Stadtmauer n\u00f6rdlich der Stadt. Das Wasser der Quelle (\u201eSpring\u201c) galt als heilkr\u00e4ftig und wurde in der Neuzeit sowohl privat als auch gesch\u00e4ftlich ausgiebig genutzt. Insbesondere im 18. und 19. Jh. wurden die \u201eQuellt\u00f6pfe\u201c (Sammelbecken) der Quelle und der Abflussgraben wiederholt um- und ausgebaut. Zur 1752 mit einem Geb\u00e4ude \u00fcberdachten Quelle f\u00fchrte von der Stettiner Stra\u00dfe der \u201eSpringweg\u201c. Der nierenkranke franz\u00f6sische Kapit\u00e4n Ro\u00dflett heilte 1806 mit dem Wasser seine Krankheit und blieb deshalb in Prenzlau wohnen.<\/p>\n<p>Die noch immer aktive Quelle ist heute teilweise versch\u00fcttet, Teile der \u00e4u\u00dferen Einfassung aus Feldsteinen sind aber noch gut erkennbar. Wenn man von der Stettiner Stra\u00dfe aus \u00fcber den Parkplatz vom Turmcarree geht, findet man die Quelle ganz hinten hinter den Parkpl\u00e4tzen des DRK.<\/p>\n<p>Literatur: Frank Wieland: Der \u201eSpring\u201c am Stettiner Tor. In: Heimatkalender Prenzlau 2017 (2016), 77-80.<\/p>\n<div id=\"attachment_7953\" style=\"width: 160px\" class=\"wp-caption alignleft\"><a href=\"https:\/\/www.uckermaerkischer-geschichtsverein.de\/wp-content\/uploads\/2020\/12\/Quelle-Stettiner-Tor_Reko-scaled.jpg\" rel=\"lightbox[7950]\"><img loading=\"lazy\" decoding=\"async\" aria-describedby=\"caption-attachment-7953\" class=\"wp-image-7953\" src=\"https:\/\/www.uckermaerkischer-geschichtsverein.de\/wp-content\/uploads\/2020\/12\/Quelle-Stettiner-Tor_Reko-1024x768.jpg\" alt=\"\" width=\"150\" height=\"113\" srcset=\"https:\/\/www.uckermaerkischer-geschichtsverein.de\/wp-content\/uploads\/2020\/12\/Quelle-Stettiner-Tor_Reko-1024x768.jpg 1024w, https:\/\/www.uckermaerkischer-geschichtsverein.de\/wp-content\/uploads\/2020\/12\/Quelle-Stettiner-Tor_Reko-128x96.jpg 128w, https:\/\/www.uckermaerkischer-geschichtsverein.de\/wp-content\/uploads\/2020\/12\/Quelle-Stettiner-Tor_Reko-768x576.jpg 768w, https:\/\/www.uckermaerkischer-geschichtsverein.de\/wp-content\/uploads\/2020\/12\/Quelle-Stettiner-Tor_Reko-1536x1152.jpg 1536w, https:\/\/www.uckermaerkischer-geschichtsverein.de\/wp-content\/uploads\/2020\/12\/Quelle-Stettiner-Tor_Reko-2048x1536.jpg 2048w, https:\/\/www.uckermaerkischer-geschichtsverein.de\/wp-content\/uploads\/2020\/12\/Quelle-Stettiner-Tor_Reko-16x12.jpg 16w\" sizes=\"auto, (max-width: 150px) 100vw, 150px\" \/><\/a><p id=\"caption-attachment-7953\" class=\"wp-caption-text\">\u2022 Die Quelle heute: Teile der Einfassung sind noch erkennbar, die ungef\u00e4hre Lage der zwei h\u00f6lzernen Sammelbecken ist blau umrandet (Foto: Dr. M. Schulz, 2020)<\/p><\/div>\n<div id=\"attachment_7952\" style=\"width: 160px\" class=\"wp-caption alignleft\"><a href=\"https:\/\/www.uckermaerkischer-geschichtsverein.de\/wp-content\/uploads\/2020\/12\/Quelle_Tafel-scaled.jpg\" rel=\"lightbox[7950]\"><img loading=\"lazy\" decoding=\"async\" aria-describedby=\"caption-attachment-7952\" class=\"wp-image-7952\" src=\"https:\/\/www.uckermaerkischer-geschichtsverein.de\/wp-content\/uploads\/2020\/12\/Quelle_Tafel-1024x707.jpg\" alt=\"\" width=\"150\" height=\"104\" srcset=\"https:\/\/www.uckermaerkischer-geschichtsverein.de\/wp-content\/uploads\/2020\/12\/Quelle_Tafel-1024x707.jpg 1024w, https:\/\/www.uckermaerkischer-geschichtsverein.de\/wp-content\/uploads\/2020\/12\/Quelle_Tafel-128x88.jpg 128w, https:\/\/www.uckermaerkischer-geschichtsverein.de\/wp-content\/uploads\/2020\/12\/Quelle_Tafel-768x530.jpg 768w, https:\/\/www.uckermaerkischer-geschichtsverein.de\/wp-content\/uploads\/2020\/12\/Quelle_Tafel-1536x1060.jpg 1536w, https:\/\/www.uckermaerkischer-geschichtsverein.de\/wp-content\/uploads\/2020\/12\/Quelle_Tafel-2048x1414.jpg 2048w, https:\/\/www.uckermaerkischer-geschichtsverein.de\/wp-content\/uploads\/2020\/12\/Quelle_Tafel-16x12.jpg 16w\" sizes=\"auto, (max-width: 150px) 100vw, 150px\" \/><\/a><p id=\"caption-attachment-7952\" class=\"wp-caption-text\">\u2022 Die Erl\u00e4uterungstafel f\u00fcr die Quelle (Foto: Dr. M. Schulz, 2020)<\/p><\/div>\n<div id=\"attachment_7951\" style=\"width: 160px\" class=\"wp-caption alignleft\"><a href=\"https:\/\/www.uckermaerkischer-geschichtsverein.de\/wp-content\/uploads\/2020\/12\/PZ_26-02-2020_Quelle-Mauer.jpg\" rel=\"lightbox[7950]\"><img loading=\"lazy\" decoding=\"async\" aria-describedby=\"caption-attachment-7951\" class=\"wp-image-7951\" src=\"https:\/\/www.uckermaerkischer-geschichtsverein.de\/wp-content\/uploads\/2020\/12\/PZ_26-02-2020_Quelle-Mauer-681x1024.jpg\" alt=\"\" width=\"150\" height=\"226\" srcset=\"https:\/\/www.uckermaerkischer-geschichtsverein.de\/wp-content\/uploads\/2020\/12\/PZ_26-02-2020_Quelle-Mauer-681x1024.jpg 681w, https:\/\/www.uckermaerkischer-geschichtsverein.de\/wp-content\/uploads\/2020\/12\/PZ_26-02-2020_Quelle-Mauer-120x180.jpg 120w, https:\/\/www.uckermaerkischer-geschichtsverein.de\/wp-content\/uploads\/2020\/12\/PZ_26-02-2020_Quelle-Mauer-768x1155.jpg 768w, https:\/\/www.uckermaerkischer-geschichtsverein.de\/wp-content\/uploads\/2020\/12\/PZ_26-02-2020_Quelle-Mauer-8x12.jpg 8w, https:\/\/www.uckermaerkischer-geschichtsverein.de\/wp-content\/uploads\/2020\/12\/PZ_26-02-2020_Quelle-Mauer.jpg 931w\" sizes=\"auto, (max-width: 150px) 100vw, 150px\" \/><\/a><p id=\"caption-attachment-7951\" class=\"wp-caption-text\">Springquelle am Stettiner Tor<\/p><\/div>\n","protected":false},"excerpt":{"rendered":"<p>Tafel \u201eSpringquelle am Stettiner Tor\u201c Mit Unterst\u00fctzung des UGVP entstand vor dem Stettiner Tor eine Informationstafel, die an eine einst rege genutzte (teils vermarktete) Quelle, deren Wasser Heilkr\u00e4fte zugeschrieben wurde, erinnert. Die Tafel wurde im Februar 2020 im Auftrag des B\u00fcrgermeisters aufgestellt, den Text arbeitete der Vereinsvorstand aus. Urspr\u00fcnglich speiste die Quelle einen der Befestigungsgr\u00e4ben [&hellip;]<\/p>\n","protected":false},"author":1,"featured_media":0,"parent":63,"menu_order":0,"comment_status":"closed","ping_status":"closed","template":"","meta":{"footnotes":""},"class_list":["post-7950","page","type-page","status-publish","hentry"],"yoast_head":"<!-- This site is optimized with the Yoast SEO plugin v27.2 - https:\/\/yoast.com\/product\/yoast-seo-wordpress\/ -->\n<title>Springquelle am Stettiner Tor - Uckerm\u00e4rkischer Geschichtsverein zu Prenzlau e.V.<\/title>\n<meta name=\"robots\" content=\"index, follow, max-snippet:-1, max-image-preview:large, max-video-preview:-1\" \/>\n<link rel=\"canonical\" href=\"https:\/\/www.uckermaerkischer-geschichtsverein.de\/en\/aktivitaeten-des-vereins\/weitere-aktivitaeten-gedenktafel-strassennamen\/springquelle-am-stettiner-tor\/\" \/>\n<meta property=\"og:locale\" content=\"en_GB\" \/>\n<meta property=\"og:type\" content=\"article\" \/>\n<meta property=\"og:title\" content=\"Springquelle am Stettiner Tor - Uckerm\u00e4rkischer Geschichtsverein zu Prenzlau e.V.\" \/>\n<meta property=\"og:description\" content=\"Tafel \u201eSpringquelle am Stettiner Tor\u201c Mit Unterst\u00fctzung des UGVP entstand vor dem Stettiner Tor eine Informationstafel, die an eine einst rege genutzte (teils vermarktete) Quelle, deren Wasser Heilkr\u00e4fte zugeschrieben wurde, erinnert. Die Tafel wurde im Februar 2020 im Auftrag des B\u00fcrgermeisters aufgestellt, den Text arbeitete der Vereinsvorstand aus. Urspr\u00fcnglich speiste die Quelle einen der Befestigungsgr\u00e4ben [&hellip;]\" \/>\n<meta property=\"og:url\" content=\"https:\/\/www.uckermaerkischer-geschichtsverein.de\/en\/aktivitaeten-des-vereins\/weitere-aktivitaeten-gedenktafel-strassennamen\/springquelle-am-stettiner-tor\/\" \/>\n<meta property=\"og:site_name\" content=\"Uckerm\u00e4rkischer Geschichtsverein zu Prenzlau e.V.\" \/>\n<meta property=\"article:modified_time\" content=\"2020-12-12T19:12:25+00:00\" \/>\n<meta property=\"og:image\" content=\"https:\/\/www.uckermaerkischer-geschichtsverein.de\/wp-content\/uploads\/2020\/12\/Quelle-Stettiner-Tor_Reko-1024x768.jpg\" \/>\n<meta name=\"twitter:label1\" content=\"Estimated reading time\" \/>\n\t<meta name=\"twitter:data1\" content=\"1 minute\" \/>\n<script type=\"application\/ld+json\" class=\"yoast-schema-graph\">{\"@context\":\"https:\/\/schema.org\",\"@graph\":[{\"@type\":\"WebPage\",\"@id\":\"https:\/\/www.uckermaerkischer-geschichtsverein.de\/en\/aktivitaeten-des-vereins\/weitere-aktivitaeten-gedenktafel-strassennamen\/springquelle-am-stettiner-tor\/\",\"url\":\"https:\/\/www.uckermaerkischer-geschichtsverein.de\/en\/aktivitaeten-des-vereins\/weitere-aktivitaeten-gedenktafel-strassennamen\/springquelle-am-stettiner-tor\/\",\"name\":\"Springquelle am Stettiner Tor - Uckerm\u00e4rkischer Geschichtsverein zu Prenzlau e.V.\",\"isPartOf\":{\"@id\":\"https:\/\/www.uckermaerkischer-geschichtsverein.de\/#website\"},\"primaryImageOfPage\":{\"@id\":\"https:\/\/www.uckermaerkischer-geschichtsverein.de\/en\/aktivitaeten-des-vereins\/weitere-aktivitaeten-gedenktafel-strassennamen\/springquelle-am-stettiner-tor\/#primaryimage\"},\"image\":{\"@id\":\"https:\/\/www.uckermaerkischer-geschichtsverein.de\/en\/aktivitaeten-des-vereins\/weitere-aktivitaeten-gedenktafel-strassennamen\/springquelle-am-stettiner-tor\/#primaryimage\"},\"thumbnailUrl\":\"https:\/\/www.uckermaerkischer-geschichtsverein.de\/wp-content\/uploads\/2020\/12\/Quelle-Stettiner-Tor_Reko-1024x768.jpg\",\"datePublished\":\"2020-12-12T19:10:42+00:00\",\"dateModified\":\"2020-12-12T19:12:25+00:00\",\"breadcrumb\":{\"@id\":\"https:\/\/www.uckermaerkischer-geschichtsverein.de\/en\/aktivitaeten-des-vereins\/weitere-aktivitaeten-gedenktafel-strassennamen\/springquelle-am-stettiner-tor\/#breadcrumb\"},\"inLanguage\":\"en-GB\",\"potentialAction\":[{\"@type\":\"ReadAction\",\"target\":[\"https:\/\/www.uckermaerkischer-geschichtsverein.de\/en\/aktivitaeten-des-vereins\/weitere-aktivitaeten-gedenktafel-strassennamen\/springquelle-am-stettiner-tor\/\"]}]},{\"@type\":\"ImageObject\",\"inLanguage\":\"en-GB\",\"@id\":\"https:\/\/www.uckermaerkischer-geschichtsverein.de\/en\/aktivitaeten-des-vereins\/weitere-aktivitaeten-gedenktafel-strassennamen\/springquelle-am-stettiner-tor\/#primaryimage\",\"url\":\"https:\/\/www.uckermaerkischer-geschichtsverein.de\/wp-content\/uploads\/2020\/12\/Quelle-Stettiner-Tor_Reko-1024x768.jpg\",\"contentUrl\":\"https:\/\/www.uckermaerkischer-geschichtsverein.de\/wp-content\/uploads\/2020\/12\/Quelle-Stettiner-Tor_Reko-1024x768.jpg\"},{\"@type\":\"BreadcrumbList\",\"@id\":\"https:\/\/www.uckermaerkischer-geschichtsverein.de\/en\/aktivitaeten-des-vereins\/weitere-aktivitaeten-gedenktafel-strassennamen\/springquelle-am-stettiner-tor\/#breadcrumb\",\"itemListElement\":[{\"@type\":\"ListItem\",\"position\":1,\"name\":\"Aktivit\u00e4ten des Vereins\",\"item\":\"https:\/\/www.uckermaerkischer-geschichtsverein.de\/aktivitaeten-des-vereins\/\"},{\"@type\":\"ListItem\",\"position\":2,\"name\":\"Gedenktafel \/ Stra\u00dfennamen\",\"item\":\"https:\/\/www.uckermaerkischer-geschichtsverein.de\/aktivitaeten-des-vereins\/weitere-aktivitaeten-gedenktafel-strassennamen\/\"},{\"@type\":\"ListItem\",\"position\":3,\"name\":\"Springquelle am Stettiner Tor\"}]},{\"@type\":\"WebSite\",\"@id\":\"https:\/\/www.uckermaerkischer-geschichtsverein.de\/#website\",\"url\":\"https:\/\/www.uckermaerkischer-geschichtsverein.de\/\",\"name\":\"Uckerm\u00e4rkischer Geschichtsverein zu Prenzlau e.V.\",\"description\":\"\",\"potentialAction\":[{\"@type\":\"SearchAction\",\"target\":{\"@type\":\"EntryPoint\",\"urlTemplate\":\"https:\/\/www.uckermaerkischer-geschichtsverein.de\/?s={search_term_string}\"},\"query-input\":{\"@type\":\"PropertyValueSpecification\",\"valueRequired\":true,\"valueName\":\"search_term_string\"}}],\"inLanguage\":\"en-GB\"}]}<\/script>\n<!-- \/ Yoast SEO plugin. -->","yoast_head_json":{"title":"Springquelle am Stettiner Tor - Uckerm\u00e4rkischer Geschichtsverein zu Prenzlau e.V.","robots":{"index":"index","follow":"follow","max-snippet":"max-snippet:-1","max-image-preview":"max-image-preview:large","max-video-preview":"max-video-preview:-1"},"canonical":"https:\/\/www.uckermaerkischer-geschichtsverein.de\/en\/aktivitaeten-des-vereins\/weitere-aktivitaeten-gedenktafel-strassennamen\/springquelle-am-stettiner-tor\/","og_locale":"en_GB","og_type":"article","og_title":"Springquelle am Stettiner Tor - Uckerm\u00e4rkischer Geschichtsverein zu Prenzlau e.V.","og_description":"Tafel \u201eSpringquelle am Stettiner Tor\u201c Mit Unterst\u00fctzung des UGVP entstand vor dem Stettiner Tor eine Informationstafel, die an eine einst rege genutzte (teils vermarktete) Quelle, deren Wasser Heilkr\u00e4fte zugeschrieben wurde, erinnert. Die Tafel wurde im Februar 2020 im Auftrag des B\u00fcrgermeisters aufgestellt, den Text arbeitete der Vereinsvorstand aus. Urspr\u00fcnglich speiste die Quelle einen der Befestigungsgr\u00e4ben [&hellip;]","og_url":"https:\/\/www.uckermaerkischer-geschichtsverein.de\/en\/aktivitaeten-des-vereins\/weitere-aktivitaeten-gedenktafel-strassennamen\/springquelle-am-stettiner-tor\/","og_site_name":"Uckerm\u00e4rkischer Geschichtsverein zu Prenzlau e.V.","article_modified_time":"2020-12-12T19:12:25+00:00","og_image":[{"url":"https:\/\/www.uckermaerkischer-geschichtsverein.de\/wp-content\/uploads\/2020\/12\/Quelle-Stettiner-Tor_Reko-1024x768.jpg","type":"","width":"","height":""}],"twitter_misc":{"Estimated reading time":"1 minute"},"schema":{"@context":"https:\/\/schema.org","@graph":[{"@type":"WebPage","@id":"https:\/\/www.uckermaerkischer-geschichtsverein.de\/en\/aktivitaeten-des-vereins\/weitere-aktivitaeten-gedenktafel-strassennamen\/springquelle-am-stettiner-tor\/","url":"https:\/\/www.uckermaerkischer-geschichtsverein.de\/en\/aktivitaeten-des-vereins\/weitere-aktivitaeten-gedenktafel-strassennamen\/springquelle-am-stettiner-tor\/","name":"Springquelle am Stettiner Tor - Uckerm\u00e4rkischer Geschichtsverein zu Prenzlau e.V.","isPartOf":{"@id":"https:\/\/www.uckermaerkischer-geschichtsverein.de\/#website"},"primaryImageOfPage":{"@id":"https:\/\/www.uckermaerkischer-geschichtsverein.de\/en\/aktivitaeten-des-vereins\/weitere-aktivitaeten-gedenktafel-strassennamen\/springquelle-am-stettiner-tor\/#primaryimage"},"image":{"@id":"https:\/\/www.uckermaerkischer-geschichtsverein.de\/en\/aktivitaeten-des-vereins\/weitere-aktivitaeten-gedenktafel-strassennamen\/springquelle-am-stettiner-tor\/#primaryimage"},"thumbnailUrl":"https:\/\/www.uckermaerkischer-geschichtsverein.de\/wp-content\/uploads\/2020\/12\/Quelle-Stettiner-Tor_Reko-1024x768.jpg","datePublished":"2020-12-12T19:10:42+00:00","dateModified":"2020-12-12T19:12:25+00:00","breadcrumb":{"@id":"https:\/\/www.uckermaerkischer-geschichtsverein.de\/en\/aktivitaeten-des-vereins\/weitere-aktivitaeten-gedenktafel-strassennamen\/springquelle-am-stettiner-tor\/#breadcrumb"},"inLanguage":"en-GB","potentialAction":[{"@type":"ReadAction","target":["https:\/\/www.uckermaerkischer-geschichtsverein.de\/en\/aktivitaeten-des-vereins\/weitere-aktivitaeten-gedenktafel-strassennamen\/springquelle-am-stettiner-tor\/"]}]},{"@type":"ImageObject","inLanguage":"en-GB","@id":"https:\/\/www.uckermaerkischer-geschichtsverein.de\/en\/aktivitaeten-des-vereins\/weitere-aktivitaeten-gedenktafel-strassennamen\/springquelle-am-stettiner-tor\/#primaryimage","url":"https:\/\/www.uckermaerkischer-geschichtsverein.de\/wp-content\/uploads\/2020\/12\/Quelle-Stettiner-Tor_Reko-1024x768.jpg","contentUrl":"https:\/\/www.uckermaerkischer-geschichtsverein.de\/wp-content\/uploads\/2020\/12\/Quelle-Stettiner-Tor_Reko-1024x768.jpg"},{"@type":"BreadcrumbList","@id":"https:\/\/www.uckermaerkischer-geschichtsverein.de\/en\/aktivitaeten-des-vereins\/weitere-aktivitaeten-gedenktafel-strassennamen\/springquelle-am-stettiner-tor\/#breadcrumb","itemListElement":[{"@type":"ListItem","position":1,"name":"Aktivit\u00e4ten des Vereins","item":"https:\/\/www.uckermaerkischer-geschichtsverein.de\/aktivitaeten-des-vereins\/"},{"@type":"ListItem","position":2,"name":"Gedenktafel \/ Stra\u00dfennamen","item":"https:\/\/www.uckermaerkischer-geschichtsverein.de\/aktivitaeten-des-vereins\/weitere-aktivitaeten-gedenktafel-strassennamen\/"},{"@type":"ListItem","position":3,"name":"Springquelle am Stettiner Tor"}]},{"@type":"WebSite","@id":"https:\/\/www.uckermaerkischer-geschichtsverein.de\/#website","url":"https:\/\/www.uckermaerkischer-geschichtsverein.de\/","name":"Uckerm\u00e4rkischer Geschichtsverein zu Prenzlau e.V.","description":"","potentialAction":[{"@type":"SearchAction","target":{"@type":"EntryPoint","urlTemplate":"https:\/\/www.uckermaerkischer-geschichtsverein.de\/?s={search_term_string}"},"query-input":{"@type":"PropertyValueSpecification","valueRequired":true,"valueName":"search_term_string"}}],"inLanguage":"en-GB"}]}},"_links":{"self":[{"href":"https:\/\/www.uckermaerkischer-geschichtsverein.de\/en\/wp-json\/wp\/v2\/pages\/7950","targetHints":{"allow":["GET"]}}],"collection":[{"href":"https:\/\/www.uckermaerkischer-geschichtsverein.de\/en\/wp-json\/wp\/v2\/pages"}],"about":[{"href":"https:\/\/www.uckermaerkischer-geschichtsverein.de\/en\/wp-json\/wp\/v2\/types\/page"}],"author":[{"embeddable":true,"href":"https:\/\/www.uckermaerkischer-geschichtsverein.de\/en\/wp-json\/wp\/v2\/users\/1"}],"replies":[{"embeddable":true,"href":"https:\/\/www.uckermaerkischer-geschichtsverein.de\/en\/wp-json\/wp\/v2\/comments?post=7950"}],"version-history":[{"count":3,"href":"https:\/\/www.uckermaerkischer-geschichtsverein.de\/en\/wp-json\/wp\/v2\/pages\/7950\/revisions"}],"predecessor-version":[{"id":7957,"href":"https:\/\/www.uckermaerkischer-geschichtsverein.de\/en\/wp-json\/wp\/v2\/pages\/7950\/revisions\/7957"}],"up":[{"embeddable":true,"href":"https:\/\/www.uckermaerkischer-geschichtsverein.de\/en\/wp-json\/wp\/v2\/pages\/63"}],"wp:attachment":[{"href":"https:\/\/www.uckermaerkischer-geschichtsverein.de\/en\/wp-json\/wp\/v2\/media?parent=7950"}],"curies":[{"name":"wp","href":"https:\/\/api.w.org\/{rel}","templated":true}]}}