{"id":7759,"date":"2020-06-23T12:17:57","date_gmt":"2020-06-23T10:17:57","guid":{"rendered":"https:\/\/www.uckermaerkischer-geschichtsverein.de\/?page_id=7759"},"modified":"2020-06-23T12:20:59","modified_gmt":"2020-06-23T10:20:59","slug":"die-gruendung-des-uckermaerkischen-geschichtsvereins-zu-prenzlau-e-v","status":"publish","type":"page","link":"https:\/\/www.uckermaerkischer-geschichtsverein.de\/en\/verein\/wir-ueber-uns-der-verein\/die-gruendung-des-uckermaerkischen-geschichtsvereins-zu-prenzlau-e-v\/","title":{"rendered":"Die Gr\u00fcndung des Uckerm\u00e4rkischen Geschichtsvereins zu Prenzlau e.V."},"content":{"rendered":"<p>Die Gr\u00fcndung des Uckerm\u00e4rkischen Geschichtsvereins (1989 beschlossen, 1990 offiziell vollzogen) wurde nicht extra gefeiert, der Verein ging einfach an die Arbeit. Wichtig waren damals nur die Formalien <a href=\"https:\/\/www.uckermaerkischer-geschichtsverein.de\/wp-content\/uploads\/2020\/06\/01_Gr\u00fcndungsdokument-1990.pdf\" target=\"_blank\" rel=\"noopener noreferrer\"><strong><u>\u201eEintragung ins Vereinsregister\u201c<\/u><\/strong><\/a> und die \u201eGemeinn\u00fctzigkeit\u201c gegen\u00fcber dem Finanzamt \u2013 die Basis jeder Vereinsarbeit.<\/p>\n<p>Die ersten publizierten <a href=\"https:\/\/www.uckermaerkischer-geschichtsverein.de\/wp-content\/uploads\/2020\/06\/01__Mitteilungen-1-1992_T\u00e4tigkeitsberichte.pdf\" target=\"_blank\" rel=\"noopener noreferrer\"><strong><u>T\u00e4tigkeitsberichte (1989 \u2013 1991)<\/u><\/strong><\/a> spiegeln die \u201ewilden Jahre\u201c des Vereins und den Enthusiasmus seiner Mitglieder gut wider.<\/p>\n<p>Die erste offizielle \u201eJubelfeier\u201c wurde 2010 zum 20-j\u00e4hrigen Bestehen des Vereins organisiert, es folgten bisher alle f\u00fcnf Jahre weitere Feiern zu Vereinsjubil\u00e4en.<\/p>\n<p><a href=\"https:\/\/www.uckermaerkischer-geschichtsverein.de\/wp-content\/uploads\/2020\/06\/01_Vorstand-UGVP_1991-11-06.jpg\" rel=\"lightbox[7759]\"><img loading=\"lazy\" decoding=\"async\" class=\"aligncenter wp-image-7762\" src=\"https:\/\/www.uckermaerkischer-geschichtsverein.de\/wp-content\/uploads\/2020\/06\/01_Vorstand-UGVP_1991-11-06.jpg\" alt=\"\" width=\"350\" height=\"282\" srcset=\"https:\/\/www.uckermaerkischer-geschichtsverein.de\/wp-content\/uploads\/2020\/06\/01_Vorstand-UGVP_1991-11-06.jpg 850w, https:\/\/www.uckermaerkischer-geschichtsverein.de\/wp-content\/uploads\/2020\/06\/01_Vorstand-UGVP_1991-11-06-128x103.jpg 128w, https:\/\/www.uckermaerkischer-geschichtsverein.de\/wp-content\/uploads\/2020\/06\/01_Vorstand-UGVP_1991-11-06-768x618.jpg 768w\" sizes=\"auto, (max-width: 350px) 100vw, 350px\" \/><\/a><\/p>\n<p>Der Vereinsvorstand des UGVP im November 1991: Hannelore Anacker, Matthias Schulz, J\u00fcrgen Theil, Lars Radeke, Hans Benthin, Gerhard Kohn, Hans Rammoser (v. l. n. r.)<\/p>\n<p>Frank Wieland fehlt, er hat als Schriftenwart und Chronist fotografiert.<\/p>\n<p>&nbsp;<\/p>\n<p>&nbsp;<\/p>\n","protected":false},"excerpt":{"rendered":"<p>Die Gr\u00fcndung des Uckerm\u00e4rkischen Geschichtsvereins (1989 beschlossen, 1990 offiziell vollzogen) wurde nicht extra gefeiert, der Verein ging einfach an die Arbeit. Wichtig waren damals nur die Formalien \u201eEintragung ins Vereinsregister\u201c und die \u201eGemeinn\u00fctzigkeit\u201c gegen\u00fcber dem Finanzamt \u2013 die Basis jeder Vereinsarbeit. Die ersten publizierten T\u00e4tigkeitsberichte (1989 \u2013 1991) spiegeln die \u201ewilden Jahre\u201c des Vereins und [&hellip;]<\/p>\n","protected":false},"author":1,"featured_media":0,"parent":51,"menu_order":0,"comment_status":"closed","ping_status":"open","template":"","meta":{"footnotes":""},"class_list":["post-7759","page","type-page","status-publish","hentry"],"yoast_head":"<!-- This site is optimized with the Yoast SEO plugin v27.2 - https:\/\/yoast.com\/product\/yoast-seo-wordpress\/ -->\n<title>Die Gr\u00fcndung des Uckerm\u00e4rkischen Geschichtsvereins zu Prenzlau e.V. - Uckerm\u00e4rkischer Geschichtsverein zu Prenzlau e.V.<\/title>\n<meta name=\"robots\" content=\"index, follow, max-snippet:-1, max-image-preview:large, max-video-preview:-1\" \/>\n<link rel=\"canonical\" href=\"https:\/\/www.uckermaerkischer-geschichtsverein.de\/en\/verein\/wir-ueber-uns-der-verein\/die-gruendung-des-uckermaerkischen-geschichtsvereins-zu-prenzlau-e-v\/\" \/>\n<meta property=\"og:locale\" content=\"en_GB\" \/>\n<meta property=\"og:type\" content=\"article\" \/>\n<meta property=\"og:title\" content=\"Die Gr\u00fcndung des Uckerm\u00e4rkischen Geschichtsvereins zu Prenzlau e.V. - Uckerm\u00e4rkischer Geschichtsverein zu Prenzlau e.V.\" \/>\n<meta property=\"og:description\" content=\"Die Gr\u00fcndung des Uckerm\u00e4rkischen Geschichtsvereins (1989 beschlossen, 1990 offiziell vollzogen) wurde nicht extra gefeiert, der Verein ging einfach an die Arbeit. Wichtig waren damals nur die Formalien \u201eEintragung ins Vereinsregister\u201c und die \u201eGemeinn\u00fctzigkeit\u201c gegen\u00fcber dem Finanzamt \u2013 die Basis jeder Vereinsarbeit. Die ersten publizierten T\u00e4tigkeitsberichte (1989 \u2013 1991) spiegeln die \u201ewilden Jahre\u201c des Vereins und [&hellip;]\" \/>\n<meta property=\"og:url\" content=\"https:\/\/www.uckermaerkischer-geschichtsverein.de\/en\/verein\/wir-ueber-uns-der-verein\/die-gruendung-des-uckermaerkischen-geschichtsvereins-zu-prenzlau-e-v\/\" \/>\n<meta property=\"og:site_name\" content=\"Uckerm\u00e4rkischer Geschichtsverein zu Prenzlau e.V.\" \/>\n<meta property=\"article:modified_time\" content=\"2020-06-23T10:20:59+00:00\" \/>\n<meta property=\"og:image\" content=\"https:\/\/www.uckermaerkischer-geschichtsverein.de\/wp-content\/uploads\/2020\/06\/01_Vorstand-UGVP_1991-11-06.jpg\" \/>\n<meta name=\"twitter:label1\" content=\"Estimated reading time\" \/>\n\t<meta name=\"twitter:data1\" content=\"1 minute\" \/>\n<script type=\"application\/ld+json\" class=\"yoast-schema-graph\">{\"@context\":\"https:\/\/schema.org\",\"@graph\":[{\"@type\":\"WebPage\",\"@id\":\"https:\/\/www.uckermaerkischer-geschichtsverein.de\/verein\/wir-ueber-uns-der-verein\/die-gruendung-des-uckermaerkischen-geschichtsvereins-zu-prenzlau-e-v\/\",\"url\":\"https:\/\/www.uckermaerkischer-geschichtsverein.de\/verein\/wir-ueber-uns-der-verein\/die-gruendung-des-uckermaerkischen-geschichtsvereins-zu-prenzlau-e-v\/\",\"name\":\"Die Gr\u00fcndung des Uckerm\u00e4rkischen Geschichtsvereins zu Prenzlau e.V. - Uckerm\u00e4rkischer Geschichtsverein zu Prenzlau e.V.\",\"isPartOf\":{\"@id\":\"https:\/\/www.uckermaerkischer-geschichtsverein.de\/#website\"},\"primaryImageOfPage\":{\"@id\":\"https:\/\/www.uckermaerkischer-geschichtsverein.de\/verein\/wir-ueber-uns-der-verein\/die-gruendung-des-uckermaerkischen-geschichtsvereins-zu-prenzlau-e-v\/#primaryimage\"},\"image\":{\"@id\":\"https:\/\/www.uckermaerkischer-geschichtsverein.de\/verein\/wir-ueber-uns-der-verein\/die-gruendung-des-uckermaerkischen-geschichtsvereins-zu-prenzlau-e-v\/#primaryimage\"},\"thumbnailUrl\":\"https:\/\/www.uckermaerkischer-geschichtsverein.de\/wp-content\/uploads\/2020\/06\/01_Vorstand-UGVP_1991-11-06.jpg\",\"datePublished\":\"2020-06-23T10:17:57+00:00\",\"dateModified\":\"2020-06-23T10:20:59+00:00\",\"breadcrumb\":{\"@id\":\"https:\/\/www.uckermaerkischer-geschichtsverein.de\/verein\/wir-ueber-uns-der-verein\/die-gruendung-des-uckermaerkischen-geschichtsvereins-zu-prenzlau-e-v\/#breadcrumb\"},\"inLanguage\":\"en-GB\",\"potentialAction\":[{\"@type\":\"ReadAction\",\"target\":[\"https:\/\/www.uckermaerkischer-geschichtsverein.de\/verein\/wir-ueber-uns-der-verein\/die-gruendung-des-uckermaerkischen-geschichtsvereins-zu-prenzlau-e-v\/\"]}]},{\"@type\":\"ImageObject\",\"inLanguage\":\"en-GB\",\"@id\":\"https:\/\/www.uckermaerkischer-geschichtsverein.de\/verein\/wir-ueber-uns-der-verein\/die-gruendung-des-uckermaerkischen-geschichtsvereins-zu-prenzlau-e-v\/#primaryimage\",\"url\":\"https:\/\/www.uckermaerkischer-geschichtsverein.de\/wp-content\/uploads\/2020\/06\/01_Vorstand-UGVP_1991-11-06.jpg\",\"contentUrl\":\"https:\/\/www.uckermaerkischer-geschichtsverein.de\/wp-content\/uploads\/2020\/06\/01_Vorstand-UGVP_1991-11-06.jpg\"},{\"@type\":\"BreadcrumbList\",\"@id\":\"https:\/\/www.uckermaerkischer-geschichtsverein.de\/verein\/wir-ueber-uns-der-verein\/die-gruendung-des-uckermaerkischen-geschichtsvereins-zu-prenzlau-e-v\/#breadcrumb\",\"itemListElement\":[{\"@type\":\"ListItem\",\"position\":1,\"name\":\"Verein\",\"item\":\"https:\/\/www.uckermaerkischer-geschichtsverein.de\/en\/verein\/\"},{\"@type\":\"ListItem\",\"position\":2,\"name\":\"Wir \u00fcber uns &#8211; Der Verein\",\"item\":\"https:\/\/www.uckermaerkischer-geschichtsverein.de\/verein\/wir-ueber-uns-der-verein\/\"},{\"@type\":\"ListItem\",\"position\":3,\"name\":\"Die Gr\u00fcndung des Uckerm\u00e4rkischen Geschichtsvereins zu Prenzlau e.V.\"}]},{\"@type\":\"WebSite\",\"@id\":\"https:\/\/www.uckermaerkischer-geschichtsverein.de\/#website\",\"url\":\"https:\/\/www.uckermaerkischer-geschichtsverein.de\/\",\"name\":\"Uckerm\u00e4rkischer Geschichtsverein zu Prenzlau e.V.\",\"description\":\"\",\"potentialAction\":[{\"@type\":\"SearchAction\",\"target\":{\"@type\":\"EntryPoint\",\"urlTemplate\":\"https:\/\/www.uckermaerkischer-geschichtsverein.de\/?s={search_term_string}\"},\"query-input\":{\"@type\":\"PropertyValueSpecification\",\"valueRequired\":true,\"valueName\":\"search_term_string\"}}],\"inLanguage\":\"en-GB\"}]}<\/script>\n<!-- \/ Yoast SEO plugin. -->","yoast_head_json":{"title":"Die Gr\u00fcndung des Uckerm\u00e4rkischen Geschichtsvereins zu Prenzlau e.V. - Uckerm\u00e4rkischer Geschichtsverein zu Prenzlau e.V.","robots":{"index":"index","follow":"follow","max-snippet":"max-snippet:-1","max-image-preview":"max-image-preview:large","max-video-preview":"max-video-preview:-1"},"canonical":"https:\/\/www.uckermaerkischer-geschichtsverein.de\/en\/verein\/wir-ueber-uns-der-verein\/die-gruendung-des-uckermaerkischen-geschichtsvereins-zu-prenzlau-e-v\/","og_locale":"en_GB","og_type":"article","og_title":"Die Gr\u00fcndung des Uckerm\u00e4rkischen Geschichtsvereins zu Prenzlau e.V. - Uckerm\u00e4rkischer Geschichtsverein zu Prenzlau e.V.","og_description":"Die Gr\u00fcndung des Uckerm\u00e4rkischen Geschichtsvereins (1989 beschlossen, 1990 offiziell vollzogen) wurde nicht extra gefeiert, der Verein ging einfach an die Arbeit. Wichtig waren damals nur die Formalien \u201eEintragung ins Vereinsregister\u201c und die \u201eGemeinn\u00fctzigkeit\u201c gegen\u00fcber dem Finanzamt \u2013 die Basis jeder Vereinsarbeit. Die ersten publizierten T\u00e4tigkeitsberichte (1989 \u2013 1991) spiegeln die \u201ewilden Jahre\u201c des Vereins und [&hellip;]","og_url":"https:\/\/www.uckermaerkischer-geschichtsverein.de\/en\/verein\/wir-ueber-uns-der-verein\/die-gruendung-des-uckermaerkischen-geschichtsvereins-zu-prenzlau-e-v\/","og_site_name":"Uckerm\u00e4rkischer Geschichtsverein zu Prenzlau e.V.","article_modified_time":"2020-06-23T10:20:59+00:00","og_image":[{"url":"https:\/\/www.uckermaerkischer-geschichtsverein.de\/wp-content\/uploads\/2020\/06\/01_Vorstand-UGVP_1991-11-06.jpg","type":"","width":"","height":""}],"twitter_misc":{"Estimated reading time":"1 minute"},"schema":{"@context":"https:\/\/schema.org","@graph":[{"@type":"WebPage","@id":"https:\/\/www.uckermaerkischer-geschichtsverein.de\/verein\/wir-ueber-uns-der-verein\/die-gruendung-des-uckermaerkischen-geschichtsvereins-zu-prenzlau-e-v\/","url":"https:\/\/www.uckermaerkischer-geschichtsverein.de\/verein\/wir-ueber-uns-der-verein\/die-gruendung-des-uckermaerkischen-geschichtsvereins-zu-prenzlau-e-v\/","name":"Die Gr\u00fcndung des Uckerm\u00e4rkischen Geschichtsvereins zu Prenzlau e.V. - Uckerm\u00e4rkischer Geschichtsverein zu Prenzlau e.V.","isPartOf":{"@id":"https:\/\/www.uckermaerkischer-geschichtsverein.de\/#website"},"primaryImageOfPage":{"@id":"https:\/\/www.uckermaerkischer-geschichtsverein.de\/verein\/wir-ueber-uns-der-verein\/die-gruendung-des-uckermaerkischen-geschichtsvereins-zu-prenzlau-e-v\/#primaryimage"},"image":{"@id":"https:\/\/www.uckermaerkischer-geschichtsverein.de\/verein\/wir-ueber-uns-der-verein\/die-gruendung-des-uckermaerkischen-geschichtsvereins-zu-prenzlau-e-v\/#primaryimage"},"thumbnailUrl":"https:\/\/www.uckermaerkischer-geschichtsverein.de\/wp-content\/uploads\/2020\/06\/01_Vorstand-UGVP_1991-11-06.jpg","datePublished":"2020-06-23T10:17:57+00:00","dateModified":"2020-06-23T10:20:59+00:00","breadcrumb":{"@id":"https:\/\/www.uckermaerkischer-geschichtsverein.de\/verein\/wir-ueber-uns-der-verein\/die-gruendung-des-uckermaerkischen-geschichtsvereins-zu-prenzlau-e-v\/#breadcrumb"},"inLanguage":"en-GB","potentialAction":[{"@type":"ReadAction","target":["https:\/\/www.uckermaerkischer-geschichtsverein.de\/verein\/wir-ueber-uns-der-verein\/die-gruendung-des-uckermaerkischen-geschichtsvereins-zu-prenzlau-e-v\/"]}]},{"@type":"ImageObject","inLanguage":"en-GB","@id":"https:\/\/www.uckermaerkischer-geschichtsverein.de\/verein\/wir-ueber-uns-der-verein\/die-gruendung-des-uckermaerkischen-geschichtsvereins-zu-prenzlau-e-v\/#primaryimage","url":"https:\/\/www.uckermaerkischer-geschichtsverein.de\/wp-content\/uploads\/2020\/06\/01_Vorstand-UGVP_1991-11-06.jpg","contentUrl":"https:\/\/www.uckermaerkischer-geschichtsverein.de\/wp-content\/uploads\/2020\/06\/01_Vorstand-UGVP_1991-11-06.jpg"},{"@type":"BreadcrumbList","@id":"https:\/\/www.uckermaerkischer-geschichtsverein.de\/verein\/wir-ueber-uns-der-verein\/die-gruendung-des-uckermaerkischen-geschichtsvereins-zu-prenzlau-e-v\/#breadcrumb","itemListElement":[{"@type":"ListItem","position":1,"name":"Verein","item":"https:\/\/www.uckermaerkischer-geschichtsverein.de\/en\/verein\/"},{"@type":"ListItem","position":2,"name":"Wir \u00fcber uns &#8211; Der Verein","item":"https:\/\/www.uckermaerkischer-geschichtsverein.de\/verein\/wir-ueber-uns-der-verein\/"},{"@type":"ListItem","position":3,"name":"Die Gr\u00fcndung des Uckerm\u00e4rkischen Geschichtsvereins zu Prenzlau e.V."}]},{"@type":"WebSite","@id":"https:\/\/www.uckermaerkischer-geschichtsverein.de\/#website","url":"https:\/\/www.uckermaerkischer-geschichtsverein.de\/","name":"Uckerm\u00e4rkischer Geschichtsverein zu Prenzlau e.V.","description":"","potentialAction":[{"@type":"SearchAction","target":{"@type":"EntryPoint","urlTemplate":"https:\/\/www.uckermaerkischer-geschichtsverein.de\/?s={search_term_string}"},"query-input":{"@type":"PropertyValueSpecification","valueRequired":true,"valueName":"search_term_string"}}],"inLanguage":"en-GB"}]}},"_links":{"self":[{"href":"https:\/\/www.uckermaerkischer-geschichtsverein.de\/en\/wp-json\/wp\/v2\/pages\/7759","targetHints":{"allow":["GET"]}}],"collection":[{"href":"https:\/\/www.uckermaerkischer-geschichtsverein.de\/en\/wp-json\/wp\/v2\/pages"}],"about":[{"href":"https:\/\/www.uckermaerkischer-geschichtsverein.de\/en\/wp-json\/wp\/v2\/types\/page"}],"author":[{"embeddable":true,"href":"https:\/\/www.uckermaerkischer-geschichtsverein.de\/en\/wp-json\/wp\/v2\/users\/1"}],"replies":[{"embeddable":true,"href":"https:\/\/www.uckermaerkischer-geschichtsverein.de\/en\/wp-json\/wp\/v2\/comments?post=7759"}],"version-history":[{"count":3,"href":"https:\/\/www.uckermaerkischer-geschichtsverein.de\/en\/wp-json\/wp\/v2\/pages\/7759\/revisions"}],"predecessor-version":[{"id":7765,"href":"https:\/\/www.uckermaerkischer-geschichtsverein.de\/en\/wp-json\/wp\/v2\/pages\/7759\/revisions\/7765"}],"up":[{"embeddable":true,"href":"https:\/\/www.uckermaerkischer-geschichtsverein.de\/en\/wp-json\/wp\/v2\/pages\/51"}],"wp:attachment":[{"href":"https:\/\/www.uckermaerkischer-geschichtsverein.de\/en\/wp-json\/wp\/v2\/media?parent=7759"}],"curies":[{"name":"wp","href":"https:\/\/api.w.org\/{rel}","templated":true}]}}