{"id":7718,"date":"2020-03-28T18:16:51","date_gmt":"2020-03-28T16:16:51","guid":{"rendered":"https:\/\/www.uckermaerkischer-geschichtsverein.de\/?page_id=7718"},"modified":"2020-03-28T18:16:51","modified_gmt":"2020-03-28T16:16:51","slug":"vom-kriegsende-bis-zur-wende","status":"publish","type":"page","link":"https:\/\/www.uckermaerkischer-geschichtsverein.de\/en\/die-vereinsbibliothek\/publikationen\/weitere-publikationen\/ortsgeschichte\/vom-kriegsende-bis-zur-wende\/","title":{"rendered":"Vom Kriegsende bis zur Wende"},"content":{"rendered":"<p><strong>J\u00fcrgen Theil: Prenzlau. Vom Kriegsende bis zur Wende. (2017)<br \/>\n<\/strong>Sutton Archiv, Sutton Verlag GmbH<\/p>\n<table>\n<tbody>\n<tr>\n<td width=\"564\"><strong>Inhaltsverzeichnis:<\/strong><\/td>\n<td width=\"84\">&nbsp;<\/td>\n<\/tr>\n<tr>\n<td width=\"564\">Bildnachweis.<\/td>\n<td width=\"84\">6<\/td>\n<\/tr>\n<tr>\n<td width=\"564\">Danksagung.<\/td>\n<td width=\"84\">6<\/td>\n<\/tr>\n<tr>\n<td width=\"564\">Einleitung.<\/td>\n<td width=\"84\">7\u20138<\/td>\n<\/tr>\n<tr>\n<td width=\"564\">1.\u00a0\u00a0\u00a0\u00a0\u00a0 Leben in Tr\u00fcmmern.<\/td>\n<td width=\"84\">9\u201320<\/td>\n<\/tr>\n<tr>\n<td width=\"564\">2.\u00a0\u00a0\u00a0\u00a0\u00a0 Wiederaufbau und Stadtentwicklung.<\/td>\n<td width=\"84\">21\u201356<\/td>\n<\/tr>\n<tr>\n<td width=\"564\">3.\u00a0\u00a0\u00a0\u00a0\u00a0 Verfall der Altbausubstanz.<\/td>\n<td width=\"84\">57\u201376<\/td>\n<\/tr>\n<tr>\n<td width=\"564\">4.\u00a0\u00a0\u00a0\u00a0\u00a0 Milit\u00e4r und Gesellschaft.<\/td>\n<td width=\"84\">77\u201382<\/td>\n<\/tr>\n<tr>\n<td width=\"564\">5.\u00a0\u00a0\u00a0\u00a0\u00a0 Kultur, Sport und Erholung.<\/td>\n<td width=\"84\">83\u201394<\/td>\n<\/tr>\n<tr>\n<td width=\"564\">6.\u00a0\u00a0\u00a0\u00a0\u00a0 Schule, Bildung und Erziehung.<\/td>\n<td width=\"84\">95\u201398<\/td>\n<\/tr>\n<tr>\n<td width=\"564\">7.\u00a0\u00a0\u00a0\u00a0\u00a0 Wirtschaft und Konsum.<\/td>\n<td width=\"84\">99\u2013108<\/td>\n<\/tr>\n<tr>\n<td width=\"564\">8.\u00a0\u00a0\u00a0\u00a0\u00a0 Politische Wende 1989\/90.<\/td>\n<td width=\"84\">109\u2013117<\/td>\n<\/tr>\n<tr>\n<td width=\"564\">Kurzchronik 1945\u20131990.<\/td>\n<td width=\"84\">118\u2013120<\/td>\n<\/tr>\n<\/tbody>\n<\/table>\n<p>Seltene Farbbilder zeigen, dass der Wiederaufbau nach dem Zweiten Weltkrieg in der Uckermark-Metropole Prenzlau bis fast zur Wende dauerte. Die schwierigen Anfangsjahre nach Gr\u00fcndung der DDR, der Aufschwung im Wohnungsbau und in der Arbeitswelt, aber auch die turbulente Zeit der politischen Wende ab 1989 erlebt der Betrachter erstmals in bunten Impressionen.<\/p>\n<p>Der Prenzlauer Erfolgsautor und Vorsitzende des Uckerm\u00e4rkischen Geschichtsvereins J\u00fcrgen Theil pr\u00e4sentiert rund 180 bisher unver\u00f6ffentlichte, meist farbige Fotografien aus \u00f6ffentlichen und privaten Sammlungen. Sie vermitteln einen lebendigen Eindruck vom Alltagsleben der Prenzlauer von 1945 bis 1990. Der Leser wirft einen Blick auf bekannte Geb\u00e4ude wie die Marienkirche oder die Tort\u00fcrme, bummelt \u00fcber den Ernst-Th\u00e4lmann-Platz, vorbei an den alten Kasernen Friedrichs II. und besucht das beliebte Kleinod der Stadt, die Freilichtb\u00fchne. Aufm\u00e4rschen zum 1. Mai und Festumz\u00fcgen zu den Stadtjubil\u00e4en wohnt er ebenso bei wie den ersten Demos in der Wendezeit und dem Runden Tisch im Eiscaf\u00e9 \u201eMarietta\u201c.<\/p>\n<p>Dieser liebevoll gestaltete Bildband macht 45 Jahre Prenzlauer Alltagsgeschichte erfahrbar: ein Muss f\u00fcr alle Prenzlauer.<br \/>\n(Klappentext)<\/p>\n<p>&nbsp;<\/p>","protected":false},"excerpt":{"rendered":"<p>J\u00fcrgen Theil: Prenzlau. Vom Kriegsende bis zur Wende. (2017) Sutton Archiv, Sutton Verlag GmbH Inhaltsverzeichnis: &nbsp; Bildnachweis. 6 Danksagung. 6 Einleitung. 7\u20138 1.\u00a0\u00a0\u00a0\u00a0\u00a0 Leben in Tr\u00fcmmern. 9\u201320 2.\u00a0\u00a0\u00a0\u00a0\u00a0 Wiederaufbau und Stadtentwicklung. 21\u201356 3.\u00a0\u00a0\u00a0\u00a0\u00a0 Verfall der Altbausubstanz. 57\u201376 4.\u00a0\u00a0\u00a0\u00a0\u00a0 Milit\u00e4r und Gesellschaft. 77\u201382 5.\u00a0\u00a0\u00a0\u00a0\u00a0 Kultur, Sport und Erholung. 83\u201394 6.\u00a0\u00a0\u00a0\u00a0\u00a0 Schule, Bildung und Erziehung. 95\u201398 7.\u00a0\u00a0\u00a0\u00a0\u00a0 [&hellip;]<\/p>\n","protected":false},"author":1,"featured_media":7719,"parent":1695,"menu_order":0,"comment_status":"closed","ping_status":"closed","template":"","meta":{"footnotes":""},"class_list":["post-7718","page","type-page","status-publish","has-post-thumbnail","hentry"],"yoast_head":"<!-- This site is optimized with the Yoast SEO plugin v27.2 - https:\/\/yoast.com\/product\/yoast-seo-wordpress\/ -->\n<title>Vom Kriegsende bis zur Wende - Uckerm\u00e4rkischer Geschichtsverein zu Prenzlau e.V.<\/title>\n<meta name=\"robots\" content=\"index, follow, max-snippet:-1, max-image-preview:large, max-video-preview:-1\" \/>\n<link rel=\"canonical\" href=\"https:\/\/www.uckermaerkischer-geschichtsverein.de\/en\/die-vereinsbibliothek\/publikationen\/weitere-publikationen\/ortsgeschichte\/vom-kriegsende-bis-zur-wende\/\" \/>\n<meta property=\"og:locale\" content=\"en_GB\" \/>\n<meta property=\"og:type\" content=\"article\" \/>\n<meta property=\"og:title\" content=\"Vom Kriegsende bis zur Wende - Uckerm\u00e4rkischer Geschichtsverein zu Prenzlau e.V.\" \/>\n<meta property=\"og:description\" content=\"J\u00fcrgen Theil: Prenzlau. Vom Kriegsende bis zur Wende. (2017) Sutton Archiv, Sutton Verlag GmbH Inhaltsverzeichnis: &nbsp; Bildnachweis. 6 Danksagung. 6 Einleitung. 7\u20138 1.\u00a0\u00a0\u00a0\u00a0\u00a0 Leben in Tr\u00fcmmern. 9\u201320 2.\u00a0\u00a0\u00a0\u00a0\u00a0 Wiederaufbau und Stadtentwicklung. 21\u201356 3.\u00a0\u00a0\u00a0\u00a0\u00a0 Verfall der Altbausubstanz. 57\u201376 4.\u00a0\u00a0\u00a0\u00a0\u00a0 Milit\u00e4r und Gesellschaft. 77\u201382 5.\u00a0\u00a0\u00a0\u00a0\u00a0 Kultur, Sport und Erholung. 83\u201394 6.\u00a0\u00a0\u00a0\u00a0\u00a0 Schule, Bildung und Erziehung. 95\u201398 7.\u00a0\u00a0\u00a0\u00a0\u00a0 [&hellip;]\" \/>\n<meta property=\"og:url\" content=\"https:\/\/www.uckermaerkischer-geschichtsverein.de\/en\/die-vereinsbibliothek\/publikationen\/weitere-publikationen\/ortsgeschichte\/vom-kriegsende-bis-zur-wende\/\" \/>\n<meta property=\"og:site_name\" content=\"Uckerm\u00e4rkischer Geschichtsverein zu Prenzlau e.V.\" \/>\n<meta property=\"og:image\" content=\"https:\/\/www.uckermaerkischer-geschichtsverein.de\/wp-content\/uploads\/2020\/03\/Prenzlau_Kriegsende-bis-Wende.jpg\" \/>\n\t<meta property=\"og:image:width\" content=\"1309\" \/>\n\t<meta property=\"og:image:height\" content=\"1886\" \/>\n\t<meta property=\"og:image:type\" content=\"image\/jpeg\" \/>\n<meta name=\"twitter:label1\" content=\"Estimated reading time\" \/>\n\t<meta name=\"twitter:data1\" content=\"1 minute\" \/>\n<script type=\"application\/ld+json\" class=\"yoast-schema-graph\">{\"@context\":\"https:\/\/schema.org\",\"@graph\":[{\"@type\":\"WebPage\",\"@id\":\"https:\/\/www.uckermaerkischer-geschichtsverein.de\/die-vereinsbibliothek\/publikationen\/weitere-publikationen\/ortsgeschichte\/vom-kriegsende-bis-zur-wende\/\",\"url\":\"https:\/\/www.uckermaerkischer-geschichtsverein.de\/die-vereinsbibliothek\/publikationen\/weitere-publikationen\/ortsgeschichte\/vom-kriegsende-bis-zur-wende\/\",\"name\":\"Vom Kriegsende bis zur Wende - Uckerm\u00e4rkischer Geschichtsverein zu Prenzlau e.V.\",\"isPartOf\":{\"@id\":\"https:\/\/www.uckermaerkischer-geschichtsverein.de\/#website\"},\"primaryImageOfPage\":{\"@id\":\"https:\/\/www.uckermaerkischer-geschichtsverein.de\/die-vereinsbibliothek\/publikationen\/weitere-publikationen\/ortsgeschichte\/vom-kriegsende-bis-zur-wende\/#primaryimage\"},\"image\":{\"@id\":\"https:\/\/www.uckermaerkischer-geschichtsverein.de\/die-vereinsbibliothek\/publikationen\/weitere-publikationen\/ortsgeschichte\/vom-kriegsende-bis-zur-wende\/#primaryimage\"},\"thumbnailUrl\":\"https:\/\/www.uckermaerkischer-geschichtsverein.de\/wp-content\/uploads\/2020\/03\/Prenzlau_Kriegsende-bis-Wende.jpg\",\"datePublished\":\"2020-03-28T16:16:51+00:00\",\"breadcrumb\":{\"@id\":\"https:\/\/www.uckermaerkischer-geschichtsverein.de\/die-vereinsbibliothek\/publikationen\/weitere-publikationen\/ortsgeschichte\/vom-kriegsende-bis-zur-wende\/#breadcrumb\"},\"inLanguage\":\"en-GB\",\"potentialAction\":[{\"@type\":\"ReadAction\",\"target\":[\"https:\/\/www.uckermaerkischer-geschichtsverein.de\/die-vereinsbibliothek\/publikationen\/weitere-publikationen\/ortsgeschichte\/vom-kriegsende-bis-zur-wende\/\"]}]},{\"@type\":\"ImageObject\",\"inLanguage\":\"en-GB\",\"@id\":\"https:\/\/www.uckermaerkischer-geschichtsverein.de\/die-vereinsbibliothek\/publikationen\/weitere-publikationen\/ortsgeschichte\/vom-kriegsende-bis-zur-wende\/#primaryimage\",\"url\":\"https:\/\/www.uckermaerkischer-geschichtsverein.de\/wp-content\/uploads\/2020\/03\/Prenzlau_Kriegsende-bis-Wende.jpg\",\"contentUrl\":\"https:\/\/www.uckermaerkischer-geschichtsverein.de\/wp-content\/uploads\/2020\/03\/Prenzlau_Kriegsende-bis-Wende.jpg\",\"width\":1309,\"height\":1886},{\"@type\":\"BreadcrumbList\",\"@id\":\"https:\/\/www.uckermaerkischer-geschichtsverein.de\/die-vereinsbibliothek\/publikationen\/weitere-publikationen\/ortsgeschichte\/vom-kriegsende-bis-zur-wende\/#breadcrumb\",\"itemListElement\":[{\"@type\":\"ListItem\",\"position\":1,\"name\":\"Die Vereinsbibliothek\",\"item\":\"https:\/\/www.uckermaerkischer-geschichtsverein.de\/die-vereinsbibliothek\/\"},{\"@type\":\"ListItem\",\"position\":2,\"name\":\"Publikationen\",\"item\":\"https:\/\/www.uckermaerkischer-geschichtsverein.de\/die-vereinsbibliothek\/publikationen\/\"},{\"@type\":\"ListItem\",\"position\":3,\"name\":\"weitere Publikationen\",\"item\":\"https:\/\/www.uckermaerkischer-geschichtsverein.de\/en\/die-vereinsbibliothek\/publikationen\/weitere-publikationen\/\"},{\"@type\":\"ListItem\",\"position\":4,\"name\":\"Ortsgeschichte\",\"item\":\"https:\/\/www.uckermaerkischer-geschichtsverein.de\/die-vereinsbibliothek\/publikationen\/weitere-publikationen\/ortsgeschichte\/\"},{\"@type\":\"ListItem\",\"position\":5,\"name\":\"Vom Kriegsende bis zur Wende\"}]},{\"@type\":\"WebSite\",\"@id\":\"https:\/\/www.uckermaerkischer-geschichtsverein.de\/#website\",\"url\":\"https:\/\/www.uckermaerkischer-geschichtsverein.de\/\",\"name\":\"Uckerm\u00e4rkischer Geschichtsverein zu Prenzlau e.V.\",\"description\":\"\",\"potentialAction\":[{\"@type\":\"SearchAction\",\"target\":{\"@type\":\"EntryPoint\",\"urlTemplate\":\"https:\/\/www.uckermaerkischer-geschichtsverein.de\/?s={search_term_string}\"},\"query-input\":{\"@type\":\"PropertyValueSpecification\",\"valueRequired\":true,\"valueName\":\"search_term_string\"}}],\"inLanguage\":\"en-GB\"}]}<\/script>\n<!-- \/ Yoast SEO plugin. -->","yoast_head_json":{"title":"Vom Kriegsende bis zur Wende - Uckerm\u00e4rkischer Geschichtsverein zu Prenzlau e.V.","robots":{"index":"index","follow":"follow","max-snippet":"max-snippet:-1","max-image-preview":"max-image-preview:large","max-video-preview":"max-video-preview:-1"},"canonical":"https:\/\/www.uckermaerkischer-geschichtsverein.de\/en\/die-vereinsbibliothek\/publikationen\/weitere-publikationen\/ortsgeschichte\/vom-kriegsende-bis-zur-wende\/","og_locale":"en_GB","og_type":"article","og_title":"Vom Kriegsende bis zur Wende - Uckerm\u00e4rkischer Geschichtsverein zu Prenzlau e.V.","og_description":"J\u00fcrgen Theil: Prenzlau. Vom Kriegsende bis zur Wende. (2017) Sutton Archiv, Sutton Verlag GmbH Inhaltsverzeichnis: &nbsp; Bildnachweis. 6 Danksagung. 6 Einleitung. 7\u20138 1.\u00a0\u00a0\u00a0\u00a0\u00a0 Leben in Tr\u00fcmmern. 9\u201320 2.\u00a0\u00a0\u00a0\u00a0\u00a0 Wiederaufbau und Stadtentwicklung. 21\u201356 3.\u00a0\u00a0\u00a0\u00a0\u00a0 Verfall der Altbausubstanz. 57\u201376 4.\u00a0\u00a0\u00a0\u00a0\u00a0 Milit\u00e4r und Gesellschaft. 77\u201382 5.\u00a0\u00a0\u00a0\u00a0\u00a0 Kultur, Sport und Erholung. 83\u201394 6.\u00a0\u00a0\u00a0\u00a0\u00a0 Schule, Bildung und Erziehung. 95\u201398 7.\u00a0\u00a0\u00a0\u00a0\u00a0 [&hellip;]","og_url":"https:\/\/www.uckermaerkischer-geschichtsverein.de\/en\/die-vereinsbibliothek\/publikationen\/weitere-publikationen\/ortsgeschichte\/vom-kriegsende-bis-zur-wende\/","og_site_name":"Uckerm\u00e4rkischer Geschichtsverein zu Prenzlau e.V.","og_image":[{"width":1309,"height":1886,"url":"https:\/\/www.uckermaerkischer-geschichtsverein.de\/wp-content\/uploads\/2020\/03\/Prenzlau_Kriegsende-bis-Wende.jpg","type":"image\/jpeg"}],"twitter_misc":{"Estimated reading time":"1 minute"},"schema":{"@context":"https:\/\/schema.org","@graph":[{"@type":"WebPage","@id":"https:\/\/www.uckermaerkischer-geschichtsverein.de\/die-vereinsbibliothek\/publikationen\/weitere-publikationen\/ortsgeschichte\/vom-kriegsende-bis-zur-wende\/","url":"https:\/\/www.uckermaerkischer-geschichtsverein.de\/die-vereinsbibliothek\/publikationen\/weitere-publikationen\/ortsgeschichte\/vom-kriegsende-bis-zur-wende\/","name":"Vom Kriegsende bis zur Wende - Uckerm\u00e4rkischer Geschichtsverein zu Prenzlau e.V.","isPartOf":{"@id":"https:\/\/www.uckermaerkischer-geschichtsverein.de\/#website"},"primaryImageOfPage":{"@id":"https:\/\/www.uckermaerkischer-geschichtsverein.de\/die-vereinsbibliothek\/publikationen\/weitere-publikationen\/ortsgeschichte\/vom-kriegsende-bis-zur-wende\/#primaryimage"},"image":{"@id":"https:\/\/www.uckermaerkischer-geschichtsverein.de\/die-vereinsbibliothek\/publikationen\/weitere-publikationen\/ortsgeschichte\/vom-kriegsende-bis-zur-wende\/#primaryimage"},"thumbnailUrl":"https:\/\/www.uckermaerkischer-geschichtsverein.de\/wp-content\/uploads\/2020\/03\/Prenzlau_Kriegsende-bis-Wende.jpg","datePublished":"2020-03-28T16:16:51+00:00","breadcrumb":{"@id":"https:\/\/www.uckermaerkischer-geschichtsverein.de\/die-vereinsbibliothek\/publikationen\/weitere-publikationen\/ortsgeschichte\/vom-kriegsende-bis-zur-wende\/#breadcrumb"},"inLanguage":"en-GB","potentialAction":[{"@type":"ReadAction","target":["https:\/\/www.uckermaerkischer-geschichtsverein.de\/die-vereinsbibliothek\/publikationen\/weitere-publikationen\/ortsgeschichte\/vom-kriegsende-bis-zur-wende\/"]}]},{"@type":"ImageObject","inLanguage":"en-GB","@id":"https:\/\/www.uckermaerkischer-geschichtsverein.de\/die-vereinsbibliothek\/publikationen\/weitere-publikationen\/ortsgeschichte\/vom-kriegsende-bis-zur-wende\/#primaryimage","url":"https:\/\/www.uckermaerkischer-geschichtsverein.de\/wp-content\/uploads\/2020\/03\/Prenzlau_Kriegsende-bis-Wende.jpg","contentUrl":"https:\/\/www.uckermaerkischer-geschichtsverein.de\/wp-content\/uploads\/2020\/03\/Prenzlau_Kriegsende-bis-Wende.jpg","width":1309,"height":1886},{"@type":"BreadcrumbList","@id":"https:\/\/www.uckermaerkischer-geschichtsverein.de\/die-vereinsbibliothek\/publikationen\/weitere-publikationen\/ortsgeschichte\/vom-kriegsende-bis-zur-wende\/#breadcrumb","itemListElement":[{"@type":"ListItem","position":1,"name":"Die Vereinsbibliothek","item":"https:\/\/www.uckermaerkischer-geschichtsverein.de\/die-vereinsbibliothek\/"},{"@type":"ListItem","position":2,"name":"Publikationen","item":"https:\/\/www.uckermaerkischer-geschichtsverein.de\/die-vereinsbibliothek\/publikationen\/"},{"@type":"ListItem","position":3,"name":"weitere Publikationen","item":"https:\/\/www.uckermaerkischer-geschichtsverein.de\/en\/die-vereinsbibliothek\/publikationen\/weitere-publikationen\/"},{"@type":"ListItem","position":4,"name":"Ortsgeschichte","item":"https:\/\/www.uckermaerkischer-geschichtsverein.de\/die-vereinsbibliothek\/publikationen\/weitere-publikationen\/ortsgeschichte\/"},{"@type":"ListItem","position":5,"name":"Vom Kriegsende bis zur Wende"}]},{"@type":"WebSite","@id":"https:\/\/www.uckermaerkischer-geschichtsverein.de\/#website","url":"https:\/\/www.uckermaerkischer-geschichtsverein.de\/","name":"Uckerm\u00e4rkischer Geschichtsverein zu Prenzlau e.V.","description":"","potentialAction":[{"@type":"SearchAction","target":{"@type":"EntryPoint","urlTemplate":"https:\/\/www.uckermaerkischer-geschichtsverein.de\/?s={search_term_string}"},"query-input":{"@type":"PropertyValueSpecification","valueRequired":true,"valueName":"search_term_string"}}],"inLanguage":"en-GB"}]}},"_links":{"self":[{"href":"https:\/\/www.uckermaerkischer-geschichtsverein.de\/en\/wp-json\/wp\/v2\/pages\/7718","targetHints":{"allow":["GET"]}}],"collection":[{"href":"https:\/\/www.uckermaerkischer-geschichtsverein.de\/en\/wp-json\/wp\/v2\/pages"}],"about":[{"href":"https:\/\/www.uckermaerkischer-geschichtsverein.de\/en\/wp-json\/wp\/v2\/types\/page"}],"author":[{"embeddable":true,"href":"https:\/\/www.uckermaerkischer-geschichtsverein.de\/en\/wp-json\/wp\/v2\/users\/1"}],"replies":[{"embeddable":true,"href":"https:\/\/www.uckermaerkischer-geschichtsverein.de\/en\/wp-json\/wp\/v2\/comments?post=7718"}],"version-history":[{"count":1,"href":"https:\/\/www.uckermaerkischer-geschichtsverein.de\/en\/wp-json\/wp\/v2\/pages\/7718\/revisions"}],"predecessor-version":[{"id":7720,"href":"https:\/\/www.uckermaerkischer-geschichtsverein.de\/en\/wp-json\/wp\/v2\/pages\/7718\/revisions\/7720"}],"up":[{"embeddable":true,"href":"https:\/\/www.uckermaerkischer-geschichtsverein.de\/en\/wp-json\/wp\/v2\/pages\/1695"}],"wp:featuredmedia":[{"embeddable":true,"href":"https:\/\/www.uckermaerkischer-geschichtsverein.de\/en\/wp-json\/wp\/v2\/media\/7719"}],"wp:attachment":[{"href":"https:\/\/www.uckermaerkischer-geschichtsverein.de\/en\/wp-json\/wp\/v2\/media?parent=7718"}],"curies":[{"name":"wp","href":"https:\/\/api.w.org\/{rel}","templated":true}]}}