{"id":7099,"date":"2017-12-10T23:20:01","date_gmt":"2017-12-10T21:20:01","guid":{"rendered":"https:\/\/www.uckermaerkischer-geschichtsverein.de\/?page_id=7099"},"modified":"2017-12-10T23:20:01","modified_gmt":"2017-12-10T21:20:01","slug":"agenda-2017-am-steintorturm","status":"publish","type":"page","link":"https:\/\/www.uckermaerkischer-geschichtsverein.de\/en\/aktivitaeten-des-vereins\/kinder-agenda\/agenda-2017-am-steintorturm\/","title":{"rendered":"Agenda 2017 am Steintorturm"},"content":{"rendered":"<p>Am 28.07.2017 und 10.08.2017 war der UGVP Gastgeber f\u00fcr Agenda\u2013Teilnehmer. Wir wollten den Teilnehmern historische Bauwerke, geschichtliche Vorkommnisse und botanische Anpflanzungen nahe bringen.<\/p>\n<p>Unser UGVP \u2013 Mitglied Renate K\u00f6hler begleitete die interessierten Kinder. Treffpunkt war 09.00 Uhr das Relief von Prenzlau auf dem Marktberg. Unser Rundgang f\u00fchrte zum Roland, der Stadtinformation, dem Richtstein und Milit\u00e4rgalgen, dem Hotel Uckermark und der Stadtstele. Japanische Zierkirschen, Dachplatanen und Linden s\u00e4umten dabei unseren Weg. Die Marienkirche und die letzte Gaslaterne Prenzlaus bestaunten die Kinder ebenfalls. Weiter ging es zur Hopfenanpflanzung, dem Spielplatz mit den Brauereipferden und den F\u00e4ssern, welche an die ehemalige Brauerei erinnern sollten. Der gepflegte Bauerngarten, in dem die Kinder Petersilie, Pfefferminze, Schnittlauch, Tomaten, Meerrettich und Obstgeh\u00f6lze erkennen konnten, entstand zur LAGA 2013.<\/p>\n<p>Die Skulptur \u201eWoge\u201c, der Uckersee, das Vincentbad mit seiner Geschichte, die sieben zusammengewachsenen B\u00e4ume, die zur 700 Jahrfeier Prenzlaus gepflanzt wurden, die Wasserpforte, die Stadtmauer, die Gedenktafel zur Synagoge mit den geschichtlichen Daten, die B\u00fcste des Kunstmalers Hackert und die Darre begleiteten unseren weiteren Weg.<\/p>\n<p>Im Museum sahen wir uns dann die abgeschlagenen Schwurh\u00e4nde der verr\u00e4terischen Prenzlauer B\u00fcrgermeister an.<\/p>\n<p>Bei herrlichstem Sonnenschein erreichten wir dann nach 2 Stunden die Sternwarte, das Schwedter Stadttor. Dort empfing uns der Torw\u00e4chter Ulrich in seinem historischen Kost\u00fcm.<\/p>\n<p>Die Kinder kletterten die 114 Stufen des Turmes empor und besahen sich nun die Stadt Prenzlau und ihre Umgebung von oben. Dabei erkl\u00e4rte ihnen Vereinsmitglied Gerd Winterberg die Sch\u00f6nheiten Prenzlaus, wie z. B. Stadtmauer, T\u00fcrme, Kirchen. Ein Armbrustschie\u00dfen beendete unser Agenda\u2013Angebot.<\/p>\n<p>Mit Eis und S\u00fc\u00dfigkeiten wurden Interesse, Aufmerksamkeit und Wissbegierde der Kinder belohnt.<\/p>","protected":false},"excerpt":{"rendered":"<p>Am 28.07.2017 und 10.08.2017 war der UGVP Gastgeber f\u00fcr Agenda\u2013Teilnehmer. Wir wollten den Teilnehmern historische Bauwerke, geschichtliche Vorkommnisse und botanische Anpflanzungen nahe bringen. Unser UGVP \u2013 Mitglied Renate K\u00f6hler begleitete die interessierten Kinder. Treffpunkt war 09.00 Uhr das Relief von Prenzlau auf dem Marktberg. Unser Rundgang f\u00fchrte zum Roland, der Stadtinformation, dem Richtstein und Milit\u00e4rgalgen, [&hellip;]<\/p>\n","protected":false},"author":1,"featured_media":0,"parent":5020,"menu_order":0,"comment_status":"closed","ping_status":"closed","template":"","meta":{"footnotes":""},"class_list":["post-7099","page","type-page","status-publish","hentry"],"yoast_head":"<!-- This site is optimized with the Yoast SEO plugin v27.2 - https:\/\/yoast.com\/product\/yoast-seo-wordpress\/ -->\n<title>Agenda 2017 am Steintorturm - Uckerm\u00e4rkischer Geschichtsverein zu Prenzlau e.V.<\/title>\n<meta name=\"robots\" content=\"index, follow, max-snippet:-1, max-image-preview:large, max-video-preview:-1\" \/>\n<link rel=\"canonical\" href=\"https:\/\/www.uckermaerkischer-geschichtsverein.de\/en\/aktivitaeten-des-vereins\/kinder-agenda\/agenda-2017-am-steintorturm\/\" \/>\n<meta property=\"og:locale\" content=\"en_GB\" \/>\n<meta property=\"og:type\" content=\"article\" \/>\n<meta property=\"og:title\" content=\"Agenda 2017 am Steintorturm - Uckerm\u00e4rkischer Geschichtsverein zu Prenzlau e.V.\" \/>\n<meta property=\"og:description\" content=\"Am 28.07.2017 und 10.08.2017 war der UGVP Gastgeber f\u00fcr Agenda\u2013Teilnehmer. Wir wollten den Teilnehmern historische Bauwerke, geschichtliche Vorkommnisse und botanische Anpflanzungen nahe bringen. Unser UGVP \u2013 Mitglied Renate K\u00f6hler begleitete die interessierten Kinder. Treffpunkt war 09.00 Uhr das Relief von Prenzlau auf dem Marktberg. Unser Rundgang f\u00fchrte zum Roland, der Stadtinformation, dem Richtstein und Milit\u00e4rgalgen, [&hellip;]\" \/>\n<meta property=\"og:url\" content=\"https:\/\/www.uckermaerkischer-geschichtsverein.de\/en\/aktivitaeten-des-vereins\/kinder-agenda\/agenda-2017-am-steintorturm\/\" \/>\n<meta property=\"og:site_name\" content=\"Uckerm\u00e4rkischer Geschichtsverein zu Prenzlau e.V.\" \/>\n<meta name=\"twitter:label1\" content=\"Estimated reading time\" \/>\n\t<meta name=\"twitter:data1\" content=\"1 minute\" \/>\n<script type=\"application\/ld+json\" class=\"yoast-schema-graph\">{\"@context\":\"https:\/\/schema.org\",\"@graph\":[{\"@type\":\"WebPage\",\"@id\":\"https:\/\/www.uckermaerkischer-geschichtsverein.de\/aktivitaeten-des-vereins\/kinder-agenda\/agenda-2017-am-steintorturm\/\",\"url\":\"https:\/\/www.uckermaerkischer-geschichtsverein.de\/aktivitaeten-des-vereins\/kinder-agenda\/agenda-2017-am-steintorturm\/\",\"name\":\"Agenda 2017 am Steintorturm - Uckerm\u00e4rkischer Geschichtsverein zu Prenzlau e.V.\",\"isPartOf\":{\"@id\":\"https:\/\/www.uckermaerkischer-geschichtsverein.de\/#website\"},\"datePublished\":\"2017-12-10T21:20:01+00:00\",\"breadcrumb\":{\"@id\":\"https:\/\/www.uckermaerkischer-geschichtsverein.de\/aktivitaeten-des-vereins\/kinder-agenda\/agenda-2017-am-steintorturm\/#breadcrumb\"},\"inLanguage\":\"en-GB\",\"potentialAction\":[{\"@type\":\"ReadAction\",\"target\":[\"https:\/\/www.uckermaerkischer-geschichtsverein.de\/aktivitaeten-des-vereins\/kinder-agenda\/agenda-2017-am-steintorturm\/\"]}]},{\"@type\":\"BreadcrumbList\",\"@id\":\"https:\/\/www.uckermaerkischer-geschichtsverein.de\/aktivitaeten-des-vereins\/kinder-agenda\/agenda-2017-am-steintorturm\/#breadcrumb\",\"itemListElement\":[{\"@type\":\"ListItem\",\"position\":1,\"name\":\"Aktivit\u00e4ten des Vereins\",\"item\":\"https:\/\/www.uckermaerkischer-geschichtsverein.de\/aktivitaeten-des-vereins\/\"},{\"@type\":\"ListItem\",\"position\":2,\"name\":\"Kinder-Agenda\",\"item\":\"https:\/\/www.uckermaerkischer-geschichtsverein.de\/aktivitaeten-des-vereins\/kinder-agenda\/\"},{\"@type\":\"ListItem\",\"position\":3,\"name\":\"Agenda 2017 am Steintorturm\"}]},{\"@type\":\"WebSite\",\"@id\":\"https:\/\/www.uckermaerkischer-geschichtsverein.de\/#website\",\"url\":\"https:\/\/www.uckermaerkischer-geschichtsverein.de\/\",\"name\":\"Uckerm\u00e4rkischer Geschichtsverein zu Prenzlau e.V.\",\"description\":\"\",\"potentialAction\":[{\"@type\":\"SearchAction\",\"target\":{\"@type\":\"EntryPoint\",\"urlTemplate\":\"https:\/\/www.uckermaerkischer-geschichtsverein.de\/?s={search_term_string}\"},\"query-input\":{\"@type\":\"PropertyValueSpecification\",\"valueRequired\":true,\"valueName\":\"search_term_string\"}}],\"inLanguage\":\"en-GB\"}]}<\/script>\n<!-- \/ Yoast SEO plugin. -->","yoast_head_json":{"title":"Agenda 2017 am Steintorturm - Uckerm\u00e4rkischer Geschichtsverein zu Prenzlau e.V.","robots":{"index":"index","follow":"follow","max-snippet":"max-snippet:-1","max-image-preview":"max-image-preview:large","max-video-preview":"max-video-preview:-1"},"canonical":"https:\/\/www.uckermaerkischer-geschichtsverein.de\/en\/aktivitaeten-des-vereins\/kinder-agenda\/agenda-2017-am-steintorturm\/","og_locale":"en_GB","og_type":"article","og_title":"Agenda 2017 am Steintorturm - Uckerm\u00e4rkischer Geschichtsverein zu Prenzlau e.V.","og_description":"Am 28.07.2017 und 10.08.2017 war der UGVP Gastgeber f\u00fcr Agenda\u2013Teilnehmer. Wir wollten den Teilnehmern historische Bauwerke, geschichtliche Vorkommnisse und botanische Anpflanzungen nahe bringen. Unser UGVP \u2013 Mitglied Renate K\u00f6hler begleitete die interessierten Kinder. Treffpunkt war 09.00 Uhr das Relief von Prenzlau auf dem Marktberg. Unser Rundgang f\u00fchrte zum Roland, der Stadtinformation, dem Richtstein und Milit\u00e4rgalgen, [&hellip;]","og_url":"https:\/\/www.uckermaerkischer-geschichtsverein.de\/en\/aktivitaeten-des-vereins\/kinder-agenda\/agenda-2017-am-steintorturm\/","og_site_name":"Uckerm\u00e4rkischer Geschichtsverein zu Prenzlau e.V.","twitter_misc":{"Estimated reading time":"1 minute"},"schema":{"@context":"https:\/\/schema.org","@graph":[{"@type":"WebPage","@id":"https:\/\/www.uckermaerkischer-geschichtsverein.de\/aktivitaeten-des-vereins\/kinder-agenda\/agenda-2017-am-steintorturm\/","url":"https:\/\/www.uckermaerkischer-geschichtsverein.de\/aktivitaeten-des-vereins\/kinder-agenda\/agenda-2017-am-steintorturm\/","name":"Agenda 2017 am Steintorturm - Uckerm\u00e4rkischer Geschichtsverein zu Prenzlau e.V.","isPartOf":{"@id":"https:\/\/www.uckermaerkischer-geschichtsverein.de\/#website"},"datePublished":"2017-12-10T21:20:01+00:00","breadcrumb":{"@id":"https:\/\/www.uckermaerkischer-geschichtsverein.de\/aktivitaeten-des-vereins\/kinder-agenda\/agenda-2017-am-steintorturm\/#breadcrumb"},"inLanguage":"en-GB","potentialAction":[{"@type":"ReadAction","target":["https:\/\/www.uckermaerkischer-geschichtsverein.de\/aktivitaeten-des-vereins\/kinder-agenda\/agenda-2017-am-steintorturm\/"]}]},{"@type":"BreadcrumbList","@id":"https:\/\/www.uckermaerkischer-geschichtsverein.de\/aktivitaeten-des-vereins\/kinder-agenda\/agenda-2017-am-steintorturm\/#breadcrumb","itemListElement":[{"@type":"ListItem","position":1,"name":"Aktivit\u00e4ten des Vereins","item":"https:\/\/www.uckermaerkischer-geschichtsverein.de\/aktivitaeten-des-vereins\/"},{"@type":"ListItem","position":2,"name":"Kinder-Agenda","item":"https:\/\/www.uckermaerkischer-geschichtsverein.de\/aktivitaeten-des-vereins\/kinder-agenda\/"},{"@type":"ListItem","position":3,"name":"Agenda 2017 am Steintorturm"}]},{"@type":"WebSite","@id":"https:\/\/www.uckermaerkischer-geschichtsverein.de\/#website","url":"https:\/\/www.uckermaerkischer-geschichtsverein.de\/","name":"Uckerm\u00e4rkischer Geschichtsverein zu Prenzlau e.V.","description":"","potentialAction":[{"@type":"SearchAction","target":{"@type":"EntryPoint","urlTemplate":"https:\/\/www.uckermaerkischer-geschichtsverein.de\/?s={search_term_string}"},"query-input":{"@type":"PropertyValueSpecification","valueRequired":true,"valueName":"search_term_string"}}],"inLanguage":"en-GB"}]}},"_links":{"self":[{"href":"https:\/\/www.uckermaerkischer-geschichtsverein.de\/en\/wp-json\/wp\/v2\/pages\/7099","targetHints":{"allow":["GET"]}}],"collection":[{"href":"https:\/\/www.uckermaerkischer-geschichtsverein.de\/en\/wp-json\/wp\/v2\/pages"}],"about":[{"href":"https:\/\/www.uckermaerkischer-geschichtsverein.de\/en\/wp-json\/wp\/v2\/types\/page"}],"author":[{"embeddable":true,"href":"https:\/\/www.uckermaerkischer-geschichtsverein.de\/en\/wp-json\/wp\/v2\/users\/1"}],"replies":[{"embeddable":true,"href":"https:\/\/www.uckermaerkischer-geschichtsverein.de\/en\/wp-json\/wp\/v2\/comments?post=7099"}],"version-history":[{"count":1,"href":"https:\/\/www.uckermaerkischer-geschichtsverein.de\/en\/wp-json\/wp\/v2\/pages\/7099\/revisions"}],"predecessor-version":[{"id":7100,"href":"https:\/\/www.uckermaerkischer-geschichtsverein.de\/en\/wp-json\/wp\/v2\/pages\/7099\/revisions\/7100"}],"up":[{"embeddable":true,"href":"https:\/\/www.uckermaerkischer-geschichtsverein.de\/en\/wp-json\/wp\/v2\/pages\/5020"}],"wp:attachment":[{"href":"https:\/\/www.uckermaerkischer-geschichtsverein.de\/en\/wp-json\/wp\/v2\/media?parent=7099"}],"curies":[{"name":"wp","href":"https:\/\/api.w.org\/{rel}","templated":true}]}}