{"id":6909,"date":"2017-01-30T14:46:52","date_gmt":"2017-01-30T12:46:52","guid":{"rendered":"https:\/\/www.uckermaerkischer-geschichtsverein.de\/?page_id=6909"},"modified":"2017-01-30T14:46:52","modified_gmt":"2017-01-30T12:46:52","slug":"die-arbeitsgruppen-in-der-bibliothek-des-uckermaerkischen-geschichtsvereins-zu-prenzlau-e-v","status":"publish","type":"page","link":"https:\/\/www.uckermaerkischer-geschichtsverein.de\/en\/verein\/sitz-des-vereins\/die-arbeitsgruppen-in-der-bibliothek-des-uckermaerkischen-geschichtsvereins-zu-prenzlau-e-v\/","title":{"rendered":"Die Arbeitsgruppen in der Bibliothek des Uckerm\u00e4rkischen Geschichtsvereins zu Prenzlau e. V.."},"content":{"rendered":"<p>[:de]Jeden Donnerstag von 15.00 bis 19.00 Uhr treffen sich bis zu 17 Vereinsmitglieder des Uckerm\u00e4rkischen Geschichtsvereins zu Prenzlau e. V. im Kommunikationszentrum der Sparkasse Uckermark in der Grabowstra\u00dfe 6 in Prenzlau, dem Sitz unseres Vereins und Hauptstandort der Bibliothek.<\/p>\n<p>Wir arbeiten in verschiedenen Arbeitsgruppen der Bibliothek und verwalten, ordnen, sortieren, scannen, archivieren z.B. B\u00fccher, Fotografien, Dias, Gem\u00e4lde, Zeitungen, Bauunterlagen historischer Dorf- und Gutssiedlungen. Hier bereiten wir auch viele unserer sonstigen Aktivit\u00e4ten vor. So beteiligen wir uns in jedem Jahr an der Agenda in Prenzlau, die ein H\u00f6hepunkt in den Sommerferien der Prenzlauer Schulkinder ist.<\/p>\n<p>Im Kellerraum des Hauses befindet sich das Fotoarchiv. Dort arbeiten sechs Mitglieder. J\u00e4hrlich gilt es, bis zu 1.000 Neuzug\u00e4nge zu erfassen. Alles wird eingescannt und in einer Datenbank werden Ort, Zeitstellung, Bildinhalt usw. erfasst.<\/p>\n<p>Im Dachgeschoss befinden sich die Bibliotheksr\u00e4ume des Vereines. Acht Mitglieder betreuen die Bibliothek und erfassen j\u00e4hrlich bis zu 900 Neueing\u00e4nge. Dank zahlreicher Schenkungen umfasst die Bibliothek derzeit fast 13.000 Positionen, die auch durch Zuk\u00e4ufe des Vereins stetig vervollst\u00e4ndigt oder erg\u00e4nzt werden. Mit etlichen Institutionen stehen wir seit vielen Jahren im Schriftentausch. In unseren R\u00e4umen befinden sich auch Gem\u00e4lde und Zeichnungen von uckerm\u00e4rkischen Heimatmalern.<\/p>\n<p>Frau Henning erfasst alle Informationen in einer Datenbank, die auf <a href=\"https:\/\/www.uckermaerkischer-geschichtsverein.de\">www.uckermaerkischer-geschichtsverein.de<\/a> einsehbar ist.<\/p>\n<p>Zwei Mitglieder besch\u00e4ftigen sich derzeit mit einer umfangreichen Gemeinschaftsarbeit zwischen unserem Verein und dem Stadtarchiv Prenzlau. Alfred Hinrichs, Regionalhistoriker und erster Prenzlauer Museumsdirektor nach 1945, erfasste auf ca. 180.000 Zetteln Daten zu Personen in der Uckermark vom 12. bis Anfang des 20. Jahrhunderts. Diese Datensammlung wird digitalisiert und soll dann die Suche aller Heimat- und Familienforscher nach personenbezogenen Informationen erleichtern.<\/p>\n<p>Drei Mitglieder betreuen den Steintorturm, vielen Prenzlauern noch als Sternwarte in guter Erinnerung. Dort befindet sich noch unser Zeitungsarchiv, das 2017 in einen Raum in der Alten Post in der Friedrichstra\u00dfe umziehen wird, den uns die Prenzlauer Wohnbau GmbH zur Verf\u00fcgung stellt. Von Mai bis September ist der Turm stundenweise f\u00fcr Besucher ge\u00f6ffnet. Viele G\u00e4ste und Prenzlauer B\u00fcrger nutzen gern diese M\u00f6glichkeit und erhalten dann von uns beim Blick \u00fcber Prenzlau Informationen \u00fcber die Prenzlauer Geschichte. Der \u201eTurmwart Ullrich\u201c ist hier \u201ezu Hause\u201c. Er repr\u00e4sentiert in seinem historischen Kost\u00fcm unseren Verein und die historische Bedeutung des Steintores als Stadttor.<\/p>\n<p>Die Arbeit im Verein wird nie langweilig, da man immer wieder auf interessante Informationen zur Regionalgeschichte st\u00f6\u00dft, mit denen man sich n\u00e4her befassen kann. Etliche W\u00fcnsche und Ideen m\u00fcssen unerledigt bleiben, da wir viel zu wenige sind, um allen Fragen nachgehen oder alle Projektideen umsetzen zu k\u00f6nnen. Wer mitmachen m\u00f6chte, kann donnerstags gern \u201eschnuppern\u201c kommen.<\/p>\n<p>Renate K\u00f6hler<br \/>\nBibliotheksteam<\/p>\n<p>&nbsp;[:en]Jeden Donnerstag von 15.00 bis 19.00 Uhr treffen sich bis zu 17 Vereinsmitglieder des Uckerm\u00e4rkischen Geschichtsvereins zu Prenzlau e. V. im Kommunikationszentrum der Sparkasse Uckermark in der Grabowstra\u00dfe 6 in Prenzlau, dem Sitz unseres Vereins und Hauptstandort der Bibliothek.<\/p>\n<p>Wir arbeiten in verschiedenen Arbeitsgruppen der Bibliothek und verwalten, ordnen, sortieren, scannen, archivieren z.B. B\u00fccher, Fotografien, Dias, Gem\u00e4lde, Zeitungen, Bauunterlagen historischer Dorf- und Gutssiedlungen. Hier bereiten wir auch viele unserer sonstigen Aktivit\u00e4ten vor. So beteiligen wir uns in jedem Jahr an der Agenda in Prenzlau, die ein H\u00f6hepunkt in den Sommerferien der Prenzlauer Schulkinder ist.<\/p>\n<p>Im Kellerraum des Hauses befindet sich das Fotoarchiv. Dort arbeiten sechs Mitglieder. J\u00e4hrlich gilt es, bis zu 1.000 Neuzug\u00e4nge zu erfassen. Alles wird eingescannt und in einer Datenbank werden Ort, Zeitstellung, Bildinhalt usw. erfasst.<\/p>\n<p>Im Dachgeschoss befinden sich die Bibliotheksr\u00e4ume des Vereines. Acht Mitglieder betreuen die Bibliothek und erfassen j\u00e4hrlich bis zu 900 Neueing\u00e4nge. Dank zahlreicher Schenkungen umfasst die Bibliothek derzeit fast 13.000 Positionen, die auch durch Zuk\u00e4ufe des Vereins stetig vervollst\u00e4ndigt oder erg\u00e4nzt werden. Mit etlichen Institutionen stehen wir seit vielen Jahren im Schriftentausch. In unseren R\u00e4umen befinden sich auch Gem\u00e4lde und Zeichnungen von uckerm\u00e4rkischen Heimatmalern.<\/p>\n<p>Frau Henning erfasst alle Informationen in einer Datenbank, die auf <a href=\"https:\/\/www.uckermaerkischer-geschichtsverein.de\">www.uckermaerkischer-geschichtsverein.de<\/a> einsehbar ist.<\/p>\n<p>Zwei Mitglieder besch\u00e4ftigen sich derzeit mit einer umfangreichen Gemeinschaftsarbeit zwischen unserem Verein und dem Stadtarchiv Prenzlau. Alfred Hinrichs, Regionalhistoriker und erster Prenzlauer Museumsdirektor nach 1945, erfasste auf ca. 180.000 Zetteln Daten zu Personen in der Uckermark vom 12. bis Anfang des 20. Jahrhunderts. Diese Datensammlung wird digitalisiert und soll dann die Suche aller Heimat- und Familienforscher nach personenbezogenen Informationen erleichtern.<\/p>\n<p>Drei Mitglieder betreuen den Steintorturm, vielen Prenzlauern noch als Sternwarte in guter Erinnerung. Dort befindet sich noch unser Zeitungsarchiv, das 2017 in einen Raum in der Alten Post in der Friedrichstra\u00dfe umziehen wird, den uns die Prenzlauer Wohnbau GmbH zur Verf\u00fcgung stellt. Von Mai bis September ist der Turm stundenweise f\u00fcr Besucher ge\u00f6ffnet. Viele G\u00e4ste und Prenzlauer B\u00fcrger nutzen gern diese M\u00f6glichkeit und erhalten dann von uns beim Blick \u00fcber Prenzlau Informationen \u00fcber die Prenzlauer Geschichte. Der \u201eTurmwart Ullrich\u201c ist hier \u201ezu Hause\u201c. Er repr\u00e4sentiert in seinem historischen Kost\u00fcm unseren Verein und die historische Bedeutung des Steintores als Stadttor.<\/p>\n<p>Die Arbeit im Verein wird nie langweilig, da man immer wieder auf interessante Informationen zur Regionalgeschichte st\u00f6\u00dft, mit denen man sich n\u00e4her befassen kann. Etliche W\u00fcnsche und Ideen m\u00fcssen unerledigt bleiben, da wir viel zu wenige sind, um allen Fragen nachgehen oder alle Projektideen umsetzen zu k\u00f6nnen. Wer mitmachen m\u00f6chte, kann donnerstags gern \u201eschnuppern\u201c kommen.<\/p>\n<p>Renate K\u00f6hler<br \/>\nBibliotheksteam[:]<\/p>\n","protected":false},"excerpt":{"rendered":"<p>[:de]Jeden Donnerstag von 15.00 bis 19.00 Uhr treffen sich bis zu 17 Vereinsmitglieder des Uckerm\u00e4rkischen Geschichtsvereins zu Prenzlau e. V. im Kommunikationszentrum der Sparkasse Uckermark in der Grabowstra\u00dfe 6 in Prenzlau, dem Sitz unseres Vereins und Hauptstandort der Bibliothek. Wir arbeiten in verschiedenen Arbeitsgruppen der Bibliothek und verwalten, ordnen, sortieren, scannen, archivieren z.B. B\u00fccher, Fotografien, [&hellip;]<\/p>\n","protected":false},"author":1,"featured_media":0,"parent":12,"menu_order":0,"comment_status":"closed","ping_status":"closed","template":"","meta":{"footnotes":""},"class_list":["post-6909","page","type-page","status-publish","hentry"],"yoast_head":"<!-- This site is optimized with the Yoast SEO plugin v27.2 - https:\/\/yoast.com\/product\/yoast-seo-wordpress\/ -->\n<title>Die Arbeitsgruppen in der Bibliothek des Uckerm\u00e4rkischen Geschichtsvereins zu Prenzlau e. V.. - Uckerm\u00e4rkischer Geschichtsverein zu Prenzlau e.V.<\/title>\n<meta name=\"robots\" content=\"index, follow, max-snippet:-1, max-image-preview:large, max-video-preview:-1\" \/>\n<link rel=\"canonical\" href=\"https:\/\/www.uckermaerkischer-geschichtsverein.de\/en\/verein\/sitz-des-vereins\/die-arbeitsgruppen-in-der-bibliothek-des-uckermaerkischen-geschichtsvereins-zu-prenzlau-e-v\/\" \/>\n<meta property=\"og:locale\" content=\"en_GB\" \/>\n<meta property=\"og:type\" content=\"article\" \/>\n<meta property=\"og:title\" content=\"Die Arbeitsgruppen in der Bibliothek des Uckerm\u00e4rkischen Geschichtsvereins zu Prenzlau e. V.. - Uckerm\u00e4rkischer Geschichtsverein zu Prenzlau e.V.\" \/>\n<meta property=\"og:description\" content=\"[:de]Jeden Donnerstag von 15.00 bis 19.00 Uhr treffen sich bis zu 17 Vereinsmitglieder des Uckerm\u00e4rkischen Geschichtsvereins zu Prenzlau e. V. im Kommunikationszentrum der Sparkasse Uckermark in der Grabowstra\u00dfe 6 in Prenzlau, dem Sitz unseres Vereins und Hauptstandort der Bibliothek. Wir arbeiten in verschiedenen Arbeitsgruppen der Bibliothek und verwalten, ordnen, sortieren, scannen, archivieren z.B. B\u00fccher, Fotografien, [&hellip;]\" \/>\n<meta property=\"og:url\" content=\"https:\/\/www.uckermaerkischer-geschichtsverein.de\/en\/verein\/sitz-des-vereins\/die-arbeitsgruppen-in-der-bibliothek-des-uckermaerkischen-geschichtsvereins-zu-prenzlau-e-v\/\" \/>\n<meta property=\"og:site_name\" content=\"Uckerm\u00e4rkischer Geschichtsverein zu Prenzlau e.V.\" \/>\n<meta name=\"twitter:label1\" content=\"Estimated reading time\" \/>\n\t<meta name=\"twitter:data1\" content=\"4 minutes\" \/>\n<script type=\"application\/ld+json\" class=\"yoast-schema-graph\">{\"@context\":\"https:\/\/schema.org\",\"@graph\":[{\"@type\":\"WebPage\",\"@id\":\"https:\/\/www.uckermaerkischer-geschichtsverein.de\/verein\/sitz-des-vereins\/die-arbeitsgruppen-in-der-bibliothek-des-uckermaerkischen-geschichtsvereins-zu-prenzlau-e-v\/\",\"url\":\"https:\/\/www.uckermaerkischer-geschichtsverein.de\/verein\/sitz-des-vereins\/die-arbeitsgruppen-in-der-bibliothek-des-uckermaerkischen-geschichtsvereins-zu-prenzlau-e-v\/\",\"name\":\"Die Arbeitsgruppen in der Bibliothek des Uckerm\u00e4rkischen Geschichtsvereins zu Prenzlau e. V.. - Uckerm\u00e4rkischer Geschichtsverein zu Prenzlau e.V.\",\"isPartOf\":{\"@id\":\"https:\/\/www.uckermaerkischer-geschichtsverein.de\/#website\"},\"datePublished\":\"2017-01-30T12:46:52+00:00\",\"breadcrumb\":{\"@id\":\"https:\/\/www.uckermaerkischer-geschichtsverein.de\/verein\/sitz-des-vereins\/die-arbeitsgruppen-in-der-bibliothek-des-uckermaerkischen-geschichtsvereins-zu-prenzlau-e-v\/#breadcrumb\"},\"inLanguage\":\"en-GB\",\"potentialAction\":[{\"@type\":\"ReadAction\",\"target\":[\"https:\/\/www.uckermaerkischer-geschichtsverein.de\/verein\/sitz-des-vereins\/die-arbeitsgruppen-in-der-bibliothek-des-uckermaerkischen-geschichtsvereins-zu-prenzlau-e-v\/\"]}]},{\"@type\":\"BreadcrumbList\",\"@id\":\"https:\/\/www.uckermaerkischer-geschichtsverein.de\/verein\/sitz-des-vereins\/die-arbeitsgruppen-in-der-bibliothek-des-uckermaerkischen-geschichtsvereins-zu-prenzlau-e-v\/#breadcrumb\",\"itemListElement\":[{\"@type\":\"ListItem\",\"position\":1,\"name\":\"Verein\",\"item\":\"https:\/\/www.uckermaerkischer-geschichtsverein.de\/en\/verein\/\"},{\"@type\":\"ListItem\",\"position\":2,\"name\":\"Sitz des Vereins\",\"item\":\"https:\/\/www.uckermaerkischer-geschichtsverein.de\/verein\/sitz-des-vereins\/\"},{\"@type\":\"ListItem\",\"position\":3,\"name\":\"Die Arbeitsgruppen in der Bibliothek des Uckerm\u00e4rkischen Geschichtsvereins zu Prenzlau e. V..\"}]},{\"@type\":\"WebSite\",\"@id\":\"https:\/\/www.uckermaerkischer-geschichtsverein.de\/#website\",\"url\":\"https:\/\/www.uckermaerkischer-geschichtsverein.de\/\",\"name\":\"Uckerm\u00e4rkischer Geschichtsverein zu Prenzlau e.V.\",\"description\":\"\",\"potentialAction\":[{\"@type\":\"SearchAction\",\"target\":{\"@type\":\"EntryPoint\",\"urlTemplate\":\"https:\/\/www.uckermaerkischer-geschichtsverein.de\/?s={search_term_string}\"},\"query-input\":{\"@type\":\"PropertyValueSpecification\",\"valueRequired\":true,\"valueName\":\"search_term_string\"}}],\"inLanguage\":\"en-GB\"}]}<\/script>\n<!-- \/ Yoast SEO plugin. -->","yoast_head_json":{"title":"Die Arbeitsgruppen in der Bibliothek des Uckerm\u00e4rkischen Geschichtsvereins zu Prenzlau e. V.. - Uckerm\u00e4rkischer Geschichtsverein zu Prenzlau e.V.","robots":{"index":"index","follow":"follow","max-snippet":"max-snippet:-1","max-image-preview":"max-image-preview:large","max-video-preview":"max-video-preview:-1"},"canonical":"https:\/\/www.uckermaerkischer-geschichtsverein.de\/en\/verein\/sitz-des-vereins\/die-arbeitsgruppen-in-der-bibliothek-des-uckermaerkischen-geschichtsvereins-zu-prenzlau-e-v\/","og_locale":"en_GB","og_type":"article","og_title":"Die Arbeitsgruppen in der Bibliothek des Uckerm\u00e4rkischen Geschichtsvereins zu Prenzlau e. V.. - Uckerm\u00e4rkischer Geschichtsverein zu Prenzlau e.V.","og_description":"[:de]Jeden Donnerstag von 15.00 bis 19.00 Uhr treffen sich bis zu 17 Vereinsmitglieder des Uckerm\u00e4rkischen Geschichtsvereins zu Prenzlau e. V. im Kommunikationszentrum der Sparkasse Uckermark in der Grabowstra\u00dfe 6 in Prenzlau, dem Sitz unseres Vereins und Hauptstandort der Bibliothek. Wir arbeiten in verschiedenen Arbeitsgruppen der Bibliothek und verwalten, ordnen, sortieren, scannen, archivieren z.B. B\u00fccher, Fotografien, [&hellip;]","og_url":"https:\/\/www.uckermaerkischer-geschichtsverein.de\/en\/verein\/sitz-des-vereins\/die-arbeitsgruppen-in-der-bibliothek-des-uckermaerkischen-geschichtsvereins-zu-prenzlau-e-v\/","og_site_name":"Uckerm\u00e4rkischer Geschichtsverein zu Prenzlau e.V.","twitter_misc":{"Estimated reading time":"4 minutes"},"schema":{"@context":"https:\/\/schema.org","@graph":[{"@type":"WebPage","@id":"https:\/\/www.uckermaerkischer-geschichtsverein.de\/verein\/sitz-des-vereins\/die-arbeitsgruppen-in-der-bibliothek-des-uckermaerkischen-geschichtsvereins-zu-prenzlau-e-v\/","url":"https:\/\/www.uckermaerkischer-geschichtsverein.de\/verein\/sitz-des-vereins\/die-arbeitsgruppen-in-der-bibliothek-des-uckermaerkischen-geschichtsvereins-zu-prenzlau-e-v\/","name":"Die Arbeitsgruppen in der Bibliothek des Uckerm\u00e4rkischen Geschichtsvereins zu Prenzlau e. V.. - Uckerm\u00e4rkischer Geschichtsverein zu Prenzlau e.V.","isPartOf":{"@id":"https:\/\/www.uckermaerkischer-geschichtsverein.de\/#website"},"datePublished":"2017-01-30T12:46:52+00:00","breadcrumb":{"@id":"https:\/\/www.uckermaerkischer-geschichtsverein.de\/verein\/sitz-des-vereins\/die-arbeitsgruppen-in-der-bibliothek-des-uckermaerkischen-geschichtsvereins-zu-prenzlau-e-v\/#breadcrumb"},"inLanguage":"en-GB","potentialAction":[{"@type":"ReadAction","target":["https:\/\/www.uckermaerkischer-geschichtsverein.de\/verein\/sitz-des-vereins\/die-arbeitsgruppen-in-der-bibliothek-des-uckermaerkischen-geschichtsvereins-zu-prenzlau-e-v\/"]}]},{"@type":"BreadcrumbList","@id":"https:\/\/www.uckermaerkischer-geschichtsverein.de\/verein\/sitz-des-vereins\/die-arbeitsgruppen-in-der-bibliothek-des-uckermaerkischen-geschichtsvereins-zu-prenzlau-e-v\/#breadcrumb","itemListElement":[{"@type":"ListItem","position":1,"name":"Verein","item":"https:\/\/www.uckermaerkischer-geschichtsverein.de\/en\/verein\/"},{"@type":"ListItem","position":2,"name":"Sitz des Vereins","item":"https:\/\/www.uckermaerkischer-geschichtsverein.de\/verein\/sitz-des-vereins\/"},{"@type":"ListItem","position":3,"name":"Die Arbeitsgruppen in der Bibliothek des Uckerm\u00e4rkischen Geschichtsvereins zu Prenzlau e. V.."}]},{"@type":"WebSite","@id":"https:\/\/www.uckermaerkischer-geschichtsverein.de\/#website","url":"https:\/\/www.uckermaerkischer-geschichtsverein.de\/","name":"Uckerm\u00e4rkischer Geschichtsverein zu Prenzlau e.V.","description":"","potentialAction":[{"@type":"SearchAction","target":{"@type":"EntryPoint","urlTemplate":"https:\/\/www.uckermaerkischer-geschichtsverein.de\/?s={search_term_string}"},"query-input":{"@type":"PropertyValueSpecification","valueRequired":true,"valueName":"search_term_string"}}],"inLanguage":"en-GB"}]}},"_links":{"self":[{"href":"https:\/\/www.uckermaerkischer-geschichtsverein.de\/en\/wp-json\/wp\/v2\/pages\/6909","targetHints":{"allow":["GET"]}}],"collection":[{"href":"https:\/\/www.uckermaerkischer-geschichtsverein.de\/en\/wp-json\/wp\/v2\/pages"}],"about":[{"href":"https:\/\/www.uckermaerkischer-geschichtsverein.de\/en\/wp-json\/wp\/v2\/types\/page"}],"author":[{"embeddable":true,"href":"https:\/\/www.uckermaerkischer-geschichtsverein.de\/en\/wp-json\/wp\/v2\/users\/1"}],"replies":[{"embeddable":true,"href":"https:\/\/www.uckermaerkischer-geschichtsverein.de\/en\/wp-json\/wp\/v2\/comments?post=6909"}],"version-history":[{"count":1,"href":"https:\/\/www.uckermaerkischer-geschichtsverein.de\/en\/wp-json\/wp\/v2\/pages\/6909\/revisions"}],"predecessor-version":[{"id":6910,"href":"https:\/\/www.uckermaerkischer-geschichtsverein.de\/en\/wp-json\/wp\/v2\/pages\/6909\/revisions\/6910"}],"up":[{"embeddable":true,"href":"https:\/\/www.uckermaerkischer-geschichtsverein.de\/en\/wp-json\/wp\/v2\/pages\/12"}],"wp:attachment":[{"href":"https:\/\/www.uckermaerkischer-geschichtsverein.de\/en\/wp-json\/wp\/v2\/media?parent=6909"}],"curies":[{"name":"wp","href":"https:\/\/api.w.org\/{rel}","templated":true}]}}