{"id":5597,"date":"2015-05-18T19:03:51","date_gmt":"2015-05-18T17:03:51","guid":{"rendered":"https:\/\/www.uckermaerkischer-geschichtsverein.de\/?page_id=5597"},"modified":"2015-08-17T19:53:29","modified_gmt":"2015-08-17T17:53:29","slug":"joachim-von-winterfeldt-menkin","status":"publish","type":"page","link":"https:\/\/www.uckermaerkischer-geschichtsverein.de\/en\/aktivitaeten-des-vereins\/joachim-von-winterfeldt-menkin\/","title":{"rendered":"Joachim von Winterfeldt-Menkin"},"content":{"rendered":"<p>Am 15. Mai 2015 enth\u00fcllten der uckerm\u00e4rkische Landrat Dietmar Schulze gemeinsam mit dem Vereinsvorsitzenden J\u00fcrgen Theil eine Gedenktafel f\u00fcr den ehemaligen Landrat Joachim von Winterfeldt-Menkin (1865\u20131945), der vor 150 Jahren in Gr\u00fcnberg geboren wurde. Der Historiker Gerd Schadewitz informierte aus diesem Anlass \u00fcber die Verdienste von Winterfeldt-Menkins als Landrat des Kreises Prenzlau, brandenburgischer Landesdirektor und Pr\u00e4sident des DRK.\u00a0 Etwa 20 G\u00e4ste waren der Einladung des UGVP und des Landkreises gefolgt. Darunter auch Vertreter des DRK und die Enkels\u00f6hne von Joachim von Winterfeldt.<\/p>\n<p>Zur Enth\u00fcllung der Gedenktafel lie\u00df der Landkreis die Erl\u00e4uterungstafel f\u00fcr das alte Kreishaus erneuern.<\/p>\n<p><b>&#8211;&gt; <u><a href=\"http:\/\/www.uckermark-tv.de\/nachrichten\/Ehrentafel_enthuellt-8418.html\" target=\"_blank\">Beitrag im Regionalfernsehen<br \/>\n<\/a><\/u>&#8211;&gt; <u><a href=\"http:\/\/www.drk-brandenburg.de\/brkm\/632-inhalt.pdf\" target=\"_blank\">DRK Brandenburg<\/a><\/u><\/b><\/p>\n<div id=\"attachment_5598\" style=\"width: 270px\" class=\"wp-caption alignleft\"><a href=\"https:\/\/www.uckermaerkischer-geschichtsverein.de\/wp-content\/uploads\/2015\/05\/1_Einladung_2015-05-15.jpg\" rel=\"lightbox[5597]\"><img loading=\"lazy\" decoding=\"async\" aria-describedby=\"caption-attachment-5598\" class=\"wp-image-5598\" src=\"https:\/\/www.uckermaerkischer-geschichtsverein.de\/wp-content\/uploads\/2015\/05\/1_Einladung_2015-05-15-1024x637.jpg\" alt=\"1_Einladung_2015-05-15\" width=\"260\" height=\"162\" srcset=\"https:\/\/www.uckermaerkischer-geschichtsverein.de\/wp-content\/uploads\/2015\/05\/1_Einladung_2015-05-15-1024x637.jpg 1024w, https:\/\/www.uckermaerkischer-geschichtsverein.de\/wp-content\/uploads\/2015\/05\/1_Einladung_2015-05-15-128x80.jpg 128w, https:\/\/www.uckermaerkischer-geschichtsverein.de\/wp-content\/uploads\/2015\/05\/1_Einladung_2015-05-15.jpg 1105w\" sizes=\"auto, (max-width: 260px) 100vw, 260px\" \/><\/a><p id=\"caption-attachment-5598\" class=\"wp-caption-text\">Einladung zur Einweihung der Tafel<\/p><\/div>\n<div id=\"attachment_5599\" style=\"width: 270px\" class=\"wp-caption alignleft\"><a href=\"https:\/\/www.uckermaerkischer-geschichtsverein.de\/wp-content\/uploads\/2015\/05\/2_Enth\u00fcllung-Tafel-Vortrag-Gerd-Schadewitz.jpg\" rel=\"lightbox[5597]\"><img loading=\"lazy\" decoding=\"async\" aria-describedby=\"caption-attachment-5599\" class=\"wp-image-5599\" src=\"https:\/\/www.uckermaerkischer-geschichtsverein.de\/wp-content\/uploads\/2015\/05\/2_Enth\u00fcllung-Tafel-Vortrag-Gerd-Schadewitz-1024x768.jpg\" alt=\"2_Enth\u00fcllung Tafel, Vortrag Gerd Schadewitz\" width=\"260\" height=\"195\" srcset=\"https:\/\/www.uckermaerkischer-geschichtsverein.de\/wp-content\/uploads\/2015\/05\/2_Enth\u00fcllung-Tafel-Vortrag-Gerd-Schadewitz-1024x768.jpg 1024w, https:\/\/www.uckermaerkischer-geschichtsverein.de\/wp-content\/uploads\/2015\/05\/2_Enth\u00fcllung-Tafel-Vortrag-Gerd-Schadewitz-128x96.jpg 128w, https:\/\/www.uckermaerkischer-geschichtsverein.de\/wp-content\/uploads\/2015\/05\/2_Enth\u00fcllung-Tafel-Vortrag-Gerd-Schadewitz.jpg 1152w\" sizes=\"auto, (max-width: 260px) 100vw, 260px\" \/><\/a><p id=\"caption-attachment-5599\" class=\"wp-caption-text\">Vortrag von Herrn Gerd Schadewitz am 15.05.2015<\/p><\/div>\n<div id=\"attachment_5600\" style=\"width: 270px\" class=\"wp-caption alignleft\"><a href=\"https:\/\/www.uckermaerkischer-geschichtsverein.de\/wp-content\/uploads\/2015\/05\/3_Enkel_von-Oppen.jpg\" rel=\"lightbox[5597]\"><img loading=\"lazy\" decoding=\"async\" aria-describedby=\"caption-attachment-5600\" class=\"wp-image-5600\" src=\"https:\/\/www.uckermaerkischer-geschichtsverein.de\/wp-content\/uploads\/2015\/05\/3_Enkel_von-Oppen-1024x768.jpg\" alt=\"3_Enkel_von-Oppen\" width=\"260\" height=\"195\" srcset=\"https:\/\/www.uckermaerkischer-geschichtsverein.de\/wp-content\/uploads\/2015\/05\/3_Enkel_von-Oppen-1024x768.jpg 1024w, https:\/\/www.uckermaerkischer-geschichtsverein.de\/wp-content\/uploads\/2015\/05\/3_Enkel_von-Oppen-128x96.jpg 128w, https:\/\/www.uckermaerkischer-geschichtsverein.de\/wp-content\/uploads\/2015\/05\/3_Enkel_von-Oppen.jpg 1152w\" sizes=\"auto, (max-width: 260px) 100vw, 260px\" \/><\/a><p id=\"caption-attachment-5600\" class=\"wp-caption-text\">Die Enkel von Joachim von Winterfeldt, Dr. Kaspar von Oppen (Ehrenpr\u00e4sident des DRK) und Prof. Dr. Matthias von Oppen (v. l. n. r.), vor den Tafeln<\/p><\/div>\n<div id=\"attachment_5601\" style=\"width: 270px\" class=\"wp-caption alignleft\"><a href=\"https:\/\/www.uckermaerkischer-geschichtsverein.de\/wp-content\/uploads\/2015\/05\/4_Landrat-Schadewitz-Thel.jpg\" rel=\"lightbox[5597]\"><img loading=\"lazy\" decoding=\"async\" aria-describedby=\"caption-attachment-5601\" class=\"wp-image-5601\" src=\"https:\/\/www.uckermaerkischer-geschichtsverein.de\/wp-content\/uploads\/2015\/05\/4_Landrat-Schadewitz-Thel.jpg\" alt=\"4_Landrat+Schadewitz+Thel\" width=\"260\" height=\"188\" srcset=\"https:\/\/www.uckermaerkischer-geschichtsverein.de\/wp-content\/uploads\/2015\/05\/4_Landrat-Schadewitz-Thel.jpg 400w, https:\/\/www.uckermaerkischer-geschichtsverein.de\/wp-content\/uploads\/2015\/05\/4_Landrat-Schadewitz-Thel-128x92.jpg 128w\" sizes=\"auto, (max-width: 260px) 100vw, 260px\" \/><\/a><p id=\"caption-attachment-5601\" class=\"wp-caption-text\">Landrat Dietmar Schulze, Gerd Schadewitz und J\u00fcrgen Teil (v. l. n. r.).<\/p><\/div>\n","protected":false},"excerpt":{"rendered":"<p>Am 15. Mai 2015 enth\u00fcllten der uckerm\u00e4rkische Landrat Dietmar Schulze gemeinsam mit dem Vereinsvorsitzenden J\u00fcrgen Theil eine Gedenktafel f\u00fcr den ehemaligen Landrat Joachim von Winterfeldt-Menkin (1865\u20131945), der vor 150 Jahren in Gr\u00fcnberg geboren wurde. Der Historiker Gerd Schadewitz informierte aus diesem Anlass \u00fcber die Verdienste von Winterfeldt-Menkins als Landrat des Kreises Prenzlau, brandenburgischer Landesdirektor und [&hellip;]<\/p>\n","protected":false},"author":1,"featured_media":0,"parent":740,"menu_order":0,"comment_status":"closed","ping_status":"closed","template":"","meta":{"footnotes":""},"class_list":["post-5597","page","type-page","status-publish","hentry"],"yoast_head":"<!-- This site is optimized with the Yoast SEO plugin v27.2 - https:\/\/yoast.com\/product\/yoast-seo-wordpress\/ -->\n<title>Joachim von Winterfeldt-Menkin - Uckerm\u00e4rkischer Geschichtsverein zu Prenzlau e.V.<\/title>\n<meta name=\"robots\" content=\"index, follow, max-snippet:-1, max-image-preview:large, max-video-preview:-1\" \/>\n<link rel=\"canonical\" href=\"https:\/\/www.uckermaerkischer-geschichtsverein.de\/en\/aktivitaeten-des-vereins\/joachim-von-winterfeldt-menkin\/\" \/>\n<meta property=\"og:locale\" content=\"en_GB\" \/>\n<meta property=\"og:type\" content=\"article\" \/>\n<meta property=\"og:title\" content=\"Joachim von Winterfeldt-Menkin - Uckerm\u00e4rkischer Geschichtsverein zu Prenzlau e.V.\" \/>\n<meta property=\"og:description\" content=\"Am 15. Mai 2015 enth\u00fcllten der uckerm\u00e4rkische Landrat Dietmar Schulze gemeinsam mit dem Vereinsvorsitzenden J\u00fcrgen Theil eine Gedenktafel f\u00fcr den ehemaligen Landrat Joachim von Winterfeldt-Menkin (1865\u20131945), der vor 150 Jahren in Gr\u00fcnberg geboren wurde. Der Historiker Gerd Schadewitz informierte aus diesem Anlass \u00fcber die Verdienste von Winterfeldt-Menkins als Landrat des Kreises Prenzlau, brandenburgischer Landesdirektor und [&hellip;]\" \/>\n<meta property=\"og:url\" content=\"https:\/\/www.uckermaerkischer-geschichtsverein.de\/en\/aktivitaeten-des-vereins\/joachim-von-winterfeldt-menkin\/\" \/>\n<meta property=\"og:site_name\" content=\"Uckerm\u00e4rkischer Geschichtsverein zu Prenzlau e.V.\" \/>\n<meta property=\"article:modified_time\" content=\"2015-08-17T17:53:29+00:00\" \/>\n<meta property=\"og:image\" content=\"https:\/\/www.uckermaerkischer-geschichtsverein.de\/wp-content\/uploads\/2015\/05\/1_Einladung_2015-05-15-1024x637.jpg\" \/>\n<meta name=\"twitter:label1\" content=\"Estimated reading time\" \/>\n\t<meta name=\"twitter:data1\" content=\"1 minute\" \/>\n<script type=\"application\/ld+json\" class=\"yoast-schema-graph\">{\"@context\":\"https:\/\/schema.org\",\"@graph\":[{\"@type\":\"WebPage\",\"@id\":\"https:\/\/www.uckermaerkischer-geschichtsverein.de\/aktivitaeten-des-vereins\/joachim-von-winterfeldt-menkin\/\",\"url\":\"https:\/\/www.uckermaerkischer-geschichtsverein.de\/aktivitaeten-des-vereins\/joachim-von-winterfeldt-menkin\/\",\"name\":\"Joachim von Winterfeldt-Menkin - Uckerm\u00e4rkischer Geschichtsverein zu Prenzlau e.V.\",\"isPartOf\":{\"@id\":\"https:\/\/www.uckermaerkischer-geschichtsverein.de\/#website\"},\"primaryImageOfPage\":{\"@id\":\"https:\/\/www.uckermaerkischer-geschichtsverein.de\/aktivitaeten-des-vereins\/joachim-von-winterfeldt-menkin\/#primaryimage\"},\"image\":{\"@id\":\"https:\/\/www.uckermaerkischer-geschichtsverein.de\/aktivitaeten-des-vereins\/joachim-von-winterfeldt-menkin\/#primaryimage\"},\"thumbnailUrl\":\"https:\/\/www.uckermaerkischer-geschichtsverein.de\/wp-content\/uploads\/2015\/05\/1_Einladung_2015-05-15-1024x637.jpg\",\"datePublished\":\"2015-05-18T17:03:51+00:00\",\"dateModified\":\"2015-08-17T17:53:29+00:00\",\"breadcrumb\":{\"@id\":\"https:\/\/www.uckermaerkischer-geschichtsverein.de\/aktivitaeten-des-vereins\/joachim-von-winterfeldt-menkin\/#breadcrumb\"},\"inLanguage\":\"en-GB\",\"potentialAction\":[{\"@type\":\"ReadAction\",\"target\":[\"https:\/\/www.uckermaerkischer-geschichtsverein.de\/aktivitaeten-des-vereins\/joachim-von-winterfeldt-menkin\/\"]}]},{\"@type\":\"ImageObject\",\"inLanguage\":\"en-GB\",\"@id\":\"https:\/\/www.uckermaerkischer-geschichtsverein.de\/aktivitaeten-des-vereins\/joachim-von-winterfeldt-menkin\/#primaryimage\",\"url\":\"https:\/\/www.uckermaerkischer-geschichtsverein.de\/wp-content\/uploads\/2015\/05\/1_Einladung_2015-05-15-1024x637.jpg\",\"contentUrl\":\"https:\/\/www.uckermaerkischer-geschichtsverein.de\/wp-content\/uploads\/2015\/05\/1_Einladung_2015-05-15-1024x637.jpg\"},{\"@type\":\"BreadcrumbList\",\"@id\":\"https:\/\/www.uckermaerkischer-geschichtsverein.de\/aktivitaeten-des-vereins\/joachim-von-winterfeldt-menkin\/#breadcrumb\",\"itemListElement\":[{\"@type\":\"ListItem\",\"position\":1,\"name\":\"Aktivit\u00e4ten des Vereins\",\"item\":\"https:\/\/www.uckermaerkischer-geschichtsverein.de\/aktivitaeten-des-vereins\/\"},{\"@type\":\"ListItem\",\"position\":2,\"name\":\"Joachim von Winterfeldt-Menkin\"}]},{\"@type\":\"WebSite\",\"@id\":\"https:\/\/www.uckermaerkischer-geschichtsverein.de\/#website\",\"url\":\"https:\/\/www.uckermaerkischer-geschichtsverein.de\/\",\"name\":\"Uckerm\u00e4rkischer Geschichtsverein zu Prenzlau e.V.\",\"description\":\"\",\"potentialAction\":[{\"@type\":\"SearchAction\",\"target\":{\"@type\":\"EntryPoint\",\"urlTemplate\":\"https:\/\/www.uckermaerkischer-geschichtsverein.de\/?s={search_term_string}\"},\"query-input\":{\"@type\":\"PropertyValueSpecification\",\"valueRequired\":true,\"valueName\":\"search_term_string\"}}],\"inLanguage\":\"en-GB\"}]}<\/script>\n<!-- \/ Yoast SEO plugin. -->","yoast_head_json":{"title":"Joachim von Winterfeldt-Menkin - Uckerm\u00e4rkischer Geschichtsverein zu Prenzlau e.V.","robots":{"index":"index","follow":"follow","max-snippet":"max-snippet:-1","max-image-preview":"max-image-preview:large","max-video-preview":"max-video-preview:-1"},"canonical":"https:\/\/www.uckermaerkischer-geschichtsverein.de\/en\/aktivitaeten-des-vereins\/joachim-von-winterfeldt-menkin\/","og_locale":"en_GB","og_type":"article","og_title":"Joachim von Winterfeldt-Menkin - Uckerm\u00e4rkischer Geschichtsverein zu Prenzlau e.V.","og_description":"Am 15. Mai 2015 enth\u00fcllten der uckerm\u00e4rkische Landrat Dietmar Schulze gemeinsam mit dem Vereinsvorsitzenden J\u00fcrgen Theil eine Gedenktafel f\u00fcr den ehemaligen Landrat Joachim von Winterfeldt-Menkin (1865\u20131945), der vor 150 Jahren in Gr\u00fcnberg geboren wurde. Der Historiker Gerd Schadewitz informierte aus diesem Anlass \u00fcber die Verdienste von Winterfeldt-Menkins als Landrat des Kreises Prenzlau, brandenburgischer Landesdirektor und [&hellip;]","og_url":"https:\/\/www.uckermaerkischer-geschichtsverein.de\/en\/aktivitaeten-des-vereins\/joachim-von-winterfeldt-menkin\/","og_site_name":"Uckerm\u00e4rkischer Geschichtsverein zu Prenzlau e.V.","article_modified_time":"2015-08-17T17:53:29+00:00","og_image":[{"url":"https:\/\/www.uckermaerkischer-geschichtsverein.de\/wp-content\/uploads\/2015\/05\/1_Einladung_2015-05-15-1024x637.jpg","type":"","width":"","height":""}],"twitter_misc":{"Estimated reading time":"1 minute"},"schema":{"@context":"https:\/\/schema.org","@graph":[{"@type":"WebPage","@id":"https:\/\/www.uckermaerkischer-geschichtsverein.de\/aktivitaeten-des-vereins\/joachim-von-winterfeldt-menkin\/","url":"https:\/\/www.uckermaerkischer-geschichtsverein.de\/aktivitaeten-des-vereins\/joachim-von-winterfeldt-menkin\/","name":"Joachim von Winterfeldt-Menkin - Uckerm\u00e4rkischer Geschichtsverein zu Prenzlau e.V.","isPartOf":{"@id":"https:\/\/www.uckermaerkischer-geschichtsverein.de\/#website"},"primaryImageOfPage":{"@id":"https:\/\/www.uckermaerkischer-geschichtsverein.de\/aktivitaeten-des-vereins\/joachim-von-winterfeldt-menkin\/#primaryimage"},"image":{"@id":"https:\/\/www.uckermaerkischer-geschichtsverein.de\/aktivitaeten-des-vereins\/joachim-von-winterfeldt-menkin\/#primaryimage"},"thumbnailUrl":"https:\/\/www.uckermaerkischer-geschichtsverein.de\/wp-content\/uploads\/2015\/05\/1_Einladung_2015-05-15-1024x637.jpg","datePublished":"2015-05-18T17:03:51+00:00","dateModified":"2015-08-17T17:53:29+00:00","breadcrumb":{"@id":"https:\/\/www.uckermaerkischer-geschichtsverein.de\/aktivitaeten-des-vereins\/joachim-von-winterfeldt-menkin\/#breadcrumb"},"inLanguage":"en-GB","potentialAction":[{"@type":"ReadAction","target":["https:\/\/www.uckermaerkischer-geschichtsverein.de\/aktivitaeten-des-vereins\/joachim-von-winterfeldt-menkin\/"]}]},{"@type":"ImageObject","inLanguage":"en-GB","@id":"https:\/\/www.uckermaerkischer-geschichtsverein.de\/aktivitaeten-des-vereins\/joachim-von-winterfeldt-menkin\/#primaryimage","url":"https:\/\/www.uckermaerkischer-geschichtsverein.de\/wp-content\/uploads\/2015\/05\/1_Einladung_2015-05-15-1024x637.jpg","contentUrl":"https:\/\/www.uckermaerkischer-geschichtsverein.de\/wp-content\/uploads\/2015\/05\/1_Einladung_2015-05-15-1024x637.jpg"},{"@type":"BreadcrumbList","@id":"https:\/\/www.uckermaerkischer-geschichtsverein.de\/aktivitaeten-des-vereins\/joachim-von-winterfeldt-menkin\/#breadcrumb","itemListElement":[{"@type":"ListItem","position":1,"name":"Aktivit\u00e4ten des Vereins","item":"https:\/\/www.uckermaerkischer-geschichtsverein.de\/aktivitaeten-des-vereins\/"},{"@type":"ListItem","position":2,"name":"Joachim von Winterfeldt-Menkin"}]},{"@type":"WebSite","@id":"https:\/\/www.uckermaerkischer-geschichtsverein.de\/#website","url":"https:\/\/www.uckermaerkischer-geschichtsverein.de\/","name":"Uckerm\u00e4rkischer Geschichtsverein zu Prenzlau e.V.","description":"","potentialAction":[{"@type":"SearchAction","target":{"@type":"EntryPoint","urlTemplate":"https:\/\/www.uckermaerkischer-geschichtsverein.de\/?s={search_term_string}"},"query-input":{"@type":"PropertyValueSpecification","valueRequired":true,"valueName":"search_term_string"}}],"inLanguage":"en-GB"}]}},"_links":{"self":[{"href":"https:\/\/www.uckermaerkischer-geschichtsverein.de\/en\/wp-json\/wp\/v2\/pages\/5597","targetHints":{"allow":["GET"]}}],"collection":[{"href":"https:\/\/www.uckermaerkischer-geschichtsverein.de\/en\/wp-json\/wp\/v2\/pages"}],"about":[{"href":"https:\/\/www.uckermaerkischer-geschichtsverein.de\/en\/wp-json\/wp\/v2\/types\/page"}],"author":[{"embeddable":true,"href":"https:\/\/www.uckermaerkischer-geschichtsverein.de\/en\/wp-json\/wp\/v2\/users\/1"}],"replies":[{"embeddable":true,"href":"https:\/\/www.uckermaerkischer-geschichtsverein.de\/en\/wp-json\/wp\/v2\/comments?post=5597"}],"version-history":[{"count":4,"href":"https:\/\/www.uckermaerkischer-geschichtsverein.de\/en\/wp-json\/wp\/v2\/pages\/5597\/revisions"}],"predecessor-version":[{"id":5836,"href":"https:\/\/www.uckermaerkischer-geschichtsverein.de\/en\/wp-json\/wp\/v2\/pages\/5597\/revisions\/5836"}],"up":[{"embeddable":true,"href":"https:\/\/www.uckermaerkischer-geschichtsverein.de\/en\/wp-json\/wp\/v2\/pages\/740"}],"wp:attachment":[{"href":"https:\/\/www.uckermaerkischer-geschichtsverein.de\/en\/wp-json\/wp\/v2\/media?parent=5597"}],"curies":[{"name":"wp","href":"https:\/\/api.w.org\/{rel}","templated":true}]}}