{"id":5523,"date":"2015-04-07T11:58:28","date_gmt":"2015-04-07T09:58:28","guid":{"rendered":"https:\/\/www.uckermaerkischer-geschichtsverein.de\/?page_id=5523"},"modified":"2015-04-19T22:35:42","modified_gmt":"2015-04-19T20:35:42","slug":"2015-klaus-goebel-heinrich-wolfgang-seidel","status":"publish","type":"page","link":"https:\/\/www.uckermaerkischer-geschichtsverein.de\/en\/aktivitaeten\/adolf-stahr-preis\/2015-klaus-goebel-heinrich-wolfgang-seidel\/","title":{"rendered":"2015 Klaus Goebel: Heinrich Wolfgang Seidel"},"content":{"rendered":"<table border=\"0\" frame=\"void\">\n<tbody>\n<tr>\n<td rowspan=\"2\"><a href=\"https:\/\/www.uckermaerkischer-geschichtsverein.de\/wp-content\/uploads\/2015\/04\/Drei-Stunden-hinter-Berlin-2015.jpg\" rel=\"lightbox[5523]\"><img loading=\"lazy\" decoding=\"async\" class=\" size-medium wp-image-5566 aligncenter\" src=\"https:\/\/www.uckermaerkischer-geschichtsverein.de\/wp-content\/uploads\/2015\/04\/Drei-Stunden-hinter-Berlin-2015-111x180.jpg\" alt=\"Drei Stunden  hinter Berlin (2015)\" width=\"111\" height=\"180\" srcset=\"https:\/\/www.uckermaerkischer-geschichtsverein.de\/wp-content\/uploads\/2015\/04\/Drei-Stunden-hinter-Berlin-2015-111x180.jpg 111w, https:\/\/www.uckermaerkischer-geschichtsverein.de\/wp-content\/uploads\/2015\/04\/Drei-Stunden-hinter-Berlin-2015.jpg 418w\" sizes=\"auto, (max-width: 111px) 100vw, 111px\" \/><\/a><\/td>\n<td><strong>Klaus Goebel<br \/>\nHeinrich Wolfgang Seidel.<br \/>\nDrei Stunden hinter Berlin. Briefe aus dem Vikariat.<\/strong><\/td>\n<\/tr>\n<tr>\n<td rowspan=\"2\"><\/td>\n<\/tr>\n<tr>\n<td style=\"text-align: center;\"><strong>Adolf-Stahr-Preis:<\/strong><br \/>\n<strong>24.04.2015<\/strong><\/td>\n<\/tr>\n<\/tbody>\n<\/table>\n<p>Die Briefe von Heinrich Wolfgang Seidel wurden bereits mehrfach herausgegeben, allerdings mit bewusst ge\u00e4nderten Orts- und Personennamen. In der 2015 verlegten kommentierten Ausgabe der Briefe wurden diese von Prof. Dr. Klaus Goebel erstmals weitestgehend auf das Original zur\u00fcckgef\u00fchrt.<\/p>\n<p>&nbsp;<\/p>\n<p><strong>Drei Stunden hinter Berlin<\/strong><\/p>\n<p>In Boitzenburg, einer Kleinstadt &#8222;drei Stunden hinter Berlin&#8220;, hat Heinrich Wolfgang Seidel, Sohn von Heinrich Seidel, dem Autor des bekannten &#8222;Leberecht H\u00fchnchen&#8220;, gerade eine Stelle als Pfarrer angetreten. Wir schreiben das Jahr 1902, Seidel hat kurz zuvor sein Theologiestudium abgeschlossen, nun hat es ihn in die Uckermark verschlagen. In Briefen berichtet er seinen Eltern, was er im Pfarrhaus und in der Kirche, in der Nachbarschaft und im Dorf sieht und h\u00f6rt. Auch die Gutsherrschaft im nahen Schloss des Grafen von Arnim ist des Berichtens wert. Mit sublimer Beobachtungsgabe, humorvoll und souver\u00e4n festgehalten, sind seine Texte Zeugnisse jener Zeit und gew\u00e4hren einen vielschichtigen Einblick in das b\u00fcrgerliche Alltagsleben vor dem Ersten Weltkrieg.<\/p>\n<p>(Klappentext, Auflage 2015)<\/p>\n","protected":false},"excerpt":{"rendered":"<p>Klaus Goebel Heinrich Wolfgang Seidel. Drei Stunden hinter Berlin. Briefe aus dem Vikariat. Adolf-Stahr-Preis: 24.04.2015 Die Briefe von Heinrich Wolfgang Seidel wurden bereits mehrfach herausgegeben, allerdings mit bewusst ge\u00e4nderten Orts- und Personennamen. In der 2015 verlegten kommentierten Ausgabe der Briefe wurden diese von Prof. Dr. Klaus Goebel erstmals weitestgehend auf das Original zur\u00fcckgef\u00fchrt. &nbsp; Drei [&hellip;]<\/p>\n","protected":false},"author":1,"featured_media":0,"parent":198,"menu_order":0,"comment_status":"closed","ping_status":"closed","template":"","meta":{"footnotes":""},"class_list":["post-5523","page","type-page","status-publish","hentry"],"yoast_head":"<!-- This site is optimized with the Yoast SEO plugin v27.2 - https:\/\/yoast.com\/product\/yoast-seo-wordpress\/ -->\n<title>2015 Klaus Goebel: Heinrich Wolfgang Seidel - Uckerm\u00e4rkischer Geschichtsverein zu Prenzlau e.V.<\/title>\n<meta name=\"robots\" content=\"index, follow, max-snippet:-1, max-image-preview:large, max-video-preview:-1\" \/>\n<link rel=\"canonical\" href=\"https:\/\/www.uckermaerkischer-geschichtsverein.de\/en\/aktivitaeten\/adolf-stahr-preis\/2015-klaus-goebel-heinrich-wolfgang-seidel\/\" \/>\n<meta property=\"og:locale\" content=\"en_GB\" \/>\n<meta property=\"og:type\" content=\"article\" \/>\n<meta property=\"og:title\" content=\"2015 Klaus Goebel: Heinrich Wolfgang Seidel - Uckerm\u00e4rkischer Geschichtsverein zu Prenzlau e.V.\" \/>\n<meta property=\"og:description\" content=\"Klaus Goebel Heinrich Wolfgang Seidel. Drei Stunden hinter Berlin. Briefe aus dem Vikariat. Adolf-Stahr-Preis: 24.04.2015 Die Briefe von Heinrich Wolfgang Seidel wurden bereits mehrfach herausgegeben, allerdings mit bewusst ge\u00e4nderten Orts- und Personennamen. In der 2015 verlegten kommentierten Ausgabe der Briefe wurden diese von Prof. Dr. Klaus Goebel erstmals weitestgehend auf das Original zur\u00fcckgef\u00fchrt. &nbsp; Drei [&hellip;]\" \/>\n<meta property=\"og:url\" content=\"https:\/\/www.uckermaerkischer-geschichtsverein.de\/en\/aktivitaeten\/adolf-stahr-preis\/2015-klaus-goebel-heinrich-wolfgang-seidel\/\" \/>\n<meta property=\"og:site_name\" content=\"Uckerm\u00e4rkischer Geschichtsverein zu Prenzlau e.V.\" \/>\n<meta property=\"article:modified_time\" content=\"2015-04-19T20:35:42+00:00\" \/>\n<meta property=\"og:image\" content=\"https:\/\/www.uckermaerkischer-geschichtsverein.de\/wp-content\/uploads\/2015\/04\/Drei-Stunden-hinter-Berlin-2015-111x180.jpg\" \/>\n<meta name=\"twitter:label1\" content=\"Estimated reading time\" \/>\n\t<meta name=\"twitter:data1\" content=\"1 minute\" \/>\n<script type=\"application\/ld+json\" class=\"yoast-schema-graph\">{\"@context\":\"https:\/\/schema.org\",\"@graph\":[{\"@type\":\"WebPage\",\"@id\":\"https:\/\/www.uckermaerkischer-geschichtsverein.de\/aktivitaeten\/adolf-stahr-preis\/2015-klaus-goebel-heinrich-wolfgang-seidel\/\",\"url\":\"https:\/\/www.uckermaerkischer-geschichtsverein.de\/aktivitaeten\/adolf-stahr-preis\/2015-klaus-goebel-heinrich-wolfgang-seidel\/\",\"name\":\"2015 Klaus Goebel: Heinrich Wolfgang Seidel - Uckerm\u00e4rkischer Geschichtsverein zu Prenzlau e.V.\",\"isPartOf\":{\"@id\":\"https:\/\/www.uckermaerkischer-geschichtsverein.de\/#website\"},\"primaryImageOfPage\":{\"@id\":\"https:\/\/www.uckermaerkischer-geschichtsverein.de\/aktivitaeten\/adolf-stahr-preis\/2015-klaus-goebel-heinrich-wolfgang-seidel\/#primaryimage\"},\"image\":{\"@id\":\"https:\/\/www.uckermaerkischer-geschichtsverein.de\/aktivitaeten\/adolf-stahr-preis\/2015-klaus-goebel-heinrich-wolfgang-seidel\/#primaryimage\"},\"thumbnailUrl\":\"https:\/\/www.uckermaerkischer-geschichtsverein.de\/wp-content\/uploads\/2015\/04\/Drei-Stunden-hinter-Berlin-2015-111x180.jpg\",\"datePublished\":\"2015-04-07T09:58:28+00:00\",\"dateModified\":\"2015-04-19T20:35:42+00:00\",\"breadcrumb\":{\"@id\":\"https:\/\/www.uckermaerkischer-geschichtsverein.de\/aktivitaeten\/adolf-stahr-preis\/2015-klaus-goebel-heinrich-wolfgang-seidel\/#breadcrumb\"},\"inLanguage\":\"en-GB\",\"potentialAction\":[{\"@type\":\"ReadAction\",\"target\":[\"https:\/\/www.uckermaerkischer-geschichtsverein.de\/aktivitaeten\/adolf-stahr-preis\/2015-klaus-goebel-heinrich-wolfgang-seidel\/\"]}]},{\"@type\":\"ImageObject\",\"inLanguage\":\"en-GB\",\"@id\":\"https:\/\/www.uckermaerkischer-geschichtsverein.de\/aktivitaeten\/adolf-stahr-preis\/2015-klaus-goebel-heinrich-wolfgang-seidel\/#primaryimage\",\"url\":\"https:\/\/www.uckermaerkischer-geschichtsverein.de\/wp-content\/uploads\/2015\/04\/Drei-Stunden-hinter-Berlin-2015-111x180.jpg\",\"contentUrl\":\"https:\/\/www.uckermaerkischer-geschichtsverein.de\/wp-content\/uploads\/2015\/04\/Drei-Stunden-hinter-Berlin-2015-111x180.jpg\"},{\"@type\":\"BreadcrumbList\",\"@id\":\"https:\/\/www.uckermaerkischer-geschichtsverein.de\/aktivitaeten\/adolf-stahr-preis\/2015-klaus-goebel-heinrich-wolfgang-seidel\/#breadcrumb\",\"itemListElement\":[{\"@type\":\"ListItem\",\"position\":1,\"name\":\"Aktivit\u00e4ten\",\"item\":\"https:\/\/www.uckermaerkischer-geschichtsverein.de\/en\/aktivitaeten\/\"},{\"@type\":\"ListItem\",\"position\":2,\"name\":\"Adolf-Stahr-Preis\",\"item\":\"https:\/\/www.uckermaerkischer-geschichtsverein.de\/aktivitaeten\/adolf-stahr-preis\/\"},{\"@type\":\"ListItem\",\"position\":3,\"name\":\"2015 Klaus Goebel: Heinrich Wolfgang Seidel\"}]},{\"@type\":\"WebSite\",\"@id\":\"https:\/\/www.uckermaerkischer-geschichtsverein.de\/#website\",\"url\":\"https:\/\/www.uckermaerkischer-geschichtsverein.de\/\",\"name\":\"Uckerm\u00e4rkischer Geschichtsverein zu Prenzlau e.V.\",\"description\":\"\",\"potentialAction\":[{\"@type\":\"SearchAction\",\"target\":{\"@type\":\"EntryPoint\",\"urlTemplate\":\"https:\/\/www.uckermaerkischer-geschichtsverein.de\/?s={search_term_string}\"},\"query-input\":{\"@type\":\"PropertyValueSpecification\",\"valueRequired\":true,\"valueName\":\"search_term_string\"}}],\"inLanguage\":\"en-GB\"}]}<\/script>\n<!-- \/ Yoast SEO plugin. -->","yoast_head_json":{"title":"2015 Klaus Goebel: Heinrich Wolfgang Seidel - Uckerm\u00e4rkischer Geschichtsverein zu Prenzlau e.V.","robots":{"index":"index","follow":"follow","max-snippet":"max-snippet:-1","max-image-preview":"max-image-preview:large","max-video-preview":"max-video-preview:-1"},"canonical":"https:\/\/www.uckermaerkischer-geschichtsverein.de\/en\/aktivitaeten\/adolf-stahr-preis\/2015-klaus-goebel-heinrich-wolfgang-seidel\/","og_locale":"en_GB","og_type":"article","og_title":"2015 Klaus Goebel: Heinrich Wolfgang Seidel - Uckerm\u00e4rkischer Geschichtsverein zu Prenzlau e.V.","og_description":"Klaus Goebel Heinrich Wolfgang Seidel. Drei Stunden hinter Berlin. Briefe aus dem Vikariat. Adolf-Stahr-Preis: 24.04.2015 Die Briefe von Heinrich Wolfgang Seidel wurden bereits mehrfach herausgegeben, allerdings mit bewusst ge\u00e4nderten Orts- und Personennamen. In der 2015 verlegten kommentierten Ausgabe der Briefe wurden diese von Prof. Dr. Klaus Goebel erstmals weitestgehend auf das Original zur\u00fcckgef\u00fchrt. &nbsp; Drei [&hellip;]","og_url":"https:\/\/www.uckermaerkischer-geschichtsverein.de\/en\/aktivitaeten\/adolf-stahr-preis\/2015-klaus-goebel-heinrich-wolfgang-seidel\/","og_site_name":"Uckerm\u00e4rkischer Geschichtsverein zu Prenzlau e.V.","article_modified_time":"2015-04-19T20:35:42+00:00","og_image":[{"url":"https:\/\/www.uckermaerkischer-geschichtsverein.de\/wp-content\/uploads\/2015\/04\/Drei-Stunden-hinter-Berlin-2015-111x180.jpg","type":"","width":"","height":""}],"twitter_misc":{"Estimated reading time":"1 minute"},"schema":{"@context":"https:\/\/schema.org","@graph":[{"@type":"WebPage","@id":"https:\/\/www.uckermaerkischer-geschichtsverein.de\/aktivitaeten\/adolf-stahr-preis\/2015-klaus-goebel-heinrich-wolfgang-seidel\/","url":"https:\/\/www.uckermaerkischer-geschichtsverein.de\/aktivitaeten\/adolf-stahr-preis\/2015-klaus-goebel-heinrich-wolfgang-seidel\/","name":"2015 Klaus Goebel: Heinrich Wolfgang Seidel - Uckerm\u00e4rkischer Geschichtsverein zu Prenzlau e.V.","isPartOf":{"@id":"https:\/\/www.uckermaerkischer-geschichtsverein.de\/#website"},"primaryImageOfPage":{"@id":"https:\/\/www.uckermaerkischer-geschichtsverein.de\/aktivitaeten\/adolf-stahr-preis\/2015-klaus-goebel-heinrich-wolfgang-seidel\/#primaryimage"},"image":{"@id":"https:\/\/www.uckermaerkischer-geschichtsverein.de\/aktivitaeten\/adolf-stahr-preis\/2015-klaus-goebel-heinrich-wolfgang-seidel\/#primaryimage"},"thumbnailUrl":"https:\/\/www.uckermaerkischer-geschichtsverein.de\/wp-content\/uploads\/2015\/04\/Drei-Stunden-hinter-Berlin-2015-111x180.jpg","datePublished":"2015-04-07T09:58:28+00:00","dateModified":"2015-04-19T20:35:42+00:00","breadcrumb":{"@id":"https:\/\/www.uckermaerkischer-geschichtsverein.de\/aktivitaeten\/adolf-stahr-preis\/2015-klaus-goebel-heinrich-wolfgang-seidel\/#breadcrumb"},"inLanguage":"en-GB","potentialAction":[{"@type":"ReadAction","target":["https:\/\/www.uckermaerkischer-geschichtsverein.de\/aktivitaeten\/adolf-stahr-preis\/2015-klaus-goebel-heinrich-wolfgang-seidel\/"]}]},{"@type":"ImageObject","inLanguage":"en-GB","@id":"https:\/\/www.uckermaerkischer-geschichtsverein.de\/aktivitaeten\/adolf-stahr-preis\/2015-klaus-goebel-heinrich-wolfgang-seidel\/#primaryimage","url":"https:\/\/www.uckermaerkischer-geschichtsverein.de\/wp-content\/uploads\/2015\/04\/Drei-Stunden-hinter-Berlin-2015-111x180.jpg","contentUrl":"https:\/\/www.uckermaerkischer-geschichtsverein.de\/wp-content\/uploads\/2015\/04\/Drei-Stunden-hinter-Berlin-2015-111x180.jpg"},{"@type":"BreadcrumbList","@id":"https:\/\/www.uckermaerkischer-geschichtsverein.de\/aktivitaeten\/adolf-stahr-preis\/2015-klaus-goebel-heinrich-wolfgang-seidel\/#breadcrumb","itemListElement":[{"@type":"ListItem","position":1,"name":"Aktivit\u00e4ten","item":"https:\/\/www.uckermaerkischer-geschichtsverein.de\/en\/aktivitaeten\/"},{"@type":"ListItem","position":2,"name":"Adolf-Stahr-Preis","item":"https:\/\/www.uckermaerkischer-geschichtsverein.de\/aktivitaeten\/adolf-stahr-preis\/"},{"@type":"ListItem","position":3,"name":"2015 Klaus Goebel: Heinrich Wolfgang Seidel"}]},{"@type":"WebSite","@id":"https:\/\/www.uckermaerkischer-geschichtsverein.de\/#website","url":"https:\/\/www.uckermaerkischer-geschichtsverein.de\/","name":"Uckerm\u00e4rkischer Geschichtsverein zu Prenzlau e.V.","description":"","potentialAction":[{"@type":"SearchAction","target":{"@type":"EntryPoint","urlTemplate":"https:\/\/www.uckermaerkischer-geschichtsverein.de\/?s={search_term_string}"},"query-input":{"@type":"PropertyValueSpecification","valueRequired":true,"valueName":"search_term_string"}}],"inLanguage":"en-GB"}]}},"_links":{"self":[{"href":"https:\/\/www.uckermaerkischer-geschichtsverein.de\/en\/wp-json\/wp\/v2\/pages\/5523","targetHints":{"allow":["GET"]}}],"collection":[{"href":"https:\/\/www.uckermaerkischer-geschichtsverein.de\/en\/wp-json\/wp\/v2\/pages"}],"about":[{"href":"https:\/\/www.uckermaerkischer-geschichtsverein.de\/en\/wp-json\/wp\/v2\/types\/page"}],"author":[{"embeddable":true,"href":"https:\/\/www.uckermaerkischer-geschichtsverein.de\/en\/wp-json\/wp\/v2\/users\/1"}],"replies":[{"embeddable":true,"href":"https:\/\/www.uckermaerkischer-geschichtsverein.de\/en\/wp-json\/wp\/v2\/comments?post=5523"}],"version-history":[{"count":3,"href":"https:\/\/www.uckermaerkischer-geschichtsverein.de\/en\/wp-json\/wp\/v2\/pages\/5523\/revisions"}],"predecessor-version":[{"id":7529,"href":"https:\/\/www.uckermaerkischer-geschichtsverein.de\/en\/wp-json\/wp\/v2\/pages\/5523\/revisions\/7529"}],"up":[{"embeddable":true,"href":"https:\/\/www.uckermaerkischer-geschichtsverein.de\/en\/wp-json\/wp\/v2\/pages\/198"}],"wp:attachment":[{"href":"https:\/\/www.uckermaerkischer-geschichtsverein.de\/en\/wp-json\/wp\/v2\/media?parent=5523"}],"curies":[{"name":"wp","href":"https:\/\/api.w.org\/{rel}","templated":true}]}}