{"id":5296,"date":"2015-01-07T21:16:13","date_gmt":"2015-01-07T19:16:13","guid":{"rendered":"https:\/\/www.uckermaerkischer-geschichtsverein.de\/?page_id=5296"},"modified":"2015-01-07T21:16:13","modified_gmt":"2015-01-07T19:16:13","slug":"2005-gerhard-kegel-erhaelt-den-kulturpreis-der-stadt-buchholz","status":"publish","type":"page","link":"https:\/\/www.uckermaerkischer-geschichtsverein.de\/en\/aktivitaeten\/ehrungen\/ehrungen-von-mitgliedern-des-ugvp\/2005-gerhard-kegel-erhaelt-den-kulturpreis-der-stadt-buchholz\/","title":{"rendered":"2005 Gerhard Kegel erh\u00e4lt den Kulturpreis der Stadt Buchholz"},"content":{"rendered":"<p><strong>Gerhard Kegel erh\u00e4lt den Kulturpreis der Stadt Buchholz<\/strong><\/p>\n<p>Unserem Ehrenmitglied Gerhard Kegel (1934\u20132008) wurde f\u00fcr seine Verdienste um die Kunst und Kultur von Buchholz und Umgebung 2005 der neunte, mit 2.550 \u20ac dotierte, alle drei Jahre vergebene \u201eKulturpreis der Stadt Buchholz\u201c verliehen.<\/p>\n<p>Damit w\u00fcrdigte die Stadt das jahrzehntelange Wirken Kegels um die Kunst und Kultur in Buchholz und Umgebung. Als besondere Leistungen wurden das Wirken des 1974 von ihm gegr\u00fcndeten \u201eGeschichts- und Museumsverein Buchholz\u201c, seine zahlreichen Publikationen und stetige \u00d6ffentlichkeitsarbeit herausgestellt.<\/p>\n<p>500 \u20ac des Preisgeldes spendete Kegel f\u00fcr die kurzzeitig von Heinrich Himmler genutzte, denkmalgesch\u00fctzte Baracke in Birkenhain.<\/p>\n<div id=\"attachment_5297\" style=\"width: 430px\" class=\"wp-caption alignleft\"><a href=\"https:\/\/www.uckermaerkischer-geschichtsverein.de\/wp-content\/uploads\/2015\/01\/Wochenblatt_2005-09-29.jpg\" rel=\"lightbox[5296]\"><img loading=\"lazy\" decoding=\"async\" aria-describedby=\"caption-attachment-5297\" class=\"wp-image-5297\" src=\"https:\/\/www.uckermaerkischer-geschichtsverein.de\/wp-content\/uploads\/2015\/01\/Wochenblatt_2005-09-29.jpg\" alt=\"Artikel aus: Kreiszeitung \u201eWochenblatt\u201c vom 29.09.2005\" width=\"420\" height=\"439\" srcset=\"https:\/\/www.uckermaerkischer-geschichtsverein.de\/wp-content\/uploads\/2015\/01\/Wochenblatt_2005-09-29.jpg 870w, https:\/\/www.uckermaerkischer-geschichtsverein.de\/wp-content\/uploads\/2015\/01\/Wochenblatt_2005-09-29-128x134.jpg 128w\" sizes=\"auto, (max-width: 420px) 100vw, 420px\" \/><\/a><p id=\"caption-attachment-5297\" class=\"wp-caption-text\">Artikel aus: Kreiszeitung \u201eWochenblatt\u201c vom 29.09.2005<\/p><\/div>\n<p>&nbsp;<\/p>\n","protected":false},"excerpt":{"rendered":"<p>Gerhard Kegel erh\u00e4lt den Kulturpreis der Stadt Buchholz Unserem Ehrenmitglied Gerhard Kegel (1934\u20132008) wurde f\u00fcr seine Verdienste um die Kunst und Kultur von Buchholz und Umgebung 2005 der neunte, mit 2.550 \u20ac dotierte, alle drei Jahre vergebene \u201eKulturpreis der Stadt Buchholz\u201c verliehen. Damit w\u00fcrdigte die Stadt das jahrzehntelange Wirken Kegels um die Kunst und Kultur [&hellip;]<\/p>\n","protected":false},"author":1,"featured_media":0,"parent":1951,"menu_order":0,"comment_status":"closed","ping_status":"closed","template":"","meta":{"footnotes":""},"class_list":["post-5296","page","type-page","status-publish","hentry"],"yoast_head":"<!-- This site is optimized with the Yoast SEO plugin v27.2 - https:\/\/yoast.com\/product\/yoast-seo-wordpress\/ -->\n<title>2005 Gerhard Kegel erh\u00e4lt den Kulturpreis der Stadt Buchholz - Uckerm\u00e4rkischer Geschichtsverein zu Prenzlau e.V.<\/title>\n<meta name=\"robots\" content=\"index, follow, max-snippet:-1, max-image-preview:large, max-video-preview:-1\" \/>\n<link rel=\"canonical\" href=\"https:\/\/www.uckermaerkischer-geschichtsverein.de\/en\/aktivitaeten\/ehrungen\/ehrungen-von-mitgliedern-des-ugvp\/2005-gerhard-kegel-erhaelt-den-kulturpreis-der-stadt-buchholz\/\" \/>\n<meta property=\"og:locale\" content=\"en_GB\" \/>\n<meta property=\"og:type\" content=\"article\" \/>\n<meta property=\"og:title\" content=\"2005 Gerhard Kegel erh\u00e4lt den Kulturpreis der Stadt Buchholz - Uckerm\u00e4rkischer Geschichtsverein zu Prenzlau e.V.\" \/>\n<meta property=\"og:description\" content=\"Gerhard Kegel erh\u00e4lt den Kulturpreis der Stadt Buchholz Unserem Ehrenmitglied Gerhard Kegel (1934\u20132008) wurde f\u00fcr seine Verdienste um die Kunst und Kultur von Buchholz und Umgebung 2005 der neunte, mit 2.550 \u20ac dotierte, alle drei Jahre vergebene \u201eKulturpreis der Stadt Buchholz\u201c verliehen. Damit w\u00fcrdigte die Stadt das jahrzehntelange Wirken Kegels um die Kunst und Kultur [&hellip;]\" \/>\n<meta property=\"og:url\" content=\"https:\/\/www.uckermaerkischer-geschichtsverein.de\/en\/aktivitaeten\/ehrungen\/ehrungen-von-mitgliedern-des-ugvp\/2005-gerhard-kegel-erhaelt-den-kulturpreis-der-stadt-buchholz\/\" \/>\n<meta property=\"og:site_name\" content=\"Uckerm\u00e4rkischer Geschichtsverein zu Prenzlau e.V.\" \/>\n<meta property=\"og:image\" content=\"https:\/\/www.uckermaerkischer-geschichtsverein.de\/wp-content\/uploads\/2015\/01\/Wochenblatt_2005-09-29.jpg\" \/>\n<meta name=\"twitter:label1\" content=\"Estimated reading time\" \/>\n\t<meta name=\"twitter:data1\" content=\"1 minute\" \/>\n<script type=\"application\/ld+json\" class=\"yoast-schema-graph\">{\"@context\":\"https:\/\/schema.org\",\"@graph\":[{\"@type\":\"WebPage\",\"@id\":\"https:\/\/www.uckermaerkischer-geschichtsverein.de\/aktivitaeten\/ehrungen\/ehrungen-von-mitgliedern-des-ugvp\/2005-gerhard-kegel-erhaelt-den-kulturpreis-der-stadt-buchholz\/\",\"url\":\"https:\/\/www.uckermaerkischer-geschichtsverein.de\/aktivitaeten\/ehrungen\/ehrungen-von-mitgliedern-des-ugvp\/2005-gerhard-kegel-erhaelt-den-kulturpreis-der-stadt-buchholz\/\",\"name\":\"2005 Gerhard Kegel erh\u00e4lt den Kulturpreis der Stadt Buchholz - Uckerm\u00e4rkischer Geschichtsverein zu Prenzlau e.V.\",\"isPartOf\":{\"@id\":\"https:\/\/www.uckermaerkischer-geschichtsverein.de\/#website\"},\"primaryImageOfPage\":{\"@id\":\"https:\/\/www.uckermaerkischer-geschichtsverein.de\/aktivitaeten\/ehrungen\/ehrungen-von-mitgliedern-des-ugvp\/2005-gerhard-kegel-erhaelt-den-kulturpreis-der-stadt-buchholz\/#primaryimage\"},\"image\":{\"@id\":\"https:\/\/www.uckermaerkischer-geschichtsverein.de\/aktivitaeten\/ehrungen\/ehrungen-von-mitgliedern-des-ugvp\/2005-gerhard-kegel-erhaelt-den-kulturpreis-der-stadt-buchholz\/#primaryimage\"},\"thumbnailUrl\":\"https:\/\/www.uckermaerkischer-geschichtsverein.de\/wp-content\/uploads\/2015\/01\/Wochenblatt_2005-09-29.jpg\",\"datePublished\":\"2015-01-07T19:16:13+00:00\",\"breadcrumb\":{\"@id\":\"https:\/\/www.uckermaerkischer-geschichtsverein.de\/aktivitaeten\/ehrungen\/ehrungen-von-mitgliedern-des-ugvp\/2005-gerhard-kegel-erhaelt-den-kulturpreis-der-stadt-buchholz\/#breadcrumb\"},\"inLanguage\":\"en-GB\",\"potentialAction\":[{\"@type\":\"ReadAction\",\"target\":[\"https:\/\/www.uckermaerkischer-geschichtsverein.de\/aktivitaeten\/ehrungen\/ehrungen-von-mitgliedern-des-ugvp\/2005-gerhard-kegel-erhaelt-den-kulturpreis-der-stadt-buchholz\/\"]}]},{\"@type\":\"ImageObject\",\"inLanguage\":\"en-GB\",\"@id\":\"https:\/\/www.uckermaerkischer-geschichtsverein.de\/aktivitaeten\/ehrungen\/ehrungen-von-mitgliedern-des-ugvp\/2005-gerhard-kegel-erhaelt-den-kulturpreis-der-stadt-buchholz\/#primaryimage\",\"url\":\"https:\/\/www.uckermaerkischer-geschichtsverein.de\/wp-content\/uploads\/2015\/01\/Wochenblatt_2005-09-29.jpg\",\"contentUrl\":\"https:\/\/www.uckermaerkischer-geschichtsverein.de\/wp-content\/uploads\/2015\/01\/Wochenblatt_2005-09-29.jpg\"},{\"@type\":\"BreadcrumbList\",\"@id\":\"https:\/\/www.uckermaerkischer-geschichtsverein.de\/aktivitaeten\/ehrungen\/ehrungen-von-mitgliedern-des-ugvp\/2005-gerhard-kegel-erhaelt-den-kulturpreis-der-stadt-buchholz\/#breadcrumb\",\"itemListElement\":[{\"@type\":\"ListItem\",\"position\":1,\"name\":\"Aktivit\u00e4ten\",\"item\":\"https:\/\/www.uckermaerkischer-geschichtsverein.de\/en\/aktivitaeten\/\"},{\"@type\":\"ListItem\",\"position\":2,\"name\":\"Ehrungen\",\"item\":\"https:\/\/www.uckermaerkischer-geschichtsverein.de\/en\/aktivitaeten\/ehrungen\/\"},{\"@type\":\"ListItem\",\"position\":3,\"name\":\"Ehrungen von Mitgliedern des UGVP\",\"item\":\"https:\/\/www.uckermaerkischer-geschichtsverein.de\/aktivitaeten\/ehrungen\/ehrungen-von-mitgliedern-des-ugvp\/\"},{\"@type\":\"ListItem\",\"position\":4,\"name\":\"2005 Gerhard Kegel erh\u00e4lt den Kulturpreis der Stadt Buchholz\"}]},{\"@type\":\"WebSite\",\"@id\":\"https:\/\/www.uckermaerkischer-geschichtsverein.de\/#website\",\"url\":\"https:\/\/www.uckermaerkischer-geschichtsverein.de\/\",\"name\":\"Uckerm\u00e4rkischer Geschichtsverein zu Prenzlau e.V.\",\"description\":\"\",\"potentialAction\":[{\"@type\":\"SearchAction\",\"target\":{\"@type\":\"EntryPoint\",\"urlTemplate\":\"https:\/\/www.uckermaerkischer-geschichtsverein.de\/?s={search_term_string}\"},\"query-input\":{\"@type\":\"PropertyValueSpecification\",\"valueRequired\":true,\"valueName\":\"search_term_string\"}}],\"inLanguage\":\"en-GB\"}]}<\/script>\n<!-- \/ Yoast SEO plugin. -->","yoast_head_json":{"title":"2005 Gerhard Kegel erh\u00e4lt den Kulturpreis der Stadt Buchholz - Uckerm\u00e4rkischer Geschichtsverein zu Prenzlau e.V.","robots":{"index":"index","follow":"follow","max-snippet":"max-snippet:-1","max-image-preview":"max-image-preview:large","max-video-preview":"max-video-preview:-1"},"canonical":"https:\/\/www.uckermaerkischer-geschichtsverein.de\/en\/aktivitaeten\/ehrungen\/ehrungen-von-mitgliedern-des-ugvp\/2005-gerhard-kegel-erhaelt-den-kulturpreis-der-stadt-buchholz\/","og_locale":"en_GB","og_type":"article","og_title":"2005 Gerhard Kegel erh\u00e4lt den Kulturpreis der Stadt Buchholz - Uckerm\u00e4rkischer Geschichtsverein zu Prenzlau e.V.","og_description":"Gerhard Kegel erh\u00e4lt den Kulturpreis der Stadt Buchholz Unserem Ehrenmitglied Gerhard Kegel (1934\u20132008) wurde f\u00fcr seine Verdienste um die Kunst und Kultur von Buchholz und Umgebung 2005 der neunte, mit 2.550 \u20ac dotierte, alle drei Jahre vergebene \u201eKulturpreis der Stadt Buchholz\u201c verliehen. Damit w\u00fcrdigte die Stadt das jahrzehntelange Wirken Kegels um die Kunst und Kultur [&hellip;]","og_url":"https:\/\/www.uckermaerkischer-geschichtsverein.de\/en\/aktivitaeten\/ehrungen\/ehrungen-von-mitgliedern-des-ugvp\/2005-gerhard-kegel-erhaelt-den-kulturpreis-der-stadt-buchholz\/","og_site_name":"Uckerm\u00e4rkischer Geschichtsverein zu Prenzlau e.V.","og_image":[{"url":"https:\/\/www.uckermaerkischer-geschichtsverein.de\/wp-content\/uploads\/2015\/01\/Wochenblatt_2005-09-29.jpg","type":"","width":"","height":""}],"twitter_misc":{"Estimated reading time":"1 minute"},"schema":{"@context":"https:\/\/schema.org","@graph":[{"@type":"WebPage","@id":"https:\/\/www.uckermaerkischer-geschichtsverein.de\/aktivitaeten\/ehrungen\/ehrungen-von-mitgliedern-des-ugvp\/2005-gerhard-kegel-erhaelt-den-kulturpreis-der-stadt-buchholz\/","url":"https:\/\/www.uckermaerkischer-geschichtsverein.de\/aktivitaeten\/ehrungen\/ehrungen-von-mitgliedern-des-ugvp\/2005-gerhard-kegel-erhaelt-den-kulturpreis-der-stadt-buchholz\/","name":"2005 Gerhard Kegel erh\u00e4lt den Kulturpreis der Stadt Buchholz - Uckerm\u00e4rkischer Geschichtsverein zu Prenzlau e.V.","isPartOf":{"@id":"https:\/\/www.uckermaerkischer-geschichtsverein.de\/#website"},"primaryImageOfPage":{"@id":"https:\/\/www.uckermaerkischer-geschichtsverein.de\/aktivitaeten\/ehrungen\/ehrungen-von-mitgliedern-des-ugvp\/2005-gerhard-kegel-erhaelt-den-kulturpreis-der-stadt-buchholz\/#primaryimage"},"image":{"@id":"https:\/\/www.uckermaerkischer-geschichtsverein.de\/aktivitaeten\/ehrungen\/ehrungen-von-mitgliedern-des-ugvp\/2005-gerhard-kegel-erhaelt-den-kulturpreis-der-stadt-buchholz\/#primaryimage"},"thumbnailUrl":"https:\/\/www.uckermaerkischer-geschichtsverein.de\/wp-content\/uploads\/2015\/01\/Wochenblatt_2005-09-29.jpg","datePublished":"2015-01-07T19:16:13+00:00","breadcrumb":{"@id":"https:\/\/www.uckermaerkischer-geschichtsverein.de\/aktivitaeten\/ehrungen\/ehrungen-von-mitgliedern-des-ugvp\/2005-gerhard-kegel-erhaelt-den-kulturpreis-der-stadt-buchholz\/#breadcrumb"},"inLanguage":"en-GB","potentialAction":[{"@type":"ReadAction","target":["https:\/\/www.uckermaerkischer-geschichtsverein.de\/aktivitaeten\/ehrungen\/ehrungen-von-mitgliedern-des-ugvp\/2005-gerhard-kegel-erhaelt-den-kulturpreis-der-stadt-buchholz\/"]}]},{"@type":"ImageObject","inLanguage":"en-GB","@id":"https:\/\/www.uckermaerkischer-geschichtsverein.de\/aktivitaeten\/ehrungen\/ehrungen-von-mitgliedern-des-ugvp\/2005-gerhard-kegel-erhaelt-den-kulturpreis-der-stadt-buchholz\/#primaryimage","url":"https:\/\/www.uckermaerkischer-geschichtsverein.de\/wp-content\/uploads\/2015\/01\/Wochenblatt_2005-09-29.jpg","contentUrl":"https:\/\/www.uckermaerkischer-geschichtsverein.de\/wp-content\/uploads\/2015\/01\/Wochenblatt_2005-09-29.jpg"},{"@type":"BreadcrumbList","@id":"https:\/\/www.uckermaerkischer-geschichtsverein.de\/aktivitaeten\/ehrungen\/ehrungen-von-mitgliedern-des-ugvp\/2005-gerhard-kegel-erhaelt-den-kulturpreis-der-stadt-buchholz\/#breadcrumb","itemListElement":[{"@type":"ListItem","position":1,"name":"Aktivit\u00e4ten","item":"https:\/\/www.uckermaerkischer-geschichtsverein.de\/en\/aktivitaeten\/"},{"@type":"ListItem","position":2,"name":"Ehrungen","item":"https:\/\/www.uckermaerkischer-geschichtsverein.de\/en\/aktivitaeten\/ehrungen\/"},{"@type":"ListItem","position":3,"name":"Ehrungen von Mitgliedern des UGVP","item":"https:\/\/www.uckermaerkischer-geschichtsverein.de\/aktivitaeten\/ehrungen\/ehrungen-von-mitgliedern-des-ugvp\/"},{"@type":"ListItem","position":4,"name":"2005 Gerhard Kegel erh\u00e4lt den Kulturpreis der Stadt Buchholz"}]},{"@type":"WebSite","@id":"https:\/\/www.uckermaerkischer-geschichtsverein.de\/#website","url":"https:\/\/www.uckermaerkischer-geschichtsverein.de\/","name":"Uckerm\u00e4rkischer Geschichtsverein zu Prenzlau e.V.","description":"","potentialAction":[{"@type":"SearchAction","target":{"@type":"EntryPoint","urlTemplate":"https:\/\/www.uckermaerkischer-geschichtsverein.de\/?s={search_term_string}"},"query-input":{"@type":"PropertyValueSpecification","valueRequired":true,"valueName":"search_term_string"}}],"inLanguage":"en-GB"}]}},"_links":{"self":[{"href":"https:\/\/www.uckermaerkischer-geschichtsverein.de\/en\/wp-json\/wp\/v2\/pages\/5296","targetHints":{"allow":["GET"]}}],"collection":[{"href":"https:\/\/www.uckermaerkischer-geschichtsverein.de\/en\/wp-json\/wp\/v2\/pages"}],"about":[{"href":"https:\/\/www.uckermaerkischer-geschichtsverein.de\/en\/wp-json\/wp\/v2\/types\/page"}],"author":[{"embeddable":true,"href":"https:\/\/www.uckermaerkischer-geschichtsverein.de\/en\/wp-json\/wp\/v2\/users\/1"}],"replies":[{"embeddable":true,"href":"https:\/\/www.uckermaerkischer-geschichtsverein.de\/en\/wp-json\/wp\/v2\/comments?post=5296"}],"version-history":[{"count":1,"href":"https:\/\/www.uckermaerkischer-geschichtsverein.de\/en\/wp-json\/wp\/v2\/pages\/5296\/revisions"}],"predecessor-version":[{"id":5298,"href":"https:\/\/www.uckermaerkischer-geschichtsverein.de\/en\/wp-json\/wp\/v2\/pages\/5296\/revisions\/5298"}],"up":[{"embeddable":true,"href":"https:\/\/www.uckermaerkischer-geschichtsverein.de\/en\/wp-json\/wp\/v2\/pages\/1951"}],"wp:attachment":[{"href":"https:\/\/www.uckermaerkischer-geschichtsverein.de\/en\/wp-json\/wp\/v2\/media?parent=5296"}],"curies":[{"name":"wp","href":"https:\/\/api.w.org\/{rel}","templated":true}]}}