{"id":5146,"date":"2014-10-08T22:34:29","date_gmt":"2014-10-08T20:34:29","guid":{"rendered":"https:\/\/www.uckermaerkischer-geschichtsverein.de\/?page_id=5146"},"modified":"2014-10-16T15:51:18","modified_gmt":"2014-10-16T13:51:18","slug":"2014-lilli-gramke","status":"publish","type":"page","link":"https:\/\/www.uckermaerkischer-geschichtsverein.de\/en\/aktivitaeten\/ehrungen\/ehrungen-von-mitgliedern-des-ugvp\/2014-lilli-gramke\/","title":{"rendered":"2014 Lilli Gramke"},"content":{"rendered":"<p><strong>Preis des Landkreises Uckermark 2014<\/strong><\/p>\n<p>Am 03.10.2014 verlieh der uckerm\u00e4rkische Landrat Dietmar Schulze unserem Vereinsmitglied Frau Lilli Gramke, L\u00fcbeck, anl\u00e4sslich des Tages der Deutschen Einheit den \u201ePreis des Landkreises Uckermark\u201c. Mit dem Preis werden Menschen geehrt, die sich mit gro\u00dfem pers\u00f6nlichem Engagement um die Gestaltung des Zusammenwachsens von Ost und West und um die Entwicklung des Landkreises verdient gemacht haben.<\/p>\n<p>Lilli Gramke wurde am 12.09.1928 in Sagard\/R\u00fcgen geboren. Mit zwei Jahren kam sie nach Prenzlau, wo ihr Vater, Dr. Herbert Modrow, eine Allgemeinarztpraxis \u00fcbernahm. Sie verlebte ihre Kinder- und Jugendzeit in Prenzlau bis zur Flucht im April 1945. Damals gelangte sie \u00fcber Flensburg nach L\u00fcbeck, wo sie ihre Angeh\u00f6rigen wiederfand. Sp\u00e4ter heiratete sie Rudolf (Rolf) Gramke aus Prenzlau (1999 verstorben) und lebt bis heute in L\u00fcbeck. Die Familie Modrow sowie Rolf Gramke hatten guten Kontakt zu Frau Dr. Lena Ohnesorge, die sich in L\u00fcbeck um die Belange der Fl\u00fcchtlinge k\u00fcmmerte. Nach einem informellen Treffen 1947 fand 1949 das Gr\u00fcndungstreffen des \u201eHeimatkreises Prenzlau\u201c in L\u00fcbeck statt. Erste Betreuerin war Frau Dr. Lena Ohnesorge. Rolf und Lilli Gramke unterst\u00fctzten sie schon damals bei der Organisation. Das Ehepaar hielt auch vor der Wende stets Kontakt mit ihrer Heimatstadt Prenzlau. Nach \u00dcbernahme der Heimatkreisbetreuung 1989 durch Rudolf Gramke unterst\u00fctzte Lilli Gramke intensiv ihren Mann bei Organisation, Reisen und Projektarbeiten und betrieb mit ihm die Ansiedlung des HK, also die R\u00fcckkehr, nach Prenzlau. 1993 konnten sie das erste HK-Treffen im AWP-Saal in Prenzlau er\u00f6ffnen. Nach dem Tode ihres Mannes 1999, der folgenden HK-Betreuung durch Dr. Gerta Uhlig-Ohnesorge und deren pl\u00f6tzlichen Tod 2003 \u00fcbernahm sie selbst 2003 bis heute die Betreuung in Zusammenarbeit mit Prof. Dr. Christian Uhlig. Sie ist die \u201eGrande Dame\u201c des Heimatkreises, von allen respektiert und immer bem\u00fcht, ihre Landsleute zu Spenden, \u00dcbergabe von Materialien und Nachl\u00e4ssen an die st\u00e4dtischen Einrichtungen und den UGVP zu ermuntern.<\/p>\n<p>Dr. Matthias Schulz \/ J\u00fcrgen Theil<\/p>\n<div id=\"attachment_5167\" style=\"width: 432px\" class=\"wp-caption alignleft\"><a href=\"https:\/\/www.uckermaerkischer-geschichtsverein.de\/wp-content\/uploads\/2014\/10\/Gramke_Rodinger_10-10-2014.jpg\" rel=\"lightbox[5146]\"><img loading=\"lazy\" decoding=\"async\" aria-describedby=\"caption-attachment-5167\" class=\"wp-image-5167\" src=\"https:\/\/www.uckermaerkischer-geschichtsverein.de\/wp-content\/uploads\/2014\/10\/Gramke_Rodinger_10-10-2014-1024x912.jpg\" alt=\"Rodinger, Stadtanzeiger f\u00fcr Prenzlau und Ortsteile (vom 10.10.2014)   \" width=\"422\" height=\"376\" srcset=\"https:\/\/www.uckermaerkischer-geschichtsverein.de\/wp-content\/uploads\/2014\/10\/Gramke_Rodinger_10-10-2014-1024x912.jpg 1024w, https:\/\/www.uckermaerkischer-geschichtsverein.de\/wp-content\/uploads\/2014\/10\/Gramke_Rodinger_10-10-2014-128x114.jpg 128w, https:\/\/www.uckermaerkischer-geschichtsverein.de\/wp-content\/uploads\/2014\/10\/Gramke_Rodinger_10-10-2014.jpg 1487w\" sizes=\"auto, (max-width: 422px) 100vw, 422px\" \/><\/a><p id=\"caption-attachment-5167\" class=\"wp-caption-text\">Rodinger, Stadtanzeiger f\u00fcr Prenzlau und Ortsteile (vom 10.10.2014)<\/p><\/div>\n","protected":false},"excerpt":{"rendered":"<p>Preis des Landkreises Uckermark 2014 Am 03.10.2014 verlieh der uckerm\u00e4rkische Landrat Dietmar Schulze unserem Vereinsmitglied Frau Lilli Gramke, L\u00fcbeck, anl\u00e4sslich des Tages der Deutschen Einheit den \u201ePreis des Landkreises Uckermark\u201c. Mit dem Preis werden Menschen geehrt, die sich mit gro\u00dfem pers\u00f6nlichem Engagement um die Gestaltung des Zusammenwachsens von Ost und West und um die Entwicklung [&hellip;]<\/p>\n","protected":false},"author":1,"featured_media":0,"parent":1951,"menu_order":0,"comment_status":"closed","ping_status":"closed","template":"","meta":{"footnotes":""},"class_list":["post-5146","page","type-page","status-publish","hentry"],"yoast_head":"<!-- This site is optimized with the Yoast SEO plugin v27.2 - https:\/\/yoast.com\/product\/yoast-seo-wordpress\/ -->\n<title>2014 Lilli Gramke  - Uckerm\u00e4rkischer Geschichtsverein zu Prenzlau e.V.<\/title>\n<meta name=\"robots\" content=\"index, follow, max-snippet:-1, max-image-preview:large, max-video-preview:-1\" \/>\n<link rel=\"canonical\" href=\"https:\/\/www.uckermaerkischer-geschichtsverein.de\/en\/aktivitaeten\/ehrungen\/ehrungen-von-mitgliedern-des-ugvp\/2014-lilli-gramke\/\" \/>\n<meta property=\"og:locale\" content=\"en_GB\" \/>\n<meta property=\"og:type\" content=\"article\" \/>\n<meta property=\"og:title\" content=\"2014 Lilli Gramke  - Uckerm\u00e4rkischer Geschichtsverein zu Prenzlau e.V.\" \/>\n<meta property=\"og:description\" content=\"Preis des Landkreises Uckermark 2014 Am 03.10.2014 verlieh der uckerm\u00e4rkische Landrat Dietmar Schulze unserem Vereinsmitglied Frau Lilli Gramke, L\u00fcbeck, anl\u00e4sslich des Tages der Deutschen Einheit den \u201ePreis des Landkreises Uckermark\u201c. Mit dem Preis werden Menschen geehrt, die sich mit gro\u00dfem pers\u00f6nlichem Engagement um die Gestaltung des Zusammenwachsens von Ost und West und um die Entwicklung [&hellip;]\" \/>\n<meta property=\"og:url\" content=\"https:\/\/www.uckermaerkischer-geschichtsverein.de\/en\/aktivitaeten\/ehrungen\/ehrungen-von-mitgliedern-des-ugvp\/2014-lilli-gramke\/\" \/>\n<meta property=\"og:site_name\" content=\"Uckerm\u00e4rkischer Geschichtsverein zu Prenzlau e.V.\" \/>\n<meta property=\"article:modified_time\" content=\"2014-10-16T13:51:18+00:00\" \/>\n<meta property=\"og:image\" content=\"https:\/\/www.uckermaerkischer-geschichtsverein.de\/wp-content\/uploads\/2014\/10\/Gramke_Rodinger_10-10-2014-1024x912.jpg\" \/>\n<meta name=\"twitter:label1\" content=\"Estimated reading time\" \/>\n\t<meta name=\"twitter:data1\" content=\"2 minutes\" \/>\n<script type=\"application\/ld+json\" class=\"yoast-schema-graph\">{\"@context\":\"https:\/\/schema.org\",\"@graph\":[{\"@type\":\"WebPage\",\"@id\":\"https:\/\/www.uckermaerkischer-geschichtsverein.de\/aktivitaeten\/ehrungen\/ehrungen-von-mitgliedern-des-ugvp\/2014-lilli-gramke\/\",\"url\":\"https:\/\/www.uckermaerkischer-geschichtsverein.de\/aktivitaeten\/ehrungen\/ehrungen-von-mitgliedern-des-ugvp\/2014-lilli-gramke\/\",\"name\":\"2014 Lilli Gramke - Uckerm\u00e4rkischer Geschichtsverein zu Prenzlau e.V.\",\"isPartOf\":{\"@id\":\"https:\/\/www.uckermaerkischer-geschichtsverein.de\/#website\"},\"primaryImageOfPage\":{\"@id\":\"https:\/\/www.uckermaerkischer-geschichtsverein.de\/aktivitaeten\/ehrungen\/ehrungen-von-mitgliedern-des-ugvp\/2014-lilli-gramke\/#primaryimage\"},\"image\":{\"@id\":\"https:\/\/www.uckermaerkischer-geschichtsverein.de\/aktivitaeten\/ehrungen\/ehrungen-von-mitgliedern-des-ugvp\/2014-lilli-gramke\/#primaryimage\"},\"thumbnailUrl\":\"https:\/\/www.uckermaerkischer-geschichtsverein.de\/wp-content\/uploads\/2014\/10\/Gramke_Rodinger_10-10-2014-1024x912.jpg\",\"datePublished\":\"2014-10-08T20:34:29+00:00\",\"dateModified\":\"2014-10-16T13:51:18+00:00\",\"breadcrumb\":{\"@id\":\"https:\/\/www.uckermaerkischer-geschichtsverein.de\/aktivitaeten\/ehrungen\/ehrungen-von-mitgliedern-des-ugvp\/2014-lilli-gramke\/#breadcrumb\"},\"inLanguage\":\"en-GB\",\"potentialAction\":[{\"@type\":\"ReadAction\",\"target\":[\"https:\/\/www.uckermaerkischer-geschichtsverein.de\/aktivitaeten\/ehrungen\/ehrungen-von-mitgliedern-des-ugvp\/2014-lilli-gramke\/\"]}]},{\"@type\":\"ImageObject\",\"inLanguage\":\"en-GB\",\"@id\":\"https:\/\/www.uckermaerkischer-geschichtsverein.de\/aktivitaeten\/ehrungen\/ehrungen-von-mitgliedern-des-ugvp\/2014-lilli-gramke\/#primaryimage\",\"url\":\"https:\/\/www.uckermaerkischer-geschichtsverein.de\/wp-content\/uploads\/2014\/10\/Gramke_Rodinger_10-10-2014-1024x912.jpg\",\"contentUrl\":\"https:\/\/www.uckermaerkischer-geschichtsverein.de\/wp-content\/uploads\/2014\/10\/Gramke_Rodinger_10-10-2014-1024x912.jpg\"},{\"@type\":\"BreadcrumbList\",\"@id\":\"https:\/\/www.uckermaerkischer-geschichtsverein.de\/aktivitaeten\/ehrungen\/ehrungen-von-mitgliedern-des-ugvp\/2014-lilli-gramke\/#breadcrumb\",\"itemListElement\":[{\"@type\":\"ListItem\",\"position\":1,\"name\":\"Aktivit\u00e4ten\",\"item\":\"https:\/\/www.uckermaerkischer-geschichtsverein.de\/en\/aktivitaeten\/\"},{\"@type\":\"ListItem\",\"position\":2,\"name\":\"Ehrungen\",\"item\":\"https:\/\/www.uckermaerkischer-geschichtsverein.de\/en\/aktivitaeten\/ehrungen\/\"},{\"@type\":\"ListItem\",\"position\":3,\"name\":\"Ehrungen von Mitgliedern des UGVP\",\"item\":\"https:\/\/www.uckermaerkischer-geschichtsverein.de\/aktivitaeten\/ehrungen\/ehrungen-von-mitgliedern-des-ugvp\/\"},{\"@type\":\"ListItem\",\"position\":4,\"name\":\"2014 Lilli Gramke\"}]},{\"@type\":\"WebSite\",\"@id\":\"https:\/\/www.uckermaerkischer-geschichtsverein.de\/#website\",\"url\":\"https:\/\/www.uckermaerkischer-geschichtsverein.de\/\",\"name\":\"Uckerm\u00e4rkischer Geschichtsverein zu Prenzlau e.V.\",\"description\":\"\",\"potentialAction\":[{\"@type\":\"SearchAction\",\"target\":{\"@type\":\"EntryPoint\",\"urlTemplate\":\"https:\/\/www.uckermaerkischer-geschichtsverein.de\/?s={search_term_string}\"},\"query-input\":{\"@type\":\"PropertyValueSpecification\",\"valueRequired\":true,\"valueName\":\"search_term_string\"}}],\"inLanguage\":\"en-GB\"}]}<\/script>\n<!-- \/ Yoast SEO plugin. -->","yoast_head_json":{"title":"2014 Lilli Gramke  - Uckerm\u00e4rkischer Geschichtsverein zu Prenzlau e.V.","robots":{"index":"index","follow":"follow","max-snippet":"max-snippet:-1","max-image-preview":"max-image-preview:large","max-video-preview":"max-video-preview:-1"},"canonical":"https:\/\/www.uckermaerkischer-geschichtsverein.de\/en\/aktivitaeten\/ehrungen\/ehrungen-von-mitgliedern-des-ugvp\/2014-lilli-gramke\/","og_locale":"en_GB","og_type":"article","og_title":"2014 Lilli Gramke  - Uckerm\u00e4rkischer Geschichtsverein zu Prenzlau e.V.","og_description":"Preis des Landkreises Uckermark 2014 Am 03.10.2014 verlieh der uckerm\u00e4rkische Landrat Dietmar Schulze unserem Vereinsmitglied Frau Lilli Gramke, L\u00fcbeck, anl\u00e4sslich des Tages der Deutschen Einheit den \u201ePreis des Landkreises Uckermark\u201c. Mit dem Preis werden Menschen geehrt, die sich mit gro\u00dfem pers\u00f6nlichem Engagement um die Gestaltung des Zusammenwachsens von Ost und West und um die Entwicklung [&hellip;]","og_url":"https:\/\/www.uckermaerkischer-geschichtsverein.de\/en\/aktivitaeten\/ehrungen\/ehrungen-von-mitgliedern-des-ugvp\/2014-lilli-gramke\/","og_site_name":"Uckerm\u00e4rkischer Geschichtsverein zu Prenzlau e.V.","article_modified_time":"2014-10-16T13:51:18+00:00","og_image":[{"url":"https:\/\/www.uckermaerkischer-geschichtsverein.de\/wp-content\/uploads\/2014\/10\/Gramke_Rodinger_10-10-2014-1024x912.jpg","type":"","width":"","height":""}],"twitter_misc":{"Estimated reading time":"2 minutes"},"schema":{"@context":"https:\/\/schema.org","@graph":[{"@type":"WebPage","@id":"https:\/\/www.uckermaerkischer-geschichtsverein.de\/aktivitaeten\/ehrungen\/ehrungen-von-mitgliedern-des-ugvp\/2014-lilli-gramke\/","url":"https:\/\/www.uckermaerkischer-geschichtsverein.de\/aktivitaeten\/ehrungen\/ehrungen-von-mitgliedern-des-ugvp\/2014-lilli-gramke\/","name":"2014 Lilli Gramke - Uckerm\u00e4rkischer Geschichtsverein zu Prenzlau e.V.","isPartOf":{"@id":"https:\/\/www.uckermaerkischer-geschichtsverein.de\/#website"},"primaryImageOfPage":{"@id":"https:\/\/www.uckermaerkischer-geschichtsverein.de\/aktivitaeten\/ehrungen\/ehrungen-von-mitgliedern-des-ugvp\/2014-lilli-gramke\/#primaryimage"},"image":{"@id":"https:\/\/www.uckermaerkischer-geschichtsverein.de\/aktivitaeten\/ehrungen\/ehrungen-von-mitgliedern-des-ugvp\/2014-lilli-gramke\/#primaryimage"},"thumbnailUrl":"https:\/\/www.uckermaerkischer-geschichtsverein.de\/wp-content\/uploads\/2014\/10\/Gramke_Rodinger_10-10-2014-1024x912.jpg","datePublished":"2014-10-08T20:34:29+00:00","dateModified":"2014-10-16T13:51:18+00:00","breadcrumb":{"@id":"https:\/\/www.uckermaerkischer-geschichtsverein.de\/aktivitaeten\/ehrungen\/ehrungen-von-mitgliedern-des-ugvp\/2014-lilli-gramke\/#breadcrumb"},"inLanguage":"en-GB","potentialAction":[{"@type":"ReadAction","target":["https:\/\/www.uckermaerkischer-geschichtsverein.de\/aktivitaeten\/ehrungen\/ehrungen-von-mitgliedern-des-ugvp\/2014-lilli-gramke\/"]}]},{"@type":"ImageObject","inLanguage":"en-GB","@id":"https:\/\/www.uckermaerkischer-geschichtsverein.de\/aktivitaeten\/ehrungen\/ehrungen-von-mitgliedern-des-ugvp\/2014-lilli-gramke\/#primaryimage","url":"https:\/\/www.uckermaerkischer-geschichtsverein.de\/wp-content\/uploads\/2014\/10\/Gramke_Rodinger_10-10-2014-1024x912.jpg","contentUrl":"https:\/\/www.uckermaerkischer-geschichtsverein.de\/wp-content\/uploads\/2014\/10\/Gramke_Rodinger_10-10-2014-1024x912.jpg"},{"@type":"BreadcrumbList","@id":"https:\/\/www.uckermaerkischer-geschichtsverein.de\/aktivitaeten\/ehrungen\/ehrungen-von-mitgliedern-des-ugvp\/2014-lilli-gramke\/#breadcrumb","itemListElement":[{"@type":"ListItem","position":1,"name":"Aktivit\u00e4ten","item":"https:\/\/www.uckermaerkischer-geschichtsverein.de\/en\/aktivitaeten\/"},{"@type":"ListItem","position":2,"name":"Ehrungen","item":"https:\/\/www.uckermaerkischer-geschichtsverein.de\/en\/aktivitaeten\/ehrungen\/"},{"@type":"ListItem","position":3,"name":"Ehrungen von Mitgliedern des UGVP","item":"https:\/\/www.uckermaerkischer-geschichtsverein.de\/aktivitaeten\/ehrungen\/ehrungen-von-mitgliedern-des-ugvp\/"},{"@type":"ListItem","position":4,"name":"2014 Lilli Gramke"}]},{"@type":"WebSite","@id":"https:\/\/www.uckermaerkischer-geschichtsverein.de\/#website","url":"https:\/\/www.uckermaerkischer-geschichtsverein.de\/","name":"Uckerm\u00e4rkischer Geschichtsverein zu Prenzlau e.V.","description":"","potentialAction":[{"@type":"SearchAction","target":{"@type":"EntryPoint","urlTemplate":"https:\/\/www.uckermaerkischer-geschichtsverein.de\/?s={search_term_string}"},"query-input":{"@type":"PropertyValueSpecification","valueRequired":true,"valueName":"search_term_string"}}],"inLanguage":"en-GB"}]}},"_links":{"self":[{"href":"https:\/\/www.uckermaerkischer-geschichtsverein.de\/en\/wp-json\/wp\/v2\/pages\/5146","targetHints":{"allow":["GET"]}}],"collection":[{"href":"https:\/\/www.uckermaerkischer-geschichtsverein.de\/en\/wp-json\/wp\/v2\/pages"}],"about":[{"href":"https:\/\/www.uckermaerkischer-geschichtsverein.de\/en\/wp-json\/wp\/v2\/types\/page"}],"author":[{"embeddable":true,"href":"https:\/\/www.uckermaerkischer-geschichtsverein.de\/en\/wp-json\/wp\/v2\/users\/1"}],"replies":[{"embeddable":true,"href":"https:\/\/www.uckermaerkischer-geschichtsverein.de\/en\/wp-json\/wp\/v2\/comments?post=5146"}],"version-history":[{"count":4,"href":"https:\/\/www.uckermaerkischer-geschichtsverein.de\/en\/wp-json\/wp\/v2\/pages\/5146\/revisions"}],"predecessor-version":[{"id":5169,"href":"https:\/\/www.uckermaerkischer-geschichtsverein.de\/en\/wp-json\/wp\/v2\/pages\/5146\/revisions\/5169"}],"up":[{"embeddable":true,"href":"https:\/\/www.uckermaerkischer-geschichtsverein.de\/en\/wp-json\/wp\/v2\/pages\/1951"}],"wp:attachment":[{"href":"https:\/\/www.uckermaerkischer-geschichtsverein.de\/en\/wp-json\/wp\/v2\/media?parent=5146"}],"curies":[{"name":"wp","href":"https:\/\/api.w.org\/{rel}","templated":true}]}}