{"id":3836,"date":"2013-07-01T13:17:45","date_gmt":"2013-07-01T11:17:45","guid":{"rendered":"https:\/\/www.uckermaerkischer-geschichtsverein.de\/?page_id=3836"},"modified":"2013-07-02T10:33:48","modified_gmt":"2013-07-02T08:33:48","slug":"polnisches-graeberfeld-auf-dem-prenzlauer-stadtfriedhof","status":"publish","type":"page","link":"https:\/\/www.uckermaerkischer-geschichtsverein.de\/en\/aktivitaeten-des-vereins\/weitere-aktivitaeten-gedenktafel-strassennamen\/polnisches-graeberfeld-auf-dem-prenzlauer-stadtfriedhof\/","title":{"rendered":"\u201ePolnisches Gr\u00e4berfeld\u201c auf dem Prenzlauer Stadtfriedhof"},"content":{"rendered":"<p>Die Projektgruppe \u201ePolnisches Gr\u00e4berfeld\u201c entstand aus dem Schulprojekt \u201eGeDenkmal \u2013 Tu was!\u201c als deutsch-polnisches Projekt im Rahmen der Projektarbeiten des Christa-und-Peter-Scherpf-Gymnasiums Prenzlau 2009. Unsere polnischen Partner kamen vom IX. Lyzeum \u201eMonte Cassino\u201c in Szczecin. Die Projektleitung hat unser Vereinsmitglied, der Gymnasiallehrer J\u00f6rg Dittberner.<\/p>\n<p>Das urspr\u00fcngliche Ziel, eine Dokumentation zu dem 1969 mit polnischer Hilfe errichteten Gr\u00e4berfeld zu erstellen. Dabei sollten die Schicksale der polnischen Soldaten und Offiziere, die hier ihre letzte Ruhest\u00e4tte erhalten haben, gekl\u00e4rt werden. Die mangelhafte Aktenlage in den Archiven lie\u00df dieses Ansatz des Projektes, trotz intensiver Forschungsarbeit der Sch\u00fclerinnen und Sch\u00fcler des Scherpf-Gymnasiums, scheitern.<\/p>\n<p>Ein zweiter Ansatz der Projektgruppe \u201ePolnisches Gr\u00e4berfeld\u201c war, die Gedenkst\u00e4tte in einen w\u00fcrdigen Zustand zu versetzen, sie regelm\u00e4\u00dfig zu pflegen und die alte Patenschaft, die die Erweiterte Oberschule \u201ePuschkin\u201c in Prenzlau mit dem Objekt und der Stadt Prenzlau hatte, wieder aufleben zu lassen. Seit Gr\u00fcndung der Arbeitsgruppe im Oktober 2009 wurden jedes Jahr drei Eins\u00e4tze von Sch\u00fclern des Gymnasiums auf dem Ehrenhain durchgef\u00fchrt. Entsprechend einem in der Projektgruppe entwickelten Pflegeplan, der sich an nationalen und internationalen Gedenk- und Feiertagen orientiert, werden in Abstimmung mit der Friedhofsverwaltung Prenzlau Reinigungs- und Pflegearbeiten anl\u00e4sslich des Gedenkens um den 8. Mai, vor Allerheiligen am 1. und danach zu Ehren des polnisches Nationalfeiertages am 11. November Reinigungseins\u00e4tze vorgenommen. Die Sch\u00fcler haben erreicht, dass das Scherpf-Gymnasium in die Fu\u00dfspuren der Puschkin-EOS getreten ist und die Patenschaft \u00fcber das Objekt \u00fcbernommen hat. Eine 2010 am zentralen Gedenkstein angebrachte Plakette k\u00fcndet von dieser Verpflichtung, die die Sch\u00fcler unter Leitung ihres Geschichtslehrers und Vereinsmitgliedes J\u00f6rg Dittberner seither wahrnehmen.<\/p>\n<p>Bisher wurde das Gedenkareal vom Unkraut befreit, das Grabfeld mit frischem Kies ausgeglichen, drei Mal die Gedenkplatten und -kreuze gereinigt sowie regelm\u00e4\u00dfig andere Verunreinigungen beseitigt. Immer wieder kommen die Sch\u00fclerinnen und Sch\u00fcler dabei mit polnischen Mitb\u00fcrgern ins Gespr\u00e4ch, die die Aktivit\u00e4ten dankenswert zur Kenntnis nehmen. Seit 2010 haben f\u00fcnf Gedenkveranstaltungen auf dem Areal des Gr\u00e4berfeldes stattgefunden, was in den kommenden Jahren weitergef\u00fchrt werden wird.<\/p>\n<p align=\"right\">StR. J\u00f6rg Dittberner, Christa-und-Peter-Scherpf-Gymnasium<\/p>\n<p align=\"right\">(03984 \/ 2314)<\/p>\n<div id=\"attachment_3840\" style=\"width: 204px\" class=\"wp-caption alignleft\"><a href=\"https:\/\/www.uckermaerkischer-geschichtsverein.de\/wp-content\/uploads\/2013\/07\/PGF-2-Gedenkstein+Tafel.jpg\" rel=\"lightbox[3836]\"><img loading=\"lazy\" decoding=\"async\" aria-describedby=\"caption-attachment-3840\" class=\" wp-image-3840     \" title=\"Gedenkstein+Tafel: Gedenkstein mit Grabgebinde im November 2010 mit frisch angebrachter Platte mit der Patenschaftserkl\u00e4rung\" alt=\"Gedenkstein+Tafel: Gedenkstein mit Grabgebinde im November 2010 mit frisch angebrachter Platte mit der Patenschaftserkl\u00e4rung\" src=\"https:\/\/www.uckermaerkischer-geschichtsverein.de\/wp-content\/uploads\/2013\/07\/PGF-2-Gedenkstein+Tafel.jpg\" width=\"194\" height=\"146\" srcset=\"https:\/\/www.uckermaerkischer-geschichtsverein.de\/wp-content\/uploads\/2013\/07\/PGF-2-Gedenkstein+Tafel.jpg 1000w, https:\/\/www.uckermaerkischer-geschichtsverein.de\/wp-content\/uploads\/2013\/07\/PGF-2-Gedenkstein+Tafel-128x96.jpg 128w\" sizes=\"auto, (max-width: 194px) 100vw, 194px\" \/><\/a><p id=\"caption-attachment-3840\" class=\"wp-caption-text\">Gedenkstein+Tafel: Gedenkstein mit Grabgebinde im November 2010 mit frisch angebrachter Platte mit der Patenschaftserkl\u00e4rung<\/p><\/div>\n<div id=\"attachment_3842\" style=\"width: 185px\" class=\"wp-caption alignleft\"><a href=\"https:\/\/www.uckermaerkischer-geschichtsverein.de\/wp-content\/uploads\/2013\/07\/PGF-1-Gedenken.jpg\" rel=\"lightbox[3836]\"><img loading=\"lazy\" decoding=\"async\" aria-describedby=\"caption-attachment-3842\" class=\" wp-image-3842     \" title=\"Gedenken: B\u00fcrgermeister Hans-Peter Moser (2. v. l) gemeinsam mit Sch\u00fclern und Projektleiter J\u00f6rg Dittberner (r) w\u00e4hrend einer Gedenkveranstaltung anl\u00e4sslich des 8. Mai 2009\" alt=\"Gedenken: B\u00fcrgermeister Hans-Peter Moser (2. v. l) gemeinsam mit Sch\u00fclern und Projektleiter J\u00f6rg Dittberner (r) w\u00e4hrend einer Gedenkveranstaltung anl\u00e4sslich des 8. Mai 2009\" src=\"https:\/\/www.uckermaerkischer-geschichtsverein.de\/wp-content\/uploads\/2013\/07\/PGF-1-Gedenken.jpg\" width=\"175\" height=\"117\" srcset=\"https:\/\/www.uckermaerkischer-geschichtsverein.de\/wp-content\/uploads\/2013\/07\/PGF-1-Gedenken.jpg 750w, https:\/\/www.uckermaerkischer-geschichtsverein.de\/wp-content\/uploads\/2013\/07\/PGF-1-Gedenken-128x85.jpg 128w\" sizes=\"auto, (max-width: 175px) 100vw, 175px\" \/><\/a><p id=\"caption-attachment-3842\" class=\"wp-caption-text\">Gedenken: B\u00fcrgermeister Hans-Peter Moser (2. v. l) gemeinsam mit Sch\u00fclern und Projektleiter J\u00f6rg Dittberner (r) w\u00e4hrend einer Gedenkveranstaltung anl\u00e4sslich des 8. Mai 2009<\/p><\/div>\n<div id=\"attachment_3841\" style=\"width: 168px\" class=\"wp-caption alignleft\"><a href=\"https:\/\/www.uckermaerkischer-geschichtsverein.de\/wp-content\/uploads\/2013\/07\/PGF-3-Pflegearbeiten.jpg\" rel=\"lightbox[3836]\"><img loading=\"lazy\" decoding=\"async\" aria-describedby=\"caption-attachment-3841\" class=\" wp-image-3841     \" title=\"Pflegearbeiten: Reinigungsarbeit November 2010\" alt=\"Pflegearbeiten: Reinigungsarbeit November 2010\" src=\"https:\/\/www.uckermaerkischer-geschichtsverein.de\/wp-content\/uploads\/2013\/07\/PGF-3-Pflegearbeiten.jpg\" width=\"158\" height=\"119\" srcset=\"https:\/\/www.uckermaerkischer-geschichtsverein.de\/wp-content\/uploads\/2013\/07\/PGF-3-Pflegearbeiten.jpg 750w, https:\/\/www.uckermaerkischer-geschichtsverein.de\/wp-content\/uploads\/2013\/07\/PGF-3-Pflegearbeiten-128x96.jpg 128w\" sizes=\"auto, (max-width: 158px) 100vw, 158px\" \/><\/a><p id=\"caption-attachment-3841\" class=\"wp-caption-text\">Pflegearbeiten:<br \/>Reinigungsarbeit November 2010<\/p><\/div>\n<p>&nbsp;<\/p>\n","protected":false},"excerpt":{"rendered":"<p>Die Projektgruppe \u201ePolnisches Gr\u00e4berfeld\u201c entstand aus dem Schulprojekt \u201eGeDenkmal \u2013 Tu was!\u201c als deutsch-polnisches Projekt im Rahmen der Projektarbeiten des Christa-und-Peter-Scherpf-Gymnasiums Prenzlau 2009. Unsere polnischen Partner kamen vom IX. Lyzeum \u201eMonte Cassino\u201c in Szczecin. Die Projektleitung hat unser Vereinsmitglied, der Gymnasiallehrer J\u00f6rg Dittberner. Das urspr\u00fcngliche Ziel, eine Dokumentation zu dem 1969 mit polnischer Hilfe errichteten [&hellip;]<\/p>\n","protected":false},"author":1,"featured_media":0,"parent":63,"menu_order":0,"comment_status":"closed","ping_status":"closed","template":"","meta":{"footnotes":""},"class_list":["post-3836","page","type-page","status-publish","hentry"],"yoast_head":"<!-- This site is optimized with the Yoast SEO plugin v27.2 - https:\/\/yoast.com\/product\/yoast-seo-wordpress\/ -->\n<title>\u201ePolnisches Gr\u00e4berfeld\u201c auf dem Prenzlauer Stadtfriedhof - Uckerm\u00e4rkischer Geschichtsverein zu Prenzlau e.V.<\/title>\n<meta name=\"robots\" content=\"index, follow, max-snippet:-1, max-image-preview:large, max-video-preview:-1\" \/>\n<link rel=\"canonical\" href=\"https:\/\/www.uckermaerkischer-geschichtsverein.de\/en\/aktivitaeten-des-vereins\/weitere-aktivitaeten-gedenktafel-strassennamen\/polnisches-graeberfeld-auf-dem-prenzlauer-stadtfriedhof\/\" \/>\n<meta property=\"og:locale\" content=\"en_GB\" \/>\n<meta property=\"og:type\" content=\"article\" \/>\n<meta property=\"og:title\" content=\"\u201ePolnisches Gr\u00e4berfeld\u201c auf dem Prenzlauer Stadtfriedhof - Uckerm\u00e4rkischer Geschichtsverein zu Prenzlau e.V.\" \/>\n<meta property=\"og:description\" content=\"Die Projektgruppe \u201ePolnisches Gr\u00e4berfeld\u201c entstand aus dem Schulprojekt \u201eGeDenkmal \u2013 Tu was!\u201c als deutsch-polnisches Projekt im Rahmen der Projektarbeiten des Christa-und-Peter-Scherpf-Gymnasiums Prenzlau 2009. Unsere polnischen Partner kamen vom IX. Lyzeum \u201eMonte Cassino\u201c in Szczecin. Die Projektleitung hat unser Vereinsmitglied, der Gymnasiallehrer J\u00f6rg Dittberner. Das urspr\u00fcngliche Ziel, eine Dokumentation zu dem 1969 mit polnischer Hilfe errichteten [&hellip;]\" \/>\n<meta property=\"og:url\" content=\"https:\/\/www.uckermaerkischer-geschichtsverein.de\/en\/aktivitaeten-des-vereins\/weitere-aktivitaeten-gedenktafel-strassennamen\/polnisches-graeberfeld-auf-dem-prenzlauer-stadtfriedhof\/\" \/>\n<meta property=\"og:site_name\" content=\"Uckerm\u00e4rkischer Geschichtsverein zu Prenzlau e.V.\" \/>\n<meta property=\"article:modified_time\" content=\"2013-07-02T08:33:48+00:00\" \/>\n<meta property=\"og:image\" content=\"https:\/\/www.uckermaerkischer-geschichtsverein.de\/wp-content\/uploads\/2013\/07\/PGF-2-Gedenkstein+Tafel.jpg\" \/>\n<meta name=\"twitter:label1\" content=\"Estimated reading time\" \/>\n\t<meta name=\"twitter:data1\" content=\"2 minutes\" \/>\n<script type=\"application\/ld+json\" class=\"yoast-schema-graph\">{\"@context\":\"https:\/\/schema.org\",\"@graph\":[{\"@type\":\"WebPage\",\"@id\":\"https:\/\/www.uckermaerkischer-geschichtsverein.de\/aktivitaeten-des-vereins\/weitere-aktivitaeten-gedenktafel-strassennamen\/polnisches-graeberfeld-auf-dem-prenzlauer-stadtfriedhof\/\",\"url\":\"https:\/\/www.uckermaerkischer-geschichtsverein.de\/aktivitaeten-des-vereins\/weitere-aktivitaeten-gedenktafel-strassennamen\/polnisches-graeberfeld-auf-dem-prenzlauer-stadtfriedhof\/\",\"name\":\"\u201ePolnisches Gr\u00e4berfeld\u201c auf dem Prenzlauer Stadtfriedhof - Uckerm\u00e4rkischer Geschichtsverein zu Prenzlau e.V.\",\"isPartOf\":{\"@id\":\"https:\/\/www.uckermaerkischer-geschichtsverein.de\/#website\"},\"primaryImageOfPage\":{\"@id\":\"https:\/\/www.uckermaerkischer-geschichtsverein.de\/aktivitaeten-des-vereins\/weitere-aktivitaeten-gedenktafel-strassennamen\/polnisches-graeberfeld-auf-dem-prenzlauer-stadtfriedhof\/#primaryimage\"},\"image\":{\"@id\":\"https:\/\/www.uckermaerkischer-geschichtsverein.de\/aktivitaeten-des-vereins\/weitere-aktivitaeten-gedenktafel-strassennamen\/polnisches-graeberfeld-auf-dem-prenzlauer-stadtfriedhof\/#primaryimage\"},\"thumbnailUrl\":\"https:\/\/www.uckermaerkischer-geschichtsverein.de\/wp-content\/uploads\/2013\/07\/PGF-2-Gedenkstein+Tafel.jpg\",\"datePublished\":\"2013-07-01T11:17:45+00:00\",\"dateModified\":\"2013-07-02T08:33:48+00:00\",\"breadcrumb\":{\"@id\":\"https:\/\/www.uckermaerkischer-geschichtsverein.de\/aktivitaeten-des-vereins\/weitere-aktivitaeten-gedenktafel-strassennamen\/polnisches-graeberfeld-auf-dem-prenzlauer-stadtfriedhof\/#breadcrumb\"},\"inLanguage\":\"en-GB\",\"potentialAction\":[{\"@type\":\"ReadAction\",\"target\":[\"https:\/\/www.uckermaerkischer-geschichtsverein.de\/aktivitaeten-des-vereins\/weitere-aktivitaeten-gedenktafel-strassennamen\/polnisches-graeberfeld-auf-dem-prenzlauer-stadtfriedhof\/\"]}]},{\"@type\":\"ImageObject\",\"inLanguage\":\"en-GB\",\"@id\":\"https:\/\/www.uckermaerkischer-geschichtsverein.de\/aktivitaeten-des-vereins\/weitere-aktivitaeten-gedenktafel-strassennamen\/polnisches-graeberfeld-auf-dem-prenzlauer-stadtfriedhof\/#primaryimage\",\"url\":\"https:\/\/www.uckermaerkischer-geschichtsverein.de\/wp-content\/uploads\/2013\/07\/PGF-2-Gedenkstein+Tafel.jpg\",\"contentUrl\":\"https:\/\/www.uckermaerkischer-geschichtsverein.de\/wp-content\/uploads\/2013\/07\/PGF-2-Gedenkstein+Tafel.jpg\"},{\"@type\":\"BreadcrumbList\",\"@id\":\"https:\/\/www.uckermaerkischer-geschichtsverein.de\/aktivitaeten-des-vereins\/weitere-aktivitaeten-gedenktafel-strassennamen\/polnisches-graeberfeld-auf-dem-prenzlauer-stadtfriedhof\/#breadcrumb\",\"itemListElement\":[{\"@type\":\"ListItem\",\"position\":1,\"name\":\"Aktivit\u00e4ten des Vereins\",\"item\":\"https:\/\/www.uckermaerkischer-geschichtsverein.de\/aktivitaeten-des-vereins\/\"},{\"@type\":\"ListItem\",\"position\":2,\"name\":\"Gedenktafel \/ Stra\u00dfennamen\",\"item\":\"https:\/\/www.uckermaerkischer-geschichtsverein.de\/aktivitaeten-des-vereins\/weitere-aktivitaeten-gedenktafel-strassennamen\/\"},{\"@type\":\"ListItem\",\"position\":3,\"name\":\"\u201ePolnisches Gr\u00e4berfeld\u201c auf dem Prenzlauer Stadtfriedhof\"}]},{\"@type\":\"WebSite\",\"@id\":\"https:\/\/www.uckermaerkischer-geschichtsverein.de\/#website\",\"url\":\"https:\/\/www.uckermaerkischer-geschichtsverein.de\/\",\"name\":\"Uckerm\u00e4rkischer Geschichtsverein zu Prenzlau e.V.\",\"description\":\"\",\"potentialAction\":[{\"@type\":\"SearchAction\",\"target\":{\"@type\":\"EntryPoint\",\"urlTemplate\":\"https:\/\/www.uckermaerkischer-geschichtsverein.de\/?s={search_term_string}\"},\"query-input\":{\"@type\":\"PropertyValueSpecification\",\"valueRequired\":true,\"valueName\":\"search_term_string\"}}],\"inLanguage\":\"en-GB\"}]}<\/script>\n<!-- \/ Yoast SEO plugin. -->","yoast_head_json":{"title":"\u201ePolnisches Gr\u00e4berfeld\u201c auf dem Prenzlauer Stadtfriedhof - Uckerm\u00e4rkischer Geschichtsverein zu Prenzlau e.V.","robots":{"index":"index","follow":"follow","max-snippet":"max-snippet:-1","max-image-preview":"max-image-preview:large","max-video-preview":"max-video-preview:-1"},"canonical":"https:\/\/www.uckermaerkischer-geschichtsverein.de\/en\/aktivitaeten-des-vereins\/weitere-aktivitaeten-gedenktafel-strassennamen\/polnisches-graeberfeld-auf-dem-prenzlauer-stadtfriedhof\/","og_locale":"en_GB","og_type":"article","og_title":"\u201ePolnisches Gr\u00e4berfeld\u201c auf dem Prenzlauer Stadtfriedhof - Uckerm\u00e4rkischer Geschichtsverein zu Prenzlau e.V.","og_description":"Die Projektgruppe \u201ePolnisches Gr\u00e4berfeld\u201c entstand aus dem Schulprojekt \u201eGeDenkmal \u2013 Tu was!\u201c als deutsch-polnisches Projekt im Rahmen der Projektarbeiten des Christa-und-Peter-Scherpf-Gymnasiums Prenzlau 2009. Unsere polnischen Partner kamen vom IX. Lyzeum \u201eMonte Cassino\u201c in Szczecin. Die Projektleitung hat unser Vereinsmitglied, der Gymnasiallehrer J\u00f6rg Dittberner. Das urspr\u00fcngliche Ziel, eine Dokumentation zu dem 1969 mit polnischer Hilfe errichteten [&hellip;]","og_url":"https:\/\/www.uckermaerkischer-geschichtsverein.de\/en\/aktivitaeten-des-vereins\/weitere-aktivitaeten-gedenktafel-strassennamen\/polnisches-graeberfeld-auf-dem-prenzlauer-stadtfriedhof\/","og_site_name":"Uckerm\u00e4rkischer Geschichtsverein zu Prenzlau e.V.","article_modified_time":"2013-07-02T08:33:48+00:00","og_image":[{"url":"https:\/\/www.uckermaerkischer-geschichtsverein.de\/wp-content\/uploads\/2013\/07\/PGF-2-Gedenkstein+Tafel.jpg","type":"","width":"","height":""}],"twitter_misc":{"Estimated reading time":"2 minutes"},"schema":{"@context":"https:\/\/schema.org","@graph":[{"@type":"WebPage","@id":"https:\/\/www.uckermaerkischer-geschichtsverein.de\/aktivitaeten-des-vereins\/weitere-aktivitaeten-gedenktafel-strassennamen\/polnisches-graeberfeld-auf-dem-prenzlauer-stadtfriedhof\/","url":"https:\/\/www.uckermaerkischer-geschichtsverein.de\/aktivitaeten-des-vereins\/weitere-aktivitaeten-gedenktafel-strassennamen\/polnisches-graeberfeld-auf-dem-prenzlauer-stadtfriedhof\/","name":"\u201ePolnisches Gr\u00e4berfeld\u201c auf dem Prenzlauer Stadtfriedhof - Uckerm\u00e4rkischer Geschichtsverein zu Prenzlau e.V.","isPartOf":{"@id":"https:\/\/www.uckermaerkischer-geschichtsverein.de\/#website"},"primaryImageOfPage":{"@id":"https:\/\/www.uckermaerkischer-geschichtsverein.de\/aktivitaeten-des-vereins\/weitere-aktivitaeten-gedenktafel-strassennamen\/polnisches-graeberfeld-auf-dem-prenzlauer-stadtfriedhof\/#primaryimage"},"image":{"@id":"https:\/\/www.uckermaerkischer-geschichtsverein.de\/aktivitaeten-des-vereins\/weitere-aktivitaeten-gedenktafel-strassennamen\/polnisches-graeberfeld-auf-dem-prenzlauer-stadtfriedhof\/#primaryimage"},"thumbnailUrl":"https:\/\/www.uckermaerkischer-geschichtsverein.de\/wp-content\/uploads\/2013\/07\/PGF-2-Gedenkstein+Tafel.jpg","datePublished":"2013-07-01T11:17:45+00:00","dateModified":"2013-07-02T08:33:48+00:00","breadcrumb":{"@id":"https:\/\/www.uckermaerkischer-geschichtsverein.de\/aktivitaeten-des-vereins\/weitere-aktivitaeten-gedenktafel-strassennamen\/polnisches-graeberfeld-auf-dem-prenzlauer-stadtfriedhof\/#breadcrumb"},"inLanguage":"en-GB","potentialAction":[{"@type":"ReadAction","target":["https:\/\/www.uckermaerkischer-geschichtsverein.de\/aktivitaeten-des-vereins\/weitere-aktivitaeten-gedenktafel-strassennamen\/polnisches-graeberfeld-auf-dem-prenzlauer-stadtfriedhof\/"]}]},{"@type":"ImageObject","inLanguage":"en-GB","@id":"https:\/\/www.uckermaerkischer-geschichtsverein.de\/aktivitaeten-des-vereins\/weitere-aktivitaeten-gedenktafel-strassennamen\/polnisches-graeberfeld-auf-dem-prenzlauer-stadtfriedhof\/#primaryimage","url":"https:\/\/www.uckermaerkischer-geschichtsverein.de\/wp-content\/uploads\/2013\/07\/PGF-2-Gedenkstein+Tafel.jpg","contentUrl":"https:\/\/www.uckermaerkischer-geschichtsverein.de\/wp-content\/uploads\/2013\/07\/PGF-2-Gedenkstein+Tafel.jpg"},{"@type":"BreadcrumbList","@id":"https:\/\/www.uckermaerkischer-geschichtsverein.de\/aktivitaeten-des-vereins\/weitere-aktivitaeten-gedenktafel-strassennamen\/polnisches-graeberfeld-auf-dem-prenzlauer-stadtfriedhof\/#breadcrumb","itemListElement":[{"@type":"ListItem","position":1,"name":"Aktivit\u00e4ten des Vereins","item":"https:\/\/www.uckermaerkischer-geschichtsverein.de\/aktivitaeten-des-vereins\/"},{"@type":"ListItem","position":2,"name":"Gedenktafel \/ Stra\u00dfennamen","item":"https:\/\/www.uckermaerkischer-geschichtsverein.de\/aktivitaeten-des-vereins\/weitere-aktivitaeten-gedenktafel-strassennamen\/"},{"@type":"ListItem","position":3,"name":"\u201ePolnisches Gr\u00e4berfeld\u201c auf dem Prenzlauer Stadtfriedhof"}]},{"@type":"WebSite","@id":"https:\/\/www.uckermaerkischer-geschichtsverein.de\/#website","url":"https:\/\/www.uckermaerkischer-geschichtsverein.de\/","name":"Uckerm\u00e4rkischer Geschichtsverein zu Prenzlau e.V.","description":"","potentialAction":[{"@type":"SearchAction","target":{"@type":"EntryPoint","urlTemplate":"https:\/\/www.uckermaerkischer-geschichtsverein.de\/?s={search_term_string}"},"query-input":{"@type":"PropertyValueSpecification","valueRequired":true,"valueName":"search_term_string"}}],"inLanguage":"en-GB"}]}},"_links":{"self":[{"href":"https:\/\/www.uckermaerkischer-geschichtsverein.de\/en\/wp-json\/wp\/v2\/pages\/3836","targetHints":{"allow":["GET"]}}],"collection":[{"href":"https:\/\/www.uckermaerkischer-geschichtsverein.de\/en\/wp-json\/wp\/v2\/pages"}],"about":[{"href":"https:\/\/www.uckermaerkischer-geschichtsverein.de\/en\/wp-json\/wp\/v2\/types\/page"}],"author":[{"embeddable":true,"href":"https:\/\/www.uckermaerkischer-geschichtsverein.de\/en\/wp-json\/wp\/v2\/users\/1"}],"replies":[{"embeddable":true,"href":"https:\/\/www.uckermaerkischer-geschichtsverein.de\/en\/wp-json\/wp\/v2\/comments?post=3836"}],"version-history":[{"count":8,"href":"https:\/\/www.uckermaerkischer-geschichtsverein.de\/en\/wp-json\/wp\/v2\/pages\/3836\/revisions"}],"predecessor-version":[{"id":3839,"href":"https:\/\/www.uckermaerkischer-geschichtsverein.de\/en\/wp-json\/wp\/v2\/pages\/3836\/revisions\/3839"}],"up":[{"embeddable":true,"href":"https:\/\/www.uckermaerkischer-geschichtsverein.de\/en\/wp-json\/wp\/v2\/pages\/63"}],"wp:attachment":[{"href":"https:\/\/www.uckermaerkischer-geschichtsverein.de\/en\/wp-json\/wp\/v2\/media?parent=3836"}],"curies":[{"name":"wp","href":"https:\/\/api.w.org\/{rel}","templated":true}]}}