{"id":3811,"date":"2013-06-17T18:53:48","date_gmt":"2013-06-17T16:53:48","guid":{"rendered":"https:\/\/www.uckermaerkischer-geschichtsverein.de\/?page_id=3811"},"modified":"2013-06-17T18:55:44","modified_gmt":"2013-06-17T16:55:44","slug":"roland-standbild","status":"publish","type":"page","link":"https:\/\/www.uckermaerkischer-geschichtsverein.de\/en\/aktivitaeten-des-vereins\/roland-standbild\/","title":{"rendered":"Roland-Standbild"},"content":{"rendered":"<p><b>Geschichtsverein setzt sich f\u00fcr die Rekonstruktion und den Wiederaufbau des Prenzlauer Rolands ein<\/b><\/p>\n<p>Bereits im Heft 3 der Mitteilungen wurde 1994 in einem Artikel von unserem Vereinsmitglied Gerhard Kohn auf das 500j\u00e4hrige Rolandjubil\u00e4um hingewiesen. Nach dem Vorbild des 1916 auf dem Obermarkt enth\u00fcllten &#8222;Eisernen Rolands&#8220; baute Vereinsmitglied Klaus Brand ebenfalls einen Roland aus Holz, der beim Stadtfest 1995 auf dem Markt aufgestellt wurde. Kinder und Erwachsene konnten f\u00fcr jeweils eine DM einen Nagel erwerben und diesen anschlie\u00dfend in den h\u00f6lzernen Roland einschlagen (&#8222;Eiserner Roland&#8220;). Zeitgleich wurde vom Geschichtsverein ein <a href=\"https:\/\/www.uckermaerkischer-geschichtsverein.de\/wp-content\/uploads\/2013\/06\/Frank-Wieland_Der-Roland-von-Prenzlau.pdf\" target=\"_blank\"><b><span style=\"text-decoration: underline;\">Faltblatt<\/span><\/b><\/a> mit der Geschichte des Prenzlauer Rolands als Spendenaufruf herausgegeben. Vereinsmitglied Frank Wieland, der auch den Text entwarf, fertigte dazu eine Rekonstruktionszeichnung vom Roland an. Wenn auch diese Spendenaktion nicht den gew\u00fcnschten finanziellen Ertrag erbrachte, so hat sie doch dazu beigetragen, mit der Volksbank einen potenten Sponsor zu finden, der in der Lage war, dieses Projekt im Jahre 2000 umzusetzen.<\/p>\n<p>Quelle:<\/p>\n<ul>\n<li>Heinz Wiechert, T\u00e4tigkeitsbericht 1994\/95. In: Mitt. Uckerm\u00e4rk. Geschver., H. 4, 1996, 136.<\/li>\n<\/ul>\n<p>&nbsp;<\/p>\n<p><b>Roland.<\/b> Rolandsbilder sind Sinnbilder der Marktfreiheit und Marktgerechtigkeit. Diese \u00fcberlebensgro\u00dfen Standbilder aus Stein oder Holz haben ihren Ursprung in Frankreich. Um 1100 begann ihre Verbreitung von Italien bis Schottland. Ihr Verbreitungsgebiet liegt insbesondere im fr\u00e4nkisch-s\u00e4chsischen Raum. In ganz Europa sind insgesamt 42 Rolandbilder nachgewiesen. Der \u00e4lteste deutsche Roland wurde 1348 in Hamburg erw\u00e4hnt. In Ostdeutschland gab es 27 Rolande, 17 davon sind noch vollst\u00e4ndig erhalten. In der Uckermark finden wir Rolande erw\u00e4hnt in den Orten Angerm\u00fcnde, Potzlow und Prenzlau. Der Prenzlauer Roland wurde im Jahre 1495, nachdem der vermutlich aus Holz geschnitzte alte wahrscheinlich dem gro\u00dfen Brand vom Jahre 1483 zum Opfer gefallen war, auf dem Prenzlauer Marktplatz (Ecke Marktberg\/Friedrichstra\u00dfe \u2013 Standort der heutigen Stele) errichtet. In seiner unmittelbaren N\u00e4he befand sich der Richtstein, das so genannte Hoch- bzw. Blutgericht. In der Nacht vom 21. Januar 1737 warf ein Sturm den Roland vom Sockel. Seine Bruchst\u00fccke wurden, mit Ausnahme des Schwertes und des Rumpfes, auf dem fr\u00fcheren Standort vergraben. Das 2,05 m lange Schwert wurde mit einer Inschrift versehen: \u201eRoland der gro\u00dfe Held, ber\u00fchmt in aller Welt, hat mich gef\u00fchrt in seiner Hand, wie itzo jedermann bekannt. Doch im 1737er Jahr ein ungemeiner Sturm-Wind war, da ist mein Herr mit umgekommen und bin ich nun hier aufgenommen.\u201c Auf der anderen Seite steht: \u201eDie Statue des Roland, welche anno 1496 auf dem Markte zu Prenzlau errichtet worden, ist von einem sehr heftigen Sturm-Winde den 21. Januar 1737, nachdem selbiges 241 Jahr gestanden, umgeworfen.\u201c Aus dem Rumpf des Roland wurde ein Leichenstein gehauen, der 1783 mit einer Urne geschm\u00fcckt wurde. Nachdem der Obelisk von einem Leiterwagen umgefahren wurde, ist er 1835 erneuert worden. Dieser musste jedoch 1877 dem Kriegerdenkmal (steht heute am Stadtpark zwischen Hexenturm und Seilerturm) weichen und kam zum Untermarkt. Heute befinden sich die Reste des Prenzlauer Rolands im Kulturhistorischen Museum. Der Sockel steht z. Z. noch im Rosengarten Ecke Grabowstra\u00dfe\/Baustra\u00dfe. 1916 wurde auf dem Obermarkt ein eiserner Roland enth\u00fcllt. Hierbei handelte es sich eigentlich um einen Roland aus Holz, der f\u00fcr Spenden mit Eisenn\u00e4geln beschlagen werden konnte. Der Erl\u00f6s sollte den Frontsoldaten zugute kommen. Auf der Grundlage der alten \u00fcberlieferten Originalteile des historischen Rolandbildes entwarf der Bildhauer Toralf Jaeckel, Christianenhof, eine Nachbildung, die am 10.6.2000 vor dem \u201eHotel Uckermark\u201c enth\u00fcllt wurde.<\/p>\n<p>Lit.: Dobbert, Ernst: Der Prenzlauer Roland, in: MUMGVP Bd. 1 (Heft 2), Prenzlau 1902, S. 76-78, 1992 im Nachdruck erschienen. Schwartz, Emil: Geschichte der Uckerm\u00e4rkischen Hauptstadt Prenzlau, Bad Pyrmont 1973, S. 332. Tegge, Hans: Wenn Steine reden &#8230;, in: HK 1970, S. 59-61. Zillmann-Lindow, Annegret: Geschichte ehemaliger Rolands\u00e4ulen unseres Kreises, in: HK 1979, S. 84f. Kohn, Gerhard: \u00dcber den Prenzlauer Roland, in: MUGVP Heft 3, 1994, S. 5-8. Wieland, Frank: Chronik des Prenzlauer Rolands, hrsg. vom Uckerm\u00e4rkischen Geschichtsverein zu Prenzlau, Prenzlau 1995. Kohn, Gerhard: Warum wurde der Roland von Prenzlau im 18. Jh. nicht wieder aufgestellt?, in: HK 1995, S. 32-34. Lindow, Annegret: Zum Prenzlauer Roland, in: HK 2000, S. 45f. Munzel-Everling, Dietlinde: Rolande im Nordosten. Moderne Wahrzeichen, in: HeimatKurier vom 19.3.2007, S. 22.<\/p>\n<p>&nbsp;<\/p>\n<p>Quelle: J\u00fcrgen Theil: Stadtlexikon Prenzlau<\/p>\n<p>&nbsp;<\/p>\n<div id=\"attachment_3812\" style=\"width: 239px\" class=\"wp-caption alignleft\"><a href=\"https:\/\/www.uckermaerkischer-geschichtsverein.de\/wp-content\/uploads\/2013\/06\/086_Roland_Gedenkstein_Marktplatz_1.jpg\" rel=\"lightbox[3811]\"><img loading=\"lazy\" decoding=\"async\" aria-describedby=\"caption-attachment-3812\" class=\" wp-image-3812  \" title=\"Enth\u00fcllung der neuen Roland-Statue von Toralf J\u00e4ckel am 10.06.2000 vor dem Hotel Uckermark. (Bild: Archiv UGVP)\" alt=\"Enth\u00fcllung der neuen Roland-Statue von Toralf J\u00e4ckel am 10.06.2000 vor dem Hotel Uckermark. (Bild: Archiv UGVP)\" src=\"https:\/\/www.uckermaerkischer-geschichtsverein.de\/wp-content\/uploads\/2013\/06\/086_Roland_Gedenkstein_Marktplatz_1-705x1024.jpg\" width=\"229\" height=\"331\" srcset=\"https:\/\/www.uckermaerkischer-geschichtsverein.de\/wp-content\/uploads\/2013\/06\/086_Roland_Gedenkstein_Marktplatz_1-124x180.jpg 124w, https:\/\/www.uckermaerkischer-geschichtsverein.de\/wp-content\/uploads\/2013\/06\/086_Roland_Gedenkstein_Marktplatz_1.jpg 744w\" sizes=\"auto, (max-width: 229px) 100vw, 229px\" \/><\/a><p id=\"caption-attachment-3812\" class=\"wp-caption-text\">Enth\u00fcllung der neuen Roland-Statue von Toralf J\u00e4ckel am 10.06.2000 vor dem Hotel Uckermark. (Bild: Archiv UGVP)<\/p><\/div>\n<div id=\"attachment_3813\" style=\"width: 341px\" class=\"wp-caption alignleft\"><a href=\"https:\/\/www.uckermaerkischer-geschichtsverein.de\/wp-content\/uploads\/2013\/06\/083_Eiserner_Roland_Marktplatz_Heimatkreis_Prenzlau_1.jpg\" rel=\"lightbox[3811]\"><img loading=\"lazy\" decoding=\"async\" aria-describedby=\"caption-attachment-3813\" class=\" wp-image-3813  \" title=\"Der \u201eEiserne Roland\u201c 1916 auf dem Prenzlauer Marktplatz. (Bild: Archiv UGVP)\" alt=\"Der \u201eEiserne Roland\u201c 1916 auf dem Prenzlauer Marktplatz. (Bild: Archiv UGVP)\" src=\"https:\/\/www.uckermaerkischer-geschichtsverein.de\/wp-content\/uploads\/2013\/06\/083_Eiserner_Roland_Marktplatz_Heimatkreis_Prenzlau_1-1024x655.jpg\" width=\"331\" height=\"212\" srcset=\"https:\/\/www.uckermaerkischer-geschichtsverein.de\/wp-content\/uploads\/2013\/06\/083_Eiserner_Roland_Marktplatz_Heimatkreis_Prenzlau_1-1024x655.jpg 1024w, https:\/\/www.uckermaerkischer-geschichtsverein.de\/wp-content\/uploads\/2013\/06\/083_Eiserner_Roland_Marktplatz_Heimatkreis_Prenzlau_1-128x81.jpg 128w, https:\/\/www.uckermaerkischer-geschichtsverein.de\/wp-content\/uploads\/2013\/06\/083_Eiserner_Roland_Marktplatz_Heimatkreis_Prenzlau_1.jpg 1688w\" sizes=\"auto, (max-width: 331px) 100vw, 331px\" \/><\/a><p id=\"caption-attachment-3813\" class=\"wp-caption-text\">Der \u201eEiserne Roland\u201c 1916 auf dem Prenzlauer Marktplatz. (Bild: Archiv UGVP)<\/p><\/div>\n<p>&nbsp;<\/p>\n<p>&nbsp;<\/p>\n<p>&nbsp;<\/p>\n","protected":false},"excerpt":{"rendered":"<p>Geschichtsverein setzt sich f\u00fcr die Rekonstruktion und den Wiederaufbau des Prenzlauer Rolands ein Bereits im Heft 3 der Mitteilungen wurde 1994 in einem Artikel von unserem Vereinsmitglied Gerhard Kohn auf das 500j\u00e4hrige Rolandjubil\u00e4um hingewiesen. Nach dem Vorbild des 1916 auf dem Obermarkt enth\u00fcllten &#8222;Eisernen Rolands&#8220; baute Vereinsmitglied Klaus Brand ebenfalls einen Roland aus Holz, der [&hellip;]<\/p>\n","protected":false},"author":1,"featured_media":0,"parent":740,"menu_order":0,"comment_status":"closed","ping_status":"closed","template":"","meta":{"footnotes":""},"class_list":["post-3811","page","type-page","status-publish","hentry"],"yoast_head":"<!-- This site is optimized with the Yoast SEO plugin v27.2 - https:\/\/yoast.com\/product\/yoast-seo-wordpress\/ -->\n<title>Roland-Standbild - Uckerm\u00e4rkischer Geschichtsverein zu Prenzlau e.V.<\/title>\n<meta name=\"robots\" content=\"index, follow, max-snippet:-1, max-image-preview:large, max-video-preview:-1\" \/>\n<link rel=\"canonical\" href=\"https:\/\/www.uckermaerkischer-geschichtsverein.de\/en\/aktivitaeten-des-vereins\/roland-standbild\/\" \/>\n<meta property=\"og:locale\" content=\"en_GB\" \/>\n<meta property=\"og:type\" content=\"article\" \/>\n<meta property=\"og:title\" content=\"Roland-Standbild - Uckerm\u00e4rkischer Geschichtsverein zu Prenzlau e.V.\" \/>\n<meta property=\"og:description\" content=\"Geschichtsverein setzt sich f\u00fcr die Rekonstruktion und den Wiederaufbau des Prenzlauer Rolands ein Bereits im Heft 3 der Mitteilungen wurde 1994 in einem Artikel von unserem Vereinsmitglied Gerhard Kohn auf das 500j\u00e4hrige Rolandjubil\u00e4um hingewiesen. Nach dem Vorbild des 1916 auf dem Obermarkt enth\u00fcllten &#8222;Eisernen Rolands&#8220; baute Vereinsmitglied Klaus Brand ebenfalls einen Roland aus Holz, der [&hellip;]\" \/>\n<meta property=\"og:url\" content=\"https:\/\/www.uckermaerkischer-geschichtsverein.de\/en\/aktivitaeten-des-vereins\/roland-standbild\/\" \/>\n<meta property=\"og:site_name\" content=\"Uckerm\u00e4rkischer Geschichtsverein zu Prenzlau e.V.\" \/>\n<meta property=\"article:modified_time\" content=\"2013-06-17T16:55:44+00:00\" \/>\n<meta property=\"og:image\" content=\"https:\/\/www.uckermaerkischer-geschichtsverein.de\/wp-content\/uploads\/2013\/06\/086_Roland_Gedenkstein_Marktplatz_1-705x1024.jpg\" \/>\n<meta name=\"twitter:label1\" content=\"Estimated reading time\" \/>\n\t<meta name=\"twitter:data1\" content=\"4 minutes\" \/>\n<script type=\"application\/ld+json\" class=\"yoast-schema-graph\">{\"@context\":\"https:\/\/schema.org\",\"@graph\":[{\"@type\":\"WebPage\",\"@id\":\"https:\/\/www.uckermaerkischer-geschichtsverein.de\/aktivitaeten-des-vereins\/roland-standbild\/\",\"url\":\"https:\/\/www.uckermaerkischer-geschichtsverein.de\/aktivitaeten-des-vereins\/roland-standbild\/\",\"name\":\"Roland-Standbild - Uckerm\u00e4rkischer Geschichtsverein zu Prenzlau e.V.\",\"isPartOf\":{\"@id\":\"https:\/\/www.uckermaerkischer-geschichtsverein.de\/#website\"},\"primaryImageOfPage\":{\"@id\":\"https:\/\/www.uckermaerkischer-geschichtsverein.de\/aktivitaeten-des-vereins\/roland-standbild\/#primaryimage\"},\"image\":{\"@id\":\"https:\/\/www.uckermaerkischer-geschichtsverein.de\/aktivitaeten-des-vereins\/roland-standbild\/#primaryimage\"},\"thumbnailUrl\":\"https:\/\/www.uckermaerkischer-geschichtsverein.de\/wp-content\/uploads\/2013\/06\/086_Roland_Gedenkstein_Marktplatz_1-705x1024.jpg\",\"datePublished\":\"2013-06-17T16:53:48+00:00\",\"dateModified\":\"2013-06-17T16:55:44+00:00\",\"breadcrumb\":{\"@id\":\"https:\/\/www.uckermaerkischer-geschichtsverein.de\/aktivitaeten-des-vereins\/roland-standbild\/#breadcrumb\"},\"inLanguage\":\"en-GB\",\"potentialAction\":[{\"@type\":\"ReadAction\",\"target\":[\"https:\/\/www.uckermaerkischer-geschichtsverein.de\/aktivitaeten-des-vereins\/roland-standbild\/\"]}]},{\"@type\":\"ImageObject\",\"inLanguage\":\"en-GB\",\"@id\":\"https:\/\/www.uckermaerkischer-geschichtsverein.de\/aktivitaeten-des-vereins\/roland-standbild\/#primaryimage\",\"url\":\"https:\/\/www.uckermaerkischer-geschichtsverein.de\/wp-content\/uploads\/2013\/06\/086_Roland_Gedenkstein_Marktplatz_1-705x1024.jpg\",\"contentUrl\":\"https:\/\/www.uckermaerkischer-geschichtsverein.de\/wp-content\/uploads\/2013\/06\/086_Roland_Gedenkstein_Marktplatz_1-705x1024.jpg\"},{\"@type\":\"BreadcrumbList\",\"@id\":\"https:\/\/www.uckermaerkischer-geschichtsverein.de\/aktivitaeten-des-vereins\/roland-standbild\/#breadcrumb\",\"itemListElement\":[{\"@type\":\"ListItem\",\"position\":1,\"name\":\"Aktivit\u00e4ten des Vereins\",\"item\":\"https:\/\/www.uckermaerkischer-geschichtsverein.de\/aktivitaeten-des-vereins\/\"},{\"@type\":\"ListItem\",\"position\":2,\"name\":\"Roland-Standbild\"}]},{\"@type\":\"WebSite\",\"@id\":\"https:\/\/www.uckermaerkischer-geschichtsverein.de\/#website\",\"url\":\"https:\/\/www.uckermaerkischer-geschichtsverein.de\/\",\"name\":\"Uckerm\u00e4rkischer Geschichtsverein zu Prenzlau e.V.\",\"description\":\"\",\"potentialAction\":[{\"@type\":\"SearchAction\",\"target\":{\"@type\":\"EntryPoint\",\"urlTemplate\":\"https:\/\/www.uckermaerkischer-geschichtsverein.de\/?s={search_term_string}\"},\"query-input\":{\"@type\":\"PropertyValueSpecification\",\"valueRequired\":true,\"valueName\":\"search_term_string\"}}],\"inLanguage\":\"en-GB\"}]}<\/script>\n<!-- \/ Yoast SEO plugin. -->","yoast_head_json":{"title":"Roland-Standbild - Uckerm\u00e4rkischer Geschichtsverein zu Prenzlau e.V.","robots":{"index":"index","follow":"follow","max-snippet":"max-snippet:-1","max-image-preview":"max-image-preview:large","max-video-preview":"max-video-preview:-1"},"canonical":"https:\/\/www.uckermaerkischer-geschichtsverein.de\/en\/aktivitaeten-des-vereins\/roland-standbild\/","og_locale":"en_GB","og_type":"article","og_title":"Roland-Standbild - Uckerm\u00e4rkischer Geschichtsverein zu Prenzlau e.V.","og_description":"Geschichtsverein setzt sich f\u00fcr die Rekonstruktion und den Wiederaufbau des Prenzlauer Rolands ein Bereits im Heft 3 der Mitteilungen wurde 1994 in einem Artikel von unserem Vereinsmitglied Gerhard Kohn auf das 500j\u00e4hrige Rolandjubil\u00e4um hingewiesen. Nach dem Vorbild des 1916 auf dem Obermarkt enth\u00fcllten &#8222;Eisernen Rolands&#8220; baute Vereinsmitglied Klaus Brand ebenfalls einen Roland aus Holz, der [&hellip;]","og_url":"https:\/\/www.uckermaerkischer-geschichtsverein.de\/en\/aktivitaeten-des-vereins\/roland-standbild\/","og_site_name":"Uckerm\u00e4rkischer Geschichtsverein zu Prenzlau e.V.","article_modified_time":"2013-06-17T16:55:44+00:00","og_image":[{"url":"https:\/\/www.uckermaerkischer-geschichtsverein.de\/wp-content\/uploads\/2013\/06\/086_Roland_Gedenkstein_Marktplatz_1-705x1024.jpg","type":"","width":"","height":""}],"twitter_misc":{"Estimated reading time":"4 minutes"},"schema":{"@context":"https:\/\/schema.org","@graph":[{"@type":"WebPage","@id":"https:\/\/www.uckermaerkischer-geschichtsverein.de\/aktivitaeten-des-vereins\/roland-standbild\/","url":"https:\/\/www.uckermaerkischer-geschichtsverein.de\/aktivitaeten-des-vereins\/roland-standbild\/","name":"Roland-Standbild - Uckerm\u00e4rkischer Geschichtsverein zu Prenzlau e.V.","isPartOf":{"@id":"https:\/\/www.uckermaerkischer-geschichtsverein.de\/#website"},"primaryImageOfPage":{"@id":"https:\/\/www.uckermaerkischer-geschichtsverein.de\/aktivitaeten-des-vereins\/roland-standbild\/#primaryimage"},"image":{"@id":"https:\/\/www.uckermaerkischer-geschichtsverein.de\/aktivitaeten-des-vereins\/roland-standbild\/#primaryimage"},"thumbnailUrl":"https:\/\/www.uckermaerkischer-geschichtsverein.de\/wp-content\/uploads\/2013\/06\/086_Roland_Gedenkstein_Marktplatz_1-705x1024.jpg","datePublished":"2013-06-17T16:53:48+00:00","dateModified":"2013-06-17T16:55:44+00:00","breadcrumb":{"@id":"https:\/\/www.uckermaerkischer-geschichtsverein.de\/aktivitaeten-des-vereins\/roland-standbild\/#breadcrumb"},"inLanguage":"en-GB","potentialAction":[{"@type":"ReadAction","target":["https:\/\/www.uckermaerkischer-geschichtsverein.de\/aktivitaeten-des-vereins\/roland-standbild\/"]}]},{"@type":"ImageObject","inLanguage":"en-GB","@id":"https:\/\/www.uckermaerkischer-geschichtsverein.de\/aktivitaeten-des-vereins\/roland-standbild\/#primaryimage","url":"https:\/\/www.uckermaerkischer-geschichtsverein.de\/wp-content\/uploads\/2013\/06\/086_Roland_Gedenkstein_Marktplatz_1-705x1024.jpg","contentUrl":"https:\/\/www.uckermaerkischer-geschichtsverein.de\/wp-content\/uploads\/2013\/06\/086_Roland_Gedenkstein_Marktplatz_1-705x1024.jpg"},{"@type":"BreadcrumbList","@id":"https:\/\/www.uckermaerkischer-geschichtsverein.de\/aktivitaeten-des-vereins\/roland-standbild\/#breadcrumb","itemListElement":[{"@type":"ListItem","position":1,"name":"Aktivit\u00e4ten des Vereins","item":"https:\/\/www.uckermaerkischer-geschichtsverein.de\/aktivitaeten-des-vereins\/"},{"@type":"ListItem","position":2,"name":"Roland-Standbild"}]},{"@type":"WebSite","@id":"https:\/\/www.uckermaerkischer-geschichtsverein.de\/#website","url":"https:\/\/www.uckermaerkischer-geschichtsverein.de\/","name":"Uckerm\u00e4rkischer Geschichtsverein zu Prenzlau e.V.","description":"","potentialAction":[{"@type":"SearchAction","target":{"@type":"EntryPoint","urlTemplate":"https:\/\/www.uckermaerkischer-geschichtsverein.de\/?s={search_term_string}"},"query-input":{"@type":"PropertyValueSpecification","valueRequired":true,"valueName":"search_term_string"}}],"inLanguage":"en-GB"}]}},"_links":{"self":[{"href":"https:\/\/www.uckermaerkischer-geschichtsverein.de\/en\/wp-json\/wp\/v2\/pages\/3811","targetHints":{"allow":["GET"]}}],"collection":[{"href":"https:\/\/www.uckermaerkischer-geschichtsverein.de\/en\/wp-json\/wp\/v2\/pages"}],"about":[{"href":"https:\/\/www.uckermaerkischer-geschichtsverein.de\/en\/wp-json\/wp\/v2\/types\/page"}],"author":[{"embeddable":true,"href":"https:\/\/www.uckermaerkischer-geschichtsverein.de\/en\/wp-json\/wp\/v2\/users\/1"}],"replies":[{"embeddable":true,"href":"https:\/\/www.uckermaerkischer-geschichtsverein.de\/en\/wp-json\/wp\/v2\/comments?post=3811"}],"version-history":[{"count":4,"href":"https:\/\/www.uckermaerkischer-geschichtsverein.de\/en\/wp-json\/wp\/v2\/pages\/3811\/revisions"}],"predecessor-version":[{"id":3817,"href":"https:\/\/www.uckermaerkischer-geschichtsverein.de\/en\/wp-json\/wp\/v2\/pages\/3811\/revisions\/3817"}],"up":[{"embeddable":true,"href":"https:\/\/www.uckermaerkischer-geschichtsverein.de\/en\/wp-json\/wp\/v2\/pages\/740"}],"wp:attachment":[{"href":"https:\/\/www.uckermaerkischer-geschichtsverein.de\/en\/wp-json\/wp\/v2\/media?parent=3811"}],"curies":[{"name":"wp","href":"https:\/\/api.w.org\/{rel}","templated":true}]}}