{"id":3676,"date":"2013-06-02T18:11:48","date_gmt":"2013-06-02T16:11:48","guid":{"rendered":"https:\/\/www.uckermaerkischer-geschichtsverein.de\/?page_id=3676"},"modified":"2013-06-02T18:12:59","modified_gmt":"2013-06-02T16:12:59","slug":"prenzlau-775-jahre-2009","status":"publish","type":"page","link":"https:\/\/www.uckermaerkischer-geschichtsverein.de\/en\/aktivitaeten-des-vereins\/prenzlau-775-jahre-2009\/","title":{"rendered":"Prenzlau 775 Jahre (2009)"},"content":{"rendered":"<p>Die 775-Jahrfeier der Stadt Prenzlau im Jahre 2009 wurde vom UGVP seit 2003 intensiv mit vorbereitet. Der Vereinsvorsitzende vertrat den Geschichtsverein im Festkomitee bei der Erarbeitung des Drehbuches f\u00fcr den Festumzug. Zusammen mit anderen Vereinsmitgliedern beteiligte er sich am historischen Festumzug. Aus der Vereinsbibliothek wurden Texte und Bilder von historischen Jahrfeiern zur Verf\u00fcgung gestellt. Die Endfassung der Texte lag in der Regie von Regina Libert.<\/p>\n<div id=\"attachment_3677\" style=\"width: 280px\" class=\"wp-caption alignleft\"><a href=\"https:\/\/www.uckermaerkischer-geschichtsverein.de\/wp-content\/uploads\/2013\/06\/01_Timm+Urkunde.jpg\" rel=\"lightbox[3676]\"><img loading=\"lazy\" decoding=\"async\" aria-describedby=\"caption-attachment-3677\" class=\"wp-image-3677 \" title=\"Der zweite Vorsitzende des UGVP, Reinhard Timm, pr\u00e4sentiert als Herzog Barnim die von diesem im Dezember 1234 ausgestellte Prenzlauer Stadtgr\u00fcndungsurkunde.\" alt=\"Der zweite Vorsitzende des UGVP, Reinhard Timm, pr\u00e4sentiert als Herzog Barnim die von diesem im Dezember 1234 ausgestellte Prenzlauer Stadtgr\u00fcndungsurkunde.\" src=\"https:\/\/www.uckermaerkischer-geschichtsverein.de\/wp-content\/uploads\/2013\/06\/01_Timm+Urkunde.jpg\" width=\"270\" height=\"181\" srcset=\"https:\/\/www.uckermaerkischer-geschichtsverein.de\/wp-content\/uploads\/2013\/06\/01_Timm+Urkunde.jpg 750w, https:\/\/www.uckermaerkischer-geschichtsverein.de\/wp-content\/uploads\/2013\/06\/01_Timm+Urkunde-128x85.jpg 128w\" sizes=\"auto, (max-width: 270px) 100vw, 270px\" \/><\/a><p id=\"caption-attachment-3677\" class=\"wp-caption-text\">Der zweite Vorsitzende des UGVP, Reinhard Timm, pr\u00e4sentiert als Herzog Barnim die von diesem im Dezember 1234 ausgestellte Prenzlauer Stadtgr\u00fcndungsurkunde.<\/p><\/div>\n<div id=\"attachment_3678\" style=\"width: 280px\" class=\"wp-caption alignleft\"><a href=\"https:\/\/www.uckermaerkischer-geschichtsverein.de\/wp-content\/uploads\/2013\/06\/02_Turner+Theil.jpg\" rel=\"lightbox[3676]\"><img loading=\"lazy\" decoding=\"async\" aria-describedby=\"caption-attachment-3678\" class=\" wp-image-3678  \" title=\"Der Vorsitzende des UGVP, J\u00fcrgen Theil (rechts mit dem Sprungbrett unter dem Arm), als Turner.\" alt=\"Der Vorsitzende des UGVP, J\u00fcrgen Theil (rechts mit dem Sprungbrett unter dem Arm), als Turner.\" src=\"https:\/\/www.uckermaerkischer-geschichtsverein.de\/wp-content\/uploads\/2013\/06\/02_Turner+Theil.jpg\" width=\"270\" height=\"203\" srcset=\"https:\/\/www.uckermaerkischer-geschichtsverein.de\/wp-content\/uploads\/2013\/06\/02_Turner+Theil.jpg 750w, https:\/\/www.uckermaerkischer-geschichtsverein.de\/wp-content\/uploads\/2013\/06\/02_Turner+Theil-128x96.jpg 128w\" sizes=\"auto, (max-width: 270px) 100vw, 270px\" \/><\/a><p id=\"caption-attachment-3678\" class=\"wp-caption-text\">Der Vorsitzende des UGVP, J\u00fcrgen Theil (rechts mit dem Sprungbrett unter dem Arm), als Turner.<\/p><\/div>\n<div id=\"attachment_3679\" style=\"width: 280px\" class=\"wp-caption alignleft\"><a href=\"https:\/\/www.uckermaerkischer-geschichtsverein.de\/wp-content\/uploads\/2013\/06\/03_Theil+springt.jpg\" rel=\"lightbox[3676]\"><img loading=\"lazy\" decoding=\"async\" aria-describedby=\"caption-attachment-3679\" class=\"wp-image-3679 \" title=\"Der Vorsitzende des UGVP, J\u00fcrgen Theil, \u201eauf dem Sprung\u201c.\" alt=\"Der Vorsitzende des UGVP, J\u00fcrgen Theil, \u201eauf dem Sprung\u201c.\" src=\"https:\/\/www.uckermaerkischer-geschichtsverein.de\/wp-content\/uploads\/2013\/06\/03_Theil+springt.jpg\" width=\"270\" height=\"178\" srcset=\"https:\/\/www.uckermaerkischer-geschichtsverein.de\/wp-content\/uploads\/2013\/06\/03_Theil+springt.jpg 750w, https:\/\/www.uckermaerkischer-geschichtsverein.de\/wp-content\/uploads\/2013\/06\/03_Theil+springt-128x84.jpg 128w\" sizes=\"auto, (max-width: 270px) 100vw, 270px\" \/><\/a><p id=\"caption-attachment-3679\" class=\"wp-caption-text\">Der Vorsitzende des UGVP, J\u00fcrgen Theil, \u201eauf dem Sprung\u201c.<\/p><\/div>\n<p>&nbsp;<br \/>\n&nbsp;<br \/>\n&nbsp;<br \/>\n&nbsp;<br \/>\n&nbsp;<\/p>\n<p>Quellen:<\/p>\n<ul>\n<li>J\u00fcrgen Theil: T\u00e4tigkeitsbericht f\u00fcr das Gesch\u00e4ftsjahr 2003. Mitt. Uckerm\u00e4rk. Geschver. 12, 2005, 123.<\/li>\n<li>J\u00fcrgen Theil: T\u00e4tigkeitsbericht 2009. Mitt. Uckerm\u00e4rk. Geschver. 17, 2011, 162.<\/li>\n<\/ul>\n","protected":false},"excerpt":{"rendered":"<p>Die 775-Jahrfeier der Stadt Prenzlau im Jahre 2009 wurde vom UGVP seit 2003 intensiv mit vorbereitet. Der Vereinsvorsitzende vertrat den Geschichtsverein im Festkomitee bei der Erarbeitung des Drehbuches f\u00fcr den Festumzug. Zusammen mit anderen Vereinsmitgliedern beteiligte er sich am historischen Festumzug. Aus der Vereinsbibliothek wurden Texte und Bilder von historischen Jahrfeiern zur Verf\u00fcgung gestellt. Die [&hellip;]<\/p>\n","protected":false},"author":1,"featured_media":0,"parent":740,"menu_order":0,"comment_status":"closed","ping_status":"closed","template":"","meta":{"footnotes":""},"class_list":["post-3676","page","type-page","status-publish","hentry"],"yoast_head":"<!-- This site is optimized with the Yoast SEO plugin v27.2 - https:\/\/yoast.com\/product\/yoast-seo-wordpress\/ -->\n<title>Prenzlau 775 Jahre (2009) - Uckerm\u00e4rkischer Geschichtsverein zu Prenzlau e.V.<\/title>\n<meta name=\"robots\" content=\"index, follow, max-snippet:-1, max-image-preview:large, max-video-preview:-1\" \/>\n<link rel=\"canonical\" href=\"https:\/\/www.uckermaerkischer-geschichtsverein.de\/en\/aktivitaeten-des-vereins\/prenzlau-775-jahre-2009\/\" \/>\n<meta property=\"og:locale\" content=\"en_GB\" \/>\n<meta property=\"og:type\" content=\"article\" \/>\n<meta property=\"og:title\" content=\"Prenzlau 775 Jahre (2009) - Uckerm\u00e4rkischer Geschichtsverein zu Prenzlau e.V.\" \/>\n<meta property=\"og:description\" content=\"Die 775-Jahrfeier der Stadt Prenzlau im Jahre 2009 wurde vom UGVP seit 2003 intensiv mit vorbereitet. Der Vereinsvorsitzende vertrat den Geschichtsverein im Festkomitee bei der Erarbeitung des Drehbuches f\u00fcr den Festumzug. Zusammen mit anderen Vereinsmitgliedern beteiligte er sich am historischen Festumzug. Aus der Vereinsbibliothek wurden Texte und Bilder von historischen Jahrfeiern zur Verf\u00fcgung gestellt. Die [&hellip;]\" \/>\n<meta property=\"og:url\" content=\"https:\/\/www.uckermaerkischer-geschichtsverein.de\/en\/aktivitaeten-des-vereins\/prenzlau-775-jahre-2009\/\" \/>\n<meta property=\"og:site_name\" content=\"Uckerm\u00e4rkischer Geschichtsverein zu Prenzlau e.V.\" \/>\n<meta property=\"article:modified_time\" content=\"2013-06-02T16:12:59+00:00\" \/>\n<meta property=\"og:image\" content=\"https:\/\/www.uckermaerkischer-geschichtsverein.de\/wp-content\/uploads\/2013\/06\/01_Timm+Urkunde.jpg\" \/>\n<meta name=\"twitter:label1\" content=\"Estimated reading time\" \/>\n\t<meta name=\"twitter:data1\" content=\"1 minute\" \/>\n<script type=\"application\/ld+json\" class=\"yoast-schema-graph\">{\"@context\":\"https:\/\/schema.org\",\"@graph\":[{\"@type\":\"WebPage\",\"@id\":\"https:\/\/www.uckermaerkischer-geschichtsverein.de\/en\/aktivitaeten-des-vereins\/prenzlau-775-jahre-2009\/\",\"url\":\"https:\/\/www.uckermaerkischer-geschichtsverein.de\/en\/aktivitaeten-des-vereins\/prenzlau-775-jahre-2009\/\",\"name\":\"Prenzlau 775 Jahre (2009) - Uckerm\u00e4rkischer Geschichtsverein zu Prenzlau e.V.\",\"isPartOf\":{\"@id\":\"https:\/\/www.uckermaerkischer-geschichtsverein.de\/#website\"},\"primaryImageOfPage\":{\"@id\":\"https:\/\/www.uckermaerkischer-geschichtsverein.de\/en\/aktivitaeten-des-vereins\/prenzlau-775-jahre-2009\/#primaryimage\"},\"image\":{\"@id\":\"https:\/\/www.uckermaerkischer-geschichtsverein.de\/en\/aktivitaeten-des-vereins\/prenzlau-775-jahre-2009\/#primaryimage\"},\"thumbnailUrl\":\"https:\/\/www.uckermaerkischer-geschichtsverein.de\/wp-content\/uploads\/2013\/06\/01_Timm+Urkunde.jpg\",\"datePublished\":\"2013-06-02T16:11:48+00:00\",\"dateModified\":\"2013-06-02T16:12:59+00:00\",\"breadcrumb\":{\"@id\":\"https:\/\/www.uckermaerkischer-geschichtsverein.de\/en\/aktivitaeten-des-vereins\/prenzlau-775-jahre-2009\/#breadcrumb\"},\"inLanguage\":\"en-GB\",\"potentialAction\":[{\"@type\":\"ReadAction\",\"target\":[\"https:\/\/www.uckermaerkischer-geschichtsverein.de\/en\/aktivitaeten-des-vereins\/prenzlau-775-jahre-2009\/\"]}]},{\"@type\":\"ImageObject\",\"inLanguage\":\"en-GB\",\"@id\":\"https:\/\/www.uckermaerkischer-geschichtsverein.de\/en\/aktivitaeten-des-vereins\/prenzlau-775-jahre-2009\/#primaryimage\",\"url\":\"https:\/\/www.uckermaerkischer-geschichtsverein.de\/wp-content\/uploads\/2013\/06\/01_Timm+Urkunde.jpg\",\"contentUrl\":\"https:\/\/www.uckermaerkischer-geschichtsverein.de\/wp-content\/uploads\/2013\/06\/01_Timm+Urkunde.jpg\"},{\"@type\":\"BreadcrumbList\",\"@id\":\"https:\/\/www.uckermaerkischer-geschichtsverein.de\/en\/aktivitaeten-des-vereins\/prenzlau-775-jahre-2009\/#breadcrumb\",\"itemListElement\":[{\"@type\":\"ListItem\",\"position\":1,\"name\":\"Aktivit\u00e4ten des Vereins\",\"item\":\"https:\/\/www.uckermaerkischer-geschichtsverein.de\/aktivitaeten-des-vereins\/\"},{\"@type\":\"ListItem\",\"position\":2,\"name\":\"Prenzlau 775 Jahre (2009)\"}]},{\"@type\":\"WebSite\",\"@id\":\"https:\/\/www.uckermaerkischer-geschichtsverein.de\/#website\",\"url\":\"https:\/\/www.uckermaerkischer-geschichtsverein.de\/\",\"name\":\"Uckerm\u00e4rkischer Geschichtsverein zu Prenzlau e.V.\",\"description\":\"\",\"potentialAction\":[{\"@type\":\"SearchAction\",\"target\":{\"@type\":\"EntryPoint\",\"urlTemplate\":\"https:\/\/www.uckermaerkischer-geschichtsverein.de\/?s={search_term_string}\"},\"query-input\":{\"@type\":\"PropertyValueSpecification\",\"valueRequired\":true,\"valueName\":\"search_term_string\"}}],\"inLanguage\":\"en-GB\"}]}<\/script>\n<!-- \/ Yoast SEO plugin. -->","yoast_head_json":{"title":"Prenzlau 775 Jahre (2009) - Uckerm\u00e4rkischer Geschichtsverein zu Prenzlau e.V.","robots":{"index":"index","follow":"follow","max-snippet":"max-snippet:-1","max-image-preview":"max-image-preview:large","max-video-preview":"max-video-preview:-1"},"canonical":"https:\/\/www.uckermaerkischer-geschichtsverein.de\/en\/aktivitaeten-des-vereins\/prenzlau-775-jahre-2009\/","og_locale":"en_GB","og_type":"article","og_title":"Prenzlau 775 Jahre (2009) - Uckerm\u00e4rkischer Geschichtsverein zu Prenzlau e.V.","og_description":"Die 775-Jahrfeier der Stadt Prenzlau im Jahre 2009 wurde vom UGVP seit 2003 intensiv mit vorbereitet. Der Vereinsvorsitzende vertrat den Geschichtsverein im Festkomitee bei der Erarbeitung des Drehbuches f\u00fcr den Festumzug. Zusammen mit anderen Vereinsmitgliedern beteiligte er sich am historischen Festumzug. Aus der Vereinsbibliothek wurden Texte und Bilder von historischen Jahrfeiern zur Verf\u00fcgung gestellt. Die [&hellip;]","og_url":"https:\/\/www.uckermaerkischer-geschichtsverein.de\/en\/aktivitaeten-des-vereins\/prenzlau-775-jahre-2009\/","og_site_name":"Uckerm\u00e4rkischer Geschichtsverein zu Prenzlau e.V.","article_modified_time":"2013-06-02T16:12:59+00:00","og_image":[{"url":"https:\/\/www.uckermaerkischer-geschichtsverein.de\/wp-content\/uploads\/2013\/06\/01_Timm+Urkunde.jpg","type":"","width":"","height":""}],"twitter_misc":{"Estimated reading time":"1 minute"},"schema":{"@context":"https:\/\/schema.org","@graph":[{"@type":"WebPage","@id":"https:\/\/www.uckermaerkischer-geschichtsverein.de\/en\/aktivitaeten-des-vereins\/prenzlau-775-jahre-2009\/","url":"https:\/\/www.uckermaerkischer-geschichtsverein.de\/en\/aktivitaeten-des-vereins\/prenzlau-775-jahre-2009\/","name":"Prenzlau 775 Jahre (2009) - Uckerm\u00e4rkischer Geschichtsverein zu Prenzlau e.V.","isPartOf":{"@id":"https:\/\/www.uckermaerkischer-geschichtsverein.de\/#website"},"primaryImageOfPage":{"@id":"https:\/\/www.uckermaerkischer-geschichtsverein.de\/en\/aktivitaeten-des-vereins\/prenzlau-775-jahre-2009\/#primaryimage"},"image":{"@id":"https:\/\/www.uckermaerkischer-geschichtsverein.de\/en\/aktivitaeten-des-vereins\/prenzlau-775-jahre-2009\/#primaryimage"},"thumbnailUrl":"https:\/\/www.uckermaerkischer-geschichtsverein.de\/wp-content\/uploads\/2013\/06\/01_Timm+Urkunde.jpg","datePublished":"2013-06-02T16:11:48+00:00","dateModified":"2013-06-02T16:12:59+00:00","breadcrumb":{"@id":"https:\/\/www.uckermaerkischer-geschichtsverein.de\/en\/aktivitaeten-des-vereins\/prenzlau-775-jahre-2009\/#breadcrumb"},"inLanguage":"en-GB","potentialAction":[{"@type":"ReadAction","target":["https:\/\/www.uckermaerkischer-geschichtsverein.de\/en\/aktivitaeten-des-vereins\/prenzlau-775-jahre-2009\/"]}]},{"@type":"ImageObject","inLanguage":"en-GB","@id":"https:\/\/www.uckermaerkischer-geschichtsverein.de\/en\/aktivitaeten-des-vereins\/prenzlau-775-jahre-2009\/#primaryimage","url":"https:\/\/www.uckermaerkischer-geschichtsverein.de\/wp-content\/uploads\/2013\/06\/01_Timm+Urkunde.jpg","contentUrl":"https:\/\/www.uckermaerkischer-geschichtsverein.de\/wp-content\/uploads\/2013\/06\/01_Timm+Urkunde.jpg"},{"@type":"BreadcrumbList","@id":"https:\/\/www.uckermaerkischer-geschichtsverein.de\/en\/aktivitaeten-des-vereins\/prenzlau-775-jahre-2009\/#breadcrumb","itemListElement":[{"@type":"ListItem","position":1,"name":"Aktivit\u00e4ten des Vereins","item":"https:\/\/www.uckermaerkischer-geschichtsverein.de\/aktivitaeten-des-vereins\/"},{"@type":"ListItem","position":2,"name":"Prenzlau 775 Jahre (2009)"}]},{"@type":"WebSite","@id":"https:\/\/www.uckermaerkischer-geschichtsverein.de\/#website","url":"https:\/\/www.uckermaerkischer-geschichtsverein.de\/","name":"Uckerm\u00e4rkischer Geschichtsverein zu Prenzlau e.V.","description":"","potentialAction":[{"@type":"SearchAction","target":{"@type":"EntryPoint","urlTemplate":"https:\/\/www.uckermaerkischer-geschichtsverein.de\/?s={search_term_string}"},"query-input":{"@type":"PropertyValueSpecification","valueRequired":true,"valueName":"search_term_string"}}],"inLanguage":"en-GB"}]}},"_links":{"self":[{"href":"https:\/\/www.uckermaerkischer-geschichtsverein.de\/en\/wp-json\/wp\/v2\/pages\/3676","targetHints":{"allow":["GET"]}}],"collection":[{"href":"https:\/\/www.uckermaerkischer-geschichtsverein.de\/en\/wp-json\/wp\/v2\/pages"}],"about":[{"href":"https:\/\/www.uckermaerkischer-geschichtsverein.de\/en\/wp-json\/wp\/v2\/types\/page"}],"author":[{"embeddable":true,"href":"https:\/\/www.uckermaerkischer-geschichtsverein.de\/en\/wp-json\/wp\/v2\/users\/1"}],"replies":[{"embeddable":true,"href":"https:\/\/www.uckermaerkischer-geschichtsverein.de\/en\/wp-json\/wp\/v2\/comments?post=3676"}],"version-history":[{"count":4,"href":"https:\/\/www.uckermaerkischer-geschichtsverein.de\/en\/wp-json\/wp\/v2\/pages\/3676\/revisions"}],"predecessor-version":[{"id":3683,"href":"https:\/\/www.uckermaerkischer-geschichtsverein.de\/en\/wp-json\/wp\/v2\/pages\/3676\/revisions\/3683"}],"up":[{"embeddable":true,"href":"https:\/\/www.uckermaerkischer-geschichtsverein.de\/en\/wp-json\/wp\/v2\/pages\/740"}],"wp:attachment":[{"href":"https:\/\/www.uckermaerkischer-geschichtsverein.de\/en\/wp-json\/wp\/v2\/media?parent=3676"}],"curies":[{"name":"wp","href":"https:\/\/api.w.org\/{rel}","templated":true}]}}