{"id":3393,"date":"2013-04-28T10:08:27","date_gmt":"2013-04-28T08:08:27","guid":{"rendered":"https:\/\/www.uckermaerkischer-geschichtsverein.de\/?page_id=3393"},"modified":"2013-04-28T10:22:22","modified_gmt":"2013-04-28T08:22:22","slug":"2013-beatrix-bluhm-detlev-von-heydebrand-und-hans-joachim-stahl","status":"publish","type":"page","link":"https:\/\/www.uckermaerkischer-geschichtsverein.de\/en\/aktivitaeten\/adolf-stahr-preis\/2013-beatrix-bluhm-detlev-von-heydebrand-und-hans-joachim-stahl\/","title":{"rendered":"2013 Beatrix Bluhm, Detlev von Heydebrand und Hans-Joachim Stahl"},"content":{"rendered":"<table border=\"0\" frame=\"void\">\n<tbody>\n<tr>\n<td rowspan=\"2\"><a href=\"https:\/\/www.uckermaerkischer-geschichtsverein.de\/wp-content\/uploads\/2013\/04\/Adolf-Stahr-Preis-2013.jpg\" rel=\"lightbox[3393]\"><img loading=\"lazy\" decoding=\"async\" class=\"alignleft  wp-image-3394\" alt=\"Adolf-Stahr-Preis 2013\" src=\"https:\/\/www.uckermaerkischer-geschichtsverein.de\/wp-content\/uploads\/2013\/04\/Adolf-Stahr-Preis-2013.jpg\" width=\"148\" height=\"210\" \/><\/a><\/td>\n<td><b>Beatrix Bluhm \/ Detlev von Heydebrand \/ Hans-Joachim Stahl,<\/b><br \/>\n<b>Schloss Boitzenburg in der Uckermark. Geschichte und Gegenwart. (2011)<\/b><\/td>\n<\/tr>\n<tr>\n<td rowspan=\"2\"><\/td>\n<\/tr>\n<tr>\n<td style=\"text-align: center;\"><strong>Adolf-Stahr-Preis:<\/strong><br \/>\n<strong> 03.05.2013<\/strong><\/td>\n<\/tr>\n<\/tbody>\n<\/table>\n<p>&nbsp;<\/p>\n<table border=\"1\" cellspacing=\"0\" cellpadding=\"0\">\n<tbody>\n<tr>\n<td colspan=\"3\" valign=\"top\" width=\"648\"><b>Inhaltsverzeichnis:<\/b><\/td>\n<\/tr>\n<tr>\n<td valign=\"top\" width=\"156\">Joachim Benthin<\/td>\n<td valign=\"top\" width=\"408\">Zum Geleit. (Landrat)<\/td>\n<td valign=\"top\" width=\"84\">6\u20137<\/td>\n<\/tr>\n<tr>\n<td valign=\"top\" width=\"156\">Hans-Joachim Stahl<\/td>\n<td valign=\"top\" width=\"408\">Vorwort.<\/td>\n<td valign=\"top\" width=\"84\">8\u20139<\/td>\n<\/tr>\n<tr>\n<td valign=\"top\" width=\"156\">Beatrix Bluhm<\/td>\n<td valign=\"top\" width=\"408\">Schloss Boitzenburg und seine Besitzer von den Anf\u00e4ngen bis 1945.<\/td>\n<td valign=\"top\" width=\"84\">10\u201383<\/td>\n<\/tr>\n<tr>\n<td valign=\"top\" width=\"156\">Hans-Joachim Stahl<\/td>\n<td valign=\"top\" width=\"408\">Schloss Boitzenburg in den Jahren 1944\/45 bis 1956.<\/td>\n<td valign=\"top\" width=\"84\">86\u2013138<\/td>\n<\/tr>\n<tr>\n<td valign=\"top\" width=\"156\">Hans-Joachim Stahl<\/td>\n<td valign=\"top\" width=\"408\">Schloss Boitzenburg in den Jahren 1956 bis 1991.<\/td>\n<td valign=\"top\" width=\"84\">140\u2013187<\/td>\n<\/tr>\n<tr>\n<td valign=\"top\" width=\"156\">Detlev von Heydebrand<\/td>\n<td valign=\"top\" width=\"408\">Der Schlosspark von 1528 bis 2011.<\/td>\n<td valign=\"top\" width=\"84\">190\u2013243<\/td>\n<\/tr>\n<tr>\n<td valign=\"top\" width=\"156\">Beatrix Bluhm<\/td>\n<td valign=\"top\" width=\"408\">Schloss Boitzenburg ab 1991.<\/td>\n<td valign=\"top\" width=\"84\">246\u2013263<\/td>\n<\/tr>\n<tr>\n<td valign=\"top\" width=\"156\">&nbsp;<\/td>\n<td valign=\"top\" width=\"408\">Die Autoren.<\/td>\n<td valign=\"top\" width=\"84\">264\u2013265<\/td>\n<\/tr>\n<tr>\n<td valign=\"top\" width=\"156\">&nbsp;<\/td>\n<td valign=\"top\" width=\"408\">Danksagung.<\/td>\n<td valign=\"top\" width=\"84\">266<\/td>\n<\/tr>\n<tr>\n<td valign=\"top\" width=\"156\"><b>\u00a0<\/b><\/td>\n<td valign=\"top\" width=\"408\"><b>Anh\u00e4nge<\/b><\/td>\n<td valign=\"top\" width=\"84\">&nbsp;<\/td>\n<\/tr>\n<tr>\n<td valign=\"top\" width=\"156\">&nbsp;<\/td>\n<td valign=\"top\" width=\"408\">Verzeichnis der Zeitzeugen<\/td>\n<td valign=\"top\" width=\"84\">272\u2013274<\/td>\n<\/tr>\n<tr>\n<td valign=\"top\" width=\"156\">&nbsp;<\/td>\n<td valign=\"top\" width=\"408\">Abbildungsverzeichnis<\/td>\n<td valign=\"top\" width=\"84\">275\u2013290<\/td>\n<\/tr>\n<tr>\n<td valign=\"top\" width=\"156\">&nbsp;<\/td>\n<td valign=\"top\" width=\"408\">Literatur- und Quellenverzeichnis<\/td>\n<td valign=\"top\" width=\"84\">290\u2013293<\/td>\n<\/tr>\n<tr>\n<td valign=\"top\" width=\"156\">&nbsp;<\/td>\n<td valign=\"top\" width=\"408\"><b>Ahnentafel<\/b><\/td>\n<td valign=\"top\" width=\"84\">294\u2013295<\/td>\n<\/tr>\n<\/tbody>\n<\/table>\n<p>Zwischen Seen und W\u00e4ldern malerisch gelegen, f\u00fcgt sich eines der sch\u00f6nsten und sehenswertesten Schl\u00f6sser des Landes Brandenburg in die einzigartige uckerm\u00e4rkische Landschaft ein \u2013 das Schloss Boitzenburg.<\/p>\n<p>Mit seiner wechselvollen Geschichte, zeugt das m\u00e4chtige Schloss, welches 1276 erstmals erw\u00e4hnt wurde, vom Glanz vergangener Jahrhunderte: bauhistorisch, landschafts-architektonisch, kulturhistorisch und gesellschaftlich.<\/p>\n<p>Die Autoren, Beatrix Bluhm, Detlev von Heydebrand und Hans-Joachim Stahl haben in langj\u00e4hriger, umfassender Forschungsarbeit einen reichen und bisher gr\u00f6\u00dftenteils unbekannten Fundus der vielf\u00e4ltigen und interessanten Schloss- und Schlossparkgeschichte geborgen, der bis in die Gegenwart reicht und eine ganze Region nachhaltig pr\u00e4gte.<\/p>\n<p>(Klappentext)<\/p>\n<p>&nbsp;<\/p>\n<p><span style=\"text-decoration: underline;\"><strong>Zu den Preistr\u00e4gern:<\/strong><\/span><\/p>\n<p>a) Beatrix Bluhm , M.A.,<br \/>\nstudierte Kunstgeschichte, Klassische Arch\u00e4ologie und Indische Kunstgeschichte an der Freien Universit\u00e4t Berlin, arbeitet seit 1990 freiberuflich im Bereich der historischen Bauforschung, u.a. kunsthistorische Begleitung der Sanierungsarbeiten am Schloss Boitzenburg, diverse Ver\u00f6ffentlichungen.<\/p>\n<p>b) Detlev von Heydebrand, Diplom-Ingenieur,<br \/>\nnach g\u00e4rtnerischer Lehre Studium der Landschaftsplanung mit den Schwerpunkten Pflanzenverwendung, Gartenkunstgeschichte und Vegetationskunde an der Technischen Universit\u00e4t Berlin, untersuchte 1992 \u2013 1994 im Rahmen seiner Diplomarbeit den Boitzenburger Landschaftspark, arbeitet heute als Referent im Landesamt f\u00fcr Umwelt, Gesundheit und Verbraucherschutz,<\/p>\n<p>c) Hans-Joachim Stahl, Diplomvolkswirt (FH),<br \/>\nerlernte den Beruf eines Binnenfischer-Teichwirts, studierte anschlie\u00dfend Agrar\u00f6konomie und Volkswirtschaft, nach T\u00e4tigkeit in Planungsbeh\u00f6rden f\u00fcr Landwirtschaft langj\u00e4hriger B\u00fcrgermeister und sp\u00e4ter Amtsdirektor in Boitzenburg, seit 2006 im Ruhestand, f\u00fchrt seit 2008 interessierte Besucher durch das Schloss Boitzenburg, dabei gewonnene Erkenntnisse und entstandene Kontakte zu Zeitzeugen bilden eine wichtige Grundlage f\u00fcr die Entstehung des Preistr\u00e4gerwerkes, weitere Ver\u00f6ffentlichungen: \u201eEin Dorf am Rande der gro\u00dfen Welt \u2013 Uckerm\u00e4rkische Geschichten aus dem wahren Leben\u201c (2012) und Erz\u00e4hlungen in: \u201eWunderweisse Zeit \u2013 Von Martinstag bis Lichtmess in Uckermark und Barnim (2012), alle &#8211; wie auch das Preistr\u00e4gerwerk &#8211; erschienen in der Verlagsbuchhandlung Ehm Welk Angerm\u00fcnde.<\/p>\n<p>&nbsp;<\/p>\n<p>&nbsp;<\/p>\n","protected":false},"excerpt":{"rendered":"<p>Beatrix Bluhm \/ Detlev von Heydebrand \/ Hans-Joachim Stahl, Schloss Boitzenburg in der Uckermark. Geschichte und Gegenwart. (2011) Adolf-Stahr-Preis: 03.05.2013 &nbsp; Inhaltsverzeichnis: Joachim Benthin Zum Geleit. (Landrat) 6\u20137 Hans-Joachim Stahl Vorwort. 8\u20139 Beatrix Bluhm Schloss Boitzenburg und seine Besitzer von den Anf\u00e4ngen bis 1945. 10\u201383 Hans-Joachim Stahl Schloss Boitzenburg in den Jahren 1944\/45 bis 1956. [&hellip;]<\/p>\n","protected":false},"author":1,"featured_media":0,"parent":198,"menu_order":10,"comment_status":"closed","ping_status":"closed","template":"","meta":{"footnotes":""},"class_list":["post-3393","page","type-page","status-publish","hentry"],"yoast_head":"<!-- This site is optimized with the Yoast SEO plugin v27.2 - https:\/\/yoast.com\/product\/yoast-seo-wordpress\/ -->\n<title>2013 Beatrix Bluhm, Detlev von Heydebrand und Hans-Joachim Stahl - Uckerm\u00e4rkischer Geschichtsverein zu Prenzlau e.V.<\/title>\n<meta name=\"robots\" content=\"index, follow, max-snippet:-1, max-image-preview:large, max-video-preview:-1\" \/>\n<link rel=\"canonical\" href=\"https:\/\/www.uckermaerkischer-geschichtsverein.de\/en\/aktivitaeten\/adolf-stahr-preis\/2013-beatrix-bluhm-detlev-von-heydebrand-und-hans-joachim-stahl\/\" \/>\n<meta property=\"og:locale\" content=\"en_GB\" \/>\n<meta property=\"og:type\" content=\"article\" \/>\n<meta property=\"og:title\" content=\"2013 Beatrix Bluhm, Detlev von Heydebrand und Hans-Joachim Stahl - Uckerm\u00e4rkischer Geschichtsverein zu Prenzlau e.V.\" \/>\n<meta property=\"og:description\" content=\"Beatrix Bluhm \/ Detlev von Heydebrand \/ Hans-Joachim Stahl, Schloss Boitzenburg in der Uckermark. Geschichte und Gegenwart. (2011) Adolf-Stahr-Preis: 03.05.2013 &nbsp; Inhaltsverzeichnis: Joachim Benthin Zum Geleit. (Landrat) 6\u20137 Hans-Joachim Stahl Vorwort. 8\u20139 Beatrix Bluhm Schloss Boitzenburg und seine Besitzer von den Anf\u00e4ngen bis 1945. 10\u201383 Hans-Joachim Stahl Schloss Boitzenburg in den Jahren 1944\/45 bis 1956. [&hellip;]\" \/>\n<meta property=\"og:url\" content=\"https:\/\/www.uckermaerkischer-geschichtsverein.de\/en\/aktivitaeten\/adolf-stahr-preis\/2013-beatrix-bluhm-detlev-von-heydebrand-und-hans-joachim-stahl\/\" \/>\n<meta property=\"og:site_name\" content=\"Uckerm\u00e4rkischer Geschichtsverein zu Prenzlau e.V.\" \/>\n<meta property=\"article:modified_time\" content=\"2013-04-28T08:22:22+00:00\" \/>\n<meta property=\"og:image\" content=\"https:\/\/www.uckermaerkischer-geschichtsverein.de\/wp-content\/uploads\/2013\/04\/Adolf-Stahr-Preis-2013.jpg\" \/>\n<meta name=\"twitter:label1\" content=\"Estimated reading time\" \/>\n\t<meta name=\"twitter:data1\" content=\"2 minutes\" \/>\n<script type=\"application\/ld+json\" class=\"yoast-schema-graph\">{\"@context\":\"https:\/\/schema.org\",\"@graph\":[{\"@type\":\"WebPage\",\"@id\":\"https:\/\/www.uckermaerkischer-geschichtsverein.de\/aktivitaeten\/adolf-stahr-preis\/2013-beatrix-bluhm-detlev-von-heydebrand-und-hans-joachim-stahl\/\",\"url\":\"https:\/\/www.uckermaerkischer-geschichtsverein.de\/aktivitaeten\/adolf-stahr-preis\/2013-beatrix-bluhm-detlev-von-heydebrand-und-hans-joachim-stahl\/\",\"name\":\"2013 Beatrix Bluhm, Detlev von Heydebrand und Hans-Joachim Stahl - Uckerm\u00e4rkischer Geschichtsverein zu Prenzlau e.V.\",\"isPartOf\":{\"@id\":\"https:\/\/www.uckermaerkischer-geschichtsverein.de\/#website\"},\"primaryImageOfPage\":{\"@id\":\"https:\/\/www.uckermaerkischer-geschichtsverein.de\/aktivitaeten\/adolf-stahr-preis\/2013-beatrix-bluhm-detlev-von-heydebrand-und-hans-joachim-stahl\/#primaryimage\"},\"image\":{\"@id\":\"https:\/\/www.uckermaerkischer-geschichtsverein.de\/aktivitaeten\/adolf-stahr-preis\/2013-beatrix-bluhm-detlev-von-heydebrand-und-hans-joachim-stahl\/#primaryimage\"},\"thumbnailUrl\":\"https:\/\/www.uckermaerkischer-geschichtsverein.de\/wp-content\/uploads\/2013\/04\/Adolf-Stahr-Preis-2013.jpg\",\"datePublished\":\"2013-04-28T08:08:27+00:00\",\"dateModified\":\"2013-04-28T08:22:22+00:00\",\"breadcrumb\":{\"@id\":\"https:\/\/www.uckermaerkischer-geschichtsverein.de\/aktivitaeten\/adolf-stahr-preis\/2013-beatrix-bluhm-detlev-von-heydebrand-und-hans-joachim-stahl\/#breadcrumb\"},\"inLanguage\":\"en-GB\",\"potentialAction\":[{\"@type\":\"ReadAction\",\"target\":[\"https:\/\/www.uckermaerkischer-geschichtsverein.de\/aktivitaeten\/adolf-stahr-preis\/2013-beatrix-bluhm-detlev-von-heydebrand-und-hans-joachim-stahl\/\"]}]},{\"@type\":\"ImageObject\",\"inLanguage\":\"en-GB\",\"@id\":\"https:\/\/www.uckermaerkischer-geschichtsverein.de\/aktivitaeten\/adolf-stahr-preis\/2013-beatrix-bluhm-detlev-von-heydebrand-und-hans-joachim-stahl\/#primaryimage\",\"url\":\"https:\/\/www.uckermaerkischer-geschichtsverein.de\/wp-content\/uploads\/2013\/04\/Adolf-Stahr-Preis-2013.jpg\",\"contentUrl\":\"https:\/\/www.uckermaerkischer-geschichtsverein.de\/wp-content\/uploads\/2013\/04\/Adolf-Stahr-Preis-2013.jpg\"},{\"@type\":\"BreadcrumbList\",\"@id\":\"https:\/\/www.uckermaerkischer-geschichtsverein.de\/aktivitaeten\/adolf-stahr-preis\/2013-beatrix-bluhm-detlev-von-heydebrand-und-hans-joachim-stahl\/#breadcrumb\",\"itemListElement\":[{\"@type\":\"ListItem\",\"position\":1,\"name\":\"Aktivit\u00e4ten\",\"item\":\"https:\/\/www.uckermaerkischer-geschichtsverein.de\/en\/aktivitaeten\/\"},{\"@type\":\"ListItem\",\"position\":2,\"name\":\"Adolf-Stahr-Preis\",\"item\":\"https:\/\/www.uckermaerkischer-geschichtsverein.de\/aktivitaeten\/adolf-stahr-preis\/\"},{\"@type\":\"ListItem\",\"position\":3,\"name\":\"2013 Beatrix Bluhm, Detlev von Heydebrand und Hans-Joachim Stahl\"}]},{\"@type\":\"WebSite\",\"@id\":\"https:\/\/www.uckermaerkischer-geschichtsverein.de\/#website\",\"url\":\"https:\/\/www.uckermaerkischer-geschichtsverein.de\/\",\"name\":\"Uckerm\u00e4rkischer Geschichtsverein zu Prenzlau e.V.\",\"description\":\"\",\"potentialAction\":[{\"@type\":\"SearchAction\",\"target\":{\"@type\":\"EntryPoint\",\"urlTemplate\":\"https:\/\/www.uckermaerkischer-geschichtsverein.de\/?s={search_term_string}\"},\"query-input\":{\"@type\":\"PropertyValueSpecification\",\"valueRequired\":true,\"valueName\":\"search_term_string\"}}],\"inLanguage\":\"en-GB\"}]}<\/script>\n<!-- \/ Yoast SEO plugin. -->","yoast_head_json":{"title":"2013 Beatrix Bluhm, Detlev von Heydebrand und Hans-Joachim Stahl - Uckerm\u00e4rkischer Geschichtsverein zu Prenzlau e.V.","robots":{"index":"index","follow":"follow","max-snippet":"max-snippet:-1","max-image-preview":"max-image-preview:large","max-video-preview":"max-video-preview:-1"},"canonical":"https:\/\/www.uckermaerkischer-geschichtsverein.de\/en\/aktivitaeten\/adolf-stahr-preis\/2013-beatrix-bluhm-detlev-von-heydebrand-und-hans-joachim-stahl\/","og_locale":"en_GB","og_type":"article","og_title":"2013 Beatrix Bluhm, Detlev von Heydebrand und Hans-Joachim Stahl - Uckerm\u00e4rkischer Geschichtsverein zu Prenzlau e.V.","og_description":"Beatrix Bluhm \/ Detlev von Heydebrand \/ Hans-Joachim Stahl, Schloss Boitzenburg in der Uckermark. Geschichte und Gegenwart. (2011) Adolf-Stahr-Preis: 03.05.2013 &nbsp; Inhaltsverzeichnis: Joachim Benthin Zum Geleit. (Landrat) 6\u20137 Hans-Joachim Stahl Vorwort. 8\u20139 Beatrix Bluhm Schloss Boitzenburg und seine Besitzer von den Anf\u00e4ngen bis 1945. 10\u201383 Hans-Joachim Stahl Schloss Boitzenburg in den Jahren 1944\/45 bis 1956. [&hellip;]","og_url":"https:\/\/www.uckermaerkischer-geschichtsverein.de\/en\/aktivitaeten\/adolf-stahr-preis\/2013-beatrix-bluhm-detlev-von-heydebrand-und-hans-joachim-stahl\/","og_site_name":"Uckerm\u00e4rkischer Geschichtsverein zu Prenzlau e.V.","article_modified_time":"2013-04-28T08:22:22+00:00","og_image":[{"url":"https:\/\/www.uckermaerkischer-geschichtsverein.de\/wp-content\/uploads\/2013\/04\/Adolf-Stahr-Preis-2013.jpg","type":"","width":"","height":""}],"twitter_misc":{"Estimated reading time":"2 minutes"},"schema":{"@context":"https:\/\/schema.org","@graph":[{"@type":"WebPage","@id":"https:\/\/www.uckermaerkischer-geschichtsverein.de\/aktivitaeten\/adolf-stahr-preis\/2013-beatrix-bluhm-detlev-von-heydebrand-und-hans-joachim-stahl\/","url":"https:\/\/www.uckermaerkischer-geschichtsverein.de\/aktivitaeten\/adolf-stahr-preis\/2013-beatrix-bluhm-detlev-von-heydebrand-und-hans-joachim-stahl\/","name":"2013 Beatrix Bluhm, Detlev von Heydebrand und Hans-Joachim Stahl - Uckerm\u00e4rkischer Geschichtsverein zu Prenzlau e.V.","isPartOf":{"@id":"https:\/\/www.uckermaerkischer-geschichtsverein.de\/#website"},"primaryImageOfPage":{"@id":"https:\/\/www.uckermaerkischer-geschichtsverein.de\/aktivitaeten\/adolf-stahr-preis\/2013-beatrix-bluhm-detlev-von-heydebrand-und-hans-joachim-stahl\/#primaryimage"},"image":{"@id":"https:\/\/www.uckermaerkischer-geschichtsverein.de\/aktivitaeten\/adolf-stahr-preis\/2013-beatrix-bluhm-detlev-von-heydebrand-und-hans-joachim-stahl\/#primaryimage"},"thumbnailUrl":"https:\/\/www.uckermaerkischer-geschichtsverein.de\/wp-content\/uploads\/2013\/04\/Adolf-Stahr-Preis-2013.jpg","datePublished":"2013-04-28T08:08:27+00:00","dateModified":"2013-04-28T08:22:22+00:00","breadcrumb":{"@id":"https:\/\/www.uckermaerkischer-geschichtsverein.de\/aktivitaeten\/adolf-stahr-preis\/2013-beatrix-bluhm-detlev-von-heydebrand-und-hans-joachim-stahl\/#breadcrumb"},"inLanguage":"en-GB","potentialAction":[{"@type":"ReadAction","target":["https:\/\/www.uckermaerkischer-geschichtsverein.de\/aktivitaeten\/adolf-stahr-preis\/2013-beatrix-bluhm-detlev-von-heydebrand-und-hans-joachim-stahl\/"]}]},{"@type":"ImageObject","inLanguage":"en-GB","@id":"https:\/\/www.uckermaerkischer-geschichtsverein.de\/aktivitaeten\/adolf-stahr-preis\/2013-beatrix-bluhm-detlev-von-heydebrand-und-hans-joachim-stahl\/#primaryimage","url":"https:\/\/www.uckermaerkischer-geschichtsverein.de\/wp-content\/uploads\/2013\/04\/Adolf-Stahr-Preis-2013.jpg","contentUrl":"https:\/\/www.uckermaerkischer-geschichtsverein.de\/wp-content\/uploads\/2013\/04\/Adolf-Stahr-Preis-2013.jpg"},{"@type":"BreadcrumbList","@id":"https:\/\/www.uckermaerkischer-geschichtsverein.de\/aktivitaeten\/adolf-stahr-preis\/2013-beatrix-bluhm-detlev-von-heydebrand-und-hans-joachim-stahl\/#breadcrumb","itemListElement":[{"@type":"ListItem","position":1,"name":"Aktivit\u00e4ten","item":"https:\/\/www.uckermaerkischer-geschichtsverein.de\/en\/aktivitaeten\/"},{"@type":"ListItem","position":2,"name":"Adolf-Stahr-Preis","item":"https:\/\/www.uckermaerkischer-geschichtsverein.de\/aktivitaeten\/adolf-stahr-preis\/"},{"@type":"ListItem","position":3,"name":"2013 Beatrix Bluhm, Detlev von Heydebrand und Hans-Joachim Stahl"}]},{"@type":"WebSite","@id":"https:\/\/www.uckermaerkischer-geschichtsverein.de\/#website","url":"https:\/\/www.uckermaerkischer-geschichtsverein.de\/","name":"Uckerm\u00e4rkischer Geschichtsverein zu Prenzlau e.V.","description":"","potentialAction":[{"@type":"SearchAction","target":{"@type":"EntryPoint","urlTemplate":"https:\/\/www.uckermaerkischer-geschichtsverein.de\/?s={search_term_string}"},"query-input":{"@type":"PropertyValueSpecification","valueRequired":true,"valueName":"search_term_string"}}],"inLanguage":"en-GB"}]}},"_links":{"self":[{"href":"https:\/\/www.uckermaerkischer-geschichtsverein.de\/en\/wp-json\/wp\/v2\/pages\/3393","targetHints":{"allow":["GET"]}}],"collection":[{"href":"https:\/\/www.uckermaerkischer-geschichtsverein.de\/en\/wp-json\/wp\/v2\/pages"}],"about":[{"href":"https:\/\/www.uckermaerkischer-geschichtsverein.de\/en\/wp-json\/wp\/v2\/types\/page"}],"author":[{"embeddable":true,"href":"https:\/\/www.uckermaerkischer-geschichtsverein.de\/en\/wp-json\/wp\/v2\/users\/1"}],"replies":[{"embeddable":true,"href":"https:\/\/www.uckermaerkischer-geschichtsverein.de\/en\/wp-json\/wp\/v2\/comments?post=3393"}],"version-history":[{"count":6,"href":"https:\/\/www.uckermaerkischer-geschichtsverein.de\/en\/wp-json\/wp\/v2\/pages\/3393\/revisions"}],"predecessor-version":[{"id":3397,"href":"https:\/\/www.uckermaerkischer-geschichtsverein.de\/en\/wp-json\/wp\/v2\/pages\/3393\/revisions\/3397"}],"up":[{"embeddable":true,"href":"https:\/\/www.uckermaerkischer-geschichtsverein.de\/en\/wp-json\/wp\/v2\/pages\/198"}],"wp:attachment":[{"href":"https:\/\/www.uckermaerkischer-geschichtsverein.de\/en\/wp-json\/wp\/v2\/media?parent=3393"}],"curies":[{"name":"wp","href":"https:\/\/api.w.org\/{rel}","templated":true}]}}