{"id":3293,"date":"2013-04-17T19:29:19","date_gmt":"2013-04-17T17:29:19","guid":{"rendered":"https:\/\/www.uckermaerkischer-geschichtsverein.de\/?page_id=3293"},"modified":"2013-04-17T21:19:04","modified_gmt":"2013-04-17T19:19:04","slug":"gedenktafel-fuer-friedrich-ii","status":"publish","type":"page","link":"https:\/\/www.uckermaerkischer-geschichtsverein.de\/en\/aktivitaeten-des-vereins\/weitere-aktivitaeten-gedenktafel-strassennamen\/gedenktafel-fuer-friedrich-ii\/","title":{"rendered":"Gedenktafel f\u00fcr Friedrich II."},"content":{"rendered":"<p>Friedrich II. (der Gro\u00dfe) war 1740\u20131786 preu\u00dfischer K\u00f6nig. Prenzlau erhielt am 9.12.1906 auf dem Obermarkt ein Bronzedenkmal, das der Berliner Bildhauer Gl\u00fcmer schuf. Auch dieses Denkmal wurde vom Prenzlauer B\u00fcrger Witt gestiftet. Nach Hinrichs hat es den Zweiten Weltkrieg noch \u00fcberdauert. Es sei 1947 umgerissen und dann zur Kl\u00e4ranlage geschafft worden. Hier verliert sich seine Spur. Der Sockel des Denkmals stand dann noch bis 1960. Dann wurde auch er entfernt.<\/p>\n<p>Von unserem Vereinsmitglied Hans-J\u00fcrgen Schulz erhielten wir den Hinweis, dass der Sockel des Denkmals zerschnitten und anschlie\u00dfend zu Grabsteinen verarbeitet wurde. Jeweils ein daraus gefertigter Grabstein steht heute auf dem Friedh\u00f6fen in Dedelow und Prenzlau. Ein dritter befindet sich noch beim Steinmetz Ernst Missfeldt in der Friedhofstra\u00dfe. Auf Anregung der von J\u00fcrgen Theil geleiteten Projektgruppe am Christa-und-Peter-Scherpf Gymnasium konnte daraus eine Erinnerungsstein angefertigt werden, der etwa am Originalstandort (in der 2013 er\u00f6ffneten Stadtinformation auf dem Markt) in den Boden eingelassen wurde. Er tr\u00e4gt die Inschrift:<\/p>\n<p>&nbsp;<\/p>\n<div id=\"attachment_3294\" style=\"width: 194px\" class=\"wp-caption alignleft\"><a href=\"https:\/\/www.uckermaerkischer-geschichtsverein.de\/wp-content\/uploads\/2013\/04\/Artikel_Enth\u00fcllung-F-II-Gedenkstein_PZ-08-11-2012.jpg\" rel=\"lightbox[3293]\"><img loading=\"lazy\" decoding=\"async\" aria-describedby=\"caption-attachment-3294\" class=\" wp-image-3294   \" title=\"Zeitungsartikel in der Prenzlauer Zeitung vom 08.11.2012\" alt=\"Zeitungsartikel in der Prenzlauer Zeitung vom 08.11.2012\" src=\"https:\/\/www.uckermaerkischer-geschichtsverein.de\/wp-content\/uploads\/2013\/04\/Artikel_Enth\u00fcllung-F-II-Gedenkstein_PZ-08-11-2012.jpg\" width=\"184\" height=\"194\" srcset=\"https:\/\/www.uckermaerkischer-geschichtsverein.de\/wp-content\/uploads\/2013\/04\/Artikel_Enth\u00fcllung-F-II-Gedenkstein_PZ-08-11-2012.jpg 800w, https:\/\/www.uckermaerkischer-geschichtsverein.de\/wp-content\/uploads\/2013\/04\/Artikel_Enth\u00fcllung-F-II-Gedenkstein_PZ-08-11-2012-128x134.jpg 128w, https:\/\/www.uckermaerkischer-geschichtsverein.de\/wp-content\/uploads\/2013\/04\/Artikel_Enth\u00fcllung-F-II-Gedenkstein_PZ-08-11-2012-30x32.jpg 30w\" sizes=\"auto, (max-width: 184px) 100vw, 184px\" \/><\/a><p id=\"caption-attachment-3294\" class=\"wp-caption-text\">Zeitungsartikel in der Prenzlauer Zeitung vom 08.11.2012<\/p><\/div>\n<div id=\"attachment_3296\" style=\"width: 212px\" class=\"wp-caption alignleft\"><a href=\"https:\/\/www.uckermaerkischer-geschichtsverein.de\/wp-content\/uploads\/2013\/04\/Tafel-F-II.jpg\" rel=\"lightbox[3293]\"><img loading=\"lazy\" decoding=\"async\" aria-describedby=\"caption-attachment-3296\" class=\" wp-image-3296  \" title=\"Die frisch in den Boden der neuen Prenzlauer Stadtinformation auf dem Markt eingelassene Gedenktafel mit den Kartoffeln, die zur Enth\u00fcllung ein Tuch an Ort und Stelle hielten.\" alt=\"Die frisch in den Boden der neuen Prenzlauer Stadtinformation auf dem Markt eingelassene Gedenktafel mit den Kartoffeln, die zur Enth\u00fcllung ein Tuch an Ort und Stelle hielten.\" src=\"https:\/\/www.uckermaerkischer-geschichtsverein.de\/wp-content\/uploads\/2013\/04\/Tafel-F-II.jpg\" width=\"202\" height=\"114\" srcset=\"https:\/\/www.uckermaerkischer-geschichtsverein.de\/wp-content\/uploads\/2013\/04\/Tafel-F-II.jpg 700w, https:\/\/www.uckermaerkischer-geschichtsverein.de\/wp-content\/uploads\/2013\/04\/Tafel-F-II-128x72.jpg 128w, https:\/\/www.uckermaerkischer-geschichtsverein.de\/wp-content\/uploads\/2013\/04\/Tafel-F-II-32x18.jpg 32w\" sizes=\"auto, (max-width: 202px) 100vw, 202px\" \/><\/a><p id=\"caption-attachment-3296\" class=\"wp-caption-text\">Die frisch in den Boden der neuen Prenzlauer Stadtinformation auf dem Markt eingelassene Gedenktafel mit den Kartoffeln, die zur Enth\u00fcllung ein Tuch an Ort und Stelle hielten.<\/p><\/div>\n<div id=\"attachment_3295\" style=\"width: 161px\" class=\"wp-caption alignleft\"><a href=\"https:\/\/www.uckermaerkischer-geschichtsverein.de\/wp-content\/uploads\/2013\/04\/Sch\u00fcler+Friedrich-II-Gedenkstein.jpg\" rel=\"lightbox[3293]\"><img loading=\"lazy\" decoding=\"async\" aria-describedby=\"caption-attachment-3295\" class=\" wp-image-3295  \" title=\"Die Sch\u00fcler der Projektgruppe am Christa-und-Peter-Scherpf Gymnasium in der noch unfertigen Stadtinformation auf dem Prenzlauer Markt vor der Gedenktafel.\" alt=\"Die Sch\u00fcler der Projektgruppe am Christa-und-Peter-Scherpf Gymnasium in der noch unfertigen Stadtinformation auf dem Prenzlauer Markt vor der Gedenktafel.\" src=\"https:\/\/www.uckermaerkischer-geschichtsverein.de\/wp-content\/uploads\/2013\/04\/Sch\u00fcler+Friedrich-II-Gedenkstein.jpg\" width=\"151\" height=\"113\" srcset=\"https:\/\/www.uckermaerkischer-geschichtsverein.de\/wp-content\/uploads\/2013\/04\/Sch\u00fcler+Friedrich-II-Gedenkstein.jpg 700w, https:\/\/www.uckermaerkischer-geschichtsverein.de\/wp-content\/uploads\/2013\/04\/Sch\u00fcler+Friedrich-II-Gedenkstein-128x96.jpg 128w, https:\/\/www.uckermaerkischer-geschichtsverein.de\/wp-content\/uploads\/2013\/04\/Sch\u00fcler+Friedrich-II-Gedenkstein-32x24.jpg 32w\" sizes=\"auto, (max-width: 151px) 100vw, 151px\" \/><\/a><p id=\"caption-attachment-3295\" class=\"wp-caption-text\">Die Sch\u00fcler der Projektgruppe am Christa-und-Peter-Scherpf Gymnasium in der noch unfertigen Stadtinformation auf dem Prenzlauer Markt vor der Gedenktafel.<\/p><\/div>\n<p>&nbsp;<\/p>\n<p>&nbsp;<\/p>\n<p>&nbsp;<\/p>\n<p>&nbsp;<\/p>\n<p>&nbsp;<\/p>\n<p>&nbsp;<\/p>\n<p>&nbsp;<\/p>\n<p>&nbsp;<\/p>\n<p>&nbsp;<\/p>\n<p><b>Festrede anl\u00e4sslich der Enth\u00fcllung der Gedenktafel f\u00fcr den Preu\u00dfenk\u00f6nig Friedrich II.<\/b><br \/>\nvorgetragen von der Sch\u00fclerin Josephine Sch\u00fctte, Klasse 8\/3<\/p>\n<p>Sehr geehrte Damen und Herren,<br \/>\nim Jubil\u00e4umsjahr des Preu\u00dfenk\u00f6nigs Friedrich II. wird viel diskutiert \u00fcber einen Monarchen, der bis heute zu vielen Spekulationen und unterschiedlichsten Bewertungen Veranlassung gibt. Friedrich II., der sich in der Stadt Prenzlau nur ein einziges Mal aufgehalten hat, als er als Kronprinz 1737 seinen Vater auf einer Inspektionsreise begleitete, hinterlie\u00df auch einige Spuren in der Uckermark, die auf seine Regierung als K\u00f6nig zur\u00fcckgehen. So geh\u00f6ren neben seinen zahlreichen Reformen und Ma\u00dfnahmen, wie z. B. die Trockenlegung des Oderbruchs, die F\u00f6rderung der Landwirtschaft, die innere Kolonisation, die auch mit neuen Ortsgr\u00fcndungen in der Uckermark einherging, auch Eingriffe in Versorgung und Ausbildung der Soldaten. In seiner Regierungszeit entstanden in Prenzlau zwei erste Kasernen, die heute zu den \u00e4ltesten erhaltenen in Deutschland z\u00e4hlen. Die von Friedrich ma\u00dfgeblich mitgepr\u00e4gten preu\u00dfischen Tugenden wie \u201eMut, Pflichterf\u00fcllung, Gehorsam, Treue, Pflichtbewusstsein und Tapferkeit\u201c wurden in den Jahren des Dritten Reiches schamlos missbraucht, was die Alliierten 1947 dazu bewegte, den Staat Preu\u00dfen, den es zu diesem Zeitpunkt eigentlich gar nicht mehr gab, dennoch f\u00fcr aufgel\u00f6st zu erkl\u00e4ren. Aber weder Friedrich II. noch Preu\u00dfen sollten auf den Militarismus reduziert werden. Dies erkannte offensichtlich auch der Prenzlauer Ehrenb\u00fcrger Witt, der f\u00fcr die B\u00fcrger dieser Stadt ein weiteres Denkmal stiftete, das vor \u00fcber 100 Jahren am 9. Dezember 1906 auf dem Obermarkt, genau an dieser Stelle wo wir heute stehen, enth\u00fcllt wurde. Das von dem Berliner Bildhauer Gl\u00fcmer geschaffene Bronzedenkmal Friedrichs II., ist vom K\u00fcnstler bereits ein Jahr zuvor f\u00fcr den an der Oder gelegenen m\u00e4rkischen Ort Letschin geschaffen worden. W\u00e4hrend das in Letschin stehende Friedrich-Denkmal noch heute vorhanden ist, wurde das in Prenzlau aufgestellte Denkmal 1947 entfernt. Zum Verbleib gibt es bis heute verschiedene sich widersprechende Augenzeugenberichte, denen wir, die Klasse 8\/3, im Rahmen unserer Wettbewerbsarbeit nachgegangen sind. Immerhin f\u00fchrten unsere Recherchen zu einem noch vorhandenen Rest des Denkmalsockels, der noch bis 1960 als Litfa\u00dfs\u00e4ule diente und dann zu Grabsteinen verarbeitet wurde. Ein letztes erhaltenes St\u00fcck davon tauchte dann in der Steinmetz-Werkstatt Missfeld auf, was uns dazu inspirierte, im Friedrich-Jahr auch in Prenzlau an diesen Preu\u00dfenk\u00f6nig zu erinnern. Erinnerungsw\u00fcrdig erscheinen uns seine f\u00fcr damals fortschrittlichen Gedanken, seine Reformen und seine Toleranz anderen gegen\u00fcber, die wir uns auch f\u00fcr die Gegenwart w\u00fcnschen. Sein Ausspruch \u201eJeder soll nach seiner Fasson selig werden\u201c sollte ein Exportschlager \u201eMade in Brandenburg\u201c werden. Und vielleicht kann ja auch seine besondere Affinit\u00e4t f\u00fcr den Kartoffelanbau f\u00fcr die Stadt Prenzlau, die Stadt des Nudelbarons, wirtschaftlich nachhaltig von Nutzen sein. Wenn wir heute zu Ehren Friedrichs des Gro\u00dfen anstelle von Blumen Kartoffeln &#8211; pardon Nudeln &#8211; auf diese Granitplatte legen, dann gedenken wir seiner auf eine besondere Weise, die dem Alten Fritz sicher gefallen h\u00e4tte.<\/p>\n","protected":false},"excerpt":{"rendered":"<p>Friedrich II. (der Gro\u00dfe) war 1740\u20131786 preu\u00dfischer K\u00f6nig. Prenzlau erhielt am 9.12.1906 auf dem Obermarkt ein Bronzedenkmal, das der Berliner Bildhauer Gl\u00fcmer schuf. Auch dieses Denkmal wurde vom Prenzlauer B\u00fcrger Witt gestiftet. Nach Hinrichs hat es den Zweiten Weltkrieg noch \u00fcberdauert. Es sei 1947 umgerissen und dann zur Kl\u00e4ranlage geschafft worden. Hier verliert sich seine [&hellip;]<\/p>\n","protected":false},"author":1,"featured_media":0,"parent":63,"menu_order":0,"comment_status":"closed","ping_status":"closed","template":"","meta":{"footnotes":""},"class_list":["post-3293","page","type-page","status-publish","hentry"],"yoast_head":"<!-- This site is optimized with the Yoast SEO plugin v27.2 - https:\/\/yoast.com\/product\/yoast-seo-wordpress\/ -->\n<title>Gedenktafel f\u00fcr Friedrich II. - Uckerm\u00e4rkischer Geschichtsverein zu Prenzlau e.V.<\/title>\n<meta name=\"robots\" content=\"index, follow, max-snippet:-1, max-image-preview:large, max-video-preview:-1\" \/>\n<link rel=\"canonical\" href=\"https:\/\/www.uckermaerkischer-geschichtsverein.de\/en\/aktivitaeten-des-vereins\/weitere-aktivitaeten-gedenktafel-strassennamen\/gedenktafel-fuer-friedrich-ii\/\" \/>\n<meta property=\"og:locale\" content=\"en_GB\" \/>\n<meta property=\"og:type\" content=\"article\" \/>\n<meta property=\"og:title\" content=\"Gedenktafel f\u00fcr Friedrich II. - Uckerm\u00e4rkischer Geschichtsverein zu Prenzlau e.V.\" \/>\n<meta property=\"og:description\" content=\"Friedrich II. (der Gro\u00dfe) war 1740\u20131786 preu\u00dfischer K\u00f6nig. Prenzlau erhielt am 9.12.1906 auf dem Obermarkt ein Bronzedenkmal, das der Berliner Bildhauer Gl\u00fcmer schuf. Auch dieses Denkmal wurde vom Prenzlauer B\u00fcrger Witt gestiftet. Nach Hinrichs hat es den Zweiten Weltkrieg noch \u00fcberdauert. Es sei 1947 umgerissen und dann zur Kl\u00e4ranlage geschafft worden. Hier verliert sich seine [&hellip;]\" \/>\n<meta property=\"og:url\" content=\"https:\/\/www.uckermaerkischer-geschichtsverein.de\/en\/aktivitaeten-des-vereins\/weitere-aktivitaeten-gedenktafel-strassennamen\/gedenktafel-fuer-friedrich-ii\/\" \/>\n<meta property=\"og:site_name\" content=\"Uckerm\u00e4rkischer Geschichtsverein zu Prenzlau e.V.\" \/>\n<meta property=\"article:modified_time\" content=\"2013-04-17T19:19:04+00:00\" \/>\n<meta property=\"og:image\" content=\"https:\/\/www.uckermaerkischer-geschichtsverein.de\/wp-content\/uploads\/2013\/04\/Artikel_Enth\u00fcllung-F-II-Gedenkstein_PZ-08-11-2012.jpg\" \/>\n<meta name=\"twitter:label1\" content=\"Estimated reading time\" \/>\n\t<meta name=\"twitter:data1\" content=\"4 minutes\" \/>\n<script type=\"application\/ld+json\" class=\"yoast-schema-graph\">{\"@context\":\"https:\/\/schema.org\",\"@graph\":[{\"@type\":\"WebPage\",\"@id\":\"https:\/\/www.uckermaerkischer-geschichtsverein.de\/aktivitaeten-des-vereins\/weitere-aktivitaeten-gedenktafel-strassennamen\/gedenktafel-fuer-friedrich-ii\/\",\"url\":\"https:\/\/www.uckermaerkischer-geschichtsverein.de\/aktivitaeten-des-vereins\/weitere-aktivitaeten-gedenktafel-strassennamen\/gedenktafel-fuer-friedrich-ii\/\",\"name\":\"Gedenktafel f\u00fcr Friedrich II. - Uckerm\u00e4rkischer Geschichtsverein zu Prenzlau e.V.\",\"isPartOf\":{\"@id\":\"https:\/\/www.uckermaerkischer-geschichtsverein.de\/#website\"},\"primaryImageOfPage\":{\"@id\":\"https:\/\/www.uckermaerkischer-geschichtsverein.de\/aktivitaeten-des-vereins\/weitere-aktivitaeten-gedenktafel-strassennamen\/gedenktafel-fuer-friedrich-ii\/#primaryimage\"},\"image\":{\"@id\":\"https:\/\/www.uckermaerkischer-geschichtsverein.de\/aktivitaeten-des-vereins\/weitere-aktivitaeten-gedenktafel-strassennamen\/gedenktafel-fuer-friedrich-ii\/#primaryimage\"},\"thumbnailUrl\":\"https:\/\/www.uckermaerkischer-geschichtsverein.de\/wp-content\/uploads\/2013\/04\/Tafel-F-II.jpg\",\"datePublished\":\"2013-04-17T17:29:19+00:00\",\"dateModified\":\"2013-04-17T19:19:04+00:00\",\"breadcrumb\":{\"@id\":\"https:\/\/www.uckermaerkischer-geschichtsverein.de\/aktivitaeten-des-vereins\/weitere-aktivitaeten-gedenktafel-strassennamen\/gedenktafel-fuer-friedrich-ii\/#breadcrumb\"},\"inLanguage\":\"en-GB\",\"potentialAction\":[{\"@type\":\"ReadAction\",\"target\":[\"https:\/\/www.uckermaerkischer-geschichtsverein.de\/aktivitaeten-des-vereins\/weitere-aktivitaeten-gedenktafel-strassennamen\/gedenktafel-fuer-friedrich-ii\/\"]}]},{\"@type\":\"ImageObject\",\"inLanguage\":\"en-GB\",\"@id\":\"https:\/\/www.uckermaerkischer-geschichtsverein.de\/aktivitaeten-des-vereins\/weitere-aktivitaeten-gedenktafel-strassennamen\/gedenktafel-fuer-friedrich-ii\/#primaryimage\",\"url\":\"https:\/\/www.uckermaerkischer-geschichtsverein.de\/wp-content\/uploads\/2013\/04\/Tafel-F-II.jpg\",\"contentUrl\":\"https:\/\/www.uckermaerkischer-geschichtsverein.de\/wp-content\/uploads\/2013\/04\/Tafel-F-II.jpg\"},{\"@type\":\"BreadcrumbList\",\"@id\":\"https:\/\/www.uckermaerkischer-geschichtsverein.de\/aktivitaeten-des-vereins\/weitere-aktivitaeten-gedenktafel-strassennamen\/gedenktafel-fuer-friedrich-ii\/#breadcrumb\",\"itemListElement\":[{\"@type\":\"ListItem\",\"position\":1,\"name\":\"Aktivit\u00e4ten des Vereins\",\"item\":\"https:\/\/www.uckermaerkischer-geschichtsverein.de\/aktivitaeten-des-vereins\/\"},{\"@type\":\"ListItem\",\"position\":2,\"name\":\"Gedenktafel \/ Stra\u00dfennamen\",\"item\":\"https:\/\/www.uckermaerkischer-geschichtsverein.de\/aktivitaeten-des-vereins\/weitere-aktivitaeten-gedenktafel-strassennamen\/\"},{\"@type\":\"ListItem\",\"position\":3,\"name\":\"Gedenktafel f\u00fcr Friedrich II.\"}]},{\"@type\":\"WebSite\",\"@id\":\"https:\/\/www.uckermaerkischer-geschichtsverein.de\/#website\",\"url\":\"https:\/\/www.uckermaerkischer-geschichtsverein.de\/\",\"name\":\"Uckerm\u00e4rkischer Geschichtsverein zu Prenzlau e.V.\",\"description\":\"\",\"potentialAction\":[{\"@type\":\"SearchAction\",\"target\":{\"@type\":\"EntryPoint\",\"urlTemplate\":\"https:\/\/www.uckermaerkischer-geschichtsverein.de\/?s={search_term_string}\"},\"query-input\":{\"@type\":\"PropertyValueSpecification\",\"valueRequired\":true,\"valueName\":\"search_term_string\"}}],\"inLanguage\":\"en-GB\"}]}<\/script>\n<!-- \/ Yoast SEO plugin. -->","yoast_head_json":{"title":"Gedenktafel f\u00fcr Friedrich II. - Uckerm\u00e4rkischer Geschichtsverein zu Prenzlau e.V.","robots":{"index":"index","follow":"follow","max-snippet":"max-snippet:-1","max-image-preview":"max-image-preview:large","max-video-preview":"max-video-preview:-1"},"canonical":"https:\/\/www.uckermaerkischer-geschichtsverein.de\/en\/aktivitaeten-des-vereins\/weitere-aktivitaeten-gedenktafel-strassennamen\/gedenktafel-fuer-friedrich-ii\/","og_locale":"en_GB","og_type":"article","og_title":"Gedenktafel f\u00fcr Friedrich II. - Uckerm\u00e4rkischer Geschichtsverein zu Prenzlau e.V.","og_description":"Friedrich II. (der Gro\u00dfe) war 1740\u20131786 preu\u00dfischer K\u00f6nig. Prenzlau erhielt am 9.12.1906 auf dem Obermarkt ein Bronzedenkmal, das der Berliner Bildhauer Gl\u00fcmer schuf. Auch dieses Denkmal wurde vom Prenzlauer B\u00fcrger Witt gestiftet. Nach Hinrichs hat es den Zweiten Weltkrieg noch \u00fcberdauert. Es sei 1947 umgerissen und dann zur Kl\u00e4ranlage geschafft worden. Hier verliert sich seine [&hellip;]","og_url":"https:\/\/www.uckermaerkischer-geschichtsverein.de\/en\/aktivitaeten-des-vereins\/weitere-aktivitaeten-gedenktafel-strassennamen\/gedenktafel-fuer-friedrich-ii\/","og_site_name":"Uckerm\u00e4rkischer Geschichtsverein zu Prenzlau e.V.","article_modified_time":"2013-04-17T19:19:04+00:00","og_image":[{"url":"https:\/\/www.uckermaerkischer-geschichtsverein.de\/wp-content\/uploads\/2013\/04\/Artikel_Enth\u00fcllung-F-II-Gedenkstein_PZ-08-11-2012.jpg","type":"","width":"","height":""}],"twitter_misc":{"Estimated reading time":"4 minutes"},"schema":{"@context":"https:\/\/schema.org","@graph":[{"@type":"WebPage","@id":"https:\/\/www.uckermaerkischer-geschichtsverein.de\/aktivitaeten-des-vereins\/weitere-aktivitaeten-gedenktafel-strassennamen\/gedenktafel-fuer-friedrich-ii\/","url":"https:\/\/www.uckermaerkischer-geschichtsverein.de\/aktivitaeten-des-vereins\/weitere-aktivitaeten-gedenktafel-strassennamen\/gedenktafel-fuer-friedrich-ii\/","name":"Gedenktafel f\u00fcr Friedrich II. - Uckerm\u00e4rkischer Geschichtsverein zu Prenzlau e.V.","isPartOf":{"@id":"https:\/\/www.uckermaerkischer-geschichtsverein.de\/#website"},"primaryImageOfPage":{"@id":"https:\/\/www.uckermaerkischer-geschichtsverein.de\/aktivitaeten-des-vereins\/weitere-aktivitaeten-gedenktafel-strassennamen\/gedenktafel-fuer-friedrich-ii\/#primaryimage"},"image":{"@id":"https:\/\/www.uckermaerkischer-geschichtsverein.de\/aktivitaeten-des-vereins\/weitere-aktivitaeten-gedenktafel-strassennamen\/gedenktafel-fuer-friedrich-ii\/#primaryimage"},"thumbnailUrl":"https:\/\/www.uckermaerkischer-geschichtsverein.de\/wp-content\/uploads\/2013\/04\/Tafel-F-II.jpg","datePublished":"2013-04-17T17:29:19+00:00","dateModified":"2013-04-17T19:19:04+00:00","breadcrumb":{"@id":"https:\/\/www.uckermaerkischer-geschichtsverein.de\/aktivitaeten-des-vereins\/weitere-aktivitaeten-gedenktafel-strassennamen\/gedenktafel-fuer-friedrich-ii\/#breadcrumb"},"inLanguage":"en-GB","potentialAction":[{"@type":"ReadAction","target":["https:\/\/www.uckermaerkischer-geschichtsverein.de\/aktivitaeten-des-vereins\/weitere-aktivitaeten-gedenktafel-strassennamen\/gedenktafel-fuer-friedrich-ii\/"]}]},{"@type":"ImageObject","inLanguage":"en-GB","@id":"https:\/\/www.uckermaerkischer-geschichtsverein.de\/aktivitaeten-des-vereins\/weitere-aktivitaeten-gedenktafel-strassennamen\/gedenktafel-fuer-friedrich-ii\/#primaryimage","url":"https:\/\/www.uckermaerkischer-geschichtsverein.de\/wp-content\/uploads\/2013\/04\/Tafel-F-II.jpg","contentUrl":"https:\/\/www.uckermaerkischer-geschichtsverein.de\/wp-content\/uploads\/2013\/04\/Tafel-F-II.jpg"},{"@type":"BreadcrumbList","@id":"https:\/\/www.uckermaerkischer-geschichtsverein.de\/aktivitaeten-des-vereins\/weitere-aktivitaeten-gedenktafel-strassennamen\/gedenktafel-fuer-friedrich-ii\/#breadcrumb","itemListElement":[{"@type":"ListItem","position":1,"name":"Aktivit\u00e4ten des Vereins","item":"https:\/\/www.uckermaerkischer-geschichtsverein.de\/aktivitaeten-des-vereins\/"},{"@type":"ListItem","position":2,"name":"Gedenktafel \/ Stra\u00dfennamen","item":"https:\/\/www.uckermaerkischer-geschichtsverein.de\/aktivitaeten-des-vereins\/weitere-aktivitaeten-gedenktafel-strassennamen\/"},{"@type":"ListItem","position":3,"name":"Gedenktafel f\u00fcr Friedrich II."}]},{"@type":"WebSite","@id":"https:\/\/www.uckermaerkischer-geschichtsverein.de\/#website","url":"https:\/\/www.uckermaerkischer-geschichtsverein.de\/","name":"Uckerm\u00e4rkischer Geschichtsverein zu Prenzlau e.V.","description":"","potentialAction":[{"@type":"SearchAction","target":{"@type":"EntryPoint","urlTemplate":"https:\/\/www.uckermaerkischer-geschichtsverein.de\/?s={search_term_string}"},"query-input":{"@type":"PropertyValueSpecification","valueRequired":true,"valueName":"search_term_string"}}],"inLanguage":"en-GB"}]}},"_links":{"self":[{"href":"https:\/\/www.uckermaerkischer-geschichtsverein.de\/en\/wp-json\/wp\/v2\/pages\/3293","targetHints":{"allow":["GET"]}}],"collection":[{"href":"https:\/\/www.uckermaerkischer-geschichtsverein.de\/en\/wp-json\/wp\/v2\/pages"}],"about":[{"href":"https:\/\/www.uckermaerkischer-geschichtsverein.de\/en\/wp-json\/wp\/v2\/types\/page"}],"author":[{"embeddable":true,"href":"https:\/\/www.uckermaerkischer-geschichtsverein.de\/en\/wp-json\/wp\/v2\/users\/1"}],"replies":[{"embeddable":true,"href":"https:\/\/www.uckermaerkischer-geschichtsverein.de\/en\/wp-json\/wp\/v2\/comments?post=3293"}],"version-history":[{"count":8,"href":"https:\/\/www.uckermaerkischer-geschichtsverein.de\/en\/wp-json\/wp\/v2\/pages\/3293\/revisions"}],"predecessor-version":[{"id":3306,"href":"https:\/\/www.uckermaerkischer-geschichtsverein.de\/en\/wp-json\/wp\/v2\/pages\/3293\/revisions\/3306"}],"up":[{"embeddable":true,"href":"https:\/\/www.uckermaerkischer-geschichtsverein.de\/en\/wp-json\/wp\/v2\/pages\/63"}],"wp:attachment":[{"href":"https:\/\/www.uckermaerkischer-geschichtsverein.de\/en\/wp-json\/wp\/v2\/media?parent=3293"}],"curies":[{"name":"wp","href":"https:\/\/api.w.org\/{rel}","templated":true}]}}