{"id":329,"date":"2013-01-18T10:45:09","date_gmt":"2013-01-18T08:45:09","guid":{"rendered":"https:\/\/www.uckermaerkischer-geschichtsverein.de\/?page_id=329"},"modified":"2013-01-30T22:47:50","modified_gmt":"2013-01-30T20:47:50","slug":"asp-2011-matthias-schulz","status":"publish","type":"page","link":"https:\/\/www.uckermaerkischer-geschichtsverein.de\/en\/aktivitaeten\/adolf-stahr-preis\/asp-2011-matthias-schulz\/","title":{"rendered":"2011 Matthias Schulz"},"content":{"rendered":"<table border=\"0\" frame=\"void\">\n<tbody>\n<tr>\n<td rowspan=\"2\"><a href=\"https:\/\/www.uckermaerkischer-geschichtsverein.de\/wp-content\/uploads\/2013\/01\/ASP_2011_Matthias-Schulz.jpg\" rel=\"lightbox[329]\"><img loading=\"lazy\" decoding=\"async\" class=\" wp-image-330\" alt=\"ASP_2011_Matthias-Schulz\" src=\"https:\/\/www.uckermaerkischer-geschichtsverein.de\/wp-content\/uploads\/2013\/01\/ASP_2011_Matthias-Schulz-212x300.jpg\" width=\"148\" height=\"210\" \/><\/a><\/td>\n<td><b>Die Entwicklung Prenzlaus vom 10. Jh. bis 1722. Die Entstehung der Stadt nach arch\u00e4ologischen Funden und Befunden. (2010)<\/b><\/td>\n<\/tr>\n<tr>\n<td>Arbeiten des Uckerm\u00e4rkischen Geschichtsvereins zu Prenzlau, Bd. 9<\/td>\n<\/tr>\n<tr>\n<td style=\"text-align: center;\"><strong>Adolf-Stahr-Preis:<\/strong><br \/>\n<strong> 29.04.2011<\/strong><\/td>\n<td><span style=\"text-decoration: underline;\">Inhaltsverzeichnis unter:<\/span> Arbeiten des Uckerm\u00e4rkischen Geschichtsvereins, Bd. 9<\/td>\n<\/tr>\n<\/tbody>\n<\/table>\n<p><span style=\"font-family: verdana,geneva;\">In den vergangenen 19 Jahren hat sich das Bild Brandenburgs ganz erheblich gewandelt. Stadtsanierungen, der Ausbau von Siedlungs- und Gewerbefl\u00e4chen sowie die gro\u00dfe Zahl von Infrastrukturprojekten hatten und haben umfangreiche Bauma\u00dfnahmen und damit auch Eingriffe in die Bodendenkmalsubstanz zur Folge.<\/span><\/p>\n<p><span style=\"font-family: verdana,geneva;\">Wertvolle Zeugnisse unserer Vergangenheit wurden durch die arch\u00e4ologische Dokumentation im Sinne eines sekund\u00e4ren Denkmalschutzes f\u00fcr die Nachwelt gerettet. Das innewohnende Erkenntnispotenzial ist dabei oft nur zu erahnen. Kurze Vorberichte k\u00f6nnen meist nur erste Hinweise geben.<\/span><\/p>\n<p><span style=\"font-family: verdana,geneva;\">Die Aufarbeitung und wissenschaftliche Auswertung von Grabungsdokumentationen nimmt erfahrungsgem\u00e4\u00df sehr viel Zeit in Anspruch. Die Vielschichtigkeit moderner Grabungsauswertungen und die F\u00fclle des zu bearbeitenden Materials bedingen, dass die Auswertungszeit die Grabungsdauer in der Regel um ein Vielfaches \u00fcberschreitet. Mittlerweile wartet eine zunehmende Zahl von Arbeiten auf ihre Ver\u00f6ffentlichung. Dies sollte m\u00f6glichst zeitnah geschehen, nicht zuletzt um die Ergebnisse auch in Entscheidungen der arch\u00e4ologischen Denkmalpflege einflie\u00dfen zu lassen und f\u00fcr die weitere wissenschaftliche Nutzung zug\u00e4nglich zu machen. Deshalb haben sich das Brandenburgische Landesamt f\u00fcr Denkmalpflege und Arch\u00e4ologische Landesmuseum und die Arch\u00e4ologische Gesellschaft in Berlin und Brandenburg e.V. entschlossen, die Reihe \u201eMaterialien zur Arch\u00e4ologie in Brandenburg\u201c zu schaffen, deren erster Band 2008 erschien. Mit Band 3 der Reihe liegt die Dissertation von Matthias Schulz vor.<\/span><\/p>\n<p><span style=\"font-family: verdana,geneva;\">Prenzlau ist eine der wichtigsten St\u00e4dte im Kontakt- und Konfliktbereich der Markgrafen von Brandenburg mit seinen n\u00f6rdlichen und \u00f6stlichen Nachbarn, den Herz\u00f6gen von Pommern. Auf slawische Vorg\u00e4ngerbesiedlung zur\u00fcckgehend, verliehen die Herz\u00f6ge von Pommern Prenzlau 1234 das Stadtrecht. Matthias Schulz, der sich seit Jahrzehnten mit der Geschichte der Stadt und ihres Um\u00adlandes besch\u00e4ftigt, zeigt deren Entwicklung zu einem Siedlungsgef\u00fcge, das aus nach der Stadtrechtsverleihung neu auf unbesiedelten Fl\u00e4chen angelegten Stadtquartieren und \u00e4lteren Siedlungskernen zusammengewachsen ist. Prenzlau ist damit ein gutes Beispiel sowohl der geplanten Stadt \u2013 etwa um den Marktplatz \u2013 als auch der gewachsenen Stadt. Mit diesem Modell muss \u2013 entgegen fr\u00fcherer Anschauungen gerade der St\u00e4dte in der Germania Slavica \u2013 an vielen Stellen gerechnet werden.<\/span><\/p>\n<p><span style=\"font-family: verdana,geneva;\">\u00a0<\/span><\/p>\n<p align=\"right\"><span style=\"font-family: verdana,geneva;\"><i>(aus dem Vorwort des Herausgebers: Franz Schopper, Landesarch\u00e4ologe)<\/i><\/span><\/p>\n","protected":false},"excerpt":{"rendered":"<p>Die Entwicklung Prenzlaus vom 10. Jh. bis 1722. Die Entstehung der Stadt nach arch\u00e4ologischen Funden und Befunden. (2010) Arbeiten des Uckerm\u00e4rkischen Geschichtsvereins zu Prenzlau, Bd. 9 Adolf-Stahr-Preis: 29.04.2011 Inhaltsverzeichnis unter: Arbeiten des Uckerm\u00e4rkischen Geschichtsvereins, Bd. 9 In den vergangenen 19 Jahren hat sich das Bild Brandenburgs ganz erheblich gewandelt. Stadtsanierungen, der Ausbau von Siedlungs- und [&hellip;]<\/p>\n","protected":false},"author":1,"featured_media":0,"parent":198,"menu_order":19,"comment_status":"closed","ping_status":"closed","template":"","meta":{"footnotes":""},"class_list":["post-329","page","type-page","status-publish","hentry"],"yoast_head":"<!-- This site is optimized with the Yoast SEO plugin v27.2 - https:\/\/yoast.com\/product\/yoast-seo-wordpress\/ -->\n<title>2011 Matthias Schulz - Uckerm\u00e4rkischer Geschichtsverein zu Prenzlau e.V.<\/title>\n<meta name=\"robots\" content=\"index, follow, max-snippet:-1, max-image-preview:large, max-video-preview:-1\" \/>\n<link rel=\"canonical\" href=\"https:\/\/www.uckermaerkischer-geschichtsverein.de\/en\/aktivitaeten\/adolf-stahr-preis\/asp-2011-matthias-schulz\/\" \/>\n<meta property=\"og:locale\" content=\"en_GB\" \/>\n<meta property=\"og:type\" content=\"article\" \/>\n<meta property=\"og:title\" content=\"2011 Matthias Schulz - Uckerm\u00e4rkischer Geschichtsverein zu Prenzlau e.V.\" \/>\n<meta property=\"og:description\" content=\"Die Entwicklung Prenzlaus vom 10. Jh. bis 1722. Die Entstehung der Stadt nach arch\u00e4ologischen Funden und Befunden. (2010) Arbeiten des Uckerm\u00e4rkischen Geschichtsvereins zu Prenzlau, Bd. 9 Adolf-Stahr-Preis: 29.04.2011 Inhaltsverzeichnis unter: Arbeiten des Uckerm\u00e4rkischen Geschichtsvereins, Bd. 9 In den vergangenen 19 Jahren hat sich das Bild Brandenburgs ganz erheblich gewandelt. Stadtsanierungen, der Ausbau von Siedlungs- und [&hellip;]\" \/>\n<meta property=\"og:url\" content=\"https:\/\/www.uckermaerkischer-geschichtsverein.de\/en\/aktivitaeten\/adolf-stahr-preis\/asp-2011-matthias-schulz\/\" \/>\n<meta property=\"og:site_name\" content=\"Uckerm\u00e4rkischer Geschichtsverein zu Prenzlau e.V.\" \/>\n<meta property=\"article:modified_time\" content=\"2013-01-30T20:47:50+00:00\" \/>\n<meta property=\"og:image\" content=\"https:\/\/www.uckermaerkischer-geschichtsverein.de\/wp-content\/uploads\/2013\/01\/ASP_2011_Matthias-Schulz-212x300.jpg\" \/>\n<meta name=\"twitter:label1\" content=\"Estimated reading time\" \/>\n\t<meta name=\"twitter:data1\" content=\"2 minutes\" \/>\n<script type=\"application\/ld+json\" class=\"yoast-schema-graph\">{\"@context\":\"https:\/\/schema.org\",\"@graph\":[{\"@type\":\"WebPage\",\"@id\":\"https:\/\/www.uckermaerkischer-geschichtsverein.de\/aktivitaeten\/adolf-stahr-preis\/asp-2011-matthias-schulz\/\",\"url\":\"https:\/\/www.uckermaerkischer-geschichtsverein.de\/aktivitaeten\/adolf-stahr-preis\/asp-2011-matthias-schulz\/\",\"name\":\"2011 Matthias Schulz - Uckerm\u00e4rkischer Geschichtsverein zu Prenzlau e.V.\",\"isPartOf\":{\"@id\":\"https:\/\/www.uckermaerkischer-geschichtsverein.de\/#website\"},\"primaryImageOfPage\":{\"@id\":\"https:\/\/www.uckermaerkischer-geschichtsverein.de\/aktivitaeten\/adolf-stahr-preis\/asp-2011-matthias-schulz\/#primaryimage\"},\"image\":{\"@id\":\"https:\/\/www.uckermaerkischer-geschichtsverein.de\/aktivitaeten\/adolf-stahr-preis\/asp-2011-matthias-schulz\/#primaryimage\"},\"thumbnailUrl\":\"https:\/\/www.uckermaerkischer-geschichtsverein.de\/wp-content\/uploads\/2013\/01\/ASP_2011_Matthias-Schulz-212x300.jpg\",\"datePublished\":\"2013-01-18T08:45:09+00:00\",\"dateModified\":\"2013-01-30T20:47:50+00:00\",\"breadcrumb\":{\"@id\":\"https:\/\/www.uckermaerkischer-geschichtsverein.de\/aktivitaeten\/adolf-stahr-preis\/asp-2011-matthias-schulz\/#breadcrumb\"},\"inLanguage\":\"en-GB\",\"potentialAction\":[{\"@type\":\"ReadAction\",\"target\":[\"https:\/\/www.uckermaerkischer-geschichtsverein.de\/aktivitaeten\/adolf-stahr-preis\/asp-2011-matthias-schulz\/\"]}]},{\"@type\":\"ImageObject\",\"inLanguage\":\"en-GB\",\"@id\":\"https:\/\/www.uckermaerkischer-geschichtsverein.de\/aktivitaeten\/adolf-stahr-preis\/asp-2011-matthias-schulz\/#primaryimage\",\"url\":\"https:\/\/www.uckermaerkischer-geschichtsverein.de\/wp-content\/uploads\/2013\/01\/ASP_2011_Matthias-Schulz-212x300.jpg\",\"contentUrl\":\"https:\/\/www.uckermaerkischer-geschichtsverein.de\/wp-content\/uploads\/2013\/01\/ASP_2011_Matthias-Schulz-212x300.jpg\"},{\"@type\":\"BreadcrumbList\",\"@id\":\"https:\/\/www.uckermaerkischer-geschichtsverein.de\/aktivitaeten\/adolf-stahr-preis\/asp-2011-matthias-schulz\/#breadcrumb\",\"itemListElement\":[{\"@type\":\"ListItem\",\"position\":1,\"name\":\"Aktivit\u00e4ten\",\"item\":\"https:\/\/www.uckermaerkischer-geschichtsverein.de\/en\/aktivitaeten\/\"},{\"@type\":\"ListItem\",\"position\":2,\"name\":\"Adolf-Stahr-Preis\",\"item\":\"https:\/\/www.uckermaerkischer-geschichtsverein.de\/aktivitaeten\/adolf-stahr-preis\/\"},{\"@type\":\"ListItem\",\"position\":3,\"name\":\"2011 Matthias Schulz\"}]},{\"@type\":\"WebSite\",\"@id\":\"https:\/\/www.uckermaerkischer-geschichtsverein.de\/#website\",\"url\":\"https:\/\/www.uckermaerkischer-geschichtsverein.de\/\",\"name\":\"Uckerm\u00e4rkischer Geschichtsverein zu Prenzlau e.V.\",\"description\":\"\",\"potentialAction\":[{\"@type\":\"SearchAction\",\"target\":{\"@type\":\"EntryPoint\",\"urlTemplate\":\"https:\/\/www.uckermaerkischer-geschichtsverein.de\/?s={search_term_string}\"},\"query-input\":{\"@type\":\"PropertyValueSpecification\",\"valueRequired\":true,\"valueName\":\"search_term_string\"}}],\"inLanguage\":\"en-GB\"}]}<\/script>\n<!-- \/ Yoast SEO plugin. -->","yoast_head_json":{"title":"2011 Matthias Schulz - Uckerm\u00e4rkischer Geschichtsverein zu Prenzlau e.V.","robots":{"index":"index","follow":"follow","max-snippet":"max-snippet:-1","max-image-preview":"max-image-preview:large","max-video-preview":"max-video-preview:-1"},"canonical":"https:\/\/www.uckermaerkischer-geschichtsverein.de\/en\/aktivitaeten\/adolf-stahr-preis\/asp-2011-matthias-schulz\/","og_locale":"en_GB","og_type":"article","og_title":"2011 Matthias Schulz - Uckerm\u00e4rkischer Geschichtsverein zu Prenzlau e.V.","og_description":"Die Entwicklung Prenzlaus vom 10. Jh. bis 1722. Die Entstehung der Stadt nach arch\u00e4ologischen Funden und Befunden. (2010) Arbeiten des Uckerm\u00e4rkischen Geschichtsvereins zu Prenzlau, Bd. 9 Adolf-Stahr-Preis: 29.04.2011 Inhaltsverzeichnis unter: Arbeiten des Uckerm\u00e4rkischen Geschichtsvereins, Bd. 9 In den vergangenen 19 Jahren hat sich das Bild Brandenburgs ganz erheblich gewandelt. Stadtsanierungen, der Ausbau von Siedlungs- und [&hellip;]","og_url":"https:\/\/www.uckermaerkischer-geschichtsverein.de\/en\/aktivitaeten\/adolf-stahr-preis\/asp-2011-matthias-schulz\/","og_site_name":"Uckerm\u00e4rkischer Geschichtsverein zu Prenzlau e.V.","article_modified_time":"2013-01-30T20:47:50+00:00","og_image":[{"url":"https:\/\/www.uckermaerkischer-geschichtsverein.de\/wp-content\/uploads\/2013\/01\/ASP_2011_Matthias-Schulz-212x300.jpg","type":"","width":"","height":""}],"twitter_misc":{"Estimated reading time":"2 minutes"},"schema":{"@context":"https:\/\/schema.org","@graph":[{"@type":"WebPage","@id":"https:\/\/www.uckermaerkischer-geschichtsverein.de\/aktivitaeten\/adolf-stahr-preis\/asp-2011-matthias-schulz\/","url":"https:\/\/www.uckermaerkischer-geschichtsverein.de\/aktivitaeten\/adolf-stahr-preis\/asp-2011-matthias-schulz\/","name":"2011 Matthias Schulz - Uckerm\u00e4rkischer Geschichtsverein zu Prenzlau e.V.","isPartOf":{"@id":"https:\/\/www.uckermaerkischer-geschichtsverein.de\/#website"},"primaryImageOfPage":{"@id":"https:\/\/www.uckermaerkischer-geschichtsverein.de\/aktivitaeten\/adolf-stahr-preis\/asp-2011-matthias-schulz\/#primaryimage"},"image":{"@id":"https:\/\/www.uckermaerkischer-geschichtsverein.de\/aktivitaeten\/adolf-stahr-preis\/asp-2011-matthias-schulz\/#primaryimage"},"thumbnailUrl":"https:\/\/www.uckermaerkischer-geschichtsverein.de\/wp-content\/uploads\/2013\/01\/ASP_2011_Matthias-Schulz-212x300.jpg","datePublished":"2013-01-18T08:45:09+00:00","dateModified":"2013-01-30T20:47:50+00:00","breadcrumb":{"@id":"https:\/\/www.uckermaerkischer-geschichtsverein.de\/aktivitaeten\/adolf-stahr-preis\/asp-2011-matthias-schulz\/#breadcrumb"},"inLanguage":"en-GB","potentialAction":[{"@type":"ReadAction","target":["https:\/\/www.uckermaerkischer-geschichtsverein.de\/aktivitaeten\/adolf-stahr-preis\/asp-2011-matthias-schulz\/"]}]},{"@type":"ImageObject","inLanguage":"en-GB","@id":"https:\/\/www.uckermaerkischer-geschichtsverein.de\/aktivitaeten\/adolf-stahr-preis\/asp-2011-matthias-schulz\/#primaryimage","url":"https:\/\/www.uckermaerkischer-geschichtsverein.de\/wp-content\/uploads\/2013\/01\/ASP_2011_Matthias-Schulz-212x300.jpg","contentUrl":"https:\/\/www.uckermaerkischer-geschichtsverein.de\/wp-content\/uploads\/2013\/01\/ASP_2011_Matthias-Schulz-212x300.jpg"},{"@type":"BreadcrumbList","@id":"https:\/\/www.uckermaerkischer-geschichtsverein.de\/aktivitaeten\/adolf-stahr-preis\/asp-2011-matthias-schulz\/#breadcrumb","itemListElement":[{"@type":"ListItem","position":1,"name":"Aktivit\u00e4ten","item":"https:\/\/www.uckermaerkischer-geschichtsverein.de\/en\/aktivitaeten\/"},{"@type":"ListItem","position":2,"name":"Adolf-Stahr-Preis","item":"https:\/\/www.uckermaerkischer-geschichtsverein.de\/aktivitaeten\/adolf-stahr-preis\/"},{"@type":"ListItem","position":3,"name":"2011 Matthias Schulz"}]},{"@type":"WebSite","@id":"https:\/\/www.uckermaerkischer-geschichtsverein.de\/#website","url":"https:\/\/www.uckermaerkischer-geschichtsverein.de\/","name":"Uckerm\u00e4rkischer Geschichtsverein zu Prenzlau e.V.","description":"","potentialAction":[{"@type":"SearchAction","target":{"@type":"EntryPoint","urlTemplate":"https:\/\/www.uckermaerkischer-geschichtsverein.de\/?s={search_term_string}"},"query-input":{"@type":"PropertyValueSpecification","valueRequired":true,"valueName":"search_term_string"}}],"inLanguage":"en-GB"}]}},"_links":{"self":[{"href":"https:\/\/www.uckermaerkischer-geschichtsverein.de\/en\/wp-json\/wp\/v2\/pages\/329","targetHints":{"allow":["GET"]}}],"collection":[{"href":"https:\/\/www.uckermaerkischer-geschichtsverein.de\/en\/wp-json\/wp\/v2\/pages"}],"about":[{"href":"https:\/\/www.uckermaerkischer-geschichtsverein.de\/en\/wp-json\/wp\/v2\/types\/page"}],"author":[{"embeddable":true,"href":"https:\/\/www.uckermaerkischer-geschichtsverein.de\/en\/wp-json\/wp\/v2\/users\/1"}],"replies":[{"embeddable":true,"href":"https:\/\/www.uckermaerkischer-geschichtsverein.de\/en\/wp-json\/wp\/v2\/comments?post=329"}],"version-history":[{"count":16,"href":"https:\/\/www.uckermaerkischer-geschichtsverein.de\/en\/wp-json\/wp\/v2\/pages\/329\/revisions"}],"predecessor-version":[{"id":1595,"href":"https:\/\/www.uckermaerkischer-geschichtsverein.de\/en\/wp-json\/wp\/v2\/pages\/329\/revisions\/1595"}],"up":[{"embeddable":true,"href":"https:\/\/www.uckermaerkischer-geschichtsverein.de\/en\/wp-json\/wp\/v2\/pages\/198"}],"wp:attachment":[{"href":"https:\/\/www.uckermaerkischer-geschichtsverein.de\/en\/wp-json\/wp\/v2\/media?parent=329"}],"curies":[{"name":"wp","href":"https:\/\/api.w.org\/{rel}","templated":true}]}}