{"id":3264,"date":"2013-04-15T16:20:57","date_gmt":"2013-04-15T14:20:57","guid":{"rendered":"https:\/\/www.uckermaerkischer-geschichtsverein.de\/?page_id=3264"},"modified":"2013-04-21T21:36:37","modified_gmt":"2013-04-21T19:36:37","slug":"2008-walter-matznick-preis-der-stadt-prenzlau-fur-die-arbeitsgruppe-stadtmodell","status":"publish","type":"page","link":"https:\/\/www.uckermaerkischer-geschichtsverein.de\/en\/aktivitaeten\/ehrungen\/ehrungen-von-mitgliedern-des-ugvp\/2008-walter-matznick-preis-der-stadt-prenzlau-fur-die-arbeitsgruppe-stadtmodell\/","title":{"rendered":"2008 Walter Matznick &#8211; Preis der Stadt Prenzlau f\u00fcr die \u201eArbeitsgruppe Stadtmodell\u201c"},"content":{"rendered":"<p><b>Preis der Stadt Prenzlau f\u00fcr die \u201eArbeitsgruppe Stadtmodell\u201c<\/b><\/p>\n<p>Von 2004 bis 2008 arbeitete eine Gruppe Prenzlauer unentwegt an einem Modell der Stadt Prenzlau, darunter von Beginn an viele hundert ehrenamtliche Stunden unser Vereinsmitglied Walter Matznick.<\/p>\n<p>F\u00fcr ihren unerm\u00fcdlichen Einsatz wurde der \u201eArbeitsgruppe Stadtmodell\u201c (Walter Matznick, Ruth Stabenow, Joachim B\u00f6hme, Dieter Bloch, Karl Neumann und Siegfried) im Beisein von Ministerpr\u00e4sident Matthias Platzeck von B\u00fcrgermeister Hans-Peter Moser der Preis der Stadt Prenzlau 2008 verliehen.<\/p>\n<p>Quellen:<\/p>\n<ul>\n<li>Prenzlau ehrt engagierte B\u00fcrger. AnzeigenKurier vom 08.01.2009<\/li>\n<li>Puzzlearbeit am neuen Stadtmodell. Prenzlauer Zeitung vom 17.01.2008<\/li>\n<\/ul>\n<div id=\"attachment_3268\" style=\"width: 160px\" class=\"wp-caption alignleft\"><a href=\"https:\/\/www.uckermaerkischer-geschichtsverein.de\/wp-content\/uploads\/2013\/04\/Walter-Matznick_Stadtmodell\u00fcbergabe_26-06-2008.jpg\" rel=\"lightbox[3264]\"><img loading=\"lazy\" decoding=\"async\" aria-describedby=\"caption-attachment-3268\" class=\"size-thumbnail wp-image-3268 \" title=\"Walter Matznick und B\u00fcrgermeister Hans-Peter Moser (v.l.n.r.) bei der \u00dcbergabe des Stadtmodells am 26.6.2008\" alt=\"Walter Matznick und B\u00fcrgermeister Hans-Peter Moser (v.l.n.r.) bei der \u00dcbergabe des Stadtmodells am 26.6.2008\" src=\"https:\/\/www.uckermaerkischer-geschichtsverein.de\/wp-content\/uploads\/2013\/04\/Walter-Matznick_Stadtmodell\u00fcbergabe_26-06-2008-150x150.jpg\" width=\"150\" height=\"150\" \/><\/a><p id=\"caption-attachment-3268\" class=\"wp-caption-text\">Walter Matznick und B\u00fcrgermeister Hans-Peter Moser (v.l.n.r.) bei der \u00dcbergabe des Stadtmodells am 26.6.2008<\/p><\/div>\n<div id=\"attachment_3271\" style=\"width: 138px\" class=\"wp-caption alignleft\"><a href=\"https:\/\/www.uckermaerkischer-geschichtsverein.de\/wp-content\/uploads\/2013\/04\/Walter-Matznick_Arbeit-am-Stadtmodell.jpg\" rel=\"lightbox[3264]\"><img loading=\"lazy\" decoding=\"async\" aria-describedby=\"caption-attachment-3271\" class=\"size-medium wp-image-3271\" title=\"Walter Matznick bei der Arbeit\" alt=\"Walter Matznick bei der Arbeit\" src=\"https:\/\/www.uckermaerkischer-geschichtsverein.de\/wp-content\/uploads\/2013\/04\/Walter-Matznick_Arbeit-am-Stadtmodell-128x148.jpg\" width=\"128\" height=\"148\" srcset=\"https:\/\/www.uckermaerkischer-geschichtsverein.de\/wp-content\/uploads\/2013\/04\/Walter-Matznick_Arbeit-am-Stadtmodell-128x148.jpg 128w, https:\/\/www.uckermaerkischer-geschichtsverein.de\/wp-content\/uploads\/2013\/04\/Walter-Matznick_Arbeit-am-Stadtmodell-27x32.jpg 27w, https:\/\/www.uckermaerkischer-geschichtsverein.de\/wp-content\/uploads\/2013\/04\/Walter-Matznick_Arbeit-am-Stadtmodell.jpg 500w\" sizes=\"auto, (max-width: 128px) 100vw, 128px\" \/><\/a><p id=\"caption-attachment-3271\" class=\"wp-caption-text\">Walter Matznick bei der Arbeit<\/p><\/div>\n<p><a href=\"https:\/\/www.uckermaerkischer-geschichtsverein.de\/wp-content\/uploads\/2013\/04\/Artikel_Prenzlau-ehrt-B\u00fcrger_AK-08-01-2009.jpg\" rel=\"lightbox[3264]\"><img loading=\"lazy\" decoding=\"async\" class=\"alignleft size-medium wp-image-3269\" alt=\"_Artikel_Prenzlau-ehrt-B\u00fcrger_AK-08-01-2009\" src=\"https:\/\/www.uckermaerkischer-geschichtsverein.de\/wp-content\/uploads\/2013\/04\/Artikel_Prenzlau-ehrt-B\u00fcrger_AK-08-01-2009-128x156.jpg\" width=\"128\" height=\"156\" srcset=\"https:\/\/www.uckermaerkischer-geschichtsverein.de\/wp-content\/uploads\/2013\/04\/Artikel_Prenzlau-ehrt-B\u00fcrger_AK-08-01-2009-128x156.jpg 128w, https:\/\/www.uckermaerkischer-geschichtsverein.de\/wp-content\/uploads\/2013\/04\/Artikel_Prenzlau-ehrt-B\u00fcrger_AK-08-01-2009-835x1024.jpg 835w, https:\/\/www.uckermaerkischer-geschichtsverein.de\/wp-content\/uploads\/2013\/04\/Artikel_Prenzlau-ehrt-B\u00fcrger_AK-08-01-2009-26x32.jpg 26w, https:\/\/www.uckermaerkischer-geschichtsverein.de\/wp-content\/uploads\/2013\/04\/Artikel_Prenzlau-ehrt-B\u00fcrger_AK-08-01-2009.jpg 1000w\" sizes=\"auto, (max-width: 128px) 100vw, 128px\" \/><\/a> <a href=\"https:\/\/www.uckermaerkischer-geschichtsverein.de\/wp-content\/uploads\/2013\/04\/Artikel_Puzzlearbeit-Stadtmodell_PZ-17-01-2008.jpg\" rel=\"lightbox[3264]\"><img loading=\"lazy\" decoding=\"async\" class=\"alignleft size-medium wp-image-3270\" alt=\"_Artikel_Puzzlearbeit-Stadtmodell_PZ-17-01-2008\" src=\"https:\/\/www.uckermaerkischer-geschichtsverein.de\/wp-content\/uploads\/2013\/04\/Artikel_Puzzlearbeit-Stadtmodell_PZ-17-01-2008-128x87.jpg\" width=\"128\" height=\"87\" srcset=\"https:\/\/www.uckermaerkischer-geschichtsverein.de\/wp-content\/uploads\/2013\/04\/Artikel_Puzzlearbeit-Stadtmodell_PZ-17-01-2008-128x87.jpg 128w, https:\/\/www.uckermaerkischer-geschichtsverein.de\/wp-content\/uploads\/2013\/04\/Artikel_Puzzlearbeit-Stadtmodell_PZ-17-01-2008-32x21.jpg 32w, https:\/\/www.uckermaerkischer-geschichtsverein.de\/wp-content\/uploads\/2013\/04\/Artikel_Puzzlearbeit-Stadtmodell_PZ-17-01-2008.jpg 1000w\" sizes=\"auto, (max-width: 128px) 100vw, 128px\" \/><\/a><\/p>\n","protected":false},"excerpt":{"rendered":"<p>Preis der Stadt Prenzlau f\u00fcr die \u201eArbeitsgruppe Stadtmodell\u201c Von 2004 bis 2008 arbeitete eine Gruppe Prenzlauer unentwegt an einem Modell der Stadt Prenzlau, darunter von Beginn an viele hundert ehrenamtliche Stunden unser Vereinsmitglied Walter Matznick. F\u00fcr ihren unerm\u00fcdlichen Einsatz wurde der \u201eArbeitsgruppe Stadtmodell\u201c (Walter Matznick, Ruth Stabenow, Joachim B\u00f6hme, Dieter Bloch, Karl Neumann und Siegfried) [&hellip;]<\/p>\n","protected":false},"author":1,"featured_media":0,"parent":1951,"menu_order":0,"comment_status":"closed","ping_status":"closed","template":"","meta":{"footnotes":""},"class_list":["post-3264","page","type-page","status-publish","hentry"],"yoast_head":"<!-- This site is optimized with the Yoast SEO plugin v27.2 - https:\/\/yoast.com\/product\/yoast-seo-wordpress\/ -->\n<title>2008 Walter Matznick - Preis der Stadt Prenzlau f\u00fcr die \u201eArbeitsgruppe Stadtmodell\u201c - Uckerm\u00e4rkischer Geschichtsverein zu Prenzlau e.V.<\/title>\n<meta name=\"robots\" content=\"index, follow, max-snippet:-1, max-image-preview:large, max-video-preview:-1\" \/>\n<link rel=\"canonical\" href=\"https:\/\/www.uckermaerkischer-geschichtsverein.de\/en\/aktivitaeten\/ehrungen\/ehrungen-von-mitgliedern-des-ugvp\/2008-walter-matznick-preis-der-stadt-prenzlau-fur-die-arbeitsgruppe-stadtmodell\/\" \/>\n<meta property=\"og:locale\" content=\"en_GB\" \/>\n<meta property=\"og:type\" content=\"article\" \/>\n<meta property=\"og:title\" content=\"2008 Walter Matznick - Preis der Stadt Prenzlau f\u00fcr die \u201eArbeitsgruppe Stadtmodell\u201c - Uckerm\u00e4rkischer Geschichtsverein zu Prenzlau e.V.\" \/>\n<meta property=\"og:description\" content=\"Preis der Stadt Prenzlau f\u00fcr die \u201eArbeitsgruppe Stadtmodell\u201c Von 2004 bis 2008 arbeitete eine Gruppe Prenzlauer unentwegt an einem Modell der Stadt Prenzlau, darunter von Beginn an viele hundert ehrenamtliche Stunden unser Vereinsmitglied Walter Matznick. F\u00fcr ihren unerm\u00fcdlichen Einsatz wurde der \u201eArbeitsgruppe Stadtmodell\u201c (Walter Matznick, Ruth Stabenow, Joachim B\u00f6hme, Dieter Bloch, Karl Neumann und Siegfried) [&hellip;]\" \/>\n<meta property=\"og:url\" content=\"https:\/\/www.uckermaerkischer-geschichtsverein.de\/en\/aktivitaeten\/ehrungen\/ehrungen-von-mitgliedern-des-ugvp\/2008-walter-matznick-preis-der-stadt-prenzlau-fur-die-arbeitsgruppe-stadtmodell\/\" \/>\n<meta property=\"og:site_name\" content=\"Uckerm\u00e4rkischer Geschichtsverein zu Prenzlau e.V.\" \/>\n<meta property=\"article:modified_time\" content=\"2013-04-21T19:36:37+00:00\" \/>\n<meta property=\"og:image\" content=\"https:\/\/www.uckermaerkischer-geschichtsverein.de\/wp-content\/uploads\/2013\/04\/Walter-Matznick_Stadtmodell\u00fcbergabe_26-06-2008-150x150.jpg\" \/>\n<meta name=\"twitter:label1\" content=\"Estimated reading time\" \/>\n\t<meta name=\"twitter:data1\" content=\"1 minute\" \/>\n<script type=\"application\/ld+json\" class=\"yoast-schema-graph\">{\"@context\":\"https:\/\/schema.org\",\"@graph\":[{\"@type\":\"WebPage\",\"@id\":\"https:\/\/www.uckermaerkischer-geschichtsverein.de\/aktivitaeten\/ehrungen\/ehrungen-von-mitgliedern-des-ugvp\/2008-walter-matznick-preis-der-stadt-prenzlau-fur-die-arbeitsgruppe-stadtmodell\/\",\"url\":\"https:\/\/www.uckermaerkischer-geschichtsverein.de\/aktivitaeten\/ehrungen\/ehrungen-von-mitgliedern-des-ugvp\/2008-walter-matznick-preis-der-stadt-prenzlau-fur-die-arbeitsgruppe-stadtmodell\/\",\"name\":\"2008 Walter Matznick - Preis der Stadt Prenzlau f\u00fcr die \u201eArbeitsgruppe Stadtmodell\u201c - Uckerm\u00e4rkischer Geschichtsverein zu Prenzlau e.V.\",\"isPartOf\":{\"@id\":\"https:\/\/www.uckermaerkischer-geschichtsverein.de\/#website\"},\"primaryImageOfPage\":{\"@id\":\"https:\/\/www.uckermaerkischer-geschichtsverein.de\/aktivitaeten\/ehrungen\/ehrungen-von-mitgliedern-des-ugvp\/2008-walter-matznick-preis-der-stadt-prenzlau-fur-die-arbeitsgruppe-stadtmodell\/#primaryimage\"},\"image\":{\"@id\":\"https:\/\/www.uckermaerkischer-geschichtsverein.de\/aktivitaeten\/ehrungen\/ehrungen-von-mitgliedern-des-ugvp\/2008-walter-matznick-preis-der-stadt-prenzlau-fur-die-arbeitsgruppe-stadtmodell\/#primaryimage\"},\"thumbnailUrl\":\"https:\/\/www.uckermaerkischer-geschichtsverein.de\/wp-content\/uploads\/2013\/04\/Walter-Matznick_Arbeit-am-Stadtmodell-128x148.jpg\",\"datePublished\":\"2013-04-15T14:20:57+00:00\",\"dateModified\":\"2013-04-21T19:36:37+00:00\",\"breadcrumb\":{\"@id\":\"https:\/\/www.uckermaerkischer-geschichtsverein.de\/aktivitaeten\/ehrungen\/ehrungen-von-mitgliedern-des-ugvp\/2008-walter-matznick-preis-der-stadt-prenzlau-fur-die-arbeitsgruppe-stadtmodell\/#breadcrumb\"},\"inLanguage\":\"en-GB\",\"potentialAction\":[{\"@type\":\"ReadAction\",\"target\":[\"https:\/\/www.uckermaerkischer-geschichtsverein.de\/aktivitaeten\/ehrungen\/ehrungen-von-mitgliedern-des-ugvp\/2008-walter-matznick-preis-der-stadt-prenzlau-fur-die-arbeitsgruppe-stadtmodell\/\"]}]},{\"@type\":\"ImageObject\",\"inLanguage\":\"en-GB\",\"@id\":\"https:\/\/www.uckermaerkischer-geschichtsverein.de\/aktivitaeten\/ehrungen\/ehrungen-von-mitgliedern-des-ugvp\/2008-walter-matznick-preis-der-stadt-prenzlau-fur-die-arbeitsgruppe-stadtmodell\/#primaryimage\",\"url\":\"https:\/\/www.uckermaerkischer-geschichtsverein.de\/wp-content\/uploads\/2013\/04\/Walter-Matznick_Arbeit-am-Stadtmodell-128x148.jpg\",\"contentUrl\":\"https:\/\/www.uckermaerkischer-geschichtsverein.de\/wp-content\/uploads\/2013\/04\/Walter-Matznick_Arbeit-am-Stadtmodell-128x148.jpg\"},{\"@type\":\"BreadcrumbList\",\"@id\":\"https:\/\/www.uckermaerkischer-geschichtsverein.de\/aktivitaeten\/ehrungen\/ehrungen-von-mitgliedern-des-ugvp\/2008-walter-matznick-preis-der-stadt-prenzlau-fur-die-arbeitsgruppe-stadtmodell\/#breadcrumb\",\"itemListElement\":[{\"@type\":\"ListItem\",\"position\":1,\"name\":\"Aktivit\u00e4ten\",\"item\":\"https:\/\/www.uckermaerkischer-geschichtsverein.de\/en\/aktivitaeten\/\"},{\"@type\":\"ListItem\",\"position\":2,\"name\":\"Ehrungen\",\"item\":\"https:\/\/www.uckermaerkischer-geschichtsverein.de\/en\/aktivitaeten\/ehrungen\/\"},{\"@type\":\"ListItem\",\"position\":3,\"name\":\"Ehrungen von Mitgliedern des UGVP\",\"item\":\"https:\/\/www.uckermaerkischer-geschichtsverein.de\/aktivitaeten\/ehrungen\/ehrungen-von-mitgliedern-des-ugvp\/\"},{\"@type\":\"ListItem\",\"position\":4,\"name\":\"2008 Walter Matznick &#8211; Preis der Stadt Prenzlau f\u00fcr die \u201eArbeitsgruppe Stadtmodell\u201c\"}]},{\"@type\":\"WebSite\",\"@id\":\"https:\/\/www.uckermaerkischer-geschichtsverein.de\/#website\",\"url\":\"https:\/\/www.uckermaerkischer-geschichtsverein.de\/\",\"name\":\"Uckerm\u00e4rkischer Geschichtsverein zu Prenzlau e.V.\",\"description\":\"\",\"potentialAction\":[{\"@type\":\"SearchAction\",\"target\":{\"@type\":\"EntryPoint\",\"urlTemplate\":\"https:\/\/www.uckermaerkischer-geschichtsverein.de\/?s={search_term_string}\"},\"query-input\":{\"@type\":\"PropertyValueSpecification\",\"valueRequired\":true,\"valueName\":\"search_term_string\"}}],\"inLanguage\":\"en-GB\"}]}<\/script>\n<!-- \/ Yoast SEO plugin. -->","yoast_head_json":{"title":"2008 Walter Matznick - Preis der Stadt Prenzlau f\u00fcr die \u201eArbeitsgruppe Stadtmodell\u201c - Uckerm\u00e4rkischer Geschichtsverein zu Prenzlau e.V.","robots":{"index":"index","follow":"follow","max-snippet":"max-snippet:-1","max-image-preview":"max-image-preview:large","max-video-preview":"max-video-preview:-1"},"canonical":"https:\/\/www.uckermaerkischer-geschichtsverein.de\/en\/aktivitaeten\/ehrungen\/ehrungen-von-mitgliedern-des-ugvp\/2008-walter-matznick-preis-der-stadt-prenzlau-fur-die-arbeitsgruppe-stadtmodell\/","og_locale":"en_GB","og_type":"article","og_title":"2008 Walter Matznick - Preis der Stadt Prenzlau f\u00fcr die \u201eArbeitsgruppe Stadtmodell\u201c - Uckerm\u00e4rkischer Geschichtsverein zu Prenzlau e.V.","og_description":"Preis der Stadt Prenzlau f\u00fcr die \u201eArbeitsgruppe Stadtmodell\u201c Von 2004 bis 2008 arbeitete eine Gruppe Prenzlauer unentwegt an einem Modell der Stadt Prenzlau, darunter von Beginn an viele hundert ehrenamtliche Stunden unser Vereinsmitglied Walter Matznick. F\u00fcr ihren unerm\u00fcdlichen Einsatz wurde der \u201eArbeitsgruppe Stadtmodell\u201c (Walter Matznick, Ruth Stabenow, Joachim B\u00f6hme, Dieter Bloch, Karl Neumann und Siegfried) [&hellip;]","og_url":"https:\/\/www.uckermaerkischer-geschichtsverein.de\/en\/aktivitaeten\/ehrungen\/ehrungen-von-mitgliedern-des-ugvp\/2008-walter-matznick-preis-der-stadt-prenzlau-fur-die-arbeitsgruppe-stadtmodell\/","og_site_name":"Uckerm\u00e4rkischer Geschichtsverein zu Prenzlau e.V.","article_modified_time":"2013-04-21T19:36:37+00:00","og_image":[{"url":"https:\/\/www.uckermaerkischer-geschichtsverein.de\/wp-content\/uploads\/2013\/04\/Walter-Matznick_Stadtmodell\u00fcbergabe_26-06-2008-150x150.jpg","type":"","width":"","height":""}],"twitter_misc":{"Estimated reading time":"1 minute"},"schema":{"@context":"https:\/\/schema.org","@graph":[{"@type":"WebPage","@id":"https:\/\/www.uckermaerkischer-geschichtsverein.de\/aktivitaeten\/ehrungen\/ehrungen-von-mitgliedern-des-ugvp\/2008-walter-matznick-preis-der-stadt-prenzlau-fur-die-arbeitsgruppe-stadtmodell\/","url":"https:\/\/www.uckermaerkischer-geschichtsverein.de\/aktivitaeten\/ehrungen\/ehrungen-von-mitgliedern-des-ugvp\/2008-walter-matznick-preis-der-stadt-prenzlau-fur-die-arbeitsgruppe-stadtmodell\/","name":"2008 Walter Matznick - Preis der Stadt Prenzlau f\u00fcr die \u201eArbeitsgruppe Stadtmodell\u201c - Uckerm\u00e4rkischer Geschichtsverein zu Prenzlau e.V.","isPartOf":{"@id":"https:\/\/www.uckermaerkischer-geschichtsverein.de\/#website"},"primaryImageOfPage":{"@id":"https:\/\/www.uckermaerkischer-geschichtsverein.de\/aktivitaeten\/ehrungen\/ehrungen-von-mitgliedern-des-ugvp\/2008-walter-matznick-preis-der-stadt-prenzlau-fur-die-arbeitsgruppe-stadtmodell\/#primaryimage"},"image":{"@id":"https:\/\/www.uckermaerkischer-geschichtsverein.de\/aktivitaeten\/ehrungen\/ehrungen-von-mitgliedern-des-ugvp\/2008-walter-matznick-preis-der-stadt-prenzlau-fur-die-arbeitsgruppe-stadtmodell\/#primaryimage"},"thumbnailUrl":"https:\/\/www.uckermaerkischer-geschichtsverein.de\/wp-content\/uploads\/2013\/04\/Walter-Matznick_Arbeit-am-Stadtmodell-128x148.jpg","datePublished":"2013-04-15T14:20:57+00:00","dateModified":"2013-04-21T19:36:37+00:00","breadcrumb":{"@id":"https:\/\/www.uckermaerkischer-geschichtsverein.de\/aktivitaeten\/ehrungen\/ehrungen-von-mitgliedern-des-ugvp\/2008-walter-matznick-preis-der-stadt-prenzlau-fur-die-arbeitsgruppe-stadtmodell\/#breadcrumb"},"inLanguage":"en-GB","potentialAction":[{"@type":"ReadAction","target":["https:\/\/www.uckermaerkischer-geschichtsverein.de\/aktivitaeten\/ehrungen\/ehrungen-von-mitgliedern-des-ugvp\/2008-walter-matznick-preis-der-stadt-prenzlau-fur-die-arbeitsgruppe-stadtmodell\/"]}]},{"@type":"ImageObject","inLanguage":"en-GB","@id":"https:\/\/www.uckermaerkischer-geschichtsverein.de\/aktivitaeten\/ehrungen\/ehrungen-von-mitgliedern-des-ugvp\/2008-walter-matznick-preis-der-stadt-prenzlau-fur-die-arbeitsgruppe-stadtmodell\/#primaryimage","url":"https:\/\/www.uckermaerkischer-geschichtsverein.de\/wp-content\/uploads\/2013\/04\/Walter-Matznick_Arbeit-am-Stadtmodell-128x148.jpg","contentUrl":"https:\/\/www.uckermaerkischer-geschichtsverein.de\/wp-content\/uploads\/2013\/04\/Walter-Matznick_Arbeit-am-Stadtmodell-128x148.jpg"},{"@type":"BreadcrumbList","@id":"https:\/\/www.uckermaerkischer-geschichtsverein.de\/aktivitaeten\/ehrungen\/ehrungen-von-mitgliedern-des-ugvp\/2008-walter-matznick-preis-der-stadt-prenzlau-fur-die-arbeitsgruppe-stadtmodell\/#breadcrumb","itemListElement":[{"@type":"ListItem","position":1,"name":"Aktivit\u00e4ten","item":"https:\/\/www.uckermaerkischer-geschichtsverein.de\/en\/aktivitaeten\/"},{"@type":"ListItem","position":2,"name":"Ehrungen","item":"https:\/\/www.uckermaerkischer-geschichtsverein.de\/en\/aktivitaeten\/ehrungen\/"},{"@type":"ListItem","position":3,"name":"Ehrungen von Mitgliedern des UGVP","item":"https:\/\/www.uckermaerkischer-geschichtsverein.de\/aktivitaeten\/ehrungen\/ehrungen-von-mitgliedern-des-ugvp\/"},{"@type":"ListItem","position":4,"name":"2008 Walter Matznick &#8211; Preis der Stadt Prenzlau f\u00fcr die \u201eArbeitsgruppe Stadtmodell\u201c"}]},{"@type":"WebSite","@id":"https:\/\/www.uckermaerkischer-geschichtsverein.de\/#website","url":"https:\/\/www.uckermaerkischer-geschichtsverein.de\/","name":"Uckerm\u00e4rkischer Geschichtsverein zu Prenzlau e.V.","description":"","potentialAction":[{"@type":"SearchAction","target":{"@type":"EntryPoint","urlTemplate":"https:\/\/www.uckermaerkischer-geschichtsverein.de\/?s={search_term_string}"},"query-input":{"@type":"PropertyValueSpecification","valueRequired":true,"valueName":"search_term_string"}}],"inLanguage":"en-GB"}]}},"_links":{"self":[{"href":"https:\/\/www.uckermaerkischer-geschichtsverein.de\/en\/wp-json\/wp\/v2\/pages\/3264","targetHints":{"allow":["GET"]}}],"collection":[{"href":"https:\/\/www.uckermaerkischer-geschichtsverein.de\/en\/wp-json\/wp\/v2\/pages"}],"about":[{"href":"https:\/\/www.uckermaerkischer-geschichtsverein.de\/en\/wp-json\/wp\/v2\/types\/page"}],"author":[{"embeddable":true,"href":"https:\/\/www.uckermaerkischer-geschichtsverein.de\/en\/wp-json\/wp\/v2\/users\/1"}],"replies":[{"embeddable":true,"href":"https:\/\/www.uckermaerkischer-geschichtsverein.de\/en\/wp-json\/wp\/v2\/comments?post=3264"}],"version-history":[{"count":4,"href":"https:\/\/www.uckermaerkischer-geschichtsverein.de\/en\/wp-json\/wp\/v2\/pages\/3264\/revisions"}],"predecessor-version":[{"id":3266,"href":"https:\/\/www.uckermaerkischer-geschichtsverein.de\/en\/wp-json\/wp\/v2\/pages\/3264\/revisions\/3266"}],"up":[{"embeddable":true,"href":"https:\/\/www.uckermaerkischer-geschichtsverein.de\/en\/wp-json\/wp\/v2\/pages\/1951"}],"wp:attachment":[{"href":"https:\/\/www.uckermaerkischer-geschichtsverein.de\/en\/wp-json\/wp\/v2\/media?parent=3264"}],"curies":[{"name":"wp","href":"https:\/\/api.w.org\/{rel}","templated":true}]}}