{"id":3141,"date":"2013-04-11T09:58:16","date_gmt":"2013-04-11T07:58:16","guid":{"rendered":"https:\/\/www.uckermaerkischer-geschichtsverein.de\/?page_id=3141"},"modified":"2013-04-13T11:44:17","modified_gmt":"2013-04-13T09:44:17","slug":"2001-dr-heinz-schneider","status":"publish","type":"page","link":"https:\/\/www.uckermaerkischer-geschichtsverein.de\/en\/aktivitaeten\/ehrungen\/ehrungen-von-mitgliedern-des-ugvp\/2001-dr-heinz-schneider\/","title":{"rendered":"2001 Dr. Heinz Schneider"},"content":{"rendered":"<p><strong>Unser Vereinsmitglied Dr. med.\u00a0Heinz Schneider wurde 2001 mit dem Prenzlauer Stadtpreis geehrt.<\/strong><\/p>\n<p>Dr. med.\u00a0Heinz Schneider wurde am 7.1.1934 in Schlackenwerth, Kreis Karlsbad, geboren. Seit 1952 war er Angeh\u00f6riger der Kasernierten Volkspolizei, wo er sich zum Feldscher ausbilden lie\u00df. 1953 folgte die Sonderreifepr\u00fcfung an der Universit\u00e4t Leipzig, wo er auch sein Medizinstudium begann, das er von 1955 bis 1958 in Greifswald fortsetzte. Kurz vor seinem Staatsexamen wurde Schneider, der sich weigerte in die SED einzutreten, exmatrikuliert und aus der NVA ausgeschlossen. 1959 gelang ihm die Reimmatrikulation und der Abschluss eines zivilen Staatsexamens an der Universit\u00e4t Greifswald, wo er 1962 promovierte. 1967 nahm er seine T\u00e4tigkeit am Prenzlauer Kreiskrankenhaus auf. Noch im selben Jahr wurde er im Alter von 33 Jahren Chefarzt der neu geschaffenen Diabetesabteilung, die noch bis 1990 im Dominikanerkloster untergebracht war. Trotz widriger Umst\u00e4nde gelang es Schneider, seine wissenschaftlichen Forschungen umzusetzen. Er publizierte zahlreiche Forschungsbeitr\u00e4ge, die u.a. in Frankreich, der Slowakei, in Tschechien und den USA erschienen. Im Herbst 1998 trat er in den Ruhestand. Am 13.5.1999 erhielt er f\u00fcr sein Lebenswerk die \u201eGerhardt-Katsch-Medaille 1999\u201c. Zwei Jahre sp\u00e4ter wurde er mit dem \u201ePreis der Stadt Prenzlau f\u00fcr Verdienste um die Stadt\u201c geehrt. <em><b>Q.:<\/b><\/em> Jacobi, Heinrich: Das medizinische Wirken von Herrn Dr. Heinrich Schneider in den 31 Jahren seiner T\u00e4tigkeit in Prenzlau, in: HK 2000, S. 64-66. Seiffert, Rolf: L\u00e4ngste Prognosestudie der Welt in Neustrelitz durchgef\u00fchrt. Der Diabetologe Dr. med. Heinrich Schneider, in: Mecklenburg vom 7.8.2004.<\/p>\n<p>Quelle:<\/p>\n<ul>\n<li>J\u00fcrgen Theil, Prenzlauer Stadtlexikon. 2005<\/li>\n<li>Heimatkalender Prenzlau 2002. (2001), S. 126<\/li>\n<\/ul>","protected":false},"excerpt":{"rendered":"<p>Unser Vereinsmitglied Dr. med.\u00a0Heinz Schneider wurde 2001 mit dem Prenzlauer Stadtpreis geehrt. Dr. med.\u00a0Heinz Schneider wurde am 7.1.1934 in Schlackenwerth, Kreis Karlsbad, geboren. Seit 1952 war er Angeh\u00f6riger der Kasernierten Volkspolizei, wo er sich zum Feldscher ausbilden lie\u00df. 1953 folgte die Sonderreifepr\u00fcfung an der Universit\u00e4t Leipzig, wo er auch sein Medizinstudium begann, das er von [&hellip;]<\/p>\n","protected":false},"author":1,"featured_media":0,"parent":1951,"menu_order":0,"comment_status":"closed","ping_status":"closed","template":"","meta":{"footnotes":""},"class_list":["post-3141","page","type-page","status-publish","hentry"],"yoast_head":"<!-- This site is optimized with the Yoast SEO plugin v27.2 - https:\/\/yoast.com\/product\/yoast-seo-wordpress\/ -->\n<title>2001 Dr. Heinz Schneider - Uckerm\u00e4rkischer Geschichtsverein zu Prenzlau e.V.<\/title>\n<meta name=\"robots\" content=\"index, follow, max-snippet:-1, max-image-preview:large, max-video-preview:-1\" \/>\n<link rel=\"canonical\" href=\"https:\/\/www.uckermaerkischer-geschichtsverein.de\/en\/aktivitaeten\/ehrungen\/ehrungen-von-mitgliedern-des-ugvp\/2001-dr-heinz-schneider\/\" \/>\n<meta property=\"og:locale\" content=\"en_GB\" \/>\n<meta property=\"og:type\" content=\"article\" \/>\n<meta property=\"og:title\" content=\"2001 Dr. Heinz Schneider - Uckerm\u00e4rkischer Geschichtsverein zu Prenzlau e.V.\" \/>\n<meta property=\"og:description\" content=\"Unser Vereinsmitglied Dr. med.\u00a0Heinz Schneider wurde 2001 mit dem Prenzlauer Stadtpreis geehrt. Dr. med.\u00a0Heinz Schneider wurde am 7.1.1934 in Schlackenwerth, Kreis Karlsbad, geboren. Seit 1952 war er Angeh\u00f6riger der Kasernierten Volkspolizei, wo er sich zum Feldscher ausbilden lie\u00df. 1953 folgte die Sonderreifepr\u00fcfung an der Universit\u00e4t Leipzig, wo er auch sein Medizinstudium begann, das er von [&hellip;]\" \/>\n<meta property=\"og:url\" content=\"https:\/\/www.uckermaerkischer-geschichtsverein.de\/en\/aktivitaeten\/ehrungen\/ehrungen-von-mitgliedern-des-ugvp\/2001-dr-heinz-schneider\/\" \/>\n<meta property=\"og:site_name\" content=\"Uckerm\u00e4rkischer Geschichtsverein zu Prenzlau e.V.\" \/>\n<meta property=\"article:modified_time\" content=\"2013-04-13T09:44:17+00:00\" \/>\n<meta name=\"twitter:label1\" content=\"Estimated reading time\" \/>\n\t<meta name=\"twitter:data1\" content=\"1 minute\" \/>\n<script type=\"application\/ld+json\" class=\"yoast-schema-graph\">{\"@context\":\"https:\/\/schema.org\",\"@graph\":[{\"@type\":\"WebPage\",\"@id\":\"https:\/\/www.uckermaerkischer-geschichtsverein.de\/aktivitaeten\/ehrungen\/ehrungen-von-mitgliedern-des-ugvp\/2001-dr-heinz-schneider\/\",\"url\":\"https:\/\/www.uckermaerkischer-geschichtsverein.de\/aktivitaeten\/ehrungen\/ehrungen-von-mitgliedern-des-ugvp\/2001-dr-heinz-schneider\/\",\"name\":\"2001 Dr. Heinz Schneider - Uckerm\u00e4rkischer Geschichtsverein zu Prenzlau e.V.\",\"isPartOf\":{\"@id\":\"https:\/\/www.uckermaerkischer-geschichtsverein.de\/#website\"},\"datePublished\":\"2013-04-11T07:58:16+00:00\",\"dateModified\":\"2013-04-13T09:44:17+00:00\",\"breadcrumb\":{\"@id\":\"https:\/\/www.uckermaerkischer-geschichtsverein.de\/aktivitaeten\/ehrungen\/ehrungen-von-mitgliedern-des-ugvp\/2001-dr-heinz-schneider\/#breadcrumb\"},\"inLanguage\":\"en-GB\",\"potentialAction\":[{\"@type\":\"ReadAction\",\"target\":[\"https:\/\/www.uckermaerkischer-geschichtsverein.de\/aktivitaeten\/ehrungen\/ehrungen-von-mitgliedern-des-ugvp\/2001-dr-heinz-schneider\/\"]}]},{\"@type\":\"BreadcrumbList\",\"@id\":\"https:\/\/www.uckermaerkischer-geschichtsverein.de\/aktivitaeten\/ehrungen\/ehrungen-von-mitgliedern-des-ugvp\/2001-dr-heinz-schneider\/#breadcrumb\",\"itemListElement\":[{\"@type\":\"ListItem\",\"position\":1,\"name\":\"Aktivit\u00e4ten\",\"item\":\"https:\/\/www.uckermaerkischer-geschichtsverein.de\/en\/aktivitaeten\/\"},{\"@type\":\"ListItem\",\"position\":2,\"name\":\"Ehrungen\",\"item\":\"https:\/\/www.uckermaerkischer-geschichtsverein.de\/en\/aktivitaeten\/ehrungen\/\"},{\"@type\":\"ListItem\",\"position\":3,\"name\":\"Ehrungen von Mitgliedern des UGVP\",\"item\":\"https:\/\/www.uckermaerkischer-geschichtsverein.de\/aktivitaeten\/ehrungen\/ehrungen-von-mitgliedern-des-ugvp\/\"},{\"@type\":\"ListItem\",\"position\":4,\"name\":\"2001 Dr. Heinz Schneider\"}]},{\"@type\":\"WebSite\",\"@id\":\"https:\/\/www.uckermaerkischer-geschichtsverein.de\/#website\",\"url\":\"https:\/\/www.uckermaerkischer-geschichtsverein.de\/\",\"name\":\"Uckerm\u00e4rkischer Geschichtsverein zu Prenzlau e.V.\",\"description\":\"\",\"potentialAction\":[{\"@type\":\"SearchAction\",\"target\":{\"@type\":\"EntryPoint\",\"urlTemplate\":\"https:\/\/www.uckermaerkischer-geschichtsverein.de\/?s={search_term_string}\"},\"query-input\":{\"@type\":\"PropertyValueSpecification\",\"valueRequired\":true,\"valueName\":\"search_term_string\"}}],\"inLanguage\":\"en-GB\"}]}<\/script>\n<!-- \/ Yoast SEO plugin. -->","yoast_head_json":{"title":"2001 Dr. Heinz Schneider - Uckerm\u00e4rkischer Geschichtsverein zu Prenzlau e.V.","robots":{"index":"index","follow":"follow","max-snippet":"max-snippet:-1","max-image-preview":"max-image-preview:large","max-video-preview":"max-video-preview:-1"},"canonical":"https:\/\/www.uckermaerkischer-geschichtsverein.de\/en\/aktivitaeten\/ehrungen\/ehrungen-von-mitgliedern-des-ugvp\/2001-dr-heinz-schneider\/","og_locale":"en_GB","og_type":"article","og_title":"2001 Dr. Heinz Schneider - Uckerm\u00e4rkischer Geschichtsverein zu Prenzlau e.V.","og_description":"Unser Vereinsmitglied Dr. med.\u00a0Heinz Schneider wurde 2001 mit dem Prenzlauer Stadtpreis geehrt. Dr. med.\u00a0Heinz Schneider wurde am 7.1.1934 in Schlackenwerth, Kreis Karlsbad, geboren. Seit 1952 war er Angeh\u00f6riger der Kasernierten Volkspolizei, wo er sich zum Feldscher ausbilden lie\u00df. 1953 folgte die Sonderreifepr\u00fcfung an der Universit\u00e4t Leipzig, wo er auch sein Medizinstudium begann, das er von [&hellip;]","og_url":"https:\/\/www.uckermaerkischer-geschichtsverein.de\/en\/aktivitaeten\/ehrungen\/ehrungen-von-mitgliedern-des-ugvp\/2001-dr-heinz-schneider\/","og_site_name":"Uckerm\u00e4rkischer Geschichtsverein zu Prenzlau e.V.","article_modified_time":"2013-04-13T09:44:17+00:00","twitter_misc":{"Estimated reading time":"1 minute"},"schema":{"@context":"https:\/\/schema.org","@graph":[{"@type":"WebPage","@id":"https:\/\/www.uckermaerkischer-geschichtsverein.de\/aktivitaeten\/ehrungen\/ehrungen-von-mitgliedern-des-ugvp\/2001-dr-heinz-schneider\/","url":"https:\/\/www.uckermaerkischer-geschichtsverein.de\/aktivitaeten\/ehrungen\/ehrungen-von-mitgliedern-des-ugvp\/2001-dr-heinz-schneider\/","name":"2001 Dr. Heinz Schneider - Uckerm\u00e4rkischer Geschichtsverein zu Prenzlau e.V.","isPartOf":{"@id":"https:\/\/www.uckermaerkischer-geschichtsverein.de\/#website"},"datePublished":"2013-04-11T07:58:16+00:00","dateModified":"2013-04-13T09:44:17+00:00","breadcrumb":{"@id":"https:\/\/www.uckermaerkischer-geschichtsverein.de\/aktivitaeten\/ehrungen\/ehrungen-von-mitgliedern-des-ugvp\/2001-dr-heinz-schneider\/#breadcrumb"},"inLanguage":"en-GB","potentialAction":[{"@type":"ReadAction","target":["https:\/\/www.uckermaerkischer-geschichtsverein.de\/aktivitaeten\/ehrungen\/ehrungen-von-mitgliedern-des-ugvp\/2001-dr-heinz-schneider\/"]}]},{"@type":"BreadcrumbList","@id":"https:\/\/www.uckermaerkischer-geschichtsverein.de\/aktivitaeten\/ehrungen\/ehrungen-von-mitgliedern-des-ugvp\/2001-dr-heinz-schneider\/#breadcrumb","itemListElement":[{"@type":"ListItem","position":1,"name":"Aktivit\u00e4ten","item":"https:\/\/www.uckermaerkischer-geschichtsverein.de\/en\/aktivitaeten\/"},{"@type":"ListItem","position":2,"name":"Ehrungen","item":"https:\/\/www.uckermaerkischer-geschichtsverein.de\/en\/aktivitaeten\/ehrungen\/"},{"@type":"ListItem","position":3,"name":"Ehrungen von Mitgliedern des UGVP","item":"https:\/\/www.uckermaerkischer-geschichtsverein.de\/aktivitaeten\/ehrungen\/ehrungen-von-mitgliedern-des-ugvp\/"},{"@type":"ListItem","position":4,"name":"2001 Dr. Heinz Schneider"}]},{"@type":"WebSite","@id":"https:\/\/www.uckermaerkischer-geschichtsverein.de\/#website","url":"https:\/\/www.uckermaerkischer-geschichtsverein.de\/","name":"Uckerm\u00e4rkischer Geschichtsverein zu Prenzlau e.V.","description":"","potentialAction":[{"@type":"SearchAction","target":{"@type":"EntryPoint","urlTemplate":"https:\/\/www.uckermaerkischer-geschichtsverein.de\/?s={search_term_string}"},"query-input":{"@type":"PropertyValueSpecification","valueRequired":true,"valueName":"search_term_string"}}],"inLanguage":"en-GB"}]}},"_links":{"self":[{"href":"https:\/\/www.uckermaerkischer-geschichtsverein.de\/en\/wp-json\/wp\/v2\/pages\/3141","targetHints":{"allow":["GET"]}}],"collection":[{"href":"https:\/\/www.uckermaerkischer-geschichtsverein.de\/en\/wp-json\/wp\/v2\/pages"}],"about":[{"href":"https:\/\/www.uckermaerkischer-geschichtsverein.de\/en\/wp-json\/wp\/v2\/types\/page"}],"author":[{"embeddable":true,"href":"https:\/\/www.uckermaerkischer-geschichtsverein.de\/en\/wp-json\/wp\/v2\/users\/1"}],"replies":[{"embeddable":true,"href":"https:\/\/www.uckermaerkischer-geschichtsverein.de\/en\/wp-json\/wp\/v2\/comments?post=3141"}],"version-history":[{"count":4,"href":"https:\/\/www.uckermaerkischer-geschichtsverein.de\/en\/wp-json\/wp\/v2\/pages\/3141\/revisions"}],"predecessor-version":[{"id":3157,"href":"https:\/\/www.uckermaerkischer-geschichtsverein.de\/en\/wp-json\/wp\/v2\/pages\/3141\/revisions\/3157"}],"up":[{"embeddable":true,"href":"https:\/\/www.uckermaerkischer-geschichtsverein.de\/en\/wp-json\/wp\/v2\/pages\/1951"}],"wp:attachment":[{"href":"https:\/\/www.uckermaerkischer-geschichtsverein.de\/en\/wp-json\/wp\/v2\/media?parent=3141"}],"curies":[{"name":"wp","href":"https:\/\/api.w.org\/{rel}","templated":true}]}}