{"id":3068,"date":"2013-04-09T08:14:41","date_gmt":"2013-04-09T06:14:41","guid":{"rendered":"https:\/\/www.uckermaerkischer-geschichtsverein.de\/?page_id=3068"},"modified":"2018-02-01T18:17:02","modified_gmt":"2018-02-01T16:17:02","slug":"birkenhain","status":"publish","type":"page","link":"https:\/\/www.uckermaerkischer-geschichtsverein.de\/en\/aktivitaeten-des-vereins\/birkenhain\/","title":{"rendered":"Birkenhain"},"content":{"rendered":"<p>Die letzte erhaltene Baracke, der auch als Au\u00dfenlager von Ravensbr\u00fcck bekannten St\u00e4tte, wurde 1998 auf Initiative des Geschichtsvereins unter Denkmalschutz gestellt. Am 30. April 2004 erfolgte die Gr\u00fcndung einer AG \u201eHistorische Baracke Birkenhain\u201c mit den Sprechern Reinhard Timm und J\u00f6rg Dittberner.<b> <\/b>Mit der von Gerhard Kegel initiierten Spendenaktion, die bis zum Jahresende 2004 etwa 13.000 Euro erbrachte (allein zu seinem 70, Geburtstag 10.000 \u20ac) , gelang es der AG die dringend n\u00f6tige Dachsanierung durchzuf\u00fchren. Bald darauf begann unser Vereinsmitglied J\u00f6rg Dittberner gemeinsam mit Sch\u00fclern des Prenzlauer Gymnasiums die wechselvolle Geschichte dieser Baracke zu erforschen. Die Ergebnisse dieser Arbeit wurden in einer Brosch\u00fcre der Reihe &#8222;<a href=\"https:\/\/www.uckermaerkischer-geschichtsverein.de\/schriften-des-ugvp\/schulerarbeiten-zur-regionalgeschichte\/birkenhain-ein-historischer-ort\/\">Sch\u00fclerarbeiten zur Regionalgeschichte Heft 3<\/a>&#8220; unter dem Titel &#8222;Birkenhain. Ein historischer Ort&#8220; zusammengefasst. Die Projektgruppe wurde dann im Jahre 2006 mit dem &#8222;<a title=\"Denkmalpflegepreis f\u00fcr die Projektgruppe \u201eZeitenspr\u00fcnge\u201c\" href=\"https:\/\/www.uckermaerkischer-geschichtsverein.de\/aktivitaeten\/ehrungen\/denkmalpflegepreis-fur-die-projektgruppe-zeitensprunge\/\">Brandenburgischen Denkmalpreis<\/a>&#8220; ausgezeichnet (Dotierung: 4.000,- \u20ac).<\/p>\n<p>Quellen:<\/p>\n<ul>\n<li>Birkenhain. Ein historischer Ort. Sch\u00fclerarbeiten zur Regionalgeschichte, Heft 3 (2007).<\/li>\n<li>J\u00f6rg Dittberner: Historische Baracke Birkenhain, Denkmalpflegepreis f\u00fcr erfolgreiche Arbeit. Mitt. Uckerm\u00e4rk. Geschver. 13, 2006, 216\u2013218.<\/li>\n<li>J\u00fcrgen Theil: T\u00e4tigkeitsbericht f\u00fcr das Gesch\u00e4ftsjahr 2003. Mitt. Uckerm\u00e4rk. Geschver. 12, 2005, 124.<\/li>\n<\/ul>\n<p>&nbsp;<\/p>\n<p><strong>Birkenhain.<\/strong> Der Wohnplatz Birkenhain befindet sich im Prenzlauer Stadtforst (Gro\u00dfe Heide) und geh\u00f6rt zur Stadtgemeinde Prenzlau. In den zwanziger und drei\u00dfiger Jahren nutzten viele St\u00e4dter die g\u00fcnstigen Bus- und Bahnverbindungen, um sich in der Gro\u00dfen Heide und den beiden Gasth\u00e4usern in Birkenhain zu erholen. Eine kleine Jugendherberge mit ca. 50 Betten war ideal f\u00fcr Klassen- und Wanderfahrten. Nachdem ab Sommer 1943 die Luftangriffe auf Berlin zunahmen, wurde im vertr\u00e4umten Birkenhain mit der Errichtung eines Ausweichquartiers f\u00fcr den pers\u00f6nlichen Stab des Reichsf\u00fchrers SS und Chefs der deutschen Polizei, Heinrich Himmler, begonnen, das den Decknamen \u201eBirkenwald\u201c erhielt. Nun wurde es still in Birkenhain, denn der Bev\u00f6lkerung wurde der Zutritt nicht mehr gew\u00e4hrt. In der Endphase des Krieges wurde die von Himmler und nachfolgend von Generaloberst Heinrici befehligte Heeresgruppe Weichsel, die den Nordabschnitt der deutschen Ostfront umfasste, von Birkenhain aus gef\u00fchrt. Mit dem Einzug Himmlers am 3.2.1945 wurde dieser Komplex zur Schaltzentrale f\u00fcr alle deutschen Einheiten, die sich inzwischen in der Defensive gegen den Ansturm der Roten Armee befanden. Seit Kriegsende wurden die Geb\u00e4ude verschiedentlich genutzt: u.a. als Fl\u00fcchtlingslager (s.u. Vertriebenenlager), als Au\u00dfenstelle des Krankenhauses, als Aufbauleitung und Lehrlingsunterkunft des Armaturenwerkes, als Internat der Sonderschule und als Ferienlager. Die letzte erhaltene Baracke, der auch als Au\u00dfenlager von Ravensbr\u00fcck bekannten St\u00e4tte, wurde 1998 unter Denkmalschutz gestellt. Am 30.4.2004 erfolgte die Gr\u00fcndung einer AG \u201eHistorische Baracke Birkenhain\u201c mit den Sprechern Reinhard Timm und J\u00f6rg Dittberner.<b> <\/b>Mit der von Gerhard Kegel initiierten Spendenaktion, die bis zum Jahresende 2004 etwa 13.000 Euro erbrachte, gelang es der AG die dringend n\u00f6tige Dachsanierung durchzuf\u00fchren. <b><i>Lit.:<\/i><\/b> Becker: Jugendpflege- und K\u00f6rperschulungswoche in Birkenhain, in: HK 1929, S. 199-201. F\u00fcrstenau, Ernst: Die Kreisjugendherberge in Birkenhain, in HK 1929, S. 90. Weitere Quellen bei Timm, Reinhard (Prenzlau) und Zimmermann, Wilhelm (Hamburg): Beitragsfolge \u00fcber Birkenhain in der PZ vom 8.1.1997 (1. Teil). Birkenhain. Ein historischer Ort. Sch\u00fclerarbeiten zur Regionalgeschichte Heft 3, hg. vom UGVP, Prenzlau 2007.<\/p>\n<p>Quelle: Stadtlexikon<\/p>\n<p>Es ist der Hartn\u00e4ckigkeit des Hobby-Historikers Wilhelm Zimmermann zu verdanken, dass sich die Einstellungen gegen\u00fcber der Baracke \u00e4nderten. Seit 1993 hatte Zimmermann immer wieder auf der Anerkennung der Baracke als Denkmal beharrt. Sein Engagement\u00a0 hatte im Januar 1996 erstmals Erfolg. Die Anlage bekam eine vorl\u00e4ufige Unterschutzstellung.<\/p>\n<p>Die endg\u00fcltige Anerkennung als Denkmal des Landes Brandenburg erfolgte nach mehreren Vorortterminen dann im M\u00e4rz 1997 durch den Minister Reiche.<\/p>\n<p><a href=\"http:\/\/www.spiegel.de\/einestages\/orte-der-erinnerung-a-947087.html\" target=\"_blank\" rel=\"noopener\">Link-&gt; Spiegel.de<\/a><\/p>\n<p><a href=\"https:\/\/www.uckermaerkischer-geschichtsverein.de\/wp-content\/uploads\/2013\/04\/Birkenhain-Unterschutzstellung1.jpg\" rel=\"lightbox[3068]\"><img loading=\"lazy\" decoding=\"async\" class=\"alignleft wp-image-3069\" src=\"https:\/\/www.uckermaerkischer-geschichtsverein.de\/wp-content\/uploads\/2013\/04\/Birkenhain-Unterschutzstellung1.jpg\" alt=\"Birkenhain Unterschutzstellung1\" width=\"180\" height=\"120\" srcset=\"https:\/\/www.uckermaerkischer-geschichtsverein.de\/wp-content\/uploads\/2013\/04\/Birkenhain-Unterschutzstellung1.jpg 564w, https:\/\/www.uckermaerkischer-geschichtsverein.de\/wp-content\/uploads\/2013\/04\/Birkenhain-Unterschutzstellung1-128x85.jpg 128w, https:\/\/www.uckermaerkischer-geschichtsverein.de\/wp-content\/uploads\/2013\/04\/Birkenhain-Unterschutzstellung1-32x21.jpg 32w\" sizes=\"auto, (max-width: 180px) 100vw, 180px\" \/><\/a> <a href=\"https:\/\/www.uckermaerkischer-geschichtsverein.de\/wp-content\/uploads\/2013\/04\/Birkenhain-Unterschutzstellung2.jpg\" rel=\"lightbox[3068]\"><img loading=\"lazy\" decoding=\"async\" class=\"alignleft wp-image-3070\" src=\"https:\/\/www.uckermaerkischer-geschichtsverein.de\/wp-content\/uploads\/2013\/04\/Birkenhain-Unterschutzstellung2.jpg\" alt=\"Birkenhain Unterschutzstellung2\" width=\"180\" height=\"120\" srcset=\"https:\/\/www.uckermaerkischer-geschichtsverein.de\/wp-content\/uploads\/2013\/04\/Birkenhain-Unterschutzstellung2.jpg 564w, https:\/\/www.uckermaerkischer-geschichtsverein.de\/wp-content\/uploads\/2013\/04\/Birkenhain-Unterschutzstellung2-128x85.jpg 128w, https:\/\/www.uckermaerkischer-geschichtsverein.de\/wp-content\/uploads\/2013\/04\/Birkenhain-Unterschutzstellung2-32x21.jpg 32w\" sizes=\"auto, (max-width: 180px) 100vw, 180px\" \/><\/a><a href=\"https:\/\/www.uckermaerkischer-geschichtsverein.de\/wp-content\/uploads\/2013\/04\/Birkenhain-Denkmalplakette.jpg\" rel=\"lightbox[3068]\"><img loading=\"lazy\" decoding=\"async\" class=\"alignleft size-medium wp-image-3103\" src=\"https:\/\/www.uckermaerkischer-geschichtsverein.de\/wp-content\/uploads\/2013\/04\/Birkenhain-Denkmalplakette-115x180.jpg\" alt=\"_Birkenhain Denkmalplakette\" width=\"115\" height=\"180\" srcset=\"https:\/\/www.uckermaerkischer-geschichtsverein.de\/wp-content\/uploads\/2013\/04\/Birkenhain-Denkmalplakette-115x180.jpg 115w, https:\/\/www.uckermaerkischer-geschichtsverein.de\/wp-content\/uploads\/2013\/04\/Birkenhain-Denkmalplakette-655x1024.jpg 655w, https:\/\/www.uckermaerkischer-geschichtsverein.de\/wp-content\/uploads\/2013\/04\/Birkenhain-Denkmalplakette-20x32.jpg 20w, https:\/\/www.uckermaerkischer-geschichtsverein.de\/wp-content\/uploads\/2013\/04\/Birkenhain-Denkmalplakette.jpg 700w\" sizes=\"auto, (max-width: 115px) 100vw, 115px\" \/><\/a><a href=\"https:\/\/www.uckermaerkischer-geschichtsverein.de\/wp-content\/uploads\/2018\/02\/Uckermark-Kurier_2018-01-27.pdf\" target=\"_blank\" rel=\"noopener\"><img loading=\"lazy\" decoding=\"async\" class=\"alignleft wp-image-7202 size-medium\" src=\"https:\/\/www.uckermaerkischer-geschichtsverein.de\/wp-content\/uploads\/2018\/02\/Uckermark-Kurier_2018-01-27-128x155.jpg\" alt=\"\" width=\"128\" height=\"155\" srcset=\"https:\/\/www.uckermaerkischer-geschichtsverein.de\/wp-content\/uploads\/2018\/02\/Uckermark-Kurier_2018-01-27-128x155.jpg 128w, https:\/\/www.uckermaerkischer-geschichtsverein.de\/wp-content\/uploads\/2018\/02\/Uckermark-Kurier_2018-01-27-768x927.jpg 768w, https:\/\/www.uckermaerkischer-geschichtsverein.de\/wp-content\/uploads\/2018\/02\/Uckermark-Kurier_2018-01-27-848x1024.jpg 848w\" sizes=\"auto, (max-width: 128px) 100vw, 128px\" \/><\/a><\/p>\n","protected":false},"excerpt":{"rendered":"<p>Die letzte erhaltene Baracke, der auch als Au\u00dfenlager von Ravensbr\u00fcck bekannten St\u00e4tte, wurde 1998 auf Initiative des Geschichtsvereins unter Denkmalschutz gestellt. Am 30. April 2004 erfolgte die Gr\u00fcndung einer AG \u201eHistorische Baracke Birkenhain\u201c mit den Sprechern Reinhard Timm und J\u00f6rg Dittberner. Mit der von Gerhard Kegel initiierten Spendenaktion, die bis zum Jahresende 2004 etwa 13.000 [&hellip;]<\/p>\n","protected":false},"author":1,"featured_media":0,"parent":740,"menu_order":0,"comment_status":"closed","ping_status":"closed","template":"","meta":{"footnotes":""},"class_list":["post-3068","page","type-page","status-publish","hentry"],"yoast_head":"<!-- This site is optimized with the Yoast SEO plugin v27.2 - https:\/\/yoast.com\/product\/yoast-seo-wordpress\/ -->\n<title>Birkenhain - Uckerm\u00e4rkischer Geschichtsverein zu Prenzlau e.V.<\/title>\n<meta name=\"robots\" content=\"index, follow, max-snippet:-1, max-image-preview:large, max-video-preview:-1\" \/>\n<link rel=\"canonical\" href=\"https:\/\/www.uckermaerkischer-geschichtsverein.de\/en\/aktivitaeten-des-vereins\/birkenhain\/\" \/>\n<meta property=\"og:locale\" content=\"en_GB\" \/>\n<meta property=\"og:type\" content=\"article\" \/>\n<meta property=\"og:title\" content=\"Birkenhain - Uckerm\u00e4rkischer Geschichtsverein zu Prenzlau e.V.\" \/>\n<meta property=\"og:description\" content=\"Die letzte erhaltene Baracke, der auch als Au\u00dfenlager von Ravensbr\u00fcck bekannten St\u00e4tte, wurde 1998 auf Initiative des Geschichtsvereins unter Denkmalschutz gestellt. Am 30. April 2004 erfolgte die Gr\u00fcndung einer AG \u201eHistorische Baracke Birkenhain\u201c mit den Sprechern Reinhard Timm und J\u00f6rg Dittberner. Mit der von Gerhard Kegel initiierten Spendenaktion, die bis zum Jahresende 2004 etwa 13.000 [&hellip;]\" \/>\n<meta property=\"og:url\" content=\"https:\/\/www.uckermaerkischer-geschichtsverein.de\/en\/aktivitaeten-des-vereins\/birkenhain\/\" \/>\n<meta property=\"og:site_name\" content=\"Uckerm\u00e4rkischer Geschichtsverein zu Prenzlau e.V.\" \/>\n<meta property=\"article:modified_time\" content=\"2018-02-01T16:17:02+00:00\" \/>\n<meta property=\"og:image\" content=\"https:\/\/www.uckermaerkischer-geschichtsverein.de\/wp-content\/uploads\/2013\/04\/Birkenhain-Unterschutzstellung1.jpg\" \/>\n<meta name=\"twitter:label1\" content=\"Estimated reading time\" \/>\n\t<meta name=\"twitter:data1\" content=\"3 minutes\" \/>\n<script type=\"application\/ld+json\" class=\"yoast-schema-graph\">{\"@context\":\"https:\/\/schema.org\",\"@graph\":[{\"@type\":\"WebPage\",\"@id\":\"https:\/\/www.uckermaerkischer-geschichtsverein.de\/aktivitaeten-des-vereins\/birkenhain\/\",\"url\":\"https:\/\/www.uckermaerkischer-geschichtsverein.de\/aktivitaeten-des-vereins\/birkenhain\/\",\"name\":\"Birkenhain - Uckerm\u00e4rkischer Geschichtsverein zu Prenzlau e.V.\",\"isPartOf\":{\"@id\":\"https:\/\/www.uckermaerkischer-geschichtsverein.de\/#website\"},\"primaryImageOfPage\":{\"@id\":\"https:\/\/www.uckermaerkischer-geschichtsverein.de\/aktivitaeten-des-vereins\/birkenhain\/#primaryimage\"},\"image\":{\"@id\":\"https:\/\/www.uckermaerkischer-geschichtsverein.de\/aktivitaeten-des-vereins\/birkenhain\/#primaryimage\"},\"thumbnailUrl\":\"https:\/\/www.uckermaerkischer-geschichtsverein.de\/wp-content\/uploads\/2013\/04\/Birkenhain-Unterschutzstellung1.jpg\",\"datePublished\":\"2013-04-09T06:14:41+00:00\",\"dateModified\":\"2018-02-01T16:17:02+00:00\",\"breadcrumb\":{\"@id\":\"https:\/\/www.uckermaerkischer-geschichtsverein.de\/aktivitaeten-des-vereins\/birkenhain\/#breadcrumb\"},\"inLanguage\":\"en-GB\",\"potentialAction\":[{\"@type\":\"ReadAction\",\"target\":[\"https:\/\/www.uckermaerkischer-geschichtsverein.de\/aktivitaeten-des-vereins\/birkenhain\/\"]}]},{\"@type\":\"ImageObject\",\"inLanguage\":\"en-GB\",\"@id\":\"https:\/\/www.uckermaerkischer-geschichtsverein.de\/aktivitaeten-des-vereins\/birkenhain\/#primaryimage\",\"url\":\"https:\/\/www.uckermaerkischer-geschichtsverein.de\/wp-content\/uploads\/2013\/04\/Birkenhain-Unterschutzstellung1.jpg\",\"contentUrl\":\"https:\/\/www.uckermaerkischer-geschichtsverein.de\/wp-content\/uploads\/2013\/04\/Birkenhain-Unterschutzstellung1.jpg\"},{\"@type\":\"BreadcrumbList\",\"@id\":\"https:\/\/www.uckermaerkischer-geschichtsverein.de\/aktivitaeten-des-vereins\/birkenhain\/#breadcrumb\",\"itemListElement\":[{\"@type\":\"ListItem\",\"position\":1,\"name\":\"Aktivit\u00e4ten des Vereins\",\"item\":\"https:\/\/www.uckermaerkischer-geschichtsverein.de\/aktivitaeten-des-vereins\/\"},{\"@type\":\"ListItem\",\"position\":2,\"name\":\"Birkenhain\"}]},{\"@type\":\"WebSite\",\"@id\":\"https:\/\/www.uckermaerkischer-geschichtsverein.de\/#website\",\"url\":\"https:\/\/www.uckermaerkischer-geschichtsverein.de\/\",\"name\":\"Uckerm\u00e4rkischer Geschichtsverein zu Prenzlau e.V.\",\"description\":\"\",\"potentialAction\":[{\"@type\":\"SearchAction\",\"target\":{\"@type\":\"EntryPoint\",\"urlTemplate\":\"https:\/\/www.uckermaerkischer-geschichtsverein.de\/?s={search_term_string}\"},\"query-input\":{\"@type\":\"PropertyValueSpecification\",\"valueRequired\":true,\"valueName\":\"search_term_string\"}}],\"inLanguage\":\"en-GB\"}]}<\/script>\n<!-- \/ Yoast SEO plugin. -->","yoast_head_json":{"title":"Birkenhain - Uckerm\u00e4rkischer Geschichtsverein zu Prenzlau e.V.","robots":{"index":"index","follow":"follow","max-snippet":"max-snippet:-1","max-image-preview":"max-image-preview:large","max-video-preview":"max-video-preview:-1"},"canonical":"https:\/\/www.uckermaerkischer-geschichtsverein.de\/en\/aktivitaeten-des-vereins\/birkenhain\/","og_locale":"en_GB","og_type":"article","og_title":"Birkenhain - Uckerm\u00e4rkischer Geschichtsverein zu Prenzlau e.V.","og_description":"Die letzte erhaltene Baracke, der auch als Au\u00dfenlager von Ravensbr\u00fcck bekannten St\u00e4tte, wurde 1998 auf Initiative des Geschichtsvereins unter Denkmalschutz gestellt. Am 30. April 2004 erfolgte die Gr\u00fcndung einer AG \u201eHistorische Baracke Birkenhain\u201c mit den Sprechern Reinhard Timm und J\u00f6rg Dittberner. Mit der von Gerhard Kegel initiierten Spendenaktion, die bis zum Jahresende 2004 etwa 13.000 [&hellip;]","og_url":"https:\/\/www.uckermaerkischer-geschichtsverein.de\/en\/aktivitaeten-des-vereins\/birkenhain\/","og_site_name":"Uckerm\u00e4rkischer Geschichtsverein zu Prenzlau e.V.","article_modified_time":"2018-02-01T16:17:02+00:00","og_image":[{"url":"https:\/\/www.uckermaerkischer-geschichtsverein.de\/wp-content\/uploads\/2013\/04\/Birkenhain-Unterschutzstellung1.jpg","type":"","width":"","height":""}],"twitter_misc":{"Estimated reading time":"3 minutes"},"schema":{"@context":"https:\/\/schema.org","@graph":[{"@type":"WebPage","@id":"https:\/\/www.uckermaerkischer-geschichtsverein.de\/aktivitaeten-des-vereins\/birkenhain\/","url":"https:\/\/www.uckermaerkischer-geschichtsverein.de\/aktivitaeten-des-vereins\/birkenhain\/","name":"Birkenhain - Uckerm\u00e4rkischer Geschichtsverein zu Prenzlau e.V.","isPartOf":{"@id":"https:\/\/www.uckermaerkischer-geschichtsverein.de\/#website"},"primaryImageOfPage":{"@id":"https:\/\/www.uckermaerkischer-geschichtsverein.de\/aktivitaeten-des-vereins\/birkenhain\/#primaryimage"},"image":{"@id":"https:\/\/www.uckermaerkischer-geschichtsverein.de\/aktivitaeten-des-vereins\/birkenhain\/#primaryimage"},"thumbnailUrl":"https:\/\/www.uckermaerkischer-geschichtsverein.de\/wp-content\/uploads\/2013\/04\/Birkenhain-Unterschutzstellung1.jpg","datePublished":"2013-04-09T06:14:41+00:00","dateModified":"2018-02-01T16:17:02+00:00","breadcrumb":{"@id":"https:\/\/www.uckermaerkischer-geschichtsverein.de\/aktivitaeten-des-vereins\/birkenhain\/#breadcrumb"},"inLanguage":"en-GB","potentialAction":[{"@type":"ReadAction","target":["https:\/\/www.uckermaerkischer-geschichtsverein.de\/aktivitaeten-des-vereins\/birkenhain\/"]}]},{"@type":"ImageObject","inLanguage":"en-GB","@id":"https:\/\/www.uckermaerkischer-geschichtsverein.de\/aktivitaeten-des-vereins\/birkenhain\/#primaryimage","url":"https:\/\/www.uckermaerkischer-geschichtsverein.de\/wp-content\/uploads\/2013\/04\/Birkenhain-Unterschutzstellung1.jpg","contentUrl":"https:\/\/www.uckermaerkischer-geschichtsverein.de\/wp-content\/uploads\/2013\/04\/Birkenhain-Unterschutzstellung1.jpg"},{"@type":"BreadcrumbList","@id":"https:\/\/www.uckermaerkischer-geschichtsverein.de\/aktivitaeten-des-vereins\/birkenhain\/#breadcrumb","itemListElement":[{"@type":"ListItem","position":1,"name":"Aktivit\u00e4ten des Vereins","item":"https:\/\/www.uckermaerkischer-geschichtsverein.de\/aktivitaeten-des-vereins\/"},{"@type":"ListItem","position":2,"name":"Birkenhain"}]},{"@type":"WebSite","@id":"https:\/\/www.uckermaerkischer-geschichtsverein.de\/#website","url":"https:\/\/www.uckermaerkischer-geschichtsverein.de\/","name":"Uckerm\u00e4rkischer Geschichtsverein zu Prenzlau e.V.","description":"","potentialAction":[{"@type":"SearchAction","target":{"@type":"EntryPoint","urlTemplate":"https:\/\/www.uckermaerkischer-geschichtsverein.de\/?s={search_term_string}"},"query-input":{"@type":"PropertyValueSpecification","valueRequired":true,"valueName":"search_term_string"}}],"inLanguage":"en-GB"}]}},"_links":{"self":[{"href":"https:\/\/www.uckermaerkischer-geschichtsverein.de\/en\/wp-json\/wp\/v2\/pages\/3068","targetHints":{"allow":["GET"]}}],"collection":[{"href":"https:\/\/www.uckermaerkischer-geschichtsverein.de\/en\/wp-json\/wp\/v2\/pages"}],"about":[{"href":"https:\/\/www.uckermaerkischer-geschichtsverein.de\/en\/wp-json\/wp\/v2\/types\/page"}],"author":[{"embeddable":true,"href":"https:\/\/www.uckermaerkischer-geschichtsverein.de\/en\/wp-json\/wp\/v2\/users\/1"}],"replies":[{"embeddable":true,"href":"https:\/\/www.uckermaerkischer-geschichtsverein.de\/en\/wp-json\/wp\/v2\/comments?post=3068"}],"version-history":[{"count":16,"href":"https:\/\/www.uckermaerkischer-geschichtsverein.de\/en\/wp-json\/wp\/v2\/pages\/3068\/revisions"}],"predecessor-version":[{"id":7207,"href":"https:\/\/www.uckermaerkischer-geschichtsverein.de\/en\/wp-json\/wp\/v2\/pages\/3068\/revisions\/7207"}],"up":[{"embeddable":true,"href":"https:\/\/www.uckermaerkischer-geschichtsverein.de\/en\/wp-json\/wp\/v2\/pages\/740"}],"wp:attachment":[{"href":"https:\/\/www.uckermaerkischer-geschichtsverein.de\/en\/wp-json\/wp\/v2\/media?parent=3068"}],"curies":[{"name":"wp","href":"https:\/\/api.w.org\/{rel}","templated":true}]}}