{"id":2951,"date":"2013-04-02T11:44:24","date_gmt":"2013-04-02T09:44:24","guid":{"rendered":"https:\/\/www.uckermaerkischer-geschichtsverein.de\/?page_id=2951"},"modified":"2013-04-02T23:23:31","modified_gmt":"2013-04-02T21:23:31","slug":"einladung-des-uckermarkischen-geschichtsvereins-zu-prenzlau-e-v-zum-demokratie-fest-beim-bundesprasidenten","status":"publish","type":"page","link":"https:\/\/www.uckermaerkischer-geschichtsverein.de\/en\/aktivitaeten\/ehrungen\/einladung-des-uckermarkischen-geschichtsvereins-zu-prenzlau-e-v-zum-demokratie-fest-beim-bundesprasidenten\/","title":{"rendered":"Einladung des Uckerm\u00e4rkischen Geschichtsvereins zu Prenzlau e. V. zum Demokratie-Fest beim Bundespr\u00e4sidenten"},"content":{"rendered":"<p>Zum Demokratie-Fest im Berliner Amtssitz des Bundespr\u00e4sidenten Joachim Gauck wurde auch der Vereinsvorsitzende des Uckerm\u00e4rkischen Geschichtsvereins, J\u00fcrgen Theil, eingeladen. Im Auftrag des Vereinsvorstandes \u00fcberreichte er dem Bundespr\u00e4sidenten die letzten beiden Ver\u00f6ffentlichungen aus der Vereinsreihe &#8222;<a title=\"Sch\u00fclerarbeiten zur Regionalgeschichte\" href=\"https:\/\/www.uckermaerkischer-geschichtsverein.de\/aktivitaeten\/ehrungen\/schuelerarbeiten-zur-regionalgeschichte\/\">Sch\u00fclerarbeiten zur Regionalgeschichte<\/a>&#8222;.<\/p>\n<p>\u201eIch habe einen b\u00fcrgernahen Bundespr\u00e4sidenten erlebt, der sich sehr glaubhaft f\u00fcr die Belange der B\u00fcrger interessiert, und der in der Lage ist, auch ohne ein ausgearbeitetes Redemanuskript auf brisante Fragen \u00fcberzeugend und ausgewogen zu reagieren. Ich habe einen bescheidenen Bundespr\u00e4sidenten kennengelernt, der als brillanter Rhetoriker und einf\u00fchlsamer Gespr\u00e4chspartner seine Zuh\u00f6rer \u00fcber emotionale Bilder anspricht und begeistert\u201c, sagte J\u00fcrgen Theil nach seinem Besuch am Montag in Berlin.<\/p>\n<p>Bundespr\u00e4sident Joachim Gauck hatte unter dem Motto \u201eJung. Beteiligt. Engagiert\u201c 450 G\u00e4ste zum Demokratie-Fest in den Garten von Schloss Bellevue eingeladen, darunter auch den 49-j\u00e4hrigen Prenzlauer Gymnasiallehrer f\u00fcr Sport und Geschichte.<\/p>\n<p>Gemeinsam zeigten die G\u00e4ste die Vielfalt erfolgreicher Initiativen und Projekte zur Kinder- und Jugendbeteiligung in Deutschland. J\u00fcrgen Theil \u00fcberreichte dem 72-j\u00e4hrigen geb\u00fcrtigen Rostocker zwei gedruckte Prenzlauer Sch\u00fclerarbeiten, die sich mit der DDR-Geschichte besch\u00e4ftigen.<\/p>\n<div id=\"attachment_2954\" style=\"width: 366px\" class=\"wp-caption alignleft\"><a href=\"https:\/\/www.uckermaerkischer-geschichtsverein.de\/wp-content\/uploads\/2013\/04\/Theil_Bundesbr\u00e4sident-Gauk.jpg\" rel=\"lightbox[2951]\"><img loading=\"lazy\" decoding=\"async\" aria-describedby=\"caption-attachment-2954\" class=\" wp-image-2954 \" title=\"Bundespr\u00e4sident Joachim Gauk (links) und J\u00fcrgen Theil im Gespr\u00e4ch.\" alt=\"Bundespr\u00e4sident Joachim Gauk (links) und J\u00fcrgen Theil im Gespr\u00e4ch.\" src=\"https:\/\/www.uckermaerkischer-geschichtsverein.de\/wp-content\/uploads\/2013\/04\/Theil_Bundesbr\u00e4sident-Gauk.jpg\" width=\"356\" height=\"236\" srcset=\"https:\/\/www.uckermaerkischer-geschichtsverein.de\/wp-content\/uploads\/2013\/04\/Theil_Bundesbr\u00e4sident-Gauk.jpg 849w, https:\/\/www.uckermaerkischer-geschichtsverein.de\/wp-content\/uploads\/2013\/04\/Theil_Bundesbr\u00e4sident-Gauk-128x84.jpg 128w, https:\/\/www.uckermaerkischer-geschichtsverein.de\/wp-content\/uploads\/2013\/04\/Theil_Bundesbr\u00e4sident-Gauk-32x21.jpg 32w\" sizes=\"auto, (max-width: 356px) 100vw, 356px\" \/><\/a><p id=\"caption-attachment-2954\" class=\"wp-caption-text\">Bundespr\u00e4sident Joachim Gauk (links) und J\u00fcrgen Theil im Gespr\u00e4ch.<\/p><\/div>\n<p>&nbsp;<\/p>\n<p>&nbsp;<\/p>\n","protected":false},"excerpt":{"rendered":"<p>Zum Demokratie-Fest im Berliner Amtssitz des Bundespr\u00e4sidenten Joachim Gauck wurde auch der Vereinsvorsitzende des Uckerm\u00e4rkischen Geschichtsvereins, J\u00fcrgen Theil, eingeladen. Im Auftrag des Vereinsvorstandes \u00fcberreichte er dem Bundespr\u00e4sidenten die letzten beiden Ver\u00f6ffentlichungen aus der Vereinsreihe &#8222;Sch\u00fclerarbeiten zur Regionalgeschichte&#8222;. \u201eIch habe einen b\u00fcrgernahen Bundespr\u00e4sidenten erlebt, der sich sehr glaubhaft f\u00fcr die Belange der B\u00fcrger interessiert, und der [&hellip;]<\/p>\n","protected":false},"author":1,"featured_media":0,"parent":1275,"menu_order":0,"comment_status":"closed","ping_status":"closed","template":"","meta":{"footnotes":""},"class_list":["post-2951","page","type-page","status-publish","hentry"],"yoast_head":"<!-- This site is optimized with the Yoast SEO plugin v27.2 - https:\/\/yoast.com\/product\/yoast-seo-wordpress\/ -->\n<title>Einladung des Uckerm\u00e4rkischen Geschichtsvereins zu Prenzlau e. V. zum Demokratie-Fest beim Bundespr\u00e4sidenten - Uckerm\u00e4rkischer Geschichtsverein zu Prenzlau e.V.<\/title>\n<meta name=\"robots\" content=\"index, follow, max-snippet:-1, max-image-preview:large, max-video-preview:-1\" \/>\n<link rel=\"canonical\" href=\"https:\/\/www.uckermaerkischer-geschichtsverein.de\/en\/aktivitaeten\/ehrungen\/einladung-des-uckermarkischen-geschichtsvereins-zu-prenzlau-e-v-zum-demokratie-fest-beim-bundesprasidenten\/\" \/>\n<meta property=\"og:locale\" content=\"en_GB\" \/>\n<meta property=\"og:type\" content=\"article\" \/>\n<meta property=\"og:title\" content=\"Einladung des Uckerm\u00e4rkischen Geschichtsvereins zu Prenzlau e. V. zum Demokratie-Fest beim Bundespr\u00e4sidenten - Uckerm\u00e4rkischer Geschichtsverein zu Prenzlau e.V.\" \/>\n<meta property=\"og:description\" content=\"Zum Demokratie-Fest im Berliner Amtssitz des Bundespr\u00e4sidenten Joachim Gauck wurde auch der Vereinsvorsitzende des Uckerm\u00e4rkischen Geschichtsvereins, J\u00fcrgen Theil, eingeladen. Im Auftrag des Vereinsvorstandes \u00fcberreichte er dem Bundespr\u00e4sidenten die letzten beiden Ver\u00f6ffentlichungen aus der Vereinsreihe &#8222;Sch\u00fclerarbeiten zur Regionalgeschichte&#8222;. \u201eIch habe einen b\u00fcrgernahen Bundespr\u00e4sidenten erlebt, der sich sehr glaubhaft f\u00fcr die Belange der B\u00fcrger interessiert, und der [&hellip;]\" \/>\n<meta property=\"og:url\" content=\"https:\/\/www.uckermaerkischer-geschichtsverein.de\/en\/aktivitaeten\/ehrungen\/einladung-des-uckermarkischen-geschichtsvereins-zu-prenzlau-e-v-zum-demokratie-fest-beim-bundesprasidenten\/\" \/>\n<meta property=\"og:site_name\" content=\"Uckerm\u00e4rkischer Geschichtsverein zu Prenzlau e.V.\" \/>\n<meta property=\"article:modified_time\" content=\"2013-04-02T21:23:31+00:00\" \/>\n<meta property=\"og:image\" content=\"https:\/\/www.uckermaerkischer-geschichtsverein.de\/wp-content\/uploads\/2013\/04\/Theil_Bundesbr\u00e4sident-Gauk.jpg\" \/>\n<meta name=\"twitter:label1\" content=\"Estimated reading time\" \/>\n\t<meta name=\"twitter:data1\" content=\"1 minute\" \/>\n<script type=\"application\/ld+json\" class=\"yoast-schema-graph\">{\"@context\":\"https:\/\/schema.org\",\"@graph\":[{\"@type\":\"WebPage\",\"@id\":\"https:\/\/www.uckermaerkischer-geschichtsverein.de\/en\/aktivitaeten\/ehrungen\/einladung-des-uckermarkischen-geschichtsvereins-zu-prenzlau-e-v-zum-demokratie-fest-beim-bundesprasidenten\/\",\"url\":\"https:\/\/www.uckermaerkischer-geschichtsverein.de\/en\/aktivitaeten\/ehrungen\/einladung-des-uckermarkischen-geschichtsvereins-zu-prenzlau-e-v-zum-demokratie-fest-beim-bundesprasidenten\/\",\"name\":\"Einladung des Uckerm\u00e4rkischen Geschichtsvereins zu Prenzlau e. V. zum Demokratie-Fest beim Bundespr\u00e4sidenten - Uckerm\u00e4rkischer Geschichtsverein zu Prenzlau e.V.\",\"isPartOf\":{\"@id\":\"https:\/\/www.uckermaerkischer-geschichtsverein.de\/#website\"},\"datePublished\":\"2013-04-02T09:44:24+00:00\",\"dateModified\":\"2013-04-02T21:23:31+00:00\",\"breadcrumb\":{\"@id\":\"https:\/\/www.uckermaerkischer-geschichtsverein.de\/en\/aktivitaeten\/ehrungen\/einladung-des-uckermarkischen-geschichtsvereins-zu-prenzlau-e-v-zum-demokratie-fest-beim-bundesprasidenten\/#breadcrumb\"},\"inLanguage\":\"en-GB\",\"potentialAction\":[{\"@type\":\"ReadAction\",\"target\":[\"https:\/\/www.uckermaerkischer-geschichtsverein.de\/en\/aktivitaeten\/ehrungen\/einladung-des-uckermarkischen-geschichtsvereins-zu-prenzlau-e-v-zum-demokratie-fest-beim-bundesprasidenten\/\"]}]},{\"@type\":\"BreadcrumbList\",\"@id\":\"https:\/\/www.uckermaerkischer-geschichtsverein.de\/en\/aktivitaeten\/ehrungen\/einladung-des-uckermarkischen-geschichtsvereins-zu-prenzlau-e-v-zum-demokratie-fest-beim-bundesprasidenten\/#breadcrumb\",\"itemListElement\":[{\"@type\":\"ListItem\",\"position\":1,\"name\":\"Aktivit\u00e4ten\",\"item\":\"https:\/\/www.uckermaerkischer-geschichtsverein.de\/en\/aktivitaeten\/\"},{\"@type\":\"ListItem\",\"position\":2,\"name\":\"Ehrungen\",\"item\":\"https:\/\/www.uckermaerkischer-geschichtsverein.de\/en\/aktivitaeten\/ehrungen\/\"},{\"@type\":\"ListItem\",\"position\":3,\"name\":\"Einladung des Uckerm\u00e4rkischen Geschichtsvereins zu Prenzlau e. V. zum Demokratie-Fest beim Bundespr\u00e4sidenten\"}]},{\"@type\":\"WebSite\",\"@id\":\"https:\/\/www.uckermaerkischer-geschichtsverein.de\/#website\",\"url\":\"https:\/\/www.uckermaerkischer-geschichtsverein.de\/\",\"name\":\"Uckerm\u00e4rkischer Geschichtsverein zu Prenzlau e.V.\",\"description\":\"\",\"potentialAction\":[{\"@type\":\"SearchAction\",\"target\":{\"@type\":\"EntryPoint\",\"urlTemplate\":\"https:\/\/www.uckermaerkischer-geschichtsverein.de\/?s={search_term_string}\"},\"query-input\":{\"@type\":\"PropertyValueSpecification\",\"valueRequired\":true,\"valueName\":\"search_term_string\"}}],\"inLanguage\":\"en-GB\"}]}<\/script>\n<!-- \/ Yoast SEO plugin. -->","yoast_head_json":{"title":"Einladung des Uckerm\u00e4rkischen Geschichtsvereins zu Prenzlau e. V. zum Demokratie-Fest beim Bundespr\u00e4sidenten - Uckerm\u00e4rkischer Geschichtsverein zu Prenzlau e.V.","robots":{"index":"index","follow":"follow","max-snippet":"max-snippet:-1","max-image-preview":"max-image-preview:large","max-video-preview":"max-video-preview:-1"},"canonical":"https:\/\/www.uckermaerkischer-geschichtsverein.de\/en\/aktivitaeten\/ehrungen\/einladung-des-uckermarkischen-geschichtsvereins-zu-prenzlau-e-v-zum-demokratie-fest-beim-bundesprasidenten\/","og_locale":"en_GB","og_type":"article","og_title":"Einladung des Uckerm\u00e4rkischen Geschichtsvereins zu Prenzlau e. V. zum Demokratie-Fest beim Bundespr\u00e4sidenten - Uckerm\u00e4rkischer Geschichtsverein zu Prenzlau e.V.","og_description":"Zum Demokratie-Fest im Berliner Amtssitz des Bundespr\u00e4sidenten Joachim Gauck wurde auch der Vereinsvorsitzende des Uckerm\u00e4rkischen Geschichtsvereins, J\u00fcrgen Theil, eingeladen. Im Auftrag des Vereinsvorstandes \u00fcberreichte er dem Bundespr\u00e4sidenten die letzten beiden Ver\u00f6ffentlichungen aus der Vereinsreihe &#8222;Sch\u00fclerarbeiten zur Regionalgeschichte&#8222;. \u201eIch habe einen b\u00fcrgernahen Bundespr\u00e4sidenten erlebt, der sich sehr glaubhaft f\u00fcr die Belange der B\u00fcrger interessiert, und der [&hellip;]","og_url":"https:\/\/www.uckermaerkischer-geschichtsverein.de\/en\/aktivitaeten\/ehrungen\/einladung-des-uckermarkischen-geschichtsvereins-zu-prenzlau-e-v-zum-demokratie-fest-beim-bundesprasidenten\/","og_site_name":"Uckerm\u00e4rkischer Geschichtsverein zu Prenzlau e.V.","article_modified_time":"2013-04-02T21:23:31+00:00","og_image":[{"url":"https:\/\/www.uckermaerkischer-geschichtsverein.de\/wp-content\/uploads\/2013\/04\/Theil_Bundesbr\u00e4sident-Gauk.jpg","type":"","width":"","height":""}],"twitter_misc":{"Estimated reading time":"1 minute"},"schema":{"@context":"https:\/\/schema.org","@graph":[{"@type":"WebPage","@id":"https:\/\/www.uckermaerkischer-geschichtsverein.de\/en\/aktivitaeten\/ehrungen\/einladung-des-uckermarkischen-geschichtsvereins-zu-prenzlau-e-v-zum-demokratie-fest-beim-bundesprasidenten\/","url":"https:\/\/www.uckermaerkischer-geschichtsverein.de\/en\/aktivitaeten\/ehrungen\/einladung-des-uckermarkischen-geschichtsvereins-zu-prenzlau-e-v-zum-demokratie-fest-beim-bundesprasidenten\/","name":"Einladung des Uckerm\u00e4rkischen Geschichtsvereins zu Prenzlau e. V. zum Demokratie-Fest beim Bundespr\u00e4sidenten - Uckerm\u00e4rkischer Geschichtsverein zu Prenzlau e.V.","isPartOf":{"@id":"https:\/\/www.uckermaerkischer-geschichtsverein.de\/#website"},"datePublished":"2013-04-02T09:44:24+00:00","dateModified":"2013-04-02T21:23:31+00:00","breadcrumb":{"@id":"https:\/\/www.uckermaerkischer-geschichtsverein.de\/en\/aktivitaeten\/ehrungen\/einladung-des-uckermarkischen-geschichtsvereins-zu-prenzlau-e-v-zum-demokratie-fest-beim-bundesprasidenten\/#breadcrumb"},"inLanguage":"en-GB","potentialAction":[{"@type":"ReadAction","target":["https:\/\/www.uckermaerkischer-geschichtsverein.de\/en\/aktivitaeten\/ehrungen\/einladung-des-uckermarkischen-geschichtsvereins-zu-prenzlau-e-v-zum-demokratie-fest-beim-bundesprasidenten\/"]}]},{"@type":"BreadcrumbList","@id":"https:\/\/www.uckermaerkischer-geschichtsverein.de\/en\/aktivitaeten\/ehrungen\/einladung-des-uckermarkischen-geschichtsvereins-zu-prenzlau-e-v-zum-demokratie-fest-beim-bundesprasidenten\/#breadcrumb","itemListElement":[{"@type":"ListItem","position":1,"name":"Aktivit\u00e4ten","item":"https:\/\/www.uckermaerkischer-geschichtsverein.de\/en\/aktivitaeten\/"},{"@type":"ListItem","position":2,"name":"Ehrungen","item":"https:\/\/www.uckermaerkischer-geschichtsverein.de\/en\/aktivitaeten\/ehrungen\/"},{"@type":"ListItem","position":3,"name":"Einladung des Uckerm\u00e4rkischen Geschichtsvereins zu Prenzlau e. V. zum Demokratie-Fest beim Bundespr\u00e4sidenten"}]},{"@type":"WebSite","@id":"https:\/\/www.uckermaerkischer-geschichtsverein.de\/#website","url":"https:\/\/www.uckermaerkischer-geschichtsverein.de\/","name":"Uckerm\u00e4rkischer Geschichtsverein zu Prenzlau e.V.","description":"","potentialAction":[{"@type":"SearchAction","target":{"@type":"EntryPoint","urlTemplate":"https:\/\/www.uckermaerkischer-geschichtsverein.de\/?s={search_term_string}"},"query-input":{"@type":"PropertyValueSpecification","valueRequired":true,"valueName":"search_term_string"}}],"inLanguage":"en-GB"}]}},"_links":{"self":[{"href":"https:\/\/www.uckermaerkischer-geschichtsverein.de\/en\/wp-json\/wp\/v2\/pages\/2951","targetHints":{"allow":["GET"]}}],"collection":[{"href":"https:\/\/www.uckermaerkischer-geschichtsverein.de\/en\/wp-json\/wp\/v2\/pages"}],"about":[{"href":"https:\/\/www.uckermaerkischer-geschichtsverein.de\/en\/wp-json\/wp\/v2\/types\/page"}],"author":[{"embeddable":true,"href":"https:\/\/www.uckermaerkischer-geschichtsverein.de\/en\/wp-json\/wp\/v2\/users\/1"}],"replies":[{"embeddable":true,"href":"https:\/\/www.uckermaerkischer-geschichtsverein.de\/en\/wp-json\/wp\/v2\/comments?post=2951"}],"version-history":[{"count":5,"href":"https:\/\/www.uckermaerkischer-geschichtsverein.de\/en\/wp-json\/wp\/v2\/pages\/2951\/revisions"}],"predecessor-version":[{"id":2970,"href":"https:\/\/www.uckermaerkischer-geschichtsverein.de\/en\/wp-json\/wp\/v2\/pages\/2951\/revisions\/2970"}],"up":[{"embeddable":true,"href":"https:\/\/www.uckermaerkischer-geschichtsverein.de\/en\/wp-json\/wp\/v2\/pages\/1275"}],"wp:attachment":[{"href":"https:\/\/www.uckermaerkischer-geschichtsverein.de\/en\/wp-json\/wp\/v2\/media?parent=2951"}],"curies":[{"name":"wp","href":"https:\/\/api.w.org\/{rel}","templated":true}]}}