{"id":2946,"date":"2013-04-02T11:38:40","date_gmt":"2013-04-02T09:38:40","guid":{"rendered":"https:\/\/www.uckermaerkischer-geschichtsverein.de\/?page_id=2946"},"modified":"2013-05-13T07:23:30","modified_gmt":"2013-05-13T05:23:30","slug":"wurdigung-fur-dr-lena-ohnsorge","status":"publish","type":"page","link":"https:\/\/www.uckermaerkischer-geschichtsverein.de\/en\/aktivitaeten-des-vereins\/weitere-aktivitaeten-gedenktafel-strassennamen\/wurdigung-fur-dr-lena-ohnsorge\/","title":{"rendered":"W\u00fcrdigung f\u00fcr Dr. Lena Ohnsorge"},"content":{"rendered":"<p><a href=\"https:\/\/www.uckermaerkischer-geschichtsverein.de\/wp-content\/uploads\/2013\/04\/Ohnesorgestra\u00dfe_Schild.jpg\" rel=\"lightbox[2946]\"><img loading=\"lazy\" decoding=\"async\" class=\"wp-image-3546 aligncenter\" alt=\"_Ohnesorgestra\u00dfe_Schild\" src=\"https:\/\/www.uckermaerkischer-geschichtsverein.de\/wp-content\/uploads\/2013\/04\/Ohnesorgestra\u00dfe_Schild.jpg\" width=\"450\" height=\"64\" srcset=\"https:\/\/www.uckermaerkischer-geschichtsverein.de\/wp-content\/uploads\/2013\/04\/Ohnesorgestra\u00dfe_Schild.jpg 750w, https:\/\/www.uckermaerkischer-geschichtsverein.de\/wp-content\/uploads\/2013\/04\/Ohnesorgestra\u00dfe_Schild-128x18.jpg 128w\" sizes=\"auto, (max-width: 450px) 100vw, 450px\" \/><\/a><\/p>\n<p>&nbsp;<\/p>\n<p><b>Am 18.09.2008 <strong>wurde auf Beschluss der Stadtverordnetenversammlung ein Teil der alten Br\u00fcssower Stra\u00dfe in &#8222;Dr.-Lena-Ohnesorge-Stra\u00dfe&#8220; benannt.<\/strong><\/b><\/p>\n<p><strong>Ohnesorge, Lena, Dr. med. (1898\u20131987)<\/strong> wurde am 17.7.1898 als zweites von f\u00fcnf Kindern des B\u00f6ttchermeisters und Essigfabrikanten Richard Voss (1855-1912) in Prenzlau geboren. Ihre Mutter, Elise Auguste, geb. M\u00fcller (1870-1951) war bis 1912 als Reichsbahnsekret\u00e4rin t\u00e4tig, bevor sie nach dem Tod ihres Mannes das Familienunternehmen \u00fcbernahm. Lena Ohnseorge besuchte in Prenzlau von 1905-1914 die H\u00f6here T\u00f6chterschule, dann das Oberlyzeum, das sie 1917 nach der Lehrerinnenpr\u00fcfung verlie\u00df. Es schlie\u00dfen sich 1918 die Abiturpr\u00fcfung in Stettin und danach ein Medizinstudium und der Besuch von volkswirtschaftlichen Vorlesungen in Berlin, Marburg, W\u00fcrzburg, Innsbruck und Kiel an, bevor sie ihr medizinisches Staatsexamen und 1923 in Kiel ihre Promotion mit einer Arbeit \u00fcber Mumps in Kieler Schulen abschloss. Ihre praktische Ausbildung absolviert sie von 1923-1925 im Kreiskrankenhaus Prenzlau und im Krankenhaus Berlin. Nach der Einf\u00fchrung des Frauenwahlrechts wurde sie 1919 zur ersten Stadtverordneten der Stadt Prenzlau gew\u00e4hlt. 1924 heiratete sie Dr. med. Hans Ohnesorge aus Bergen\/R\u00fcgen (gestorben 1953), den sie im Prenzlauer Krankenhaus kennen gelernt hatte. 1925 wird der Sohn Friedrich Karl geboren, 1927, 1932 und 1934 folgen die T\u00f6chter Ina, Gerta und Karin. Nach dem Tod eines f\u00fcnften Kindes, das kurz nach der Geburt im Krieg stirbt, nimmt sie 1945 den Freund ihres Sohnes in die Familie auf.\u00a0 Seit 1927 war L. O. nebenberuflich am Prenzlauer M\u00e4dchenf\u00fcrsorgeheim (Korrigendenanstalt) und am Wanderheim t\u00e4tig, wo sie etwa 150 junge Frauen sowie Land- und Stadtstreicher betreute. Nachdem ihr Mann 1939 zur Wehrmacht eingezogen wurde, f\u00fchrte sie beide Praxen allein weiter. 1944 unterst\u00fctzt sie die aus der Sippenhaft entlassenen Familienangeh\u00f6rigen des hingerichteten Ulrich-Wilhelm Graf Schwerin zu Schwanenfeld, der an dem am 20. Juli 1944 auf Hitler ver\u00fcbten Attentat beteiligt war. Als praktische \u00c4rztin war sie in Prenzlau bis April 1945 t\u00e4tig. Es folgt die Flucht \u00fcber Wismar nach L\u00fcbeck, wo sie bis 1957 erneut als \u00c4rztin t\u00e4tig war. Ab 1950 war sie im schleswig-holsteinischen Landtag (Abgeordnete des BHE &#8211; Bund der Heimatvertriebenen und Entrechteten, ab 1959 der CDU). Von 1956-1958 war sie Vorstandsmitglied der L\u00fcbecker Possehl-Stiftung und von 1957 bis 1967 Ministerin f\u00fcr Arbeit, Soziales und Vertriebene des Landes Schleswig-Holstein. Sie war vor allem t\u00e4tig bei der Wiedereingliederung und Entsch\u00e4digung der Vertriebenen und Fl\u00fcchtlinge. F\u00fcr ihr soziales Engagement wurde sie mit dem Bundesverdienstkreuz mit Stern und Schulterband und der Paracelsus-Medaille des Deutschen \u00c4rztetages geehrt. Nach 1967 ist sie Vorsitzende des deutschen \u00c4rztebundes und stellvertretende Vorsitzende des internationalen \u00c4rztinnenbundes. Weiterhin war sie Mitglied der Goethe-Gesellschaft in Weimar. Lena Ohnesorge starb am 12.8.1987 in Bochum. Ihr immer wieder auf die Heimat bezogenes historisches Interesse gab 1983 den Ansto\u00df zu dem Prenzlau-Buch von 1984, zu dem sie selbst einen umfangreichen Aufsatz beisteuerte, und sp\u00e4ter zu den \u201eUckerm\u00e4rkischen Heften\u201c. Am 12.8.2007 wurde an ihrem ehemaligen Wohnhaus in der Br\u00fcssower Stra\u00dfe 1 eine Erinnerungstafel enth\u00fcllt, die ihre Verdienste w\u00fcrdigt.<\/p>\n<p><b><i>Q.:<\/i><\/b> Ohnesorge, Lena: Erinnerungen an das Medizinalwesen in Prenzlau vor 1945, in: PB 1984, S. 333-343. Kegel, Gerhard: Frau Minister. Sehr pers\u00f6nliche Erinnerungen an Lena Ohnesorge, in: UH Bd. 1, S. 315f. Ders.: Lena Ohnesorge, in: Der Uckerm\u00e4rker. Ein Heimatblatt der AG f\u00fcr uckerm\u00e4rkische Geschichte, 1, 1988. Schleswig-Holsteinische Politikerinnen der Nachkriegszeit \u2013 Lebensl\u00e4ufe. Gegenwartsfragen Bd. 73, Hg. Landeszentrale f\u00fcr Politische Bildung Schleswig-Holstein, 1994, S. 38-43. Schneider, Heinz und Theil, J\u00fcrgen: Zum 20. Todestag der bekannten Prenzlauerin Dr. Lena Ohnesorge, in: HeimatKurier vom 23.7.2007, S. 22. Lebensbilder: Frau Dr. Lena Ohnesorge, in: HK 2008, S. 94-100. Frankfurter Allgemeine 1957 (23.10., 24.10., 28.10). Stadt Prenzlau (Hg.): Prenzlauer Stadtfriedhof. Ehrenmale, Pers\u00f6nlichkeiten &amp; kulturhistorisch wertvolle Grabmale o.J. Sielmann, Michael: Die Frauen der Ohnesorges und ihre Familien Kennemann, Jahn und Voss, W\u00fcrzburg 2004 (maschinenschriftlich).<\/p>\n<div id=\"attachment_3547\" style=\"width: 280px\" class=\"wp-caption alignleft\"><a href=\"https:\/\/www.uckermaerkischer-geschichtsverein.de\/wp-content\/uploads\/2013\/04\/01-Ohnesorgestra\u00dfe_Blick-in-Stra\u00dfe.jpg\" rel=\"lightbox[2946]\"><img loading=\"lazy\" decoding=\"async\" aria-describedby=\"caption-attachment-3547\" class=\" wp-image-3547\" title=\"Blick in die Dr.-Lena-Ohnesorge-Stra\u00dfe in Richtung Br\u00fcssower Allee (Foto: Dr. Matthias Schulz, 2013)\" alt=\"_01-Ohnesorgestra\u00dfe_Blick-in-Stra\u00dfe\" src=\"https:\/\/www.uckermaerkischer-geschichtsverein.de\/wp-content\/uploads\/2013\/04\/01-Ohnesorgestra\u00dfe_Blick-in-Stra\u00dfe.jpg\" width=\"270\" height=\"203\" srcset=\"https:\/\/www.uckermaerkischer-geschichtsverein.de\/wp-content\/uploads\/2013\/04\/01-Ohnesorgestra\u00dfe_Blick-in-Stra\u00dfe.jpg 750w, https:\/\/www.uckermaerkischer-geschichtsverein.de\/wp-content\/uploads\/2013\/04\/01-Ohnesorgestra\u00dfe_Blick-in-Stra\u00dfe-128x96.jpg 128w\" sizes=\"auto, (max-width: 270px) 100vw, 270px\" \/><\/a><p id=\"caption-attachment-3547\" class=\"wp-caption-text\">Blick in die Dr.-Lena-Ohnesorge-Stra\u00dfe in Richtung Br\u00fcssower Allee (Foto: Dr. Matthias Schulz, 2013)<\/p><\/div>\n<div id=\"attachment_3548\" style=\"width: 280px\" class=\"wp-caption alignleft\"><a href=\"https:\/\/www.uckermaerkischer-geschichtsverein.de\/wp-content\/uploads\/2013\/04\/02-Ohnesorgestra\u00dfe+Kreishaus.jpg\" rel=\"lightbox[2946]\"><img loading=\"lazy\" decoding=\"async\" aria-describedby=\"caption-attachment-3548\" class=\" wp-image-3548\" title=\"Die Dr.-Lena-Ohnesorge-Stra\u00dfe beginnt gegen\u00fcber der alten Kreisverwaltung Stettiner Stra\u00dfe \/ Ecke Grabowstra\u00dfe (Foto: Dr. Matthias Schulz, 2013)\" alt=\"_02-Ohnesorgestra\u00dfe+Kreishaus\" src=\"https:\/\/www.uckermaerkischer-geschichtsverein.de\/wp-content\/uploads\/2013\/04\/02-Ohnesorgestra\u00dfe+Kreishaus.jpg\" width=\"270\" height=\"203\" srcset=\"https:\/\/www.uckermaerkischer-geschichtsverein.de\/wp-content\/uploads\/2013\/04\/02-Ohnesorgestra\u00dfe+Kreishaus.jpg 750w, https:\/\/www.uckermaerkischer-geschichtsverein.de\/wp-content\/uploads\/2013\/04\/02-Ohnesorgestra\u00dfe+Kreishaus-128x96.jpg 128w\" sizes=\"auto, (max-width: 270px) 100vw, 270px\" \/><\/a><p id=\"caption-attachment-3548\" class=\"wp-caption-text\">Die Dr.-Lena-Ohnesorge-Stra\u00dfe beginnt gegen\u00fcber der alten Kreisverwaltung Stettiner Stra\u00dfe \/ Ecke Grabowstra\u00dfe (Foto: Dr. Matthias Schulz, 2013)<\/p><\/div>\n<p>&nbsp;<\/p>\n<p>&nbsp;<\/p>\n<p>&nbsp;<\/p>\n<p>&nbsp;<\/p>\n<p>&nbsp;<\/p>\n<p>&nbsp;<\/p>\n<p>&nbsp;<\/p>\n<p>&nbsp;<\/p>\n<p><b>weitere Quellen:<\/b><\/p>\n<ul>\n<li>zitiert nach: J\u00fcrgen Theil. Stadtlexikon. 2005.<\/li>\n<li>\u00a0Hans-Joachim Gutschmidt, Heinz Schneider: Wer war Dr. Lena Ohnesorge? In: Mitt. Uckerm\u00e4rk. Geschver. H. 19 2013, S. 209\u2013213.<\/li>\n<\/ul>\n<p>&nbsp;<\/p>\n","protected":false},"excerpt":{"rendered":"<p>&nbsp; Am 18.09.2008 wurde auf Beschluss der Stadtverordnetenversammlung ein Teil der alten Br\u00fcssower Stra\u00dfe in &#8222;Dr.-Lena-Ohnesorge-Stra\u00dfe&#8220; benannt. Ohnesorge, Lena, Dr. med. (1898\u20131987) wurde am 17.7.1898 als zweites von f\u00fcnf Kindern des B\u00f6ttchermeisters und Essigfabrikanten Richard Voss (1855-1912) in Prenzlau geboren. Ihre Mutter, Elise Auguste, geb. M\u00fcller (1870-1951) war bis 1912 als Reichsbahnsekret\u00e4rin t\u00e4tig, bevor sie [&hellip;]<\/p>\n","protected":false},"author":1,"featured_media":0,"parent":63,"menu_order":0,"comment_status":"closed","ping_status":"closed","template":"","meta":{"footnotes":""},"class_list":["post-2946","page","type-page","status-publish","hentry"],"yoast_head":"<!-- This site is optimized with the Yoast SEO plugin v27.2 - https:\/\/yoast.com\/product\/yoast-seo-wordpress\/ -->\n<title>W\u00fcrdigung f\u00fcr Dr. Lena Ohnsorge - Uckerm\u00e4rkischer Geschichtsverein zu Prenzlau e.V.<\/title>\n<meta name=\"robots\" content=\"index, follow, max-snippet:-1, max-image-preview:large, max-video-preview:-1\" \/>\n<link rel=\"canonical\" href=\"https:\/\/www.uckermaerkischer-geschichtsverein.de\/en\/aktivitaeten-des-vereins\/weitere-aktivitaeten-gedenktafel-strassennamen\/wurdigung-fur-dr-lena-ohnsorge\/\" \/>\n<meta property=\"og:locale\" content=\"en_GB\" \/>\n<meta property=\"og:type\" content=\"article\" \/>\n<meta property=\"og:title\" content=\"W\u00fcrdigung f\u00fcr Dr. Lena Ohnsorge - Uckerm\u00e4rkischer Geschichtsverein zu Prenzlau e.V.\" \/>\n<meta property=\"og:description\" content=\"&nbsp; Am 18.09.2008 wurde auf Beschluss der Stadtverordnetenversammlung ein Teil der alten Br\u00fcssower Stra\u00dfe in &#8222;Dr.-Lena-Ohnesorge-Stra\u00dfe&#8220; benannt. Ohnesorge, Lena, Dr. med. (1898\u20131987) wurde am 17.7.1898 als zweites von f\u00fcnf Kindern des B\u00f6ttchermeisters und Essigfabrikanten Richard Voss (1855-1912) in Prenzlau geboren. Ihre Mutter, Elise Auguste, geb. M\u00fcller (1870-1951) war bis 1912 als Reichsbahnsekret\u00e4rin t\u00e4tig, bevor sie [&hellip;]\" \/>\n<meta property=\"og:url\" content=\"https:\/\/www.uckermaerkischer-geschichtsverein.de\/en\/aktivitaeten-des-vereins\/weitere-aktivitaeten-gedenktafel-strassennamen\/wurdigung-fur-dr-lena-ohnsorge\/\" \/>\n<meta property=\"og:site_name\" content=\"Uckerm\u00e4rkischer Geschichtsverein zu Prenzlau e.V.\" \/>\n<meta property=\"article:modified_time\" content=\"2013-05-13T05:23:30+00:00\" \/>\n<meta property=\"og:image\" content=\"https:\/\/www.uckermaerkischer-geschichtsverein.de\/wp-content\/uploads\/2013\/04\/Ohnesorgestra\u00dfe_Schild.jpg\" \/>\n<meta name=\"twitter:label1\" content=\"Estimated reading time\" \/>\n\t<meta name=\"twitter:data1\" content=\"3 minutes\" \/>\n<script type=\"application\/ld+json\" class=\"yoast-schema-graph\">{\"@context\":\"https:\/\/schema.org\",\"@graph\":[{\"@type\":\"WebPage\",\"@id\":\"https:\/\/www.uckermaerkischer-geschichtsverein.de\/en\/aktivitaeten-des-vereins\/weitere-aktivitaeten-gedenktafel-strassennamen\/wurdigung-fur-dr-lena-ohnsorge\/\",\"url\":\"https:\/\/www.uckermaerkischer-geschichtsverein.de\/en\/aktivitaeten-des-vereins\/weitere-aktivitaeten-gedenktafel-strassennamen\/wurdigung-fur-dr-lena-ohnsorge\/\",\"name\":\"W\u00fcrdigung f\u00fcr Dr. Lena Ohnsorge - Uckerm\u00e4rkischer Geschichtsverein zu Prenzlau e.V.\",\"isPartOf\":{\"@id\":\"https:\/\/www.uckermaerkischer-geschichtsverein.de\/#website\"},\"datePublished\":\"2013-04-02T09:38:40+00:00\",\"dateModified\":\"2013-05-13T05:23:30+00:00\",\"breadcrumb\":{\"@id\":\"https:\/\/www.uckermaerkischer-geschichtsverein.de\/en\/aktivitaeten-des-vereins\/weitere-aktivitaeten-gedenktafel-strassennamen\/wurdigung-fur-dr-lena-ohnsorge\/#breadcrumb\"},\"inLanguage\":\"en-GB\",\"potentialAction\":[{\"@type\":\"ReadAction\",\"target\":[\"https:\/\/www.uckermaerkischer-geschichtsverein.de\/en\/aktivitaeten-des-vereins\/weitere-aktivitaeten-gedenktafel-strassennamen\/wurdigung-fur-dr-lena-ohnsorge\/\"]}]},{\"@type\":\"BreadcrumbList\",\"@id\":\"https:\/\/www.uckermaerkischer-geschichtsverein.de\/en\/aktivitaeten-des-vereins\/weitere-aktivitaeten-gedenktafel-strassennamen\/wurdigung-fur-dr-lena-ohnsorge\/#breadcrumb\",\"itemListElement\":[{\"@type\":\"ListItem\",\"position\":1,\"name\":\"Aktivit\u00e4ten des Vereins\",\"item\":\"https:\/\/www.uckermaerkischer-geschichtsverein.de\/aktivitaeten-des-vereins\/\"},{\"@type\":\"ListItem\",\"position\":2,\"name\":\"Gedenktafel \/ Stra\u00dfennamen\",\"item\":\"https:\/\/www.uckermaerkischer-geschichtsverein.de\/aktivitaeten-des-vereins\/weitere-aktivitaeten-gedenktafel-strassennamen\/\"},{\"@type\":\"ListItem\",\"position\":3,\"name\":\"W\u00fcrdigung f\u00fcr Dr. Lena Ohnsorge\"}]},{\"@type\":\"WebSite\",\"@id\":\"https:\/\/www.uckermaerkischer-geschichtsverein.de\/#website\",\"url\":\"https:\/\/www.uckermaerkischer-geschichtsverein.de\/\",\"name\":\"Uckerm\u00e4rkischer Geschichtsverein zu Prenzlau e.V.\",\"description\":\"\",\"potentialAction\":[{\"@type\":\"SearchAction\",\"target\":{\"@type\":\"EntryPoint\",\"urlTemplate\":\"https:\/\/www.uckermaerkischer-geschichtsverein.de\/?s={search_term_string}\"},\"query-input\":{\"@type\":\"PropertyValueSpecification\",\"valueRequired\":true,\"valueName\":\"search_term_string\"}}],\"inLanguage\":\"en-GB\"}]}<\/script>\n<!-- \/ Yoast SEO plugin. -->","yoast_head_json":{"title":"W\u00fcrdigung f\u00fcr Dr. Lena Ohnsorge - Uckerm\u00e4rkischer Geschichtsverein zu Prenzlau e.V.","robots":{"index":"index","follow":"follow","max-snippet":"max-snippet:-1","max-image-preview":"max-image-preview:large","max-video-preview":"max-video-preview:-1"},"canonical":"https:\/\/www.uckermaerkischer-geschichtsverein.de\/en\/aktivitaeten-des-vereins\/weitere-aktivitaeten-gedenktafel-strassennamen\/wurdigung-fur-dr-lena-ohnsorge\/","og_locale":"en_GB","og_type":"article","og_title":"W\u00fcrdigung f\u00fcr Dr. Lena Ohnsorge - Uckerm\u00e4rkischer Geschichtsverein zu Prenzlau e.V.","og_description":"&nbsp; Am 18.09.2008 wurde auf Beschluss der Stadtverordnetenversammlung ein Teil der alten Br\u00fcssower Stra\u00dfe in &#8222;Dr.-Lena-Ohnesorge-Stra\u00dfe&#8220; benannt. Ohnesorge, Lena, Dr. med. (1898\u20131987) wurde am 17.7.1898 als zweites von f\u00fcnf Kindern des B\u00f6ttchermeisters und Essigfabrikanten Richard Voss (1855-1912) in Prenzlau geboren. Ihre Mutter, Elise Auguste, geb. M\u00fcller (1870-1951) war bis 1912 als Reichsbahnsekret\u00e4rin t\u00e4tig, bevor sie [&hellip;]","og_url":"https:\/\/www.uckermaerkischer-geschichtsverein.de\/en\/aktivitaeten-des-vereins\/weitere-aktivitaeten-gedenktafel-strassennamen\/wurdigung-fur-dr-lena-ohnsorge\/","og_site_name":"Uckerm\u00e4rkischer Geschichtsverein zu Prenzlau e.V.","article_modified_time":"2013-05-13T05:23:30+00:00","og_image":[{"url":"https:\/\/www.uckermaerkischer-geschichtsverein.de\/wp-content\/uploads\/2013\/04\/Ohnesorgestra\u00dfe_Schild.jpg","type":"","width":"","height":""}],"twitter_misc":{"Estimated reading time":"3 minutes"},"schema":{"@context":"https:\/\/schema.org","@graph":[{"@type":"WebPage","@id":"https:\/\/www.uckermaerkischer-geschichtsverein.de\/en\/aktivitaeten-des-vereins\/weitere-aktivitaeten-gedenktafel-strassennamen\/wurdigung-fur-dr-lena-ohnsorge\/","url":"https:\/\/www.uckermaerkischer-geschichtsverein.de\/en\/aktivitaeten-des-vereins\/weitere-aktivitaeten-gedenktafel-strassennamen\/wurdigung-fur-dr-lena-ohnsorge\/","name":"W\u00fcrdigung f\u00fcr Dr. Lena Ohnsorge - Uckerm\u00e4rkischer Geschichtsverein zu Prenzlau e.V.","isPartOf":{"@id":"https:\/\/www.uckermaerkischer-geschichtsverein.de\/#website"},"datePublished":"2013-04-02T09:38:40+00:00","dateModified":"2013-05-13T05:23:30+00:00","breadcrumb":{"@id":"https:\/\/www.uckermaerkischer-geschichtsverein.de\/en\/aktivitaeten-des-vereins\/weitere-aktivitaeten-gedenktafel-strassennamen\/wurdigung-fur-dr-lena-ohnsorge\/#breadcrumb"},"inLanguage":"en-GB","potentialAction":[{"@type":"ReadAction","target":["https:\/\/www.uckermaerkischer-geschichtsverein.de\/en\/aktivitaeten-des-vereins\/weitere-aktivitaeten-gedenktafel-strassennamen\/wurdigung-fur-dr-lena-ohnsorge\/"]}]},{"@type":"BreadcrumbList","@id":"https:\/\/www.uckermaerkischer-geschichtsverein.de\/en\/aktivitaeten-des-vereins\/weitere-aktivitaeten-gedenktafel-strassennamen\/wurdigung-fur-dr-lena-ohnsorge\/#breadcrumb","itemListElement":[{"@type":"ListItem","position":1,"name":"Aktivit\u00e4ten des Vereins","item":"https:\/\/www.uckermaerkischer-geschichtsverein.de\/aktivitaeten-des-vereins\/"},{"@type":"ListItem","position":2,"name":"Gedenktafel \/ Stra\u00dfennamen","item":"https:\/\/www.uckermaerkischer-geschichtsverein.de\/aktivitaeten-des-vereins\/weitere-aktivitaeten-gedenktafel-strassennamen\/"},{"@type":"ListItem","position":3,"name":"W\u00fcrdigung f\u00fcr Dr. Lena Ohnsorge"}]},{"@type":"WebSite","@id":"https:\/\/www.uckermaerkischer-geschichtsverein.de\/#website","url":"https:\/\/www.uckermaerkischer-geschichtsverein.de\/","name":"Uckerm\u00e4rkischer Geschichtsverein zu Prenzlau e.V.","description":"","potentialAction":[{"@type":"SearchAction","target":{"@type":"EntryPoint","urlTemplate":"https:\/\/www.uckermaerkischer-geschichtsverein.de\/?s={search_term_string}"},"query-input":{"@type":"PropertyValueSpecification","valueRequired":true,"valueName":"search_term_string"}}],"inLanguage":"en-GB"}]}},"_links":{"self":[{"href":"https:\/\/www.uckermaerkischer-geschichtsverein.de\/en\/wp-json\/wp\/v2\/pages\/2946","targetHints":{"allow":["GET"]}}],"collection":[{"href":"https:\/\/www.uckermaerkischer-geschichtsverein.de\/en\/wp-json\/wp\/v2\/pages"}],"about":[{"href":"https:\/\/www.uckermaerkischer-geschichtsverein.de\/en\/wp-json\/wp\/v2\/types\/page"}],"author":[{"embeddable":true,"href":"https:\/\/www.uckermaerkischer-geschichtsverein.de\/en\/wp-json\/wp\/v2\/users\/1"}],"replies":[{"embeddable":true,"href":"https:\/\/www.uckermaerkischer-geschichtsverein.de\/en\/wp-json\/wp\/v2\/comments?post=2946"}],"version-history":[{"count":8,"href":"https:\/\/www.uckermaerkischer-geschichtsverein.de\/en\/wp-json\/wp\/v2\/pages\/2946\/revisions"}],"predecessor-version":[{"id":3551,"href":"https:\/\/www.uckermaerkischer-geschichtsverein.de\/en\/wp-json\/wp\/v2\/pages\/2946\/revisions\/3551"}],"up":[{"embeddable":true,"href":"https:\/\/www.uckermaerkischer-geschichtsverein.de\/en\/wp-json\/wp\/v2\/pages\/63"}],"wp:attachment":[{"href":"https:\/\/www.uckermaerkischer-geschichtsverein.de\/en\/wp-json\/wp\/v2\/media?parent=2946"}],"curies":[{"name":"wp","href":"https:\/\/api.w.org\/{rel}","templated":true}]}}