{"id":2939,"date":"2013-04-02T11:34:46","date_gmt":"2013-04-02T09:34:46","guid":{"rendered":"https:\/\/www.uckermaerkischer-geschichtsverein.de\/?page_id=2939"},"modified":"2013-04-02T11:39:35","modified_gmt":"2013-04-02T09:39:35","slug":"erinnerungstafel-fur-dr-lena-ohnesorge","status":"publish","type":"page","link":"https:\/\/www.uckermaerkischer-geschichtsverein.de\/en\/aktivitaeten-des-vereins\/weitere-aktivitaeten-gedenktafel-strassennamen\/erinnerungstafel-fur-dr-lena-ohnesorge\/","title":{"rendered":"Erinnerungstafel f\u00fcr Dr. Lena Ohnesorge"},"content":{"rendered":"<p>Auf Initiative des Uckerm\u00e4rkischen Geschichtsvereins wurde am 12.08.2007 am ehemaligen Wohn- und Praxishaus von Dr. Lena Ohnesorge in der Br\u00fcssower Stra\u00dfe eine Erinnerungstafel angebracht, \u00fcber 30 Prenzlauer und Angeh\u00f6rige der Familie hatten sich zu diesem Anlass hier eingefunden. J\u00fcrgen Theil, Vorsitzender des Uckerm\u00e4rkischen Geschichtsvereins zu Prenzlau e. V., verlas das Gru\u00dfwort von Dagmar Ziegler, der brandenburgischen Ministerin f\u00fcr Arbeit, Soziales, Gesundheit und Familie. (Gru\u00dfwort in: <a href=\"https:\/\/www.uckermaerkischer-geschichtsverein.de\/wp-content\/uploads\/2013\/01\/2007_02_Der-Uckerm%C3%A4rker.pdf\">Der Uckerm\u00e4rker 2 \/ 2007<\/a>)<\/p>\n<p><a href=\"https:\/\/www.uckermaerkischer-geschichtsverein.de\/wp-content\/uploads\/2013\/04\/Anbringung-Tafel_Lena-Ohnesorge.jpg\" rel=\"lightbox[2939]\"><img loading=\"lazy\" decoding=\"async\" class=\"alignleft  wp-image-2941\" alt=\"Anbringung-Tafel_Lena-Ohnesorge\" src=\"https:\/\/www.uckermaerkischer-geschichtsverein.de\/wp-content\/uploads\/2013\/04\/Anbringung-Tafel_Lena-Ohnesorge.jpg\" width=\"560\" height=\"263\" srcset=\"https:\/\/www.uckermaerkischer-geschichtsverein.de\/wp-content\/uploads\/2013\/04\/Anbringung-Tafel_Lena-Ohnesorge.jpg 1000w, https:\/\/www.uckermaerkischer-geschichtsverein.de\/wp-content\/uploads\/2013\/04\/Anbringung-Tafel_Lena-Ohnesorge-128x60.jpg 128w, https:\/\/www.uckermaerkischer-geschichtsverein.de\/wp-content\/uploads\/2013\/04\/Anbringung-Tafel_Lena-Ohnesorge-32x15.jpg 32w\" sizes=\"auto, (max-width: 560px) 100vw, 560px\" \/><\/a> <a href=\"https:\/\/www.uckermaerkischer-geschichtsverein.de\/wp-content\/uploads\/2013\/04\/Tafel_Lena-Ohnesorge.jpg\" rel=\"lightbox[2939]\"><img loading=\"lazy\" decoding=\"async\" class=\"alignleft  wp-image-2942\" alt=\"Tafel_Lena-Ohnesorge\" src=\"https:\/\/www.uckermaerkischer-geschichtsverein.de\/wp-content\/uploads\/2013\/04\/Tafel_Lena-Ohnesorge.jpg\" width=\"400\" height=\"223\" srcset=\"https:\/\/www.uckermaerkischer-geschichtsverein.de\/wp-content\/uploads\/2013\/04\/Tafel_Lena-Ohnesorge.jpg 500w, https:\/\/www.uckermaerkischer-geschichtsverein.de\/wp-content\/uploads\/2013\/04\/Tafel_Lena-Ohnesorge-128x71.jpg 128w, https:\/\/www.uckermaerkischer-geschichtsverein.de\/wp-content\/uploads\/2013\/04\/Tafel_Lena-Ohnesorge-32x17.jpg 32w\" sizes=\"auto, (max-width: 400px) 100vw, 400px\" \/><\/a><\/p>\n","protected":false},"excerpt":{"rendered":"<p>Auf Initiative des Uckerm\u00e4rkischen Geschichtsvereins wurde am 12.08.2007 am ehemaligen Wohn- und Praxishaus von Dr. Lena Ohnesorge in der Br\u00fcssower Stra\u00dfe eine Erinnerungstafel angebracht, \u00fcber 30 Prenzlauer und Angeh\u00f6rige der Familie hatten sich zu diesem Anlass hier eingefunden. J\u00fcrgen Theil, Vorsitzender des Uckerm\u00e4rkischen Geschichtsvereins zu Prenzlau e. V., verlas das Gru\u00dfwort von Dagmar Ziegler, der [&hellip;]<\/p>\n","protected":false},"author":1,"featured_media":0,"parent":63,"menu_order":0,"comment_status":"closed","ping_status":"closed","template":"","meta":{"footnotes":""},"class_list":["post-2939","page","type-page","status-publish","hentry"],"yoast_head":"<!-- This site is optimized with the Yoast SEO plugin v27.2 - https:\/\/yoast.com\/product\/yoast-seo-wordpress\/ -->\n<title>Erinnerungstafel f\u00fcr Dr. Lena Ohnesorge - Uckerm\u00e4rkischer Geschichtsverein zu Prenzlau e.V.<\/title>\n<meta name=\"robots\" content=\"index, follow, max-snippet:-1, max-image-preview:large, max-video-preview:-1\" \/>\n<link rel=\"canonical\" href=\"https:\/\/www.uckermaerkischer-geschichtsverein.de\/en\/aktivitaeten-des-vereins\/weitere-aktivitaeten-gedenktafel-strassennamen\/erinnerungstafel-fur-dr-lena-ohnesorge\/\" \/>\n<meta property=\"og:locale\" content=\"en_GB\" \/>\n<meta property=\"og:type\" content=\"article\" \/>\n<meta property=\"og:title\" content=\"Erinnerungstafel f\u00fcr Dr. Lena Ohnesorge - Uckerm\u00e4rkischer Geschichtsverein zu Prenzlau e.V.\" \/>\n<meta property=\"og:description\" content=\"Auf Initiative des Uckerm\u00e4rkischen Geschichtsvereins wurde am 12.08.2007 am ehemaligen Wohn- und Praxishaus von Dr. Lena Ohnesorge in der Br\u00fcssower Stra\u00dfe eine Erinnerungstafel angebracht, \u00fcber 30 Prenzlauer und Angeh\u00f6rige der Familie hatten sich zu diesem Anlass hier eingefunden. J\u00fcrgen Theil, Vorsitzender des Uckerm\u00e4rkischen Geschichtsvereins zu Prenzlau e. V., verlas das Gru\u00dfwort von Dagmar Ziegler, der [&hellip;]\" \/>\n<meta property=\"og:url\" content=\"https:\/\/www.uckermaerkischer-geschichtsverein.de\/en\/aktivitaeten-des-vereins\/weitere-aktivitaeten-gedenktafel-strassennamen\/erinnerungstafel-fur-dr-lena-ohnesorge\/\" \/>\n<meta property=\"og:site_name\" content=\"Uckerm\u00e4rkischer Geschichtsverein zu Prenzlau e.V.\" \/>\n<meta property=\"article:modified_time\" content=\"2013-04-02T09:39:35+00:00\" \/>\n<meta property=\"og:image\" content=\"https:\/\/www.uckermaerkischer-geschichtsverein.de\/wp-content\/uploads\/2013\/04\/Anbringung-Tafel_Lena-Ohnesorge.jpg\" \/>\n<script type=\"application\/ld+json\" class=\"yoast-schema-graph\">{\"@context\":\"https:\/\/schema.org\",\"@graph\":[{\"@type\":\"WebPage\",\"@id\":\"https:\/\/www.uckermaerkischer-geschichtsverein.de\/aktivitaeten-des-vereins\/weitere-aktivitaeten-gedenktafel-strassennamen\/erinnerungstafel-fur-dr-lena-ohnesorge\/\",\"url\":\"https:\/\/www.uckermaerkischer-geschichtsverein.de\/aktivitaeten-des-vereins\/weitere-aktivitaeten-gedenktafel-strassennamen\/erinnerungstafel-fur-dr-lena-ohnesorge\/\",\"name\":\"Erinnerungstafel f\u00fcr Dr. Lena Ohnesorge - Uckerm\u00e4rkischer Geschichtsverein zu Prenzlau e.V.\",\"isPartOf\":{\"@id\":\"https:\/\/www.uckermaerkischer-geschichtsverein.de\/#website\"},\"primaryImageOfPage\":{\"@id\":\"https:\/\/www.uckermaerkischer-geschichtsverein.de\/aktivitaeten-des-vereins\/weitere-aktivitaeten-gedenktafel-strassennamen\/erinnerungstafel-fur-dr-lena-ohnesorge\/#primaryimage\"},\"image\":{\"@id\":\"https:\/\/www.uckermaerkischer-geschichtsverein.de\/aktivitaeten-des-vereins\/weitere-aktivitaeten-gedenktafel-strassennamen\/erinnerungstafel-fur-dr-lena-ohnesorge\/#primaryimage\"},\"thumbnailUrl\":\"https:\/\/www.uckermaerkischer-geschichtsverein.de\/wp-content\/uploads\/2013\/04\/Anbringung-Tafel_Lena-Ohnesorge.jpg\",\"datePublished\":\"2013-04-02T09:34:46+00:00\",\"dateModified\":\"2013-04-02T09:39:35+00:00\",\"breadcrumb\":{\"@id\":\"https:\/\/www.uckermaerkischer-geschichtsverein.de\/aktivitaeten-des-vereins\/weitere-aktivitaeten-gedenktafel-strassennamen\/erinnerungstafel-fur-dr-lena-ohnesorge\/#breadcrumb\"},\"inLanguage\":\"en-GB\",\"potentialAction\":[{\"@type\":\"ReadAction\",\"target\":[\"https:\/\/www.uckermaerkischer-geschichtsverein.de\/aktivitaeten-des-vereins\/weitere-aktivitaeten-gedenktafel-strassennamen\/erinnerungstafel-fur-dr-lena-ohnesorge\/\"]}]},{\"@type\":\"ImageObject\",\"inLanguage\":\"en-GB\",\"@id\":\"https:\/\/www.uckermaerkischer-geschichtsverein.de\/aktivitaeten-des-vereins\/weitere-aktivitaeten-gedenktafel-strassennamen\/erinnerungstafel-fur-dr-lena-ohnesorge\/#primaryimage\",\"url\":\"https:\/\/www.uckermaerkischer-geschichtsverein.de\/wp-content\/uploads\/2013\/04\/Anbringung-Tafel_Lena-Ohnesorge.jpg\",\"contentUrl\":\"https:\/\/www.uckermaerkischer-geschichtsverein.de\/wp-content\/uploads\/2013\/04\/Anbringung-Tafel_Lena-Ohnesorge.jpg\"},{\"@type\":\"BreadcrumbList\",\"@id\":\"https:\/\/www.uckermaerkischer-geschichtsverein.de\/aktivitaeten-des-vereins\/weitere-aktivitaeten-gedenktafel-strassennamen\/erinnerungstafel-fur-dr-lena-ohnesorge\/#breadcrumb\",\"itemListElement\":[{\"@type\":\"ListItem\",\"position\":1,\"name\":\"Aktivit\u00e4ten des Vereins\",\"item\":\"https:\/\/www.uckermaerkischer-geschichtsverein.de\/aktivitaeten-des-vereins\/\"},{\"@type\":\"ListItem\",\"position\":2,\"name\":\"Gedenktafel \/ Stra\u00dfennamen\",\"item\":\"https:\/\/www.uckermaerkischer-geschichtsverein.de\/aktivitaeten-des-vereins\/weitere-aktivitaeten-gedenktafel-strassennamen\/\"},{\"@type\":\"ListItem\",\"position\":3,\"name\":\"Erinnerungstafel f\u00fcr Dr. Lena Ohnesorge\"}]},{\"@type\":\"WebSite\",\"@id\":\"https:\/\/www.uckermaerkischer-geschichtsverein.de\/#website\",\"url\":\"https:\/\/www.uckermaerkischer-geschichtsverein.de\/\",\"name\":\"Uckerm\u00e4rkischer Geschichtsverein zu Prenzlau e.V.\",\"description\":\"\",\"potentialAction\":[{\"@type\":\"SearchAction\",\"target\":{\"@type\":\"EntryPoint\",\"urlTemplate\":\"https:\/\/www.uckermaerkischer-geschichtsverein.de\/?s={search_term_string}\"},\"query-input\":{\"@type\":\"PropertyValueSpecification\",\"valueRequired\":true,\"valueName\":\"search_term_string\"}}],\"inLanguage\":\"en-GB\"}]}<\/script>\n<!-- \/ Yoast SEO plugin. -->","yoast_head_json":{"title":"Erinnerungstafel f\u00fcr Dr. Lena Ohnesorge - Uckerm\u00e4rkischer Geschichtsverein zu Prenzlau e.V.","robots":{"index":"index","follow":"follow","max-snippet":"max-snippet:-1","max-image-preview":"max-image-preview:large","max-video-preview":"max-video-preview:-1"},"canonical":"https:\/\/www.uckermaerkischer-geschichtsverein.de\/en\/aktivitaeten-des-vereins\/weitere-aktivitaeten-gedenktafel-strassennamen\/erinnerungstafel-fur-dr-lena-ohnesorge\/","og_locale":"en_GB","og_type":"article","og_title":"Erinnerungstafel f\u00fcr Dr. Lena Ohnesorge - Uckerm\u00e4rkischer Geschichtsverein zu Prenzlau e.V.","og_description":"Auf Initiative des Uckerm\u00e4rkischen Geschichtsvereins wurde am 12.08.2007 am ehemaligen Wohn- und Praxishaus von Dr. Lena Ohnesorge in der Br\u00fcssower Stra\u00dfe eine Erinnerungstafel angebracht, \u00fcber 30 Prenzlauer und Angeh\u00f6rige der Familie hatten sich zu diesem Anlass hier eingefunden. J\u00fcrgen Theil, Vorsitzender des Uckerm\u00e4rkischen Geschichtsvereins zu Prenzlau e. V., verlas das Gru\u00dfwort von Dagmar Ziegler, der [&hellip;]","og_url":"https:\/\/www.uckermaerkischer-geschichtsverein.de\/en\/aktivitaeten-des-vereins\/weitere-aktivitaeten-gedenktafel-strassennamen\/erinnerungstafel-fur-dr-lena-ohnesorge\/","og_site_name":"Uckerm\u00e4rkischer Geschichtsverein zu Prenzlau e.V.","article_modified_time":"2013-04-02T09:39:35+00:00","og_image":[{"url":"https:\/\/www.uckermaerkischer-geschichtsverein.de\/wp-content\/uploads\/2013\/04\/Anbringung-Tafel_Lena-Ohnesorge.jpg","type":"","width":"","height":""}],"schema":{"@context":"https:\/\/schema.org","@graph":[{"@type":"WebPage","@id":"https:\/\/www.uckermaerkischer-geschichtsverein.de\/aktivitaeten-des-vereins\/weitere-aktivitaeten-gedenktafel-strassennamen\/erinnerungstafel-fur-dr-lena-ohnesorge\/","url":"https:\/\/www.uckermaerkischer-geschichtsverein.de\/aktivitaeten-des-vereins\/weitere-aktivitaeten-gedenktafel-strassennamen\/erinnerungstafel-fur-dr-lena-ohnesorge\/","name":"Erinnerungstafel f\u00fcr Dr. Lena Ohnesorge - Uckerm\u00e4rkischer Geschichtsverein zu Prenzlau e.V.","isPartOf":{"@id":"https:\/\/www.uckermaerkischer-geschichtsverein.de\/#website"},"primaryImageOfPage":{"@id":"https:\/\/www.uckermaerkischer-geschichtsverein.de\/aktivitaeten-des-vereins\/weitere-aktivitaeten-gedenktafel-strassennamen\/erinnerungstafel-fur-dr-lena-ohnesorge\/#primaryimage"},"image":{"@id":"https:\/\/www.uckermaerkischer-geschichtsverein.de\/aktivitaeten-des-vereins\/weitere-aktivitaeten-gedenktafel-strassennamen\/erinnerungstafel-fur-dr-lena-ohnesorge\/#primaryimage"},"thumbnailUrl":"https:\/\/www.uckermaerkischer-geschichtsverein.de\/wp-content\/uploads\/2013\/04\/Anbringung-Tafel_Lena-Ohnesorge.jpg","datePublished":"2013-04-02T09:34:46+00:00","dateModified":"2013-04-02T09:39:35+00:00","breadcrumb":{"@id":"https:\/\/www.uckermaerkischer-geschichtsverein.de\/aktivitaeten-des-vereins\/weitere-aktivitaeten-gedenktafel-strassennamen\/erinnerungstafel-fur-dr-lena-ohnesorge\/#breadcrumb"},"inLanguage":"en-GB","potentialAction":[{"@type":"ReadAction","target":["https:\/\/www.uckermaerkischer-geschichtsverein.de\/aktivitaeten-des-vereins\/weitere-aktivitaeten-gedenktafel-strassennamen\/erinnerungstafel-fur-dr-lena-ohnesorge\/"]}]},{"@type":"ImageObject","inLanguage":"en-GB","@id":"https:\/\/www.uckermaerkischer-geschichtsverein.de\/aktivitaeten-des-vereins\/weitere-aktivitaeten-gedenktafel-strassennamen\/erinnerungstafel-fur-dr-lena-ohnesorge\/#primaryimage","url":"https:\/\/www.uckermaerkischer-geschichtsverein.de\/wp-content\/uploads\/2013\/04\/Anbringung-Tafel_Lena-Ohnesorge.jpg","contentUrl":"https:\/\/www.uckermaerkischer-geschichtsverein.de\/wp-content\/uploads\/2013\/04\/Anbringung-Tafel_Lena-Ohnesorge.jpg"},{"@type":"BreadcrumbList","@id":"https:\/\/www.uckermaerkischer-geschichtsverein.de\/aktivitaeten-des-vereins\/weitere-aktivitaeten-gedenktafel-strassennamen\/erinnerungstafel-fur-dr-lena-ohnesorge\/#breadcrumb","itemListElement":[{"@type":"ListItem","position":1,"name":"Aktivit\u00e4ten des Vereins","item":"https:\/\/www.uckermaerkischer-geschichtsverein.de\/aktivitaeten-des-vereins\/"},{"@type":"ListItem","position":2,"name":"Gedenktafel \/ Stra\u00dfennamen","item":"https:\/\/www.uckermaerkischer-geschichtsverein.de\/aktivitaeten-des-vereins\/weitere-aktivitaeten-gedenktafel-strassennamen\/"},{"@type":"ListItem","position":3,"name":"Erinnerungstafel f\u00fcr Dr. Lena Ohnesorge"}]},{"@type":"WebSite","@id":"https:\/\/www.uckermaerkischer-geschichtsverein.de\/#website","url":"https:\/\/www.uckermaerkischer-geschichtsverein.de\/","name":"Uckerm\u00e4rkischer Geschichtsverein zu Prenzlau e.V.","description":"","potentialAction":[{"@type":"SearchAction","target":{"@type":"EntryPoint","urlTemplate":"https:\/\/www.uckermaerkischer-geschichtsverein.de\/?s={search_term_string}"},"query-input":{"@type":"PropertyValueSpecification","valueRequired":true,"valueName":"search_term_string"}}],"inLanguage":"en-GB"}]}},"_links":{"self":[{"href":"https:\/\/www.uckermaerkischer-geschichtsverein.de\/en\/wp-json\/wp\/v2\/pages\/2939","targetHints":{"allow":["GET"]}}],"collection":[{"href":"https:\/\/www.uckermaerkischer-geschichtsverein.de\/en\/wp-json\/wp\/v2\/pages"}],"about":[{"href":"https:\/\/www.uckermaerkischer-geschichtsverein.de\/en\/wp-json\/wp\/v2\/types\/page"}],"author":[{"embeddable":true,"href":"https:\/\/www.uckermaerkischer-geschichtsverein.de\/en\/wp-json\/wp\/v2\/users\/1"}],"replies":[{"embeddable":true,"href":"https:\/\/www.uckermaerkischer-geschichtsverein.de\/en\/wp-json\/wp\/v2\/comments?post=2939"}],"version-history":[{"count":4,"href":"https:\/\/www.uckermaerkischer-geschichtsverein.de\/en\/wp-json\/wp\/v2\/pages\/2939\/revisions"}],"predecessor-version":[{"id":2945,"href":"https:\/\/www.uckermaerkischer-geschichtsverein.de\/en\/wp-json\/wp\/v2\/pages\/2939\/revisions\/2945"}],"up":[{"embeddable":true,"href":"https:\/\/www.uckermaerkischer-geschichtsverein.de\/en\/wp-json\/wp\/v2\/pages\/63"}],"wp:attachment":[{"href":"https:\/\/www.uckermaerkischer-geschichtsverein.de\/en\/wp-json\/wp\/v2\/media?parent=2939"}],"curies":[{"name":"wp","href":"https:\/\/api.w.org\/{rel}","templated":true}]}}