{"id":278,"date":"2013-01-18T09:09:09","date_gmt":"2013-01-18T07:09:09","guid":{"rendered":"https:\/\/www.uckermaerkischer-geschichtsverein.de\/?page_id=278"},"modified":"2013-01-30T22:49:00","modified_gmt":"2013-01-30T20:49:00","slug":"1999-elisabeth-stiemert","status":"publish","type":"page","link":"https:\/\/www.uckermaerkischer-geschichtsverein.de\/en\/aktivitaeten\/adolf-stahr-preis\/1999-elisabeth-stiemert\/","title":{"rendered":"1999 Elisabeth Stiemert"},"content":{"rendered":"<table border=\"0\" frame=\"void\">\n<tbody>\n<tr>\n<td><a href=\"https:\/\/www.uckermaerkischer-geschichtsverein.de\/wp-content\/uploads\/2013\/01\/ASP_1999_Elisabeth-Stiemert.jpg\" rel=\"lightbox[278]\"><img loading=\"lazy\" decoding=\"async\" class=\" wp-image-279\" alt=\"ASP_1999_Elisabeth-Stiemert\" src=\"https:\/\/www.uckermaerkischer-geschichtsverein.de\/wp-content\/uploads\/2013\/01\/ASP_1999_Elisabeth-Stiemert-199x300.jpg\" width=\"139\" height=\"210\" \/><\/a><\/td>\n<td><b>Elisabeth Stiemert, Hellblaue Sommer. Kindheit und Jugend in der Uckermark. (1998)<\/b><\/td>\n<\/tr>\n<tr>\n<td style=\"text-align: center;\"><strong>Adolf-Stahr-Preis: <\/strong><br \/>\n<strong>07.05.1999<\/strong><\/td>\n<td><\/td>\n<\/tr>\n<\/tbody>\n<\/table>\n<p><span style=\"font-family: verdana,geneva; font-size: 12px;\">\u00a0<\/span><\/p>\n<table border=\"0\">\n<tbody>\n<tr>\n<td colspan=\"2\"><b>Inhaltsverzeichnis:<\/b><\/td>\n<\/tr>\n<tr>\n<td>Heil Moskau<\/td>\n<td>5<\/td>\n<\/tr>\n<tr>\n<td>Erntefest in G\u00f6hren<\/td>\n<td>14<\/td>\n<\/tr>\n<tr>\n<td>Der Lehrer<\/td>\n<td>23<\/td>\n<\/tr>\n<tr>\n<td>Bedrohliche Zeiten<\/td>\n<td>47<\/td>\n<\/tr>\n<tr>\n<td>Begegnungen mit den Siegern<\/td>\n<td>65<\/td>\n<\/tr>\n<tr>\n<td>September F\u00fcnfundvierzig<\/td>\n<td>75<\/td>\n<\/tr>\n<tr>\n<td>Sozialismus und Sommernachtstraum<\/td>\n<td>83<\/td>\n<\/tr>\n<tr>\n<td>Roland M\u00fcller-Stahl<\/td>\n<td>90<\/td>\n<\/tr>\n<tr>\n<td>Zur Autorin<\/td>\n<td>98<\/td>\n<\/tr>\n<\/tbody>\n<\/table>\n<p><span style=\"font-family: verdana,geneva; font-size: 12px;\">Elisabeth Stiemert, geb. Heermann, wurde 1929 in Alexanderhof im Kreis Prenzlau geboren. Sie verbrachte ihre Kindheit auf dem Lande in unmittelbarer N\u00e4he von Seen und W\u00e4ldern. Nach dem Abitur in Prenzlau lebte sie seit 1960 mit ihrer Familie in der Bundesrepublik. Noch mit 40 Jahren als Mutter von zwei fast erwachsenen T\u00f6chtern machte sie ihr Staatsexamen an der P\u00e4dagogischen Hochschule in Bielefeld. Danach war sie bis 1992 als Lehrerin an einer Grundschule in Lemgo t\u00e4tig. Die vierfache Gro\u00dfmutter lebt heute im Ruhestand in Detmold, Ahornweg 4a. Seit 1973 schreibt Elisabeth Stiemert B\u00fccher f\u00fcr Vorschul- und Grundschulkinder. Es sind Texte \u00fcber allt\u00e4gliche Begebenheiten, sowie Spa\u00df- und Mitmachgeschichten. Einzelne Texte fanden Aufnahme in Leseb\u00fcchern und in der \u201eSendung mit der Maus\u201c.<\/span><\/p>\n<p><span style=\"font-family: verdana,geneva; font-size: 12px;\">\u00a0<\/span><\/p>\n<p align=\"right\"><span style=\"font-family: verdana,geneva; font-size: 12px;\">(aus der Vorstellung der Autorin)<\/span><\/p>\n<p><span style=\"font-family: verdana,geneva; font-size: 12px;\">\u00a0<\/span><\/p>\n","protected":false},"excerpt":{"rendered":"<p>Elisabeth Stiemert, Hellblaue Sommer. Kindheit und Jugend in der Uckermark. (1998) Adolf-Stahr-Preis: 07.05.1999 \u00a0 Inhaltsverzeichnis: Heil Moskau 5 Erntefest in G\u00f6hren 14 Der Lehrer 23 Bedrohliche Zeiten 47 Begegnungen mit den Siegern 65 September F\u00fcnfundvierzig 75 Sozialismus und Sommernachtstraum 83 Roland M\u00fcller-Stahl 90 Zur Autorin 98 Elisabeth Stiemert, geb. Heermann, wurde 1929 in Alexanderhof im [&hellip;]<\/p>\n","protected":false},"author":1,"featured_media":0,"parent":198,"menu_order":12,"comment_status":"closed","ping_status":"closed","template":"","meta":{"footnotes":""},"class_list":["post-278","page","type-page","status-publish","hentry"],"yoast_head":"<!-- This site is optimized with the Yoast SEO plugin v27.2 - https:\/\/yoast.com\/product\/yoast-seo-wordpress\/ -->\n<title>1999 Elisabeth Stiemert - Uckerm\u00e4rkischer Geschichtsverein zu Prenzlau e.V.<\/title>\n<meta name=\"robots\" content=\"index, follow, max-snippet:-1, max-image-preview:large, max-video-preview:-1\" \/>\n<link rel=\"canonical\" href=\"https:\/\/www.uckermaerkischer-geschichtsverein.de\/en\/aktivitaeten\/adolf-stahr-preis\/1999-elisabeth-stiemert\/\" \/>\n<meta property=\"og:locale\" content=\"en_GB\" \/>\n<meta property=\"og:type\" content=\"article\" \/>\n<meta property=\"og:title\" content=\"1999 Elisabeth Stiemert - Uckerm\u00e4rkischer Geschichtsverein zu Prenzlau e.V.\" \/>\n<meta property=\"og:description\" content=\"Elisabeth Stiemert, Hellblaue Sommer. Kindheit und Jugend in der Uckermark. (1998) Adolf-Stahr-Preis: 07.05.1999 \u00a0 Inhaltsverzeichnis: Heil Moskau 5 Erntefest in G\u00f6hren 14 Der Lehrer 23 Bedrohliche Zeiten 47 Begegnungen mit den Siegern 65 September F\u00fcnfundvierzig 75 Sozialismus und Sommernachtstraum 83 Roland M\u00fcller-Stahl 90 Zur Autorin 98 Elisabeth Stiemert, geb. Heermann, wurde 1929 in Alexanderhof im [&hellip;]\" \/>\n<meta property=\"og:url\" content=\"https:\/\/www.uckermaerkischer-geschichtsverein.de\/en\/aktivitaeten\/adolf-stahr-preis\/1999-elisabeth-stiemert\/\" \/>\n<meta property=\"og:site_name\" content=\"Uckerm\u00e4rkischer Geschichtsverein zu Prenzlau e.V.\" \/>\n<meta property=\"article:modified_time\" content=\"2013-01-30T20:49:00+00:00\" \/>\n<meta property=\"og:image\" content=\"https:\/\/www.uckermaerkischer-geschichtsverein.de\/wp-content\/uploads\/2013\/01\/ASP_1999_Elisabeth-Stiemert-199x300.jpg\" \/>\n<meta name=\"twitter:label1\" content=\"Estimated reading time\" \/>\n\t<meta name=\"twitter:data1\" content=\"1 minute\" \/>\n<script type=\"application\/ld+json\" class=\"yoast-schema-graph\">{\"@context\":\"https:\/\/schema.org\",\"@graph\":[{\"@type\":\"WebPage\",\"@id\":\"https:\/\/www.uckermaerkischer-geschichtsverein.de\/aktivitaeten\/adolf-stahr-preis\/1999-elisabeth-stiemert\/\",\"url\":\"https:\/\/www.uckermaerkischer-geschichtsverein.de\/aktivitaeten\/adolf-stahr-preis\/1999-elisabeth-stiemert\/\",\"name\":\"1999 Elisabeth Stiemert - Uckerm\u00e4rkischer Geschichtsverein zu Prenzlau e.V.\",\"isPartOf\":{\"@id\":\"https:\/\/www.uckermaerkischer-geschichtsverein.de\/#website\"},\"primaryImageOfPage\":{\"@id\":\"https:\/\/www.uckermaerkischer-geschichtsverein.de\/aktivitaeten\/adolf-stahr-preis\/1999-elisabeth-stiemert\/#primaryimage\"},\"image\":{\"@id\":\"https:\/\/www.uckermaerkischer-geschichtsverein.de\/aktivitaeten\/adolf-stahr-preis\/1999-elisabeth-stiemert\/#primaryimage\"},\"thumbnailUrl\":\"https:\/\/www.uckermaerkischer-geschichtsverein.de\/wp-content\/uploads\/2013\/01\/ASP_1999_Elisabeth-Stiemert-199x300.jpg\",\"datePublished\":\"2013-01-18T07:09:09+00:00\",\"dateModified\":\"2013-01-30T20:49:00+00:00\",\"breadcrumb\":{\"@id\":\"https:\/\/www.uckermaerkischer-geschichtsverein.de\/aktivitaeten\/adolf-stahr-preis\/1999-elisabeth-stiemert\/#breadcrumb\"},\"inLanguage\":\"en-GB\",\"potentialAction\":[{\"@type\":\"ReadAction\",\"target\":[\"https:\/\/www.uckermaerkischer-geschichtsverein.de\/aktivitaeten\/adolf-stahr-preis\/1999-elisabeth-stiemert\/\"]}]},{\"@type\":\"ImageObject\",\"inLanguage\":\"en-GB\",\"@id\":\"https:\/\/www.uckermaerkischer-geschichtsverein.de\/aktivitaeten\/adolf-stahr-preis\/1999-elisabeth-stiemert\/#primaryimage\",\"url\":\"https:\/\/www.uckermaerkischer-geschichtsverein.de\/wp-content\/uploads\/2013\/01\/ASP_1999_Elisabeth-Stiemert-199x300.jpg\",\"contentUrl\":\"https:\/\/www.uckermaerkischer-geschichtsverein.de\/wp-content\/uploads\/2013\/01\/ASP_1999_Elisabeth-Stiemert-199x300.jpg\"},{\"@type\":\"BreadcrumbList\",\"@id\":\"https:\/\/www.uckermaerkischer-geschichtsverein.de\/aktivitaeten\/adolf-stahr-preis\/1999-elisabeth-stiemert\/#breadcrumb\",\"itemListElement\":[{\"@type\":\"ListItem\",\"position\":1,\"name\":\"Aktivit\u00e4ten\",\"item\":\"https:\/\/www.uckermaerkischer-geschichtsverein.de\/en\/aktivitaeten\/\"},{\"@type\":\"ListItem\",\"position\":2,\"name\":\"Adolf-Stahr-Preis\",\"item\":\"https:\/\/www.uckermaerkischer-geschichtsverein.de\/aktivitaeten\/adolf-stahr-preis\/\"},{\"@type\":\"ListItem\",\"position\":3,\"name\":\"1999 Elisabeth Stiemert\"}]},{\"@type\":\"WebSite\",\"@id\":\"https:\/\/www.uckermaerkischer-geschichtsverein.de\/#website\",\"url\":\"https:\/\/www.uckermaerkischer-geschichtsverein.de\/\",\"name\":\"Uckerm\u00e4rkischer Geschichtsverein zu Prenzlau e.V.\",\"description\":\"\",\"potentialAction\":[{\"@type\":\"SearchAction\",\"target\":{\"@type\":\"EntryPoint\",\"urlTemplate\":\"https:\/\/www.uckermaerkischer-geschichtsverein.de\/?s={search_term_string}\"},\"query-input\":{\"@type\":\"PropertyValueSpecification\",\"valueRequired\":true,\"valueName\":\"search_term_string\"}}],\"inLanguage\":\"en-GB\"}]}<\/script>\n<!-- \/ Yoast SEO plugin. -->","yoast_head_json":{"title":"1999 Elisabeth Stiemert - Uckerm\u00e4rkischer Geschichtsverein zu Prenzlau e.V.","robots":{"index":"index","follow":"follow","max-snippet":"max-snippet:-1","max-image-preview":"max-image-preview:large","max-video-preview":"max-video-preview:-1"},"canonical":"https:\/\/www.uckermaerkischer-geschichtsverein.de\/en\/aktivitaeten\/adolf-stahr-preis\/1999-elisabeth-stiemert\/","og_locale":"en_GB","og_type":"article","og_title":"1999 Elisabeth Stiemert - Uckerm\u00e4rkischer Geschichtsverein zu Prenzlau e.V.","og_description":"Elisabeth Stiemert, Hellblaue Sommer. Kindheit und Jugend in der Uckermark. (1998) Adolf-Stahr-Preis: 07.05.1999 \u00a0 Inhaltsverzeichnis: Heil Moskau 5 Erntefest in G\u00f6hren 14 Der Lehrer 23 Bedrohliche Zeiten 47 Begegnungen mit den Siegern 65 September F\u00fcnfundvierzig 75 Sozialismus und Sommernachtstraum 83 Roland M\u00fcller-Stahl 90 Zur Autorin 98 Elisabeth Stiemert, geb. Heermann, wurde 1929 in Alexanderhof im [&hellip;]","og_url":"https:\/\/www.uckermaerkischer-geschichtsverein.de\/en\/aktivitaeten\/adolf-stahr-preis\/1999-elisabeth-stiemert\/","og_site_name":"Uckerm\u00e4rkischer Geschichtsverein zu Prenzlau e.V.","article_modified_time":"2013-01-30T20:49:00+00:00","og_image":[{"url":"https:\/\/www.uckermaerkischer-geschichtsverein.de\/wp-content\/uploads\/2013\/01\/ASP_1999_Elisabeth-Stiemert-199x300.jpg","type":"","width":"","height":""}],"twitter_misc":{"Estimated reading time":"1 minute"},"schema":{"@context":"https:\/\/schema.org","@graph":[{"@type":"WebPage","@id":"https:\/\/www.uckermaerkischer-geschichtsverein.de\/aktivitaeten\/adolf-stahr-preis\/1999-elisabeth-stiemert\/","url":"https:\/\/www.uckermaerkischer-geschichtsverein.de\/aktivitaeten\/adolf-stahr-preis\/1999-elisabeth-stiemert\/","name":"1999 Elisabeth Stiemert - Uckerm\u00e4rkischer Geschichtsverein zu Prenzlau e.V.","isPartOf":{"@id":"https:\/\/www.uckermaerkischer-geschichtsverein.de\/#website"},"primaryImageOfPage":{"@id":"https:\/\/www.uckermaerkischer-geschichtsverein.de\/aktivitaeten\/adolf-stahr-preis\/1999-elisabeth-stiemert\/#primaryimage"},"image":{"@id":"https:\/\/www.uckermaerkischer-geschichtsverein.de\/aktivitaeten\/adolf-stahr-preis\/1999-elisabeth-stiemert\/#primaryimage"},"thumbnailUrl":"https:\/\/www.uckermaerkischer-geschichtsverein.de\/wp-content\/uploads\/2013\/01\/ASP_1999_Elisabeth-Stiemert-199x300.jpg","datePublished":"2013-01-18T07:09:09+00:00","dateModified":"2013-01-30T20:49:00+00:00","breadcrumb":{"@id":"https:\/\/www.uckermaerkischer-geschichtsverein.de\/aktivitaeten\/adolf-stahr-preis\/1999-elisabeth-stiemert\/#breadcrumb"},"inLanguage":"en-GB","potentialAction":[{"@type":"ReadAction","target":["https:\/\/www.uckermaerkischer-geschichtsverein.de\/aktivitaeten\/adolf-stahr-preis\/1999-elisabeth-stiemert\/"]}]},{"@type":"ImageObject","inLanguage":"en-GB","@id":"https:\/\/www.uckermaerkischer-geschichtsverein.de\/aktivitaeten\/adolf-stahr-preis\/1999-elisabeth-stiemert\/#primaryimage","url":"https:\/\/www.uckermaerkischer-geschichtsverein.de\/wp-content\/uploads\/2013\/01\/ASP_1999_Elisabeth-Stiemert-199x300.jpg","contentUrl":"https:\/\/www.uckermaerkischer-geschichtsverein.de\/wp-content\/uploads\/2013\/01\/ASP_1999_Elisabeth-Stiemert-199x300.jpg"},{"@type":"BreadcrumbList","@id":"https:\/\/www.uckermaerkischer-geschichtsverein.de\/aktivitaeten\/adolf-stahr-preis\/1999-elisabeth-stiemert\/#breadcrumb","itemListElement":[{"@type":"ListItem","position":1,"name":"Aktivit\u00e4ten","item":"https:\/\/www.uckermaerkischer-geschichtsverein.de\/en\/aktivitaeten\/"},{"@type":"ListItem","position":2,"name":"Adolf-Stahr-Preis","item":"https:\/\/www.uckermaerkischer-geschichtsverein.de\/aktivitaeten\/adolf-stahr-preis\/"},{"@type":"ListItem","position":3,"name":"1999 Elisabeth Stiemert"}]},{"@type":"WebSite","@id":"https:\/\/www.uckermaerkischer-geschichtsverein.de\/#website","url":"https:\/\/www.uckermaerkischer-geschichtsverein.de\/","name":"Uckerm\u00e4rkischer Geschichtsverein zu Prenzlau e.V.","description":"","potentialAction":[{"@type":"SearchAction","target":{"@type":"EntryPoint","urlTemplate":"https:\/\/www.uckermaerkischer-geschichtsverein.de\/?s={search_term_string}"},"query-input":{"@type":"PropertyValueSpecification","valueRequired":true,"valueName":"search_term_string"}}],"inLanguage":"en-GB"}]}},"_links":{"self":[{"href":"https:\/\/www.uckermaerkischer-geschichtsverein.de\/en\/wp-json\/wp\/v2\/pages\/278","targetHints":{"allow":["GET"]}}],"collection":[{"href":"https:\/\/www.uckermaerkischer-geschichtsverein.de\/en\/wp-json\/wp\/v2\/pages"}],"about":[{"href":"https:\/\/www.uckermaerkischer-geschichtsverein.de\/en\/wp-json\/wp\/v2\/types\/page"}],"author":[{"embeddable":true,"href":"https:\/\/www.uckermaerkischer-geschichtsverein.de\/en\/wp-json\/wp\/v2\/users\/1"}],"replies":[{"embeddable":true,"href":"https:\/\/www.uckermaerkischer-geschichtsverein.de\/en\/wp-json\/wp\/v2\/comments?post=278"}],"version-history":[{"count":15,"href":"https:\/\/www.uckermaerkischer-geschichtsverein.de\/en\/wp-json\/wp\/v2\/pages\/278\/revisions"}],"predecessor-version":[{"id":286,"href":"https:\/\/www.uckermaerkischer-geschichtsverein.de\/en\/wp-json\/wp\/v2\/pages\/278\/revisions\/286"}],"up":[{"embeddable":true,"href":"https:\/\/www.uckermaerkischer-geschichtsverein.de\/en\/wp-json\/wp\/v2\/pages\/198"}],"wp:attachment":[{"href":"https:\/\/www.uckermaerkischer-geschichtsverein.de\/en\/wp-json\/wp\/v2\/media?parent=278"}],"curies":[{"name":"wp","href":"https:\/\/api.w.org\/{rel}","templated":true}]}}