{"id":201,"date":"2013-01-18T00:05:35","date_gmt":"2013-01-17T22:05:35","guid":{"rendered":"https:\/\/www.uckermaerkischer-geschichtsverein.de\/?page_id=201"},"modified":"2013-01-20T22:12:30","modified_gmt":"2013-01-20T20:12:30","slug":"adolf-stahr","status":"publish","type":"page","link":"https:\/\/www.uckermaerkischer-geschichtsverein.de\/en\/aktivitaeten\/adolf-stahr-preis\/adolf-stahr\/","title":{"rendered":"Adolf-Stahr"},"content":{"rendered":"<p style=\"padding-left: 120px; text-align: center;\"><span style=\"font-family: verdana,geneva; font-size: 12px;\"><b>Adolf Stahr<\/b><\/span><\/p>\n<p style=\"padding-left: 120px; text-align: center;\">\n<p><span style=\"font-family: verdana,geneva; font-size: 12px;\"><a href=\"https:\/\/www.uckermaerkischer-geschichtsverein.de\/wp-content\/uploads\/2013\/01\/Adolf-Stahr.jpg\" rel=\"lightbox[201]\"><img loading=\"lazy\" decoding=\"async\" class=\"alignleft size-medium wp-image-202\" alt=\"Adolf Stahr\" src=\"https:\/\/www.uckermaerkischer-geschichtsverein.de\/wp-content\/uploads\/2013\/01\/Adolf-Stahr-208x300.jpg\" width=\"208\" height=\"300\" \/><\/a>Adolf Stahr (1805\u20131876) wurde am 22.10.1805 in Prenzlau als Sohn des preu\u00dfischen Feldpredigers Johann Adam Stahr (1768-1839) und der Caroline Beate Pudor (gest. 1818) geboren. 1810 zog die Familie nach Wallmow, wo der Vater die Pfarrstelle erhalten hatte.<\/span><\/p>\n<p><span style=\"font-family: verdana,geneva; font-size: 12px;\">Von 1820 an besuchte Stahr das Prenzlauer Gymnasium und bestand dort 1825 das Abitur. Danach nahm er in Halle ein Theologie-Studium auf, wechselte aber bald zur klassischen Philologie und Philosophie \u00fcber. Er schloss sich der verbotenen Burschenschaft an, hatte aber, anders als sein j\u00fcngerer Bruder Carl, das Gl\u00fcck, nicht verhaftet und eingekerkert zu werden.<\/span><\/p>\n<p><span style=\"font-family: verdana,geneva; font-size: 12px;\">Bereits 1826 wurde er Lehrer am P\u00e4dagogium in Halle und promovierte 1828 mit einer Arbeit \u00fcber den Begriff der Trag\u00f6die bei Aristoteles zum Doktor der Philosophie.<\/span><\/p>\n<p><span style=\"font-family: verdana,geneva; font-size: 12px;\">In den radikalen \u201eHallischen Jahrb\u00fcchern\u201c seines Freundes Arnold Ruge publizierte Stahr erste kritische Beitr\u00e4ge zur Literatur.<\/span><\/p>\n<p><span style=\"font-family: verdana,geneva; font-size: 12px;\">1836 wurde er zum Konrektor und Professor f\u00fcr die alten und neuen Sprachen am Gymnasium in Oldenburg ernannt, an dem er bis zu seiner krankheitsbedingten Beurlaubung 1845 unterrichtete. Stahr machte sich in Oldenburg vor allem auch als Theater-Kritiker und Reformautor einen Namen.<\/span><\/p>\n<p><span style=\"font-family: verdana,geneva; font-size: 12px;\">Von seiner ersten Frau, mit der zusammen er f\u00fcnf Kinder hatte, lie\u00df er sich scheiden und heiratete 1855 in zweiter Ehe die seinerzeit ber\u00fchmte, aus einer j\u00fcdischen Familie stammende, Schriftstellerin Fanny Lehwald (1811-1889), geb. Markus. Mit ihr lebte Stahr teils auf Reisen, teils in Berlin und in verschiedenen Kurorten.<\/span><\/p>\n<p><span style=\"font-family: verdana,geneva; font-size: 12px;\">Aus dem scharfen Kritiker Preu\u00dfens wurde nach der Reichsgr\u00fcndung ein Bewunderer Bismarcks. Von seinen zahlreichen philologischen und literaturkritischen Schriften seien hier nur seine Lessingbiographie erw\u00e4hnt, die innerhalb von 33 Jahren 9 Auflagen erlebte, und sein Buch \u00fcber \u201eGoethes Frauengestalten\u201c, das es innerhalb von 27 Jahren immerhin auf 8 Auflagen brachte. F\u00fcr die Uckerm\u00e4rker von besonderem Interesse sind seine Lebenserinnerungen \u201eAus der Jugendzeit\u201c (2. Auflage 1906 in Prenzlau), in denen er h\u00f6chst lebendig und genau seine Jugendjahre in Wallmow und seine Gymnasialzeit in Prenzlau beschreibt.<\/span><\/p>\n<p><span style=\"font-family: verdana,geneva; font-size: 12px;\">Adolf Stahr starb am 3.10.1876 in Wiesbaden.<\/span><\/p>\n<p>&nbsp;<\/p>\n<p><span style=\"font-family: verdana,geneva; font-size: 12px;\">\u00a0<\/span><\/p>\n<p align=\"right\"><span style=\"font-family: verdana,geneva; font-size: 12px;\">(Text aus: J. Theil, Prenzlauer Stadtlexikon und Geschichte in Daten. Prenzlau 2005, S. 176\u2013177)<\/span><\/p>\n<p align=\"right\"><span style=\"font-family: verdana,geneva; font-size: 12px;\">(Bild aus: Gerhard Kegel, Adolf-Stahr-Preis. Begleitheft zur Adolf-Stahr-Preis Verleihung 1996)<\/span><\/p>\n","protected":false},"excerpt":{"rendered":"<p>Adolf Stahr Adolf Stahr (1805\u20131876) wurde am 22.10.1805 in Prenzlau als Sohn des preu\u00dfischen Feldpredigers Johann Adam Stahr (1768-1839) und der Caroline Beate Pudor (gest. 1818) geboren. 1810 zog die Familie nach Wallmow, wo der Vater die Pfarrstelle erhalten hatte. Von 1820 an besuchte Stahr das Prenzlauer Gymnasium und bestand dort 1825 das Abitur. Danach [&hellip;]<\/p>\n","protected":false},"author":1,"featured_media":0,"parent":198,"menu_order":1,"comment_status":"closed","ping_status":"closed","template":"","meta":{"footnotes":""},"class_list":["post-201","page","type-page","status-publish","hentry"],"yoast_head":"<!-- This site is optimized with the Yoast SEO plugin v27.2 - https:\/\/yoast.com\/product\/yoast-seo-wordpress\/ -->\n<title>Adolf-Stahr - Uckerm\u00e4rkischer Geschichtsverein zu Prenzlau e.V.<\/title>\n<meta name=\"robots\" content=\"index, follow, max-snippet:-1, max-image-preview:large, max-video-preview:-1\" \/>\n<link rel=\"canonical\" href=\"https:\/\/www.uckermaerkischer-geschichtsverein.de\/en\/aktivitaeten\/adolf-stahr-preis\/adolf-stahr\/\" \/>\n<meta property=\"og:locale\" content=\"en_GB\" \/>\n<meta property=\"og:type\" content=\"article\" \/>\n<meta property=\"og:title\" content=\"Adolf-Stahr - Uckerm\u00e4rkischer Geschichtsverein zu Prenzlau e.V.\" \/>\n<meta property=\"og:description\" content=\"Adolf Stahr Adolf Stahr (1805\u20131876) wurde am 22.10.1805 in Prenzlau als Sohn des preu\u00dfischen Feldpredigers Johann Adam Stahr (1768-1839) und der Caroline Beate Pudor (gest. 1818) geboren. 1810 zog die Familie nach Wallmow, wo der Vater die Pfarrstelle erhalten hatte. Von 1820 an besuchte Stahr das Prenzlauer Gymnasium und bestand dort 1825 das Abitur. Danach [&hellip;]\" \/>\n<meta property=\"og:url\" content=\"https:\/\/www.uckermaerkischer-geschichtsverein.de\/en\/aktivitaeten\/adolf-stahr-preis\/adolf-stahr\/\" \/>\n<meta property=\"og:site_name\" content=\"Uckerm\u00e4rkischer Geschichtsverein zu Prenzlau e.V.\" \/>\n<meta property=\"article:modified_time\" content=\"2013-01-20T20:12:30+00:00\" \/>\n<meta property=\"og:image\" content=\"https:\/\/www.uckermaerkischer-geschichtsverein.de\/wp-content\/uploads\/2013\/01\/Adolf-Stahr-208x300.jpg\" \/>\n<meta name=\"twitter:label1\" content=\"Estimated reading time\" \/>\n\t<meta name=\"twitter:data1\" content=\"2 minutes\" \/>\n<script type=\"application\/ld+json\" class=\"yoast-schema-graph\">{\"@context\":\"https:\/\/schema.org\",\"@graph\":[{\"@type\":\"WebPage\",\"@id\":\"https:\/\/www.uckermaerkischer-geschichtsverein.de\/aktivitaeten\/adolf-stahr-preis\/adolf-stahr\/\",\"url\":\"https:\/\/www.uckermaerkischer-geschichtsverein.de\/aktivitaeten\/adolf-stahr-preis\/adolf-stahr\/\",\"name\":\"Adolf-Stahr - Uckerm\u00e4rkischer Geschichtsverein zu Prenzlau e.V.\",\"isPartOf\":{\"@id\":\"https:\/\/www.uckermaerkischer-geschichtsverein.de\/#website\"},\"primaryImageOfPage\":{\"@id\":\"https:\/\/www.uckermaerkischer-geschichtsverein.de\/aktivitaeten\/adolf-stahr-preis\/adolf-stahr\/#primaryimage\"},\"image\":{\"@id\":\"https:\/\/www.uckermaerkischer-geschichtsverein.de\/aktivitaeten\/adolf-stahr-preis\/adolf-stahr\/#primaryimage\"},\"thumbnailUrl\":\"https:\/\/www.uckermaerkischer-geschichtsverein.de\/wp-content\/uploads\/2013\/01\/Adolf-Stahr-208x300.jpg\",\"datePublished\":\"2013-01-17T22:05:35+00:00\",\"dateModified\":\"2013-01-20T20:12:30+00:00\",\"breadcrumb\":{\"@id\":\"https:\/\/www.uckermaerkischer-geschichtsverein.de\/aktivitaeten\/adolf-stahr-preis\/adolf-stahr\/#breadcrumb\"},\"inLanguage\":\"en-GB\",\"potentialAction\":[{\"@type\":\"ReadAction\",\"target\":[\"https:\/\/www.uckermaerkischer-geschichtsverein.de\/aktivitaeten\/adolf-stahr-preis\/adolf-stahr\/\"]}]},{\"@type\":\"ImageObject\",\"inLanguage\":\"en-GB\",\"@id\":\"https:\/\/www.uckermaerkischer-geschichtsverein.de\/aktivitaeten\/adolf-stahr-preis\/adolf-stahr\/#primaryimage\",\"url\":\"https:\/\/www.uckermaerkischer-geschichtsverein.de\/wp-content\/uploads\/2013\/01\/Adolf-Stahr-208x300.jpg\",\"contentUrl\":\"https:\/\/www.uckermaerkischer-geschichtsverein.de\/wp-content\/uploads\/2013\/01\/Adolf-Stahr-208x300.jpg\"},{\"@type\":\"BreadcrumbList\",\"@id\":\"https:\/\/www.uckermaerkischer-geschichtsverein.de\/aktivitaeten\/adolf-stahr-preis\/adolf-stahr\/#breadcrumb\",\"itemListElement\":[{\"@type\":\"ListItem\",\"position\":1,\"name\":\"Aktivit\u00e4ten\",\"item\":\"https:\/\/www.uckermaerkischer-geschichtsverein.de\/en\/aktivitaeten\/\"},{\"@type\":\"ListItem\",\"position\":2,\"name\":\"Adolf-Stahr-Preis\",\"item\":\"https:\/\/www.uckermaerkischer-geschichtsverein.de\/aktivitaeten\/adolf-stahr-preis\/\"},{\"@type\":\"ListItem\",\"position\":3,\"name\":\"Adolf-Stahr\"}]},{\"@type\":\"WebSite\",\"@id\":\"https:\/\/www.uckermaerkischer-geschichtsverein.de\/#website\",\"url\":\"https:\/\/www.uckermaerkischer-geschichtsverein.de\/\",\"name\":\"Uckerm\u00e4rkischer Geschichtsverein zu Prenzlau e.V.\",\"description\":\"\",\"potentialAction\":[{\"@type\":\"SearchAction\",\"target\":{\"@type\":\"EntryPoint\",\"urlTemplate\":\"https:\/\/www.uckermaerkischer-geschichtsverein.de\/?s={search_term_string}\"},\"query-input\":{\"@type\":\"PropertyValueSpecification\",\"valueRequired\":true,\"valueName\":\"search_term_string\"}}],\"inLanguage\":\"en-GB\"}]}<\/script>\n<!-- \/ Yoast SEO plugin. -->","yoast_head_json":{"title":"Adolf-Stahr - Uckerm\u00e4rkischer Geschichtsverein zu Prenzlau e.V.","robots":{"index":"index","follow":"follow","max-snippet":"max-snippet:-1","max-image-preview":"max-image-preview:large","max-video-preview":"max-video-preview:-1"},"canonical":"https:\/\/www.uckermaerkischer-geschichtsverein.de\/en\/aktivitaeten\/adolf-stahr-preis\/adolf-stahr\/","og_locale":"en_GB","og_type":"article","og_title":"Adolf-Stahr - Uckerm\u00e4rkischer Geschichtsverein zu Prenzlau e.V.","og_description":"Adolf Stahr Adolf Stahr (1805\u20131876) wurde am 22.10.1805 in Prenzlau als Sohn des preu\u00dfischen Feldpredigers Johann Adam Stahr (1768-1839) und der Caroline Beate Pudor (gest. 1818) geboren. 1810 zog die Familie nach Wallmow, wo der Vater die Pfarrstelle erhalten hatte. Von 1820 an besuchte Stahr das Prenzlauer Gymnasium und bestand dort 1825 das Abitur. Danach [&hellip;]","og_url":"https:\/\/www.uckermaerkischer-geschichtsverein.de\/en\/aktivitaeten\/adolf-stahr-preis\/adolf-stahr\/","og_site_name":"Uckerm\u00e4rkischer Geschichtsverein zu Prenzlau e.V.","article_modified_time":"2013-01-20T20:12:30+00:00","og_image":[{"url":"https:\/\/www.uckermaerkischer-geschichtsverein.de\/wp-content\/uploads\/2013\/01\/Adolf-Stahr-208x300.jpg","type":"","width":"","height":""}],"twitter_misc":{"Estimated reading time":"2 minutes"},"schema":{"@context":"https:\/\/schema.org","@graph":[{"@type":"WebPage","@id":"https:\/\/www.uckermaerkischer-geschichtsverein.de\/aktivitaeten\/adolf-stahr-preis\/adolf-stahr\/","url":"https:\/\/www.uckermaerkischer-geschichtsverein.de\/aktivitaeten\/adolf-stahr-preis\/adolf-stahr\/","name":"Adolf-Stahr - Uckerm\u00e4rkischer Geschichtsverein zu Prenzlau e.V.","isPartOf":{"@id":"https:\/\/www.uckermaerkischer-geschichtsverein.de\/#website"},"primaryImageOfPage":{"@id":"https:\/\/www.uckermaerkischer-geschichtsverein.de\/aktivitaeten\/adolf-stahr-preis\/adolf-stahr\/#primaryimage"},"image":{"@id":"https:\/\/www.uckermaerkischer-geschichtsverein.de\/aktivitaeten\/adolf-stahr-preis\/adolf-stahr\/#primaryimage"},"thumbnailUrl":"https:\/\/www.uckermaerkischer-geschichtsverein.de\/wp-content\/uploads\/2013\/01\/Adolf-Stahr-208x300.jpg","datePublished":"2013-01-17T22:05:35+00:00","dateModified":"2013-01-20T20:12:30+00:00","breadcrumb":{"@id":"https:\/\/www.uckermaerkischer-geschichtsverein.de\/aktivitaeten\/adolf-stahr-preis\/adolf-stahr\/#breadcrumb"},"inLanguage":"en-GB","potentialAction":[{"@type":"ReadAction","target":["https:\/\/www.uckermaerkischer-geschichtsverein.de\/aktivitaeten\/adolf-stahr-preis\/adolf-stahr\/"]}]},{"@type":"ImageObject","inLanguage":"en-GB","@id":"https:\/\/www.uckermaerkischer-geschichtsverein.de\/aktivitaeten\/adolf-stahr-preis\/adolf-stahr\/#primaryimage","url":"https:\/\/www.uckermaerkischer-geschichtsverein.de\/wp-content\/uploads\/2013\/01\/Adolf-Stahr-208x300.jpg","contentUrl":"https:\/\/www.uckermaerkischer-geschichtsverein.de\/wp-content\/uploads\/2013\/01\/Adolf-Stahr-208x300.jpg"},{"@type":"BreadcrumbList","@id":"https:\/\/www.uckermaerkischer-geschichtsverein.de\/aktivitaeten\/adolf-stahr-preis\/adolf-stahr\/#breadcrumb","itemListElement":[{"@type":"ListItem","position":1,"name":"Aktivit\u00e4ten","item":"https:\/\/www.uckermaerkischer-geschichtsverein.de\/en\/aktivitaeten\/"},{"@type":"ListItem","position":2,"name":"Adolf-Stahr-Preis","item":"https:\/\/www.uckermaerkischer-geschichtsverein.de\/aktivitaeten\/adolf-stahr-preis\/"},{"@type":"ListItem","position":3,"name":"Adolf-Stahr"}]},{"@type":"WebSite","@id":"https:\/\/www.uckermaerkischer-geschichtsverein.de\/#website","url":"https:\/\/www.uckermaerkischer-geschichtsverein.de\/","name":"Uckerm\u00e4rkischer Geschichtsverein zu Prenzlau e.V.","description":"","potentialAction":[{"@type":"SearchAction","target":{"@type":"EntryPoint","urlTemplate":"https:\/\/www.uckermaerkischer-geschichtsverein.de\/?s={search_term_string}"},"query-input":{"@type":"PropertyValueSpecification","valueRequired":true,"valueName":"search_term_string"}}],"inLanguage":"en-GB"}]}},"_links":{"self":[{"href":"https:\/\/www.uckermaerkischer-geschichtsverein.de\/en\/wp-json\/wp\/v2\/pages\/201","targetHints":{"allow":["GET"]}}],"collection":[{"href":"https:\/\/www.uckermaerkischer-geschichtsverein.de\/en\/wp-json\/wp\/v2\/pages"}],"about":[{"href":"https:\/\/www.uckermaerkischer-geschichtsverein.de\/en\/wp-json\/wp\/v2\/types\/page"}],"author":[{"embeddable":true,"href":"https:\/\/www.uckermaerkischer-geschichtsverein.de\/en\/wp-json\/wp\/v2\/users\/1"}],"replies":[{"embeddable":true,"href":"https:\/\/www.uckermaerkischer-geschichtsverein.de\/en\/wp-json\/wp\/v2\/comments?post=201"}],"version-history":[{"count":14,"href":"https:\/\/www.uckermaerkischer-geschichtsverein.de\/en\/wp-json\/wp\/v2\/pages\/201\/revisions"}],"predecessor-version":[{"id":540,"href":"https:\/\/www.uckermaerkischer-geschichtsverein.de\/en\/wp-json\/wp\/v2\/pages\/201\/revisions\/540"}],"up":[{"embeddable":true,"href":"https:\/\/www.uckermaerkischer-geschichtsverein.de\/en\/wp-json\/wp\/v2\/pages\/198"}],"wp:attachment":[{"href":"https:\/\/www.uckermaerkischer-geschichtsverein.de\/en\/wp-json\/wp\/v2\/media?parent=201"}],"curies":[{"name":"wp","href":"https:\/\/api.w.org\/{rel}","templated":true}]}}