{"id":1986,"date":"2013-02-13T15:03:59","date_gmt":"2013-02-13T13:03:59","guid":{"rendered":"https:\/\/www.uckermaerkischer-geschichtsverein.de\/?page_id=1986"},"modified":"2013-02-13T15:04:56","modified_gmt":"2013-02-13T13:04:56","slug":"seltene-portrats-fur-das-prenzlauer-museum-ersteigert","status":"publish","type":"page","link":"https:\/\/www.uckermaerkischer-geschichtsverein.de\/en\/aktivitaeten-des-vereins\/seltene-portrats-fur-das-prenzlauer-museum-ersteigert\/","title":{"rendered":"Seltene Portr\u00e4ts f\u00fcr das Prenzlauer Museum ersteigert"},"content":{"rendered":"<p>Dem Vereinsvorstand des UGVP gelang es im Sommer 2006 mit Unterst\u00fctzung der Volksbank zwei Portr\u00e4ts aus dem sp\u00e4ten 18. Jahrhundert zu ersteigern. Die \u00d6lgem\u00e4lde zeigen die Bildnisse von Isaak Tourbier (1768\u20131808), der in Prenzlau geboren wurde und das seine Frau Marie Christine Tourbier (1766\u20131803), die ebenfalls hugenottischer Abstammung ist. Sie heirateten in Prenzlau.<\/p>\n<p>Beide Gem\u00e4lde wurden von Eginhard Dr\u00e4ger in Schwennenz restauriert, anschlie\u00dfend in Berlin gerahmt und h\u00e4ngen heute in der st\u00e4ndigen Ausstellung des Prenzlauer Museums im Dominikanerkloster.<\/p>\n<p>&nbsp;<\/p>\n<p>Quelle: Seltene Portr\u00e4ts ersteigert. In: Mitt. Uckerm\u00e4rk. Geschver. H. 14, 2007, 74\u201375.<\/p>\n<div id=\"attachment_1987\" style=\"width: 225px\" class=\"wp-caption alignleft\"><a href=\"https:\/\/www.uckermaerkischer-geschichtsverein.de\/wp-content\/uploads\/2013\/02\/Tourbier.jpg\" rel=\"lightbox[1986]\"><img loading=\"lazy\" decoding=\"async\" aria-describedby=\"caption-attachment-1987\" class=\" wp-image-1987\" title=\"Der Vereinsvorsitzende J\u00fcrgen Theil zusammen mit dem Restaurator Eginhard Dr\u00e4ger bei der \u00dcbergabe der restaurierten \u00d6lgem\u00e4lde in Schwennenz. Foto: Horst Theil\" alt=\"Der Vereinsvorsitzende J\u00fcrgen Theil zusammen mit dem Restaurator Eginhard Dr\u00e4ger bei der \u00dcbergabe der restaurierten \u00d6lgem\u00e4lde in Schwennenz. Foto: Horst Theil\" src=\"https:\/\/www.uckermaerkischer-geschichtsverein.de\/wp-content\/uploads\/2013\/02\/Tourbier.jpg\" width=\"215\" height=\"326\" srcset=\"https:\/\/www.uckermaerkischer-geschichtsverein.de\/wp-content\/uploads\/2013\/02\/Tourbier.jpg 512w, https:\/\/www.uckermaerkischer-geschichtsverein.de\/wp-content\/uploads\/2013\/02\/Tourbier-118x180.jpg 118w, https:\/\/www.uckermaerkischer-geschichtsverein.de\/wp-content\/uploads\/2013\/02\/Tourbier-21x32.jpg 21w\" sizes=\"auto, (max-width: 215px) 100vw, 215px\" \/><\/a><p id=\"caption-attachment-1987\" class=\"wp-caption-text\">Der Vereinsvorsitzende J\u00fcrgen Theil zusammen mit dem Restaurator Eginhard Dr\u00e4ger bei der \u00dcbergabe der restaurierten \u00d6lgem\u00e4lde in Schwennenz.<br \/>Foto: Horst Theil<\/p><\/div>\n","protected":false},"excerpt":{"rendered":"<p>Dem Vereinsvorstand des UGVP gelang es im Sommer 2006 mit Unterst\u00fctzung der Volksbank zwei Portr\u00e4ts aus dem sp\u00e4ten 18. Jahrhundert zu ersteigern. Die \u00d6lgem\u00e4lde zeigen die Bildnisse von Isaak Tourbier (1768\u20131808), der in Prenzlau geboren wurde und das seine Frau Marie Christine Tourbier (1766\u20131803), die ebenfalls hugenottischer Abstammung ist. Sie heirateten in Prenzlau. Beide Gem\u00e4lde [&hellip;]<\/p>\n","protected":false},"author":1,"featured_media":0,"parent":740,"menu_order":0,"comment_status":"closed","ping_status":"closed","template":"","meta":{"footnotes":""},"class_list":["post-1986","page","type-page","status-publish","hentry"],"yoast_head":"<!-- This site is optimized with the Yoast SEO plugin v27.2 - https:\/\/yoast.com\/product\/yoast-seo-wordpress\/ -->\n<title>Seltene Portr\u00e4ts f\u00fcr das Prenzlauer Museum ersteigert - Uckerm\u00e4rkischer Geschichtsverein zu Prenzlau e.V.<\/title>\n<meta name=\"robots\" content=\"index, follow, max-snippet:-1, max-image-preview:large, max-video-preview:-1\" \/>\n<link rel=\"canonical\" href=\"https:\/\/www.uckermaerkischer-geschichtsverein.de\/en\/aktivitaeten-des-vereins\/seltene-portrats-fur-das-prenzlauer-museum-ersteigert\/\" \/>\n<meta property=\"og:locale\" content=\"en_GB\" \/>\n<meta property=\"og:type\" content=\"article\" \/>\n<meta property=\"og:title\" content=\"Seltene Portr\u00e4ts f\u00fcr das Prenzlauer Museum ersteigert - Uckerm\u00e4rkischer Geschichtsverein zu Prenzlau e.V.\" \/>\n<meta property=\"og:description\" content=\"Dem Vereinsvorstand des UGVP gelang es im Sommer 2006 mit Unterst\u00fctzung der Volksbank zwei Portr\u00e4ts aus dem sp\u00e4ten 18. Jahrhundert zu ersteigern. Die \u00d6lgem\u00e4lde zeigen die Bildnisse von Isaak Tourbier (1768\u20131808), der in Prenzlau geboren wurde und das seine Frau Marie Christine Tourbier (1766\u20131803), die ebenfalls hugenottischer Abstammung ist. Sie heirateten in Prenzlau. Beide Gem\u00e4lde [&hellip;]\" \/>\n<meta property=\"og:url\" content=\"https:\/\/www.uckermaerkischer-geschichtsverein.de\/en\/aktivitaeten-des-vereins\/seltene-portrats-fur-das-prenzlauer-museum-ersteigert\/\" \/>\n<meta property=\"og:site_name\" content=\"Uckerm\u00e4rkischer Geschichtsverein zu Prenzlau e.V.\" \/>\n<meta property=\"article:modified_time\" content=\"2013-02-13T13:04:56+00:00\" \/>\n<meta property=\"og:image\" content=\"https:\/\/www.uckermaerkischer-geschichtsverein.de\/wp-content\/uploads\/2013\/02\/Tourbier.jpg\" \/>\n<meta name=\"twitter:label1\" content=\"Estimated reading time\" \/>\n\t<meta name=\"twitter:data1\" content=\"1 minute\" \/>\n<script type=\"application\/ld+json\" class=\"yoast-schema-graph\">{\"@context\":\"https:\/\/schema.org\",\"@graph\":[{\"@type\":\"WebPage\",\"@id\":\"https:\/\/www.uckermaerkischer-geschichtsverein.de\/en\/aktivitaeten-des-vereins\/seltene-portrats-fur-das-prenzlauer-museum-ersteigert\/\",\"url\":\"https:\/\/www.uckermaerkischer-geschichtsverein.de\/en\/aktivitaeten-des-vereins\/seltene-portrats-fur-das-prenzlauer-museum-ersteigert\/\",\"name\":\"Seltene Portr\u00e4ts f\u00fcr das Prenzlauer Museum ersteigert - Uckerm\u00e4rkischer Geschichtsverein zu Prenzlau e.V.\",\"isPartOf\":{\"@id\":\"https:\/\/www.uckermaerkischer-geschichtsverein.de\/#website\"},\"primaryImageOfPage\":{\"@id\":\"https:\/\/www.uckermaerkischer-geschichtsverein.de\/en\/aktivitaeten-des-vereins\/seltene-portrats-fur-das-prenzlauer-museum-ersteigert\/#primaryimage\"},\"image\":{\"@id\":\"https:\/\/www.uckermaerkischer-geschichtsverein.de\/en\/aktivitaeten-des-vereins\/seltene-portrats-fur-das-prenzlauer-museum-ersteigert\/#primaryimage\"},\"thumbnailUrl\":\"https:\/\/www.uckermaerkischer-geschichtsverein.de\/wp-content\/uploads\/2013\/02\/Tourbier.jpg\",\"datePublished\":\"2013-02-13T13:03:59+00:00\",\"dateModified\":\"2013-02-13T13:04:56+00:00\",\"breadcrumb\":{\"@id\":\"https:\/\/www.uckermaerkischer-geschichtsverein.de\/en\/aktivitaeten-des-vereins\/seltene-portrats-fur-das-prenzlauer-museum-ersteigert\/#breadcrumb\"},\"inLanguage\":\"en-GB\",\"potentialAction\":[{\"@type\":\"ReadAction\",\"target\":[\"https:\/\/www.uckermaerkischer-geschichtsverein.de\/en\/aktivitaeten-des-vereins\/seltene-portrats-fur-das-prenzlauer-museum-ersteigert\/\"]}]},{\"@type\":\"ImageObject\",\"inLanguage\":\"en-GB\",\"@id\":\"https:\/\/www.uckermaerkischer-geschichtsverein.de\/en\/aktivitaeten-des-vereins\/seltene-portrats-fur-das-prenzlauer-museum-ersteigert\/#primaryimage\",\"url\":\"https:\/\/www.uckermaerkischer-geschichtsverein.de\/wp-content\/uploads\/2013\/02\/Tourbier.jpg\",\"contentUrl\":\"https:\/\/www.uckermaerkischer-geschichtsverein.de\/wp-content\/uploads\/2013\/02\/Tourbier.jpg\"},{\"@type\":\"BreadcrumbList\",\"@id\":\"https:\/\/www.uckermaerkischer-geschichtsverein.de\/en\/aktivitaeten-des-vereins\/seltene-portrats-fur-das-prenzlauer-museum-ersteigert\/#breadcrumb\",\"itemListElement\":[{\"@type\":\"ListItem\",\"position\":1,\"name\":\"Aktivit\u00e4ten des Vereins\",\"item\":\"https:\/\/www.uckermaerkischer-geschichtsverein.de\/aktivitaeten-des-vereins\/\"},{\"@type\":\"ListItem\",\"position\":2,\"name\":\"Seltene Portr\u00e4ts f\u00fcr das Prenzlauer Museum ersteigert\"}]},{\"@type\":\"WebSite\",\"@id\":\"https:\/\/www.uckermaerkischer-geschichtsverein.de\/#website\",\"url\":\"https:\/\/www.uckermaerkischer-geschichtsverein.de\/\",\"name\":\"Uckerm\u00e4rkischer Geschichtsverein zu Prenzlau e.V.\",\"description\":\"\",\"potentialAction\":[{\"@type\":\"SearchAction\",\"target\":{\"@type\":\"EntryPoint\",\"urlTemplate\":\"https:\/\/www.uckermaerkischer-geschichtsverein.de\/?s={search_term_string}\"},\"query-input\":{\"@type\":\"PropertyValueSpecification\",\"valueRequired\":true,\"valueName\":\"search_term_string\"}}],\"inLanguage\":\"en-GB\"}]}<\/script>\n<!-- \/ Yoast SEO plugin. -->","yoast_head_json":{"title":"Seltene Portr\u00e4ts f\u00fcr das Prenzlauer Museum ersteigert - Uckerm\u00e4rkischer Geschichtsverein zu Prenzlau e.V.","robots":{"index":"index","follow":"follow","max-snippet":"max-snippet:-1","max-image-preview":"max-image-preview:large","max-video-preview":"max-video-preview:-1"},"canonical":"https:\/\/www.uckermaerkischer-geschichtsverein.de\/en\/aktivitaeten-des-vereins\/seltene-portrats-fur-das-prenzlauer-museum-ersteigert\/","og_locale":"en_GB","og_type":"article","og_title":"Seltene Portr\u00e4ts f\u00fcr das Prenzlauer Museum ersteigert - Uckerm\u00e4rkischer Geschichtsverein zu Prenzlau e.V.","og_description":"Dem Vereinsvorstand des UGVP gelang es im Sommer 2006 mit Unterst\u00fctzung der Volksbank zwei Portr\u00e4ts aus dem sp\u00e4ten 18. Jahrhundert zu ersteigern. Die \u00d6lgem\u00e4lde zeigen die Bildnisse von Isaak Tourbier (1768\u20131808), der in Prenzlau geboren wurde und das seine Frau Marie Christine Tourbier (1766\u20131803), die ebenfalls hugenottischer Abstammung ist. Sie heirateten in Prenzlau. Beide Gem\u00e4lde [&hellip;]","og_url":"https:\/\/www.uckermaerkischer-geschichtsverein.de\/en\/aktivitaeten-des-vereins\/seltene-portrats-fur-das-prenzlauer-museum-ersteigert\/","og_site_name":"Uckerm\u00e4rkischer Geschichtsverein zu Prenzlau e.V.","article_modified_time":"2013-02-13T13:04:56+00:00","og_image":[{"url":"https:\/\/www.uckermaerkischer-geschichtsverein.de\/wp-content\/uploads\/2013\/02\/Tourbier.jpg","type":"","width":"","height":""}],"twitter_misc":{"Estimated reading time":"1 minute"},"schema":{"@context":"https:\/\/schema.org","@graph":[{"@type":"WebPage","@id":"https:\/\/www.uckermaerkischer-geschichtsverein.de\/en\/aktivitaeten-des-vereins\/seltene-portrats-fur-das-prenzlauer-museum-ersteigert\/","url":"https:\/\/www.uckermaerkischer-geschichtsverein.de\/en\/aktivitaeten-des-vereins\/seltene-portrats-fur-das-prenzlauer-museum-ersteigert\/","name":"Seltene Portr\u00e4ts f\u00fcr das Prenzlauer Museum ersteigert - Uckerm\u00e4rkischer Geschichtsverein zu Prenzlau e.V.","isPartOf":{"@id":"https:\/\/www.uckermaerkischer-geschichtsverein.de\/#website"},"primaryImageOfPage":{"@id":"https:\/\/www.uckermaerkischer-geschichtsverein.de\/en\/aktivitaeten-des-vereins\/seltene-portrats-fur-das-prenzlauer-museum-ersteigert\/#primaryimage"},"image":{"@id":"https:\/\/www.uckermaerkischer-geschichtsverein.de\/en\/aktivitaeten-des-vereins\/seltene-portrats-fur-das-prenzlauer-museum-ersteigert\/#primaryimage"},"thumbnailUrl":"https:\/\/www.uckermaerkischer-geschichtsverein.de\/wp-content\/uploads\/2013\/02\/Tourbier.jpg","datePublished":"2013-02-13T13:03:59+00:00","dateModified":"2013-02-13T13:04:56+00:00","breadcrumb":{"@id":"https:\/\/www.uckermaerkischer-geschichtsverein.de\/en\/aktivitaeten-des-vereins\/seltene-portrats-fur-das-prenzlauer-museum-ersteigert\/#breadcrumb"},"inLanguage":"en-GB","potentialAction":[{"@type":"ReadAction","target":["https:\/\/www.uckermaerkischer-geschichtsverein.de\/en\/aktivitaeten-des-vereins\/seltene-portrats-fur-das-prenzlauer-museum-ersteigert\/"]}]},{"@type":"ImageObject","inLanguage":"en-GB","@id":"https:\/\/www.uckermaerkischer-geschichtsverein.de\/en\/aktivitaeten-des-vereins\/seltene-portrats-fur-das-prenzlauer-museum-ersteigert\/#primaryimage","url":"https:\/\/www.uckermaerkischer-geschichtsverein.de\/wp-content\/uploads\/2013\/02\/Tourbier.jpg","contentUrl":"https:\/\/www.uckermaerkischer-geschichtsverein.de\/wp-content\/uploads\/2013\/02\/Tourbier.jpg"},{"@type":"BreadcrumbList","@id":"https:\/\/www.uckermaerkischer-geschichtsverein.de\/en\/aktivitaeten-des-vereins\/seltene-portrats-fur-das-prenzlauer-museum-ersteigert\/#breadcrumb","itemListElement":[{"@type":"ListItem","position":1,"name":"Aktivit\u00e4ten des Vereins","item":"https:\/\/www.uckermaerkischer-geschichtsverein.de\/aktivitaeten-des-vereins\/"},{"@type":"ListItem","position":2,"name":"Seltene Portr\u00e4ts f\u00fcr das Prenzlauer Museum ersteigert"}]},{"@type":"WebSite","@id":"https:\/\/www.uckermaerkischer-geschichtsverein.de\/#website","url":"https:\/\/www.uckermaerkischer-geschichtsverein.de\/","name":"Uckerm\u00e4rkischer Geschichtsverein zu Prenzlau e.V.","description":"","potentialAction":[{"@type":"SearchAction","target":{"@type":"EntryPoint","urlTemplate":"https:\/\/www.uckermaerkischer-geschichtsverein.de\/?s={search_term_string}"},"query-input":{"@type":"PropertyValueSpecification","valueRequired":true,"valueName":"search_term_string"}}],"inLanguage":"en-GB"}]}},"_links":{"self":[{"href":"https:\/\/www.uckermaerkischer-geschichtsverein.de\/en\/wp-json\/wp\/v2\/pages\/1986","targetHints":{"allow":["GET"]}}],"collection":[{"href":"https:\/\/www.uckermaerkischer-geschichtsverein.de\/en\/wp-json\/wp\/v2\/pages"}],"about":[{"href":"https:\/\/www.uckermaerkischer-geschichtsverein.de\/en\/wp-json\/wp\/v2\/types\/page"}],"author":[{"embeddable":true,"href":"https:\/\/www.uckermaerkischer-geschichtsverein.de\/en\/wp-json\/wp\/v2\/users\/1"}],"replies":[{"embeddable":true,"href":"https:\/\/www.uckermaerkischer-geschichtsverein.de\/en\/wp-json\/wp\/v2\/comments?post=1986"}],"version-history":[{"count":3,"href":"https:\/\/www.uckermaerkischer-geschichtsverein.de\/en\/wp-json\/wp\/v2\/pages\/1986\/revisions"}],"predecessor-version":[{"id":1992,"href":"https:\/\/www.uckermaerkischer-geschichtsverein.de\/en\/wp-json\/wp\/v2\/pages\/1986\/revisions\/1992"}],"up":[{"embeddable":true,"href":"https:\/\/www.uckermaerkischer-geschichtsverein.de\/en\/wp-json\/wp\/v2\/pages\/740"}],"wp:attachment":[{"href":"https:\/\/www.uckermaerkischer-geschichtsverein.de\/en\/wp-json\/wp\/v2\/media?parent=1986"}],"curies":[{"name":"wp","href":"https:\/\/api.w.org\/{rel}","templated":true}]}}