{"id":1961,"date":"2013-02-13T12:19:49","date_gmt":"2013-02-13T10:19:49","guid":{"rendered":"https:\/\/www.uckermaerkischer-geschichtsverein.de\/?page_id=1961"},"modified":"2015-08-17T19:51:54","modified_gmt":"2015-08-17T17:51:54","slug":"historische-schulstube","status":"publish","type":"page","link":"https:\/\/www.uckermaerkischer-geschichtsverein.de\/en\/historische-schulstube\/","title":{"rendered":"Historische Schulstube"},"content":{"rendered":"<p>Am 14. September 1995 wurde mit Unterst\u00fctzung des Uckerm\u00e4rkischen Geschichtsvereins im St\u00e4dtischen Gymnasium von Prenzlau die erste \u201eHistorische Schulstube\u201c der Uckermark er\u00f6ffnet. Dieses kleine Schulmuseum wurde von der AG Heimatgeschichte eingerichtet, die vom Vereinsvorsitzenden und Geschichtslehrer J\u00fcrgen Theil geleitet wurde. Hier werden u.a. historische Lehr- und Lernmittel gesammelt und ausgestellt sowie die Schulchronik gef\u00fchrt. Eine Besichtigung und Nutzung ist z.Z. nicht m\u00f6glich, da die Raumkapazit\u00e4t der Schule nach der Abgabe des traditionsreichen Schulgeb\u00e4udes in der Grabowstra\u00dfe nicht mehr ausreicht. Mit der Fertigstellung des Wiga-Geb\u00e4udes, das nach der Landesgartenschau \u00fcberwiegend vom Scherpf-Gymnasium genutzt werden wird, kann hier voraussichtlich auch die &#8222;Historische Schulstube&#8220; wieder eingerichtet und betreut werden.<\/p>\n<p>Schenkungen von Sammlungsst\u00fccken (Schulprogramme, alte Lehrb\u00fccher, Stundenpl\u00e4ne, Fotos, Zeugnisse usw.) werden nach wie vor gern entgegen genommen. Kontakt \u00fcber Tel. 03984\/2314 (Scherpf-Gymnasium) oder J\u00fcrgen Theil 03984\/800461.<\/p>\n<p>&nbsp;<\/p>\n<p><b>Lit.:<\/b> Heinz Wiechert, T\u00e4tigkeitsbericht f\u00fcr die Jahre 1994\/95. Mitt. Uckerm\u00e4rk. Geschver. H. 4, 1995, S. 135.<\/p>\n<div id=\"attachment_1962\" style=\"width: 305px\" class=\"wp-caption alignleft\"><a href=\"https:\/\/www.uckermaerkischer-geschichtsverein.de\/wp-content\/uploads\/2013\/02\/Schulstube-1.jpg\" rel=\"lightbox[1961]\"><img loading=\"lazy\" decoding=\"async\" aria-describedby=\"caption-attachment-1962\" class=\" wp-image-1962 \" title=\"Projektbetreuer J\u00fcrgen Theil mit dem \u201eLehrer\u201c der historischen Schulstube\" src=\"https:\/\/www.uckermaerkischer-geschichtsverein.de\/wp-content\/uploads\/2013\/02\/Schulstube-1.jpg\" alt=\"Schulstube-1\" width=\"295\" height=\"166\" srcset=\"https:\/\/www.uckermaerkischer-geschichtsverein.de\/wp-content\/uploads\/2013\/02\/Schulstube-1.jpg 512w, https:\/\/www.uckermaerkischer-geschichtsverein.de\/wp-content\/uploads\/2013\/02\/Schulstube-1-128x72.jpg 128w, https:\/\/www.uckermaerkischer-geschichtsverein.de\/wp-content\/uploads\/2013\/02\/Schulstube-1-32x18.jpg 32w\" sizes=\"auto, (max-width: 295px) 100vw, 295px\" \/><\/a><p id=\"caption-attachment-1962\" class=\"wp-caption-text\">Projektbetreuer J\u00fcrgen Theil mit dem \u201eLehrer\u201c der historischen Schulstube<\/p><\/div>\n<div id=\"attachment_1963\" style=\"width: 293px\" class=\"wp-caption alignleft\"><a href=\"https:\/\/www.uckermaerkischer-geschichtsverein.de\/wp-content\/uploads\/2013\/02\/Schulstube-2.jpg\" rel=\"lightbox[1961]\"><img loading=\"lazy\" decoding=\"async\" aria-describedby=\"caption-attachment-1963\" class=\" wp-image-1963 \" title=\"Sch\u00fcler des Projektes \u201eHistorische Schulstube\u201c mit ihrem Lehrer und Projektbetreuer J\u00fcrgen Theil\" src=\"https:\/\/www.uckermaerkischer-geschichtsverein.de\/wp-content\/uploads\/2013\/02\/Schulstube-2.jpg\" alt=\"Schulstube-2\" width=\"283\" height=\"159\" srcset=\"https:\/\/www.uckermaerkischer-geschichtsverein.de\/wp-content\/uploads\/2013\/02\/Schulstube-2.jpg 854w, https:\/\/www.uckermaerkischer-geschichtsverein.de\/wp-content\/uploads\/2013\/02\/Schulstube-2-128x71.jpg 128w, https:\/\/www.uckermaerkischer-geschichtsverein.de\/wp-content\/uploads\/2013\/02\/Schulstube-2-32x17.jpg 32w\" sizes=\"auto, (max-width: 283px) 100vw, 283px\" \/><\/a><p id=\"caption-attachment-1963\" class=\"wp-caption-text\">Sch\u00fcler des Projektes \u201eHistorische Schulstube\u201c mit ihrem Lehrer und Projektbetreuer J\u00fcrgen Theil<\/p><\/div>\n<p><a href=\"https:\/\/www.uckermaerkischer-geschichtsverein.de\/wp-content\/uploads\/2013\/02\/Schulstube_HK_29-07-2015.jpg\" rel=\"lightbox[1961]\"><img loading=\"lazy\" decoding=\"async\" class=\" wp-image-5832 alignleft\" src=\"https:\/\/www.uckermaerkischer-geschichtsverein.de\/wp-content\/uploads\/2013\/02\/Schulstube_HK_29-07-2015-794x1024.jpg\" alt=\"Schulstube_HK_29-07-2015\" width=\"450\" height=\"580\" srcset=\"https:\/\/www.uckermaerkischer-geschichtsverein.de\/wp-content\/uploads\/2013\/02\/Schulstube_HK_29-07-2015-794x1024.jpg 794w, https:\/\/www.uckermaerkischer-geschichtsverein.de\/wp-content\/uploads\/2013\/02\/Schulstube_HK_29-07-2015-128x165.jpg 128w, https:\/\/www.uckermaerkischer-geschichtsverein.de\/wp-content\/uploads\/2013\/02\/Schulstube_HK_29-07-2015.jpg 1113w\" sizes=\"auto, (max-width: 450px) 100vw, 450px\" \/><\/a><\/p>\n<p>&nbsp;<\/p>\n<p>&nbsp;<\/p>\n<p>&nbsp;<\/p>\n","protected":false},"excerpt":{"rendered":"<p>Am 14. September 1995 wurde mit Unterst\u00fctzung des Uckerm\u00e4rkischen Geschichtsvereins im St\u00e4dtischen Gymnasium von Prenzlau die erste \u201eHistorische Schulstube\u201c der Uckermark er\u00f6ffnet. Dieses kleine Schulmuseum wurde von der AG Heimatgeschichte eingerichtet, die vom Vereinsvorsitzenden und Geschichtslehrer J\u00fcrgen Theil geleitet wurde. Hier werden u.a. historische Lehr- und Lernmittel gesammelt und ausgestellt sowie die Schulchronik gef\u00fchrt. Eine [&hellip;]<\/p>\n","protected":false},"author":1,"featured_media":0,"parent":0,"menu_order":0,"comment_status":"closed","ping_status":"closed","template":"","meta":{"footnotes":""},"class_list":["post-1961","page","type-page","status-publish","hentry"],"yoast_head":"<!-- This site is optimized with the Yoast SEO plugin v27.2 - https:\/\/yoast.com\/product\/yoast-seo-wordpress\/ -->\n<title>Historische Schulstube - Uckerm\u00e4rkischer Geschichtsverein zu Prenzlau e.V.<\/title>\n<meta name=\"robots\" content=\"index, follow, max-snippet:-1, max-image-preview:large, max-video-preview:-1\" \/>\n<link rel=\"canonical\" href=\"https:\/\/www.uckermaerkischer-geschichtsverein.de\/en\/historische-schulstube\/\" \/>\n<meta property=\"og:locale\" content=\"en_GB\" \/>\n<meta property=\"og:type\" content=\"article\" \/>\n<meta property=\"og:title\" content=\"Historische Schulstube - Uckerm\u00e4rkischer Geschichtsverein zu Prenzlau e.V.\" \/>\n<meta property=\"og:description\" content=\"Am 14. September 1995 wurde mit Unterst\u00fctzung des Uckerm\u00e4rkischen Geschichtsvereins im St\u00e4dtischen Gymnasium von Prenzlau die erste \u201eHistorische Schulstube\u201c der Uckermark er\u00f6ffnet. Dieses kleine Schulmuseum wurde von der AG Heimatgeschichte eingerichtet, die vom Vereinsvorsitzenden und Geschichtslehrer J\u00fcrgen Theil geleitet wurde. Hier werden u.a. historische Lehr- und Lernmittel gesammelt und ausgestellt sowie die Schulchronik gef\u00fchrt. Eine [&hellip;]\" \/>\n<meta property=\"og:url\" content=\"https:\/\/www.uckermaerkischer-geschichtsverein.de\/en\/historische-schulstube\/\" \/>\n<meta property=\"og:site_name\" content=\"Uckerm\u00e4rkischer Geschichtsverein zu Prenzlau e.V.\" \/>\n<meta property=\"article:modified_time\" content=\"2015-08-17T17:51:54+00:00\" \/>\n<meta property=\"og:image\" content=\"https:\/\/www.uckermaerkischer-geschichtsverein.de\/wp-content\/uploads\/2013\/02\/Schulstube-1.jpg\" \/>\n<meta name=\"twitter:label1\" content=\"Estimated reading time\" \/>\n\t<meta name=\"twitter:data1\" content=\"1 minute\" \/>\n<script type=\"application\/ld+json\" class=\"yoast-schema-graph\">{\"@context\":\"https:\/\/schema.org\",\"@graph\":[{\"@type\":\"WebPage\",\"@id\":\"https:\/\/www.uckermaerkischer-geschichtsverein.de\/en\/historische-schulstube\/\",\"url\":\"https:\/\/www.uckermaerkischer-geschichtsverein.de\/en\/historische-schulstube\/\",\"name\":\"Historische Schulstube - Uckerm\u00e4rkischer Geschichtsverein zu Prenzlau e.V.\",\"isPartOf\":{\"@id\":\"https:\/\/www.uckermaerkischer-geschichtsverein.de\/#website\"},\"primaryImageOfPage\":{\"@id\":\"https:\/\/www.uckermaerkischer-geschichtsverein.de\/en\/historische-schulstube\/#primaryimage\"},\"image\":{\"@id\":\"https:\/\/www.uckermaerkischer-geschichtsverein.de\/en\/historische-schulstube\/#primaryimage\"},\"thumbnailUrl\":\"https:\/\/www.uckermaerkischer-geschichtsverein.de\/wp-content\/uploads\/2013\/02\/Schulstube-1.jpg\",\"datePublished\":\"2013-02-13T10:19:49+00:00\",\"dateModified\":\"2015-08-17T17:51:54+00:00\",\"inLanguage\":\"en-GB\",\"potentialAction\":[{\"@type\":\"ReadAction\",\"target\":[\"https:\/\/www.uckermaerkischer-geschichtsverein.de\/en\/historische-schulstube\/\"]}]},{\"@type\":\"ImageObject\",\"inLanguage\":\"en-GB\",\"@id\":\"https:\/\/www.uckermaerkischer-geschichtsverein.de\/en\/historische-schulstube\/#primaryimage\",\"url\":\"https:\/\/www.uckermaerkischer-geschichtsverein.de\/wp-content\/uploads\/2013\/02\/Schulstube-1.jpg\",\"contentUrl\":\"https:\/\/www.uckermaerkischer-geschichtsverein.de\/wp-content\/uploads\/2013\/02\/Schulstube-1.jpg\"},{\"@type\":\"WebSite\",\"@id\":\"https:\/\/www.uckermaerkischer-geschichtsverein.de\/#website\",\"url\":\"https:\/\/www.uckermaerkischer-geschichtsverein.de\/\",\"name\":\"Uckerm\u00e4rkischer Geschichtsverein zu Prenzlau e.V.\",\"description\":\"\",\"potentialAction\":[{\"@type\":\"SearchAction\",\"target\":{\"@type\":\"EntryPoint\",\"urlTemplate\":\"https:\/\/www.uckermaerkischer-geschichtsverein.de\/?s={search_term_string}\"},\"query-input\":{\"@type\":\"PropertyValueSpecification\",\"valueRequired\":true,\"valueName\":\"search_term_string\"}}],\"inLanguage\":\"en-GB\"}]}<\/script>\n<!-- \/ Yoast SEO plugin. -->","yoast_head_json":{"title":"Historische Schulstube - Uckerm\u00e4rkischer Geschichtsverein zu Prenzlau e.V.","robots":{"index":"index","follow":"follow","max-snippet":"max-snippet:-1","max-image-preview":"max-image-preview:large","max-video-preview":"max-video-preview:-1"},"canonical":"https:\/\/www.uckermaerkischer-geschichtsverein.de\/en\/historische-schulstube\/","og_locale":"en_GB","og_type":"article","og_title":"Historische Schulstube - Uckerm\u00e4rkischer Geschichtsverein zu Prenzlau e.V.","og_description":"Am 14. September 1995 wurde mit Unterst\u00fctzung des Uckerm\u00e4rkischen Geschichtsvereins im St\u00e4dtischen Gymnasium von Prenzlau die erste \u201eHistorische Schulstube\u201c der Uckermark er\u00f6ffnet. Dieses kleine Schulmuseum wurde von der AG Heimatgeschichte eingerichtet, die vom Vereinsvorsitzenden und Geschichtslehrer J\u00fcrgen Theil geleitet wurde. Hier werden u.a. historische Lehr- und Lernmittel gesammelt und ausgestellt sowie die Schulchronik gef\u00fchrt. Eine [&hellip;]","og_url":"https:\/\/www.uckermaerkischer-geschichtsverein.de\/en\/historische-schulstube\/","og_site_name":"Uckerm\u00e4rkischer Geschichtsverein zu Prenzlau e.V.","article_modified_time":"2015-08-17T17:51:54+00:00","og_image":[{"url":"https:\/\/www.uckermaerkischer-geschichtsverein.de\/wp-content\/uploads\/2013\/02\/Schulstube-1.jpg","type":"","width":"","height":""}],"twitter_misc":{"Estimated reading time":"1 minute"},"schema":{"@context":"https:\/\/schema.org","@graph":[{"@type":"WebPage","@id":"https:\/\/www.uckermaerkischer-geschichtsverein.de\/en\/historische-schulstube\/","url":"https:\/\/www.uckermaerkischer-geschichtsverein.de\/en\/historische-schulstube\/","name":"Historische Schulstube - Uckerm\u00e4rkischer Geschichtsverein zu Prenzlau e.V.","isPartOf":{"@id":"https:\/\/www.uckermaerkischer-geschichtsverein.de\/#website"},"primaryImageOfPage":{"@id":"https:\/\/www.uckermaerkischer-geschichtsverein.de\/en\/historische-schulstube\/#primaryimage"},"image":{"@id":"https:\/\/www.uckermaerkischer-geschichtsverein.de\/en\/historische-schulstube\/#primaryimage"},"thumbnailUrl":"https:\/\/www.uckermaerkischer-geschichtsverein.de\/wp-content\/uploads\/2013\/02\/Schulstube-1.jpg","datePublished":"2013-02-13T10:19:49+00:00","dateModified":"2015-08-17T17:51:54+00:00","inLanguage":"en-GB","potentialAction":[{"@type":"ReadAction","target":["https:\/\/www.uckermaerkischer-geschichtsverein.de\/en\/historische-schulstube\/"]}]},{"@type":"ImageObject","inLanguage":"en-GB","@id":"https:\/\/www.uckermaerkischer-geschichtsverein.de\/en\/historische-schulstube\/#primaryimage","url":"https:\/\/www.uckermaerkischer-geschichtsverein.de\/wp-content\/uploads\/2013\/02\/Schulstube-1.jpg","contentUrl":"https:\/\/www.uckermaerkischer-geschichtsverein.de\/wp-content\/uploads\/2013\/02\/Schulstube-1.jpg"},{"@type":"WebSite","@id":"https:\/\/www.uckermaerkischer-geschichtsverein.de\/#website","url":"https:\/\/www.uckermaerkischer-geschichtsverein.de\/","name":"Uckerm\u00e4rkischer Geschichtsverein zu Prenzlau e.V.","description":"","potentialAction":[{"@type":"SearchAction","target":{"@type":"EntryPoint","urlTemplate":"https:\/\/www.uckermaerkischer-geschichtsverein.de\/?s={search_term_string}"},"query-input":{"@type":"PropertyValueSpecification","valueRequired":true,"valueName":"search_term_string"}}],"inLanguage":"en-GB"}]}},"_links":{"self":[{"href":"https:\/\/www.uckermaerkischer-geschichtsverein.de\/en\/wp-json\/wp\/v2\/pages\/1961","targetHints":{"allow":["GET"]}}],"collection":[{"href":"https:\/\/www.uckermaerkischer-geschichtsverein.de\/en\/wp-json\/wp\/v2\/pages"}],"about":[{"href":"https:\/\/www.uckermaerkischer-geschichtsverein.de\/en\/wp-json\/wp\/v2\/types\/page"}],"author":[{"embeddable":true,"href":"https:\/\/www.uckermaerkischer-geschichtsverein.de\/en\/wp-json\/wp\/v2\/users\/1"}],"replies":[{"embeddable":true,"href":"https:\/\/www.uckermaerkischer-geschichtsverein.de\/en\/wp-json\/wp\/v2\/comments?post=1961"}],"version-history":[{"count":5,"href":"https:\/\/www.uckermaerkischer-geschichtsverein.de\/en\/wp-json\/wp\/v2\/pages\/1961\/revisions"}],"predecessor-version":[{"id":5835,"href":"https:\/\/www.uckermaerkischer-geschichtsverein.de\/en\/wp-json\/wp\/v2\/pages\/1961\/revisions\/5835"}],"wp:attachment":[{"href":"https:\/\/www.uckermaerkischer-geschichtsverein.de\/en\/wp-json\/wp\/v2\/media?parent=1961"}],"curies":[{"name":"wp","href":"https:\/\/api.w.org\/{rel}","templated":true}]}}