{"id":1275,"date":"2013-01-29T09:21:41","date_gmt":"2013-01-29T07:21:41","guid":{"rendered":"https:\/\/www.uckermaerkischer-geschichtsverein.de\/?page_id=1275"},"modified":"2020-10-14T07:35:50","modified_gmt":"2020-10-14T05:35:50","slug":"ehrungen","status":"publish","type":"page","link":"https:\/\/www.uckermaerkischer-geschichtsverein.de\/en\/aktivitaeten\/ehrungen\/","title":{"rendered":"Honours"},"content":{"rendered":"<p><span style=\"font-family: verdana,geneva; font-size: 12px;\">Seit der Gr\u00fcndung des Uckerm\u00e4rkischen Geschichtsvereins zu Prenzlau e. V. (UGVP) im Jahre 1989 wurden verschiedene Aktivit\u00e4ten des Vereins und seiner Mitglieder \u00f6ffentlich geehrt oder mit Preisen ausgezeichnet. Eine Reihe dieser Anerkennungen seien hier genannt.<\/span><\/p>\n<p><span style=\"font-family: verdana,geneva; font-size: 12px;\">Die Arbeit des Vereins und seiner Mitglieder ist ehrenamtlich und nicht auf \u00f6ffentliche Anerkennung ausgerichtet. Nat\u00fcrlich erf\u00fcllt uns jede Auszeichnung mit Freude und macht auch stolz. Die \u00f6ffentliche gesellschaftliche Anerkennung unserer regionalgeschichtlichen Aktivit\u00e4ten zeigt, dass die aktive Besch\u00e4ftigung mit der eigenen Geschichte nicht nur von uns als wichtig angesehen wird.<\/span><\/p>\n<p><span style=\"font-family: verdana,geneva; font-size: 12px;\">Anregungen und Hinweise bitte an: <a href=\"mailto:Vorsitzender@uckermaerkischer-geschichtsverein.de\">Vorsitzender@uckermaerkischer-geschichtsverein.de<\/a><\/span><\/p>\n<p><span style=\"font-family: verdana,geneva; font-size: 12px;\"><b>Ehrungen von Mitgliedern des UGVP:<\/b><\/span><\/p>\n<ul>\n<li><strong><a href=\"https:\/\/www.uckermaerkischer-geschichtsverein.de\/en\/aktivitaeten\/ehrungen\/ehrungen-von-mitgliedern-des-ugvp\/\"><span style=\"font-family: verdana,geneva; font-size: 12px;\">\u00dcbersicht<\/span><\/a><\/strong><\/li>\n<\/ul>\n<p>&nbsp;<\/p>\n<p><span style=\"font-family: verdana,geneva; font-size: 12px;\"><b>Ehrungen von Projekten des UGVP (eigene und f\u00fcr Mitwirkungen):<\/b><\/span><\/p>\n<ul>\n<li><span style=\"font-family: verdana,geneva; font-size: 12px;\"><strong><a title=\"Sch\u00fclerarbeiten zur Regionalgeschichte\" href=\"https:\/\/www.uckermaerkischer-geschichtsverein.de\/en\/aktivitaeten\/ehrungen\/schuelerarbeiten-zur-regionalgeschichte\/\">Sch\u00fclerarbeiten zur Regionalgeschichte (wiederholt seit Jahren)<\/a><\/strong><\/span><\/li>\n<li><a title=\"Denkmalpflegepreis f\u00fcr die Projektgruppe \u201eZeitenspr\u00fcnge\u201c\" href=\"https:\/\/www.uckermaerkischer-geschichtsverein.de\/en\/aktivitaeten\/ehrungen\/denkmalpflegepreis-fur-die-projektgruppe-zeitensprunge\/\"><span style=\"font-family: verdana,geneva; font-size: 12px;\">2006 Birkenhain<\/span><\/a><\/li>\n<li><a title=\"Einladung des Uckerm\u00e4rkischen Geschichtsvereins zu Prenzlau e. V. zum Demokratie-Fest beim Bundespr\u00e4sidenten\" href=\"https:\/\/www.uckermaerkischer-geschichtsverein.de\/en\/aktivitaeten\/ehrungen\/einladung-des-uckermarkischen-geschichtsvereins-zu-prenzlau-e-v-zum-demokratie-fest-beim-bundesprasidenten\/\">2012 Demokratiefest des Bundespr\u00e4sidenten (Sch\u00fclerarbeiten)<\/a><\/li>\n<\/ul>\n<p>&nbsp;<\/p>\n<p><span style=\"font-family: verdana,geneva; font-size: 12px;\"><b>Ehrungen des UGVP:<\/b><\/span><\/p>\n<ul>\n<li><a title=\"Anerkennung des Ministers f\u00fcr Wissenschaft, Forschung und Kultur\" href=\"https:\/\/www.uckermaerkischer-geschichtsverein.de\/en\/aktivitaeten\/ehrungen\/anerkennung-des-ministers-fur-wissenschaft-forschung-und-kultur\/\"><span style=\"font-family: verdana,geneva; font-size: 12px;\">1999 Anerkennung vom Ministerium f\u00fcr Wissenschaft, Forschung und Kultur<\/span><\/a><\/li>\n<\/ul>","protected":false},"excerpt":{"rendered":"<p>Seit der Gr\u00fcndung des Uckerm\u00e4rkischen Geschichtsvereins zu Prenzlau e. V. (UGVP) im Jahre 1989 wurden verschiedene Aktivit\u00e4ten des Vereins und seiner Mitglieder \u00f6ffentlich geehrt oder mit Preisen ausgezeichnet. Eine Reihe dieser Anerkennungen seien hier genannt. Die Arbeit des Vereins und seiner Mitglieder ist ehrenamtlich und nicht auf \u00f6ffentliche Anerkennung ausgerichtet. Nat\u00fcrlich erf\u00fcllt uns jede Auszeichnung [&hellip;]<\/p>\n","protected":false},"author":1,"featured_media":0,"parent":90,"menu_order":0,"comment_status":"closed","ping_status":"closed","template":"","meta":{"footnotes":""},"class_list":["post-1275","page","type-page","status-publish","hentry"],"yoast_head":"<!-- This site is optimized with the Yoast SEO plugin v27.2 - https:\/\/yoast.com\/product\/yoast-seo-wordpress\/ -->\n<title>Ehrungen - Uckerm\u00e4rkischer Geschichtsverein zu Prenzlau e.V.<\/title>\n<meta name=\"robots\" content=\"index, follow, max-snippet:-1, max-image-preview:large, max-video-preview:-1\" \/>\n<link rel=\"canonical\" href=\"https:\/\/www.uckermaerkischer-geschichtsverein.de\/en\/aktivitaeten\/ehrungen\/\" \/>\n<meta property=\"og:locale\" content=\"en_GB\" \/>\n<meta property=\"og:type\" content=\"article\" \/>\n<meta property=\"og:title\" content=\"Ehrungen - Uckerm\u00e4rkischer Geschichtsverein zu Prenzlau e.V.\" \/>\n<meta property=\"og:description\" content=\"Seit der Gr\u00fcndung des Uckerm\u00e4rkischen Geschichtsvereins zu Prenzlau e. V. (UGVP) im Jahre 1989 wurden verschiedene Aktivit\u00e4ten des Vereins und seiner Mitglieder \u00f6ffentlich geehrt oder mit Preisen ausgezeichnet. Eine Reihe dieser Anerkennungen seien hier genannt. Die Arbeit des Vereins und seiner Mitglieder ist ehrenamtlich und nicht auf \u00f6ffentliche Anerkennung ausgerichtet. Nat\u00fcrlich erf\u00fcllt uns jede Auszeichnung [&hellip;]\" \/>\n<meta property=\"og:url\" content=\"https:\/\/www.uckermaerkischer-geschichtsverein.de\/en\/aktivitaeten\/ehrungen\/\" \/>\n<meta property=\"og:site_name\" content=\"Uckerm\u00e4rkischer Geschichtsverein zu Prenzlau e.V.\" \/>\n<meta property=\"article:modified_time\" content=\"2020-10-14T05:35:50+00:00\" \/>\n<meta name=\"twitter:label1\" content=\"Estimated reading time\" \/>\n\t<meta name=\"twitter:data1\" content=\"1 minute\" \/>\n<script type=\"application\/ld+json\" class=\"yoast-schema-graph\">{\"@context\":\"https:\/\/schema.org\",\"@graph\":[{\"@type\":\"WebPage\",\"@id\":\"https:\/\/www.uckermaerkischer-geschichtsverein.de\/en\/aktivitaeten\/ehrungen\/\",\"url\":\"https:\/\/www.uckermaerkischer-geschichtsverein.de\/en\/aktivitaeten\/ehrungen\/\",\"name\":\"Ehrungen - Uckerm\u00e4rkischer Geschichtsverein zu Prenzlau e.V.\",\"isPartOf\":{\"@id\":\"https:\/\/www.uckermaerkischer-geschichtsverein.de\/#website\"},\"datePublished\":\"2013-01-29T07:21:41+00:00\",\"dateModified\":\"2020-10-14T05:35:50+00:00\",\"breadcrumb\":{\"@id\":\"https:\/\/www.uckermaerkischer-geschichtsverein.de\/en\/aktivitaeten\/ehrungen\/#breadcrumb\"},\"inLanguage\":\"en-GB\",\"potentialAction\":[{\"@type\":\"ReadAction\",\"target\":[\"https:\/\/www.uckermaerkischer-geschichtsverein.de\/en\/aktivitaeten\/ehrungen\/\"]}]},{\"@type\":\"BreadcrumbList\",\"@id\":\"https:\/\/www.uckermaerkischer-geschichtsverein.de\/en\/aktivitaeten\/ehrungen\/#breadcrumb\",\"itemListElement\":[{\"@type\":\"ListItem\",\"position\":1,\"name\":\"Aktivit\u00e4ten\",\"item\":\"https:\/\/www.uckermaerkischer-geschichtsverein.de\/en\/aktivitaeten\/\"},{\"@type\":\"ListItem\",\"position\":2,\"name\":\"Ehrungen\"}]},{\"@type\":\"WebSite\",\"@id\":\"https:\/\/www.uckermaerkischer-geschichtsverein.de\/#website\",\"url\":\"https:\/\/www.uckermaerkischer-geschichtsverein.de\/\",\"name\":\"Uckerm\u00e4rkischer Geschichtsverein zu Prenzlau e.V.\",\"description\":\"\",\"potentialAction\":[{\"@type\":\"SearchAction\",\"target\":{\"@type\":\"EntryPoint\",\"urlTemplate\":\"https:\/\/www.uckermaerkischer-geschichtsverein.de\/?s={search_term_string}\"},\"query-input\":{\"@type\":\"PropertyValueSpecification\",\"valueRequired\":true,\"valueName\":\"search_term_string\"}}],\"inLanguage\":\"en-GB\"}]}<\/script>\n<!-- \/ Yoast SEO plugin. -->","yoast_head_json":{"title":"Ehrungen - Uckerm\u00e4rkischer Geschichtsverein zu Prenzlau e.V.","robots":{"index":"index","follow":"follow","max-snippet":"max-snippet:-1","max-image-preview":"max-image-preview:large","max-video-preview":"max-video-preview:-1"},"canonical":"https:\/\/www.uckermaerkischer-geschichtsverein.de\/en\/aktivitaeten\/ehrungen\/","og_locale":"en_GB","og_type":"article","og_title":"Ehrungen - Uckerm\u00e4rkischer Geschichtsverein zu Prenzlau e.V.","og_description":"Seit der Gr\u00fcndung des Uckerm\u00e4rkischen Geschichtsvereins zu Prenzlau e. V. (UGVP) im Jahre 1989 wurden verschiedene Aktivit\u00e4ten des Vereins und seiner Mitglieder \u00f6ffentlich geehrt oder mit Preisen ausgezeichnet. Eine Reihe dieser Anerkennungen seien hier genannt. Die Arbeit des Vereins und seiner Mitglieder ist ehrenamtlich und nicht auf \u00f6ffentliche Anerkennung ausgerichtet. Nat\u00fcrlich erf\u00fcllt uns jede Auszeichnung [&hellip;]","og_url":"https:\/\/www.uckermaerkischer-geschichtsverein.de\/en\/aktivitaeten\/ehrungen\/","og_site_name":"Uckerm\u00e4rkischer Geschichtsverein zu Prenzlau e.V.","article_modified_time":"2020-10-14T05:35:50+00:00","twitter_misc":{"Estimated reading time":"1 minute"},"schema":{"@context":"https:\/\/schema.org","@graph":[{"@type":"WebPage","@id":"https:\/\/www.uckermaerkischer-geschichtsverein.de\/en\/aktivitaeten\/ehrungen\/","url":"https:\/\/www.uckermaerkischer-geschichtsverein.de\/en\/aktivitaeten\/ehrungen\/","name":"Ehrungen - Uckerm\u00e4rkischer Geschichtsverein zu Prenzlau e.V.","isPartOf":{"@id":"https:\/\/www.uckermaerkischer-geschichtsverein.de\/#website"},"datePublished":"2013-01-29T07:21:41+00:00","dateModified":"2020-10-14T05:35:50+00:00","breadcrumb":{"@id":"https:\/\/www.uckermaerkischer-geschichtsverein.de\/en\/aktivitaeten\/ehrungen\/#breadcrumb"},"inLanguage":"en-GB","potentialAction":[{"@type":"ReadAction","target":["https:\/\/www.uckermaerkischer-geschichtsverein.de\/en\/aktivitaeten\/ehrungen\/"]}]},{"@type":"BreadcrumbList","@id":"https:\/\/www.uckermaerkischer-geschichtsverein.de\/en\/aktivitaeten\/ehrungen\/#breadcrumb","itemListElement":[{"@type":"ListItem","position":1,"name":"Aktivit\u00e4ten","item":"https:\/\/www.uckermaerkischer-geschichtsverein.de\/en\/aktivitaeten\/"},{"@type":"ListItem","position":2,"name":"Ehrungen"}]},{"@type":"WebSite","@id":"https:\/\/www.uckermaerkischer-geschichtsverein.de\/#website","url":"https:\/\/www.uckermaerkischer-geschichtsverein.de\/","name":"Uckerm\u00e4rkischer Geschichtsverein zu Prenzlau e.V.","description":"","potentialAction":[{"@type":"SearchAction","target":{"@type":"EntryPoint","urlTemplate":"https:\/\/www.uckermaerkischer-geschichtsverein.de\/?s={search_term_string}"},"query-input":{"@type":"PropertyValueSpecification","valueRequired":true,"valueName":"search_term_string"}}],"inLanguage":"en-GB"}]}},"_links":{"self":[{"href":"https:\/\/www.uckermaerkischer-geschichtsverein.de\/en\/wp-json\/wp\/v2\/pages\/1275","targetHints":{"allow":["GET"]}}],"collection":[{"href":"https:\/\/www.uckermaerkischer-geschichtsverein.de\/en\/wp-json\/wp\/v2\/pages"}],"about":[{"href":"https:\/\/www.uckermaerkischer-geschichtsverein.de\/en\/wp-json\/wp\/v2\/types\/page"}],"author":[{"embeddable":true,"href":"https:\/\/www.uckermaerkischer-geschichtsverein.de\/en\/wp-json\/wp\/v2\/users\/1"}],"replies":[{"embeddable":true,"href":"https:\/\/www.uckermaerkischer-geschichtsverein.de\/en\/wp-json\/wp\/v2\/comments?post=1275"}],"version-history":[{"count":26,"href":"https:\/\/www.uckermaerkischer-geschichtsverein.de\/en\/wp-json\/wp\/v2\/pages\/1275\/revisions"}],"predecessor-version":[{"id":7815,"href":"https:\/\/www.uckermaerkischer-geschichtsverein.de\/en\/wp-json\/wp\/v2\/pages\/1275\/revisions\/7815"}],"up":[{"embeddable":true,"href":"https:\/\/www.uckermaerkischer-geschichtsverein.de\/en\/wp-json\/wp\/v2\/pages\/90"}],"wp:attachment":[{"href":"https:\/\/www.uckermaerkischer-geschichtsverein.de\/en\/wp-json\/wp\/v2\/media?parent=1275"}],"curies":[{"name":"wp","href":"https:\/\/api.w.org\/{rel}","templated":true}]}}